{"id":44,"date":"2015-03-13T08:42:15","date_gmt":"2015-03-13T08:42:15","guid":{"rendered":"http:\/\/blogsaverroes.juntadeandalucia.es\/pre\/ceip\/?page_id=44"},"modified":"2025-09-17T09:29:09","modified_gmt":"2025-09-17T09:29:09","slug":"planes-y-proyectos","status":"publish","type":"page","link":"https:\/\/blogsaverroes.juntadeandalucia.es\/ceipalcaldeleonrios\/planes-y-proyectos\/","title":{"rendered":"Planes y Proyectos curso 2025\/26"},"content":{"rendered":"<div class=\"field__item\">\n<div class=\"field__item\">\n<div class=\"block block-layout-builder block-field-blocknodeplanes-y-programasfield-planes-adjuntos-group\">\n<div class=\"content\">\n<div class=\"field\">En el centro contamos con una serie de Planes y Proyectos organizados y dirigidos por el claustro del CEIP ALCALDE LE\u00d3N R\u00cdOS.<\/div>\n<\/div>\n<\/div>\n<div>Los Programas para el Desarrollo Educativo son una completa oferta de actuaciones de apoyo a la labor docente y de mejora del nivel educativo de todo el alumnado andaluz alcanzando el pleno desarrollo de sus capacidades individuales, compaginando la calidad de la educaci\u00f3n con la equidad en su tratamiento.<\/p>\n<p>Son una forma de mejorar cuantitativa y cualitativamente el aprendizaje y el desarrollo personal del alumnado. Adem\u00e1s son una oportunidad para potenciar la participaci\u00f3n del entorno social de los centros en su actividad educativa.<\/p>\n<p>Facilitan recursos educativos y flexibilidad a los centros para hacer frente a situaciones de desigualdad o dificultades de convivencia. Son herramientas para potenciar la equidad y favorecer la inclusi\u00f3n del alumnado, ofreciendo posibilidades de reforzar y ampliar conocimientos m\u00e1s all\u00e1 del horario lectivo. Adem\u00e1s promueven la actividad f\u00edsica y el deporte de proximidad.<\/p><\/div>\n<\/div>\n<\/div>\n<p>&nbsp;<\/p>\n","protected":false},"excerpt":{"rendered":"<p>En el centro contamos con una serie de Planes y Proyectos organizados y dirigidos por el claustro del CEIP ALCALDE LE\u00d3N R\u00cdOS. Los Programas para el Desarrollo Educativo son una completa oferta de actuaciones&#46;&#46;&#46;<\/p>\n","protected":false},"author":1,"featured_media":0,"parent":0,"menu_order":0,"comment_status":"closed","ping_status":"closed","template":"","meta":{"ngg_post_thumbnail":0,"footnotes":"","_mc_calendar":[]},"aioseo_notices":[],"_links":{"self":[{"href":"https:\/\/blogsaverroes.juntadeandalucia.es\/ceipalcaldeleonrios\/wp-json\/wp\/v2\/pages\/44"}],"collection":[{"href":"https:\/\/blogsaverroes.juntadeandalucia.es\/ceipalcaldeleonrios\/wp-json\/wp\/v2\/pages"}],"about":[{"href":"https:\/\/blogsaverroes.juntadeandalucia.es\/ceipalcaldeleonrios\/wp-json\/wp\/v2\/types\/page"}],"author":[{"embeddable":true,"href":"https:\/\/blogsaverroes.juntadeandalucia.es\/ceipalcaldeleonrios\/wp-json\/wp\/v2\/users\/1"}],"replies":[{"embeddable":true,"href":"https:\/\/blogsaverroes.juntadeandalucia.es\/ceipalcaldeleonrios\/wp-json\/wp\/v2\/comments?post=44"}],"version-history":[{"count":26,"href":"https:\/\/blogsaverroes.juntadeandalucia.es\/ceipalcaldeleonrios\/wp-json\/wp\/v2\/pages\/44\/revisions"}],"predecessor-version":[{"id":5331,"href":"https:\/\/blogsaverroes.juntadeandalucia.es\/ceipalcaldeleonrios\/wp-json\/wp\/v2\/pages\/44\/revisions\/5331"}],"wp:attachment":[{"href":"https:\/\/blogsaverroes.juntadeandalucia.es\/ceipalcaldeleonrios\/wp-json\/wp\/v2\/media?parent=44"}],"curies":[{"name":"wp","href":"https:\/\/api.w.org\/{rel}","templated":true}]}}