{"id":869,"date":"2015-03-16T07:03:52","date_gmt":"2015-03-16T07:03:52","guid":{"rendered":"http:\/\/blogsaverroes.juntadeandalucia.es\/pre\/ceip\/?page_id=84"},"modified":"2025-09-16T11:39:12","modified_gmt":"2025-09-16T11:39:12","slug":"calendario-escolar","status":"publish","type":"page","link":"https:\/\/blogsaverroes.juntadeandalucia.es\/ceipalcaldeleonrios\/calendario-escolar\/","title":{"rendered":"Calendario escolar 2025\/26"},"content":{"rendered":"<p style=\"text-align: left\"><b>CALENDARIO ESCOLAR CURSO 2025\/26<\/b><\/p>\n<p>&nbsp;<\/p>\n<p><a href=\"https:\/\/blogsaverroes.juntadeandalucia.es\/ceipalcaldeleonrios\/files\/2025\/09\/CALENDARIO-25_26F_page-0001.jpg\"><img loading=\"lazy\" decoding=\"async\" class=\"aligncenter size-full wp-image-5312\" src=\"https:\/\/blogsaverroes.juntadeandalucia.es\/ceipalcaldeleonrios\/files\/2025\/09\/CALENDARIO-25_26F_page-0001.jpg\" alt=\"\" width=\"1240\" height=\"1755\" srcset=\"https:\/\/blogsaverroes.juntadeandalucia.es\/ceipalcaldeleonrios\/files\/2025\/09\/CALENDARIO-25_26F_page-0001.jpg 1130w, https:\/\/blogsaverroes.juntadeandalucia.es\/ceipalcaldeleonrios\/files\/2025\/09\/CALENDARIO-25_26F_page-0001-212x300.jpg 212w, https:\/\/blogsaverroes.juntadeandalucia.es\/ceipalcaldeleonrios\/files\/2025\/09\/CALENDARIO-25_26F_page-0001-724x1024.jpg 724w, https:\/\/blogsaverroes.juntadeandalucia.es\/ceipalcaldeleonrios\/files\/2025\/09\/CALENDARIO-25_26F_page-0001-768x1087.jpg 768w, https:\/\/blogsaverroes.juntadeandalucia.es\/ceipalcaldeleonrios\/files\/2025\/09\/CALENDARIO-25_26F_page-0001-1085x1536.jpg 1085w\" sizes=\"(max-width: 1240px) 100vw, 1240px\" \/><\/a><\/p>\n<p><em><strong>Los d\u00edas no lectivos de la localidad ser\u00e1n:<\/strong><\/em><\/p>\n<ul>\n<li><em><strong>12 septiembre Patrona STA MAR\u00cdA DEL ALCOR CORONADA.<\/strong><\/em><\/li>\n<li><em><strong>Del 15<\/strong><\/em><em><strong> al 19 de mayo SANTA CRUZ DE MAYO.<\/strong><\/em><\/li>\n<\/ul>\n<p><em><strong>Festivo Nacional:<\/strong><\/em><\/p>\n<blockquote><p><em><strong>1\u00ba TRIMESTRE.<\/strong><\/em><\/p><\/blockquote>\n<p><span style=\"color: #ff6600\"><em><strong>12 de octubre D\u00eda de la Hispanidad.<\/strong><\/em><\/span><\/p>\n<p><span style=\"color: #ff6600\"><em><strong>1 de noviembre Festividad de todos los Santos.<\/strong><\/em><\/span><\/p>\n<p><span style=\"color: #ff6600\"><em><strong>6 de diciembre viernes D\u00eda de la Constituci\u00f3n.<\/strong><\/em><\/span><\/p>\n<p><span style=\"color: #ff6600\"><em><strong>8 de diciembre domingo d\u00eda de la Inmaculada. (Se pasa la festividad al lunes 9 de diciembre).<\/strong><\/em><\/span><\/p>\n<p><span style=\"color: #ff6600\"><strong><em>20 de diciembre fin de las clases del primer trimestre.<\/em><\/strong><\/span><\/p>\n<p><em><strong>23 de diciembre- 8 de enero vacaciones de navidad.<\/strong><\/em><\/p>\n<blockquote><p><em><strong>2\u00ba TRIMESTRE.<\/strong><\/em><\/p><\/blockquote>\n<p><span style=\"color: #008000\"><em><strong>27 de febrero d\u00eda de la Comunidad educativa.<\/strong><\/em><\/span><\/p>\n<p><span style=\"color: #008000\"><em><strong>28 de febrero d\u00eda de Andaluc\u00eda.<\/strong><\/em><\/span><\/p>\n<p><span style=\"color: #008000\"><em><strong>11 de abril &#8211; 20 de abril vacaciones de Semana Santa.<\/strong><\/em><\/span><\/p>\n<blockquote><p><em><strong>3\u00ba TRIMESTRE.<\/strong><\/em><\/p><\/blockquote>\n<p><span style=\"color: #ff0000\"><em><strong>1 de mayo d\u00eda de Trabajo.<\/strong><\/em><\/span><\/p>\n<p>2 de mayo D\u00eda no lectivo provincial&nbsp;<\/p>\n<p><strong><span style=\"color: #ff0000\">15 de mayo Fiestas de la Santa Cruz.<\/span><\/strong><\/p>\n<p><strong><span style=\"color: #ff0000\">16 de mayo Fiestas de la Santa Cruz.<\/span><\/strong><\/p>\n<p><strong><span style=\"color: #ff0000\">19 de mayo Fiestas de la Santa Cruz.<\/span><\/strong><\/p>\n<p><span style=\"color: #ff0000\"><em><strong>23 de junio Fin de curso.<\/strong><\/em><\/span><\/p>\n<p>&nbsp;<\/p>\n<p>&nbsp;<\/p>\n<p style=\"text-align: center\">&nbsp;<\/p>\n","protected":false},"excerpt":{"rendered":"<p>CALENDARIO ESCOLAR CURSO 2025\/26 &nbsp; Los d\u00edas no lectivos de la localidad ser\u00e1n: 12 septiembre Patrona STA MAR\u00cdA DEL ALCOR CORONADA. Del 15 al 19 de mayo SANTA CRUZ DE MAYO. Festivo Nacional: 1\u00ba&#46;&#46;&#46;<\/p>\n","protected":false},"author":1,"featured_media":0,"parent":0,"menu_order":0,"comment_status":"closed","ping_status":"open","template":"","meta":{"ngg_post_thumbnail":0,"footnotes":"","_mc_calendar":{"weekends":"true","shortcode":"[my_calendar weekends=&quot;true&quot;]","append":""}},"aioseo_notices":[],"_links":{"self":[{"href":"https:\/\/blogsaverroes.juntadeandalucia.es\/ceipalcaldeleonrios\/wp-json\/wp\/v2\/pages\/869"}],"collection":[{"href":"https:\/\/blogsaverroes.juntadeandalucia.es\/ceipalcaldeleonrios\/wp-json\/wp\/v2\/pages"}],"about":[{"href":"https:\/\/blogsaverroes.juntadeandalucia.es\/ceipalcaldeleonrios\/wp-json\/wp\/v2\/types\/page"}],"author":[{"embeddable":true,"href":"https:\/\/blogsaverroes.juntadeandalucia.es\/ceipalcaldeleonrios\/wp-json\/wp\/v2\/users\/1"}],"replies":[{"embeddable":true,"href":"https:\/\/blogsaverroes.juntadeandalucia.es\/ceipalcaldeleonrios\/wp-json\/wp\/v2\/comments?post=869"}],"version-history":[{"count":16,"href":"https:\/\/blogsaverroes.juntadeandalucia.es\/ceipalcaldeleonrios\/wp-json\/wp\/v2\/pages\/869\/revisions"}],"predecessor-version":[{"id":5313,"href":"https:\/\/blogsaverroes.juntadeandalucia.es\/ceipalcaldeleonrios\/wp-json\/wp\/v2\/pages\/869\/revisions\/5313"}],"wp:attachment":[{"href":"https:\/\/blogsaverroes.juntadeandalucia.es\/ceipalcaldeleonrios\/wp-json\/wp\/v2\/media?parent=869"}],"curies":[{"name":"wp","href":"https:\/\/api.w.org\/{rel}","templated":true}]}}