{"id":99,"date":"2015-03-16T07:22:54","date_gmt":"2015-03-16T07:22:54","guid":{"rendered":"http:\/\/blogsaverroes.juntadeandalucia.es\/pre\/ceip\/?page_id=99"},"modified":"2025-09-16T11:39:49","modified_gmt":"2025-09-16T11:39:49","slug":"comedor-escolar","status":"publish","type":"page","link":"https:\/\/blogsaverroes.juntadeandalucia.es\/ceipalcaldeleonrios\/comedor-escolar\/","title":{"rendered":"Comedor escolar curso 2025\/26"},"content":{"rendered":"<p>Este a\u00f1o el comedor de nuestro centro est\u00e1 a cargo de la empresa Aramark. Para conocer m\u00e1s sobre esta empresa puede visitar su web: <a href=\"https:\/\/www.elgustodecrecer.es\/\"><em>el gusto de crecer<\/em><\/a>.<\/p>\n<p>El horario es de 14 a 16h. Para solicitar plaza debe acudir a la secretar\u00eda del centro.<\/p>\n<p>Los alumnos estar\u00e1n atendidos por las mejores monitoras y cocineras:<\/p>\n<p><a href=\"https:\/\/blogsaverroes.juntadeandalucia.es\/ceipalcaldeleonrios\/files\/2021\/02\/Cocineras.jpg\"><img loading=\"lazy\" decoding=\"async\" class=\"aligncenter size-medium wp-image-2323\" src=\"https:\/\/blogsaverroes.juntadeandalucia.es\/ceipalcaldeleonrios\/files\/2021\/02\/Cocineras-210x300.jpg\" alt=\"\" width=\"210\" height=\"300\" srcset=\"https:\/\/blogsaverroes.juntadeandalucia.es\/ceipalcaldeleonrios\/files\/2021\/02\/Cocineras-210x300.jpg 210w, https:\/\/blogsaverroes.juntadeandalucia.es\/ceipalcaldeleonrios\/files\/2021\/02\/Cocineras-715x1024.jpg 715w, https:\/\/blogsaverroes.juntadeandalucia.es\/ceipalcaldeleonrios\/files\/2021\/02\/Cocineras-768x1100.jpg 768w, https:\/\/blogsaverroes.juntadeandalucia.es\/ceipalcaldeleonrios\/files\/2021\/02\/Cocineras-1073x1536.jpg 1073w, https:\/\/blogsaverroes.juntadeandalucia.es\/ceipalcaldeleonrios\/files\/2021\/02\/Cocineras.jpg 1109w\" sizes=\"(max-width: 210px) 100vw, 210px\" \/><\/a><a href=\"https:\/\/blogsaverroes.juntadeandalucia.es\/ceipalcaldeleonrios\/files\/2021\/02\/Monitoras-comedor-scaled.jpeg\"><br \/>\n<img loading=\"lazy\" decoding=\"async\" class=\"aligncenter size-medium wp-image-2324\" src=\"https:\/\/blogsaverroes.juntadeandalucia.es\/ceipalcaldeleonrios\/files\/2021\/02\/Monitoras-comedor-300x225.jpeg\" alt=\"\" width=\"300\" height=\"225\" srcset=\"https:\/\/blogsaverroes.juntadeandalucia.es\/ceipalcaldeleonrios\/files\/2021\/02\/Monitoras-comedor-300x225.jpeg 300w, https:\/\/blogsaverroes.juntadeandalucia.es\/ceipalcaldeleonrios\/files\/2021\/02\/Monitoras-comedor-1024x768.jpeg 1024w, https:\/\/blogsaverroes.juntadeandalucia.es\/ceipalcaldeleonrios\/files\/2021\/02\/Monitoras-comedor-768x576.jpeg 768w, https:\/\/blogsaverroes.juntadeandalucia.es\/ceipalcaldeleonrios\/files\/2021\/02\/Monitoras-comedor-1536x1152.jpeg 1536w, https:\/\/blogsaverroes.juntadeandalucia.es\/ceipalcaldeleonrios\/files\/2021\/02\/Monitoras-comedor-2048x1536.jpeg 2048w, https:\/\/blogsaverroes.juntadeandalucia.es\/ceipalcaldeleonrios\/files\/2021\/02\/Monitoras-comedor-scaled.jpeg 1600w\" sizes=\"(max-width: 300px) 100vw, 300px\" \/><\/a><\/p>\n<p>Correo de Aramark: andaluciafacturacion@aramark.es<\/p>\n<p>Tel\u00e9fono: 954461035<\/p>\n<p>Precio del men\u00fa: 4,38 euros.<\/p>\n","protected":false},"excerpt":{"rendered":"<p>Este a\u00f1o el comedor de nuestro centro est\u00e1 a cargo de la empresa Aramark. Para conocer m\u00e1s sobre esta empresa puede visitar su web: el gusto de crecer. El horario es de 14 a&#46;&#46;&#46;<\/p>\n","protected":false},"author":1,"featured_media":0,"parent":0,"menu_order":0,"comment_status":"closed","ping_status":"open","template":"","meta":{"ngg_post_thumbnail":0,"footnotes":"","_mc_calendar":[]},"aioseo_notices":[],"_links":{"self":[{"href":"https:\/\/blogsaverroes.juntadeandalucia.es\/ceipalcaldeleonrios\/wp-json\/wp\/v2\/pages\/99"}],"collection":[{"href":"https:\/\/blogsaverroes.juntadeandalucia.es\/ceipalcaldeleonrios\/wp-json\/wp\/v2\/pages"}],"about":[{"href":"https:\/\/blogsaverroes.juntadeandalucia.es\/ceipalcaldeleonrios\/wp-json\/wp\/v2\/types\/page"}],"author":[{"embeddable":true,"href":"https:\/\/blogsaverroes.juntadeandalucia.es\/ceipalcaldeleonrios\/wp-json\/wp\/v2\/users\/1"}],"replies":[{"embeddable":true,"href":"https:\/\/blogsaverroes.juntadeandalucia.es\/ceipalcaldeleonrios\/wp-json\/wp\/v2\/comments?post=99"}],"version-history":[{"count":9,"href":"https:\/\/blogsaverroes.juntadeandalucia.es\/ceipalcaldeleonrios\/wp-json\/wp\/v2\/pages\/99\/revisions"}],"predecessor-version":[{"id":5314,"href":"https:\/\/blogsaverroes.juntadeandalucia.es\/ceipalcaldeleonrios\/wp-json\/wp\/v2\/pages\/99\/revisions\/5314"}],"wp:attachment":[{"href":"https:\/\/blogsaverroes.juntadeandalucia.es\/ceipalcaldeleonrios\/wp-json\/wp\/v2\/media?parent=99"}],"curies":[{"name":"wp","href":"https:\/\/api.w.org\/{rel}","templated":true}]}}