{"id":2949,"date":"2021-10-19T17:06:21","date_gmt":"2021-10-19T17:06:21","guid":{"rendered":"https:\/\/blogsaverroes.juntadeandalucia.es\/ceipalfaguarilla\/?page_id=2949"},"modified":"2021-10-19T17:44:20","modified_gmt":"2021-10-19T17:44:20","slug":"frances","status":"publish","type":"page","link":"https:\/\/blogsaverroes.juntadeandalucia.es\/ceipalfaguarilla\/frances\/","title":{"rendered":"Franc\u00e9s"},"content":{"rendered":"<h2>TERCER CICLO<\/h2>\n<p><span dir=\"ltr\">2LE.03.01. Identificar el sentido general, la <\/span><span dir=\"ltr\">informaci\u00f3n esencial o los puntos principales en <\/span><span dir=\"ltr\">textos orales muy breves y sencillos, en distintos <\/span><span dir=\"ltr\">soportes, con estructuras simples y l\u00e9xico de uso <\/span><span dir=\"ltr\">muy frecuente, articulados con claridad y <\/span><span dir=\"ltr\">lentamente, sobre tem\u00e1ticas conocidas en contextos <\/span><span dir=\"ltr\">cotidianos relacionados con la propia experiencia,<\/span><span dir=\"ltr\">necesidades e intereses, utilizando estrategias <\/span><span dir=\"ltr\">b\u00e1sicas para mejorarla. CCL, CAA, SIEP, CEC.<\/span><\/p>\n<p><span dir=\"ltr\">2LE.03.02. Entender las ideas principales de <\/span><span dir=\"ltr\">conversaciones habituales muy breves y sencillas <\/span><span dir=\"ltr\">cercanas a temas de su inter\u00e9s, identificando <\/span><span dir=\"ltr\">aspectos socioculturales y socioling\u00fc\u00edsticos b\u00e1sicos y <\/span><span dir=\"ltr\">muy concretos junto a un l\u00e9xico habitual, inici\u00e1ndose <\/span><span dir=\"ltr\">en peque\u00f1as conversaciones muy sencillas. CCL,<\/span><span dir=\"ltr\">CAA, SIEP.<\/span><\/p>\n<p><span dir=\"ltr\">2LE.03.03. Participar de manera simple y <\/span><span dir=\"ltr\">comprensible en conversaciones y di\u00e1logos breves <\/span><span dir=\"ltr\">entre iguales, utilizando expresiones y frases <\/span><span dir=\"ltr\">sencillas de uso muy frecuente, aisladas o enlazadas <\/span><span dir=\"ltr\">con conectores b\u00e1sicos elementales junto a un <\/span><span dir=\"ltr\">vocabulario habitual sobre s\u00ed mismo, sus intereses y <\/span><span dir=\"ltr\">necesidades inmediatas. CCL, CAA, CEC, CSC,<\/span><span dir=\"ltr\">SIEP.<\/span><\/p>\n<p><span dir=\"ltr\">2LE.03.04. Hacer descripciones muy breves, en <\/span><span dir=\"ltr\">diferentes soportes, con estructuras sencillas <\/span><span dir=\"ltr\">previamente preparadas y ensayadas para dar <\/span><span dir=\"ltr\">informaci\u00f3n b\u00e1sica sobre s\u00ed mismo, hablar de lo que <\/span><span dir=\"ltr\">le gusta y lo que no, describir aspectos f\u00edsicos de <\/span><span dir=\"ltr\">personas, etc. CCL, CD, CAA, CSC, SIEP<\/span><\/p>\n<p><span dir=\"ltr\">2LE.03.05. Comprender textos escritos muy breves <\/span><span dir=\"ltr\">y sencillos, de estructuras simples y l\u00e9xico de uso <\/span><span dir=\"ltr\">muy frecuente con apoyos visuales, sobre tem\u00e1ticas <\/span><span dir=\"ltr\">conocidas relacionadas con la propia experiencia,<\/span><span dir=\"ltr\">necesidades e intereses, utilizando estrategias para <\/span><span dir=\"ltr\">mejorar la comprensi\u00f3n. CCL, CAA, SIEP.<\/span><\/p>\n<p><span dir=\"ltr\">2LE.03.06. Escribir, siguiendo modelos, distintos <\/span><span dir=\"ltr\">tipos de textos muy breves y sencillos adaptados a<\/span><span dir=\"ltr\">las funciones comunicativas, utilizando estructuras <\/span><span dir=\"ltr\">sint\u00e1cticas simples y patrones discursivos b\u00e1sicos <\/span><span dir=\"ltr\">junto a un l\u00e9xico de uso frecuente y una ortograf\u00eda <\/span><span dir=\"ltr\">b\u00e1sica. CCL, CD, CAA, CEC, SIEP, CSC.<\/span><\/p>\n<p>&nbsp;<\/p>\n<p>&nbsp;<\/p>\n","protected":false},"excerpt":{"rendered":"<p>TERCER CICLO 2LE.03.01. Identificar el sentido general, la informaci\u00f3n esencial o los puntos principales en textos orales muy breves y sencillos, en distintos soportes, con estructuras simples y l\u00e9xico de uso muy frecuente, articulados con claridad y lentamente, sobre tem\u00e1ticas conocidas en contextos cotidianos relacionados con la propia experiencia,necesidades e intereses, utilizando estrategias b\u00e1sicas para &hellip; <\/p>\n<p class=\"link-more\"><a href=\"https:\/\/blogsaverroes.juntadeandalucia.es\/ceipalfaguarilla\/frances\/\" class=\"more-link\">Continuar leyendo<span class=\"screen-reader-text\"> \u00abFranc\u00e9s\u00bb<\/span><\/a><\/p>\n","protected":false},"author":2978,"featured_media":0,"parent":0,"menu_order":0,"comment_status":"closed","ping_status":"closed","template":"","meta":{"ngg_post_thumbnail":0,"footnotes":"","_mc_calendar":[]},"aioseo_notices":[],"_links":{"self":[{"href":"https:\/\/blogsaverroes.juntadeandalucia.es\/ceipalfaguarilla\/wp-json\/wp\/v2\/pages\/2949"}],"collection":[{"href":"https:\/\/blogsaverroes.juntadeandalucia.es\/ceipalfaguarilla\/wp-json\/wp\/v2\/pages"}],"about":[{"href":"https:\/\/blogsaverroes.juntadeandalucia.es\/ceipalfaguarilla\/wp-json\/wp\/v2\/types\/page"}],"author":[{"embeddable":true,"href":"https:\/\/blogsaverroes.juntadeandalucia.es\/ceipalfaguarilla\/wp-json\/wp\/v2\/users\/2978"}],"replies":[{"embeddable":true,"href":"https:\/\/blogsaverroes.juntadeandalucia.es\/ceipalfaguarilla\/wp-json\/wp\/v2\/comments?post=2949"}],"version-history":[{"count":3,"href":"https:\/\/blogsaverroes.juntadeandalucia.es\/ceipalfaguarilla\/wp-json\/wp\/v2\/pages\/2949\/revisions"}],"predecessor-version":[{"id":2998,"href":"https:\/\/blogsaverroes.juntadeandalucia.es\/ceipalfaguarilla\/wp-json\/wp\/v2\/pages\/2949\/revisions\/2998"}],"wp:attachment":[{"href":"https:\/\/blogsaverroes.juntadeandalucia.es\/ceipalfaguarilla\/wp-json\/wp\/v2\/media?parent=2949"}],"curies":[{"name":"wp","href":"https:\/\/api.w.org\/{rel}","templated":true}]}}