{"id":2953,"date":"2021-10-19T17:06:22","date_gmt":"2021-10-19T17:06:22","guid":{"rendered":"https:\/\/blogsaverroes.juntadeandalucia.es\/ceipalfaguarilla\/?page_id=2953"},"modified":"2021-10-19T17:40:11","modified_gmt":"2021-10-19T17:40:11","slug":"valores","status":"publish","type":"page","link":"https:\/\/blogsaverroes.juntadeandalucia.es\/ceipalfaguarilla\/valores\/","title":{"rendered":"Valores"},"content":{"rendered":"<h2>VALORES SOCIALES<\/h2>\n<h2>PRIMER CICLO<\/h2>\n<p><span dir=\"ltr\">VSC.01.01. <\/span><span dir=\"ltr\">Reconocer los rasgos personales que le <\/span><span dir=\"ltr\">definen, manifestando verbalmente una valoraci\u00f3n <\/span><span dir=\"ltr\">positiva de s\u00ed mismo e identificar las consecuencias <\/span><span dir=\"ltr\">que sus decisiones y actos tienen sobre s\u00ed mismo y <\/span><span dir=\"ltr\">sobre los dem\u00e1s, haci\u00e9ndose responsables de las <\/span><span dir=\"ltr\">mismas. CCL, CSC, SIEP.<\/span><\/p>\n<p><span dir=\"ltr\">VSC.01.02. <\/span><span dir=\"ltr\">Actuar con autonom\u00eda, seguridad,<\/span><span dir=\"ltr\">r<\/span><span dir=\"ltr\">esponsabilidad y motivaci\u00f3n a la hora de <\/span><span dir=\"ltr\">enfrentarse a tareas y problemas diarios,<\/span><span dir=\"ltr\">reconociendo e identificando sus l\u00edmites y <\/span><span dir=\"ltr\">posibilidades, as\u00ed como los problemas sociales y<\/span><span dir=\"ltr\">c\u00edvicos que se encuentra a la hora de contribuir a la <\/span><span dir=\"ltr\">consecuci\u00f3n de los objetivos individuales y <\/span><span dir=\"ltr\">colectivos. CSC, CAA, SIEP. <\/span><\/p>\n<p><span dir=\"ltr\">VSC.01.03. <\/span><span dir=\"ltr\">Reconocer, enumerar y expresar <\/span><span dir=\"ltr\">oralmente sus sentimientos y emociones,<\/span><span dir=\"ltr\">aprendiendo a gestionarlos de manera positiva a la <\/span><span dir=\"ltr\">hora de enfrentarse a las distintas situaciones y <\/span><span dir=\"ltr\">problemas de su vida diaria, manejando las <\/span><span dir=\"ltr\">frustraciones haciendo frente a los miedos y <\/span><span dir=\"ltr\">fracasos e iniciarse en la toma de decisiones con <\/span><span dir=\"ltr\">autocontrol. SIEP, CAA, CSC, CCL.<\/span><\/p>\n<p><span dir=\"ltr\">VSC.01.04. <\/span><span dir=\"ltr\">Comunicarse de manera verbal y no <\/span><span dir=\"ltr\">verbal adecuadamente, expresando sentimientos y <\/span><span dir=\"ltr\">emociones y aceptando los de los dem\u00e1s. Identificar<\/span><span dir=\"ltr\">los factores de la comunicaci\u00f3n interpersonal que <\/span><span dir=\"ltr\">generan barreras y los que crean cercan\u00eda.<\/span><span dir=\"ltr\">CSC,<\/span><span dir=\"ltr\">CCL.<\/span><\/p>\n<p><span dir=\"ltr\">VSC.01.05. <\/span><span dir=\"ltr\">Participar activamente en actividades <\/span><span dir=\"ltr\">cooperativas con actitud de respeto y escucha,<\/span><span dir=\"ltr\">expresando con lenguaje positivo y abiertamente sus <\/span><span dir=\"ltr\">ideas, opiniones y sentimientos, defendi\u00e9ndolas sin <\/span><span dir=\"ltr\">desmerecer las aportaciones de los dem\u00e1s y <\/span><span dir=\"ltr\">demostrando inter\u00e9s por los otros.<\/span><span dir=\"ltr\">CSC, CCL, SIEP.<\/span><\/p>\n<p><span dir=\"ltr\">VSC.01.06. Establece relaciones respetuosas y <\/span><span dir=\"ltr\">cooperativas, basadas en la amistad, el afecto y la <\/span><span dir=\"ltr\">confianza mutua, respetando y aceptando las <\/span><span dir=\"ltr\">diferencias individuales y valorando las cualidades <\/span><span dir=\"ltr\">de los dem\u00e1s.<\/span><span dir=\"ltr\">CSC.<\/span><\/p>\n<p><span dir=\"ltr\">VSC.01.07.<\/span><span dir=\"ltr\">Participar activamente para resolver <\/span><span dir=\"ltr\">situaciones conflictivas e iniciarse en el trabajo en <\/span><span dir=\"ltr\">equipo.<\/span><span dir=\"ltr\">CSC, SIEP.<\/span><\/p>\n<p><span dir=\"ltr\">VSC.01.08. <\/span><span dir=\"ltr\">Realizar peque\u00f1as reflexiones sobre <\/span><span dir=\"ltr\">situaciones escolares, justificando sus actuaciones <\/span><span dir=\"ltr\">en base a valores personales como la dignidad, el <\/span><span dir=\"ltr\">respeto, la autoestima, la seguridad en uno mismo y <\/span><span dir=\"ltr\">la capacidad de enfrentarse a los problemas.<\/span><span dir=\"ltr\">Identificar y poner en pr\u00e1ctica normas escolares <\/span><span dir=\"ltr\">como un referente de valores a cumplir para el bien <\/span><span dir=\"ltr\">com\u00fan. CSC, CCL.<\/span><\/p>\n<p><span dir=\"ltr\">VSC.01.09.<\/span><span dir=\"ltr\"> Identificar los derechos y deberes del <\/span><span dir=\"ltr\">ni\u00f1o\/ni\u00f1a en su conjunto y algunos de los derechos <\/span><span dir=\"ltr\">universales m\u00e1s importantes, especialmente la no <\/span><span dir=\"ltr\">discriminaci\u00f3n de otros por razones diversas. CSC.<\/span><\/p>\n<p><span dir=\"ltr\">VSC.01.10. <\/span><span dir=\"ltr\">Reconocer los valores propios de las <\/span><span dir=\"ltr\">normas sociales b\u00e1sicas que regulan los distintos <\/span><span dir=\"ltr\">grupos a los que pertenece como base de una <\/span><span dir=\"ltr\">convivencia positiva. CSC.<\/span><\/p>\n<p><span dir=\"ltr\">VSC.01.11.<\/span><span dir=\"ltr\">Descubrir la utilidad de los servicios <\/span><span dir=\"ltr\">p\u00fablicos y valorar la utilidad de su existencia en <\/span><span dir=\"ltr\">nuestras vidas, promocionando <\/span><span dir=\"ltr\">una cultura de <\/span><span dir=\"ltr\">respeto hacia ellos. CSC.<\/span><span dir=\"ltr\">VSC.01.12. <\/span><span dir=\"ltr\">Identificar situaciones de emergencia y <\/span><span dir=\"ltr\">de medidas de prevenci\u00f3n de accidentes y participar <\/span><span dir=\"ltr\">de forma responsable en la aplicaci\u00f3n de los <\/span><span dir=\"ltr\">protocolos establecidos para ello. CSC<\/span><\/p>\n<h2>SEGUNDO CICLO<\/h2>\n<p><span dir=\"ltr\">VSC.02.01. <\/span><span dir=\"ltr\">Describirse <\/span><span dir=\"ltr\">de manera oral a s\u00ed mismo,<\/span><span dir=\"ltr\">desde un punto de vista positivo y enfrentarse a los <\/span><span dir=\"ltr\">retos o desaf\u00edos que se plantean en su vida, a trav\u00e9s <\/span><span dir=\"ltr\">de decisiones responsables y meditadas que pongan <\/span><span dir=\"ltr\">en juego el desarrollo de actitudes de respeto,<\/span><span dir=\"ltr\">compromiso y solidaridad. CSC, SIEP, CCL.<\/span><\/p>\n<p><span dir=\"ltr\">VSC.02.02. Manifestar autonom\u00eda, seguridad,<\/span><span dir=\"ltr\">responsabilidad y motivaci\u00f3n en las propuestas de <\/span><span dir=\"ltr\">trabajo, identificando fortalezas y debilidades <\/span><span dir=\"ltr\">durante el desarrollo de las mismas, solventando los <\/span><span dir=\"ltr\">problemas sociales y c\u00edvicos encontrados con <\/span><span dir=\"ltr\">propuestas creativas, y contribuyendo al logro de los <\/span><span dir=\"ltr\">objetivos individuales y colectivos. CSC, SIEP, CAA.<\/span><\/p>\n<p><span dir=\"ltr\">VSC.02.03. Gestionar de manera positiva sus <\/span><span dir=\"ltr\">emociones y sentimientos y reflexionar sobre las <\/span><span dir=\"ltr\">maneras de ser y el tipo de pensamientos que pone <\/span><span dir=\"ltr\">en marcha a la hora de enfrentarse a las distintas <\/span><span dir=\"ltr\">situaciones y problemas de su vida diaria,<\/span><span dir=\"ltr\">manifestando autocontrol, utilizando el di\u00e1logo en la <\/span><span dir=\"ltr\">resoluci\u00f3n de conflictos y demostrando capacidad en <\/span><span dir=\"ltr\">la toma de decisiones de manera efectiva, tanto para <\/span><span dir=\"ltr\">redise\u00f1arse cognitiva y conductualmente como para <\/span><span dir=\"ltr\">superar miedos y fracasos. CSC, SIEP, CAA.<\/span><\/p>\n<p><span dir=\"ltr\">VSC.02.04. <\/span><span dir=\"ltr\">Describirse <\/span><span dir=\"ltr\">de manera oral a s\u00ed mismo,<\/span><span dir=\"ltr\">desde un punto de vista positivo y enfrentarse a los <\/span><span dir=\"ltr\">retos o desaf\u00edos que se plantean en su vida, a trav\u00e9s <\/span><span dir=\"ltr\">de decisiones responsables y meditadas que pongan <\/span><span dir=\"ltr\">en juego el desarrollo de actitudes de respeto,<\/span><span dir=\"ltr\">compromiso y solidaridad. CSC, SIEP, CCL.<\/span><\/p>\n<p><span dir=\"ltr\">VSC.02.05. Manifestar autonom\u00eda, seguridad,<\/span><span dir=\"ltr\">responsabilidad y motivaci\u00f3n en las propuestas de <\/span><span dir=\"ltr\">trabajo, identificando fortalezas y debilidades <\/span><span dir=\"ltr\">durante el desarrollo de las mismas, solventando los <\/span><span dir=\"ltr\">problemas sociales y c\u00edvicos encontrados con <\/span><span dir=\"ltr\">propuestas creativas, y contribuyendo al logro de los <\/span><span dir=\"ltr\">objetivos individuales y colectivos. CSC, SIEP, CAA.<\/span><\/p>\n<p><span dir=\"ltr\">VSC.02.06<\/span><span dir=\"ltr\">.<\/span><span dir=\"ltr\"> Usar el di\u00e1logo y la comunicaci\u00f3n no <\/span><span dir=\"ltr\">verbal como instrumento para compartir <\/span><span dir=\"ltr\">sentimientos y emociones, mostrando inter\u00e9s por lo <\/span><span dir=\"ltr\">que los dem\u00e1s expresan y estableciendo, as\u00ed, unas <\/span><span dir=\"ltr\">relaciones de confianza, tanto con sus iguales como <\/span><span dir=\"ltr\">con los adultos. Explicar los factores de la <\/span><span dir=\"ltr\">comunicaci\u00f3n interpersonal que generan barreras y <\/span><span dir=\"ltr\">los que crean cercan\u00eda, ejecutando las actuaciones <\/span><span dir=\"ltr\">necesarias para mejorar la interacci\u00f3n social dentro <\/span><span dir=\"ltr\">del aula.<\/span><span dir=\"ltr\">CSC, CCL.<\/span><\/p>\n<p><span dir=\"ltr\">VSC.02.07. Colaborar en actividades grupales,<\/span><span dir=\"ltr\">identificando y analizando las habilidades sociales <\/span><span dir=\"ltr\">requeridas para ponerse en el lugar de los dem\u00e1s,<\/span><span dir=\"ltr\">aprendiendo a escuchar activamente, entendiendo el <\/span><span dir=\"ltr\">punto de vista del que habla y defendiendo su punto <\/span><span dir=\"ltr\">de vista sin desmerecer las aportaciones de los <\/span><span dir=\"ltr\">dem\u00e1s.<\/span><span dir=\"ltr\">CSC, CCL, SIEP.<\/span><\/p>\n<p><span dir=\"ltr\">VSC.02.08<\/span><span dir=\"ltr\">.<\/span><span dir=\"ltr\">Identificar maneras de ser y de actuar,<\/span><span dir=\"ltr\">estableciendo relaciones respetuosas y cooperativas,<\/span><span dir=\"ltr\">basadas en la amistad, el afecto y la confianza <\/span><span dir=\"ltr\">mutua Comprender y aceptar las diferencias <\/span><span dir=\"ltr\">culturales como algo positivo, detectando los <\/span><span dir=\"ltr\">posibles prejuicios sociales existentes en su entorno.<\/span><span dir=\"ltr\">CSC.<\/span><\/p>\n<p><span dir=\"ltr\">VSC.02.09.<\/span><span dir=\"ltr\">Desarrollar actitudes altruistas y <\/span><span dir=\"ltr\">solidarias para el bien com\u00fan, apreciar puntos de <\/span><span dir=\"ltr\">vistas diferentes al propio y generar propuestas para <\/span><span dir=\"ltr\">mejorar las din\u00e1micas colaborativas de trabajo en <\/span><span dir=\"ltr\">equipo. <\/span><span dir=\"ltr\">CSC, SIEP.<\/span><\/p>\n<p><span dir=\"ltr\">VSC.02.10. <\/span><span dir=\"ltr\">Participar activamente en la resoluci\u00f3n <\/span><span dir=\"ltr\">de conflictos desde la mediaci\u00f3n y atendiendo a un <\/span><span dir=\"ltr\">sistema de valores personales (dignidad, autoestima,<\/span><span dir=\"ltr\">respeto&#8230;) y universales (paz, solidaridad,<\/span><span dir=\"ltr\">cooperaci\u00f3n, etc.). Conocer, valorar y aplicar las <\/span><span dir=\"ltr\">normas como principio fundamental para la <\/span><span dir=\"ltr\">convivencia pac\u00edfica en distintos contextos de su vida <\/span><span dir=\"ltr\">cotidiana. CSC .<\/span><\/p>\n<p><span dir=\"ltr\">VSC.02.11. <\/span><span dir=\"ltr\">Interpretar los derechos y deberes en <\/span><span dir=\"ltr\">situaciones cotidianas estableciendo los principios <\/span><span dir=\"ltr\">b\u00e1sicos que regir\u00e1n las bases para la igualdad entre <\/span><span dir=\"ltr\">hombres y mujeres. CSC.<\/span><span dir=\"ltr\">VSC.02.12. <\/span><span dir=\"ltr\">Reconoce en la pr\u00e1ctica de normas y <\/span><span dir=\"ltr\">h\u00e1bitos c\u00edvicos de su entorno valores esenciales de <\/span><span dir=\"ltr\">un sistema democr\u00e1tico. CSC.<\/span><\/p>\n<p><span dir=\"ltr\">VSC.02.13. Conocer la contribuci\u00f3n y cuidado que <\/span><span dir=\"ltr\">todos debemos a los servicios p\u00fablicos, as\u00ed como,<\/span><span dir=\"ltr\">las posibilidades que se plantean desde del estado <\/span><span dir=\"ltr\">del bienestar y de nuestro tesoro cultural y <\/span><span dir=\"ltr\">medioambiental para generar propuestas de <\/span><span dir=\"ltr\">disfrute, conservaci\u00f3n y mejora. CSC.<\/span><\/p>\n<p><span dir=\"ltr\">VSC.02.14. Planificar actuaciones te\u00f3ricas y <\/span><span dir=\"ltr\">pr\u00e1cticas ante situaciones de emergencias y <\/span><span dir=\"ltr\">proponer medidas de prevenci\u00f3n de riesgos con <\/span><span dir=\"ltr\">especial incidencia en los accidentes de tr\u00e1fico.<\/span><span dir=\"ltr\">CSC.<\/span><\/p>\n<h2>TERCER CICLO<\/h2>\n<p><span dir=\"ltr\">VSC.03.01. <\/span><span dir=\"ltr\">Analizar y explicar la actitud con la que <\/span><span dir=\"ltr\">se enfrenta a sus propios desaf\u00edos. Revisar el <\/span><span dir=\"ltr\">concepto que tiene de s\u00ed mismo y comprobar que <\/span><span dir=\"ltr\">pone en juego valores de respeto, compromiso y <\/span><span dir=\"ltr\">dignidad hacia uno mismo y hacia los dem\u00e1s,<\/span><span dir=\"ltr\">asumiendo las consecuencias de sus acciones y <\/span><span dir=\"ltr\">palabras y reestructurando todo aquello que no<\/span><span dir=\"ltr\">coincida con su estilo de vida personal. CCL, CSC,<\/span><span dir=\"ltr\">SIEP, CAA.<\/span><\/p>\n<p><span dir=\"ltr\">VSC.03.02. <\/span><span dir=\"ltr\">Participar en los trabajos de equipo con <\/span><span dir=\"ltr\">autonom\u00eda, seguridad, responsabilidad, motivaci\u00f3n y <\/span><span dir=\"ltr\">confianza en los dem\u00e1s, dise\u00f1ando y llevando a la <\/span><span dir=\"ltr\">pr\u00e1ctica una serie de propuestas personales y <\/span><span dir=\"ltr\">creativas para solventar problemas sociales y c\u00edvicos <\/span><span dir=\"ltr\">existentes y contribuir al logro de los objetivos <\/span><span dir=\"ltr\">individuales y compartidos. CSC, SIEP, CAA.<\/span><\/p>\n<p><span dir=\"ltr\">VSC.03.03. Reconocer, analizar cr\u00edticamente y <\/span><span dir=\"ltr\">estructurar los sentimientos y emociones, las <\/span><span dir=\"ltr\">maneras de ser y el tipo de pensamientos que pone <\/span><span dir=\"ltr\">en marcha a la hora de enfrentarse a las distintas <\/span><span dir=\"ltr\">situaciones y problemas de su vida diaria,<\/span><span dir=\"ltr\">manifestando autocontrol, gesti\u00f3n positiva de los <\/span><span dir=\"ltr\">sentimientos y capacidad en la toma de decisiones <\/span><span dir=\"ltr\">de manera efectiva e independiente, tanto para <\/span><span dir=\"ltr\">redise\u00f1arse cognitiva y conductualmente, como para <\/span><span dir=\"ltr\">enfrentarse y superar los miedos, fracasos y <\/span><span dir=\"ltr\">situaciones l\u00edmites con flexibilidad y seguridad en s\u00ed <\/span><span dir=\"ltr\">mismo y en los dem\u00e1s. CSC, SIEP, CAA.<\/span><\/p>\n<p><span dir=\"ltr\">VSC.03.04<\/span><span dir=\"ltr\">.<\/span><span dir=\"ltr\"> Revisar y dise\u00f1ar nuevas maneras de <\/span><span dir=\"ltr\">ser y de actuar a la hora de participar activamente <\/span><span dir=\"ltr\">en las din\u00e1micas de los grupos sociales a los que <\/span><span dir=\"ltr\">pertenece, para asegurar el establecimiento de <\/span><span dir=\"ltr\">interacciones basadas en la tolerancia, el respeto, la <\/span><span dir=\"ltr\">cooperaci\u00f3n y la aceptaci\u00f3n. Analizar cr\u00edticamente <\/span><span dir=\"ltr\">las diferencias existentes entre los diferentes <\/span><span dir=\"ltr\">miembros que conforman los grupos sociales en los <\/span><span dir=\"ltr\">que se integran, detectando, reflexionando y <\/span><span dir=\"ltr\">razonando sobre los prejuicios existentes y las <\/span><span dir=\"ltr\">consecuencias de dichos prejuicios en el clima del <\/span><span dir=\"ltr\">grupo y directamente en las personas que lo s<\/span><span dir=\"ltr\">sufren. CSC, SIEP<\/span><\/p>\n<p><span dir=\"ltr\">VSC.03.05. <\/span><span dir=\"ltr\">Participar en los trabajos de equipo con <\/span><span dir=\"ltr\">autonom\u00eda, seguridad, responsabilidad, motivaci\u00f3n y <\/span><span dir=\"ltr\">confianza en los dem\u00e1s, dise\u00f1ando y llevando a la <\/span><span dir=\"ltr\">pr\u00e1ctica una serie de propuestas personales y <\/span><span dir=\"ltr\">creativas para solventar problemas sociales y c\u00edvicos <\/span><span dir=\"ltr\">existentes y contribuir al logro de los objetivos <\/span><span dir=\"ltr\">individuales y compartidos. CSC, SIEP, CAA.<\/span><\/p>\n<p><span dir=\"ltr\">VSC.03.06. Utilizar el di\u00e1logo y la comunicaci\u00f3n no <\/span><span dir=\"ltr\">verbal para compartir puntos de vista y sentimientos <\/span><span dir=\"ltr\">y mejorar la interacci\u00f3n social en el aula, utilizando <\/span><span dir=\"ltr\">correctamente estrategias de escucha activa,<\/span><span dir=\"ltr\">realizando inferencias que le permitan una <\/span><span dir=\"ltr\">comunicaci\u00f3n m\u00e1s f\u00e1cil y respetuosa con su <\/span><span dir=\"ltr\">interlocutor y relacionando ideas y opiniones para <\/span><span dir=\"ltr\">crear un pensamiento compartido.<\/span><span dir=\"ltr\">CSC, CCL<\/span><\/p>\n<p><span dir=\"ltr\">.<\/span><span dir=\"ltr\">VSC.03.07. Ejecutar proyectos grupales y escuchar<\/span><span dir=\"ltr\">las aportaciones de los dem\u00e1s activamente,<\/span><span dir=\"ltr\">poni\u00e9ndose en el lugar del que habla para <\/span><span dir=\"ltr\">interpretar y dar sentido a lo que oye de manera que <\/span><span dir=\"ltr\">interaccione con los dem\u00e1s con empat\u00eda,<\/span><span dir=\"ltr\">contribuyendo a la cohesi\u00f3n de los grupos en los <\/span><span dir=\"ltr\">que participa. Expresar y defender sus propias ideas <\/span><span dir=\"ltr\">y opiniones utilizando un lenguaje positivo y <\/span><span dir=\"ltr\">autoafirm\u00e1ndose con tranquilidad y respeto.<\/span><span dir=\"ltr\">CSC,<\/span><span dir=\"ltr\">SIEP, CCL.<\/span><\/p>\n<p><span dir=\"ltr\">VSC.03<\/span><span dir=\"ltr\">.08.<\/span><span dir=\"ltr\"> Revisar y dise\u00f1ar nuevas maneras de <\/span><span dir=\"ltr\">ser y de actuar a la hora de participar activamente <\/span><span dir=\"ltr\">en las din\u00e1micas de los grupos sociales a los que <\/span><span dir=\"ltr\">pertenece, para asegurar el establecimiento de <\/span><span dir=\"ltr\">interacciones basadas en la tolerancia, el respeto, la <\/span><span dir=\"ltr\">cooperaci\u00f3n y la aceptaci\u00f3n. Analizar cr\u00edticamente <\/span><span dir=\"ltr\">las diferencias existentes entre los diferentes <\/span><span dir=\"ltr\">miembros que conforman los grupos sociales en los <\/span><span dir=\"ltr\">que se integran, detectando, reflexionando y <\/span><span dir=\"ltr\">razonando sobre los prejuicios existentes y las <\/span><span dir=\"ltr\">consecuencias de dichos prejuicios en el clima del <\/span><span dir=\"ltr\">grupo y directamente en las personas que los <\/span><span dir=\"ltr\">sufren. CSC, SIEP.<\/span><\/p>\n<p><span dir=\"ltr\">VSC.03.09.<\/span><span dir=\"ltr\">Resolver problemas con actitudes <\/span><span dir=\"ltr\">manifiestas de colaboraci\u00f3n positiva y altruismo,<\/span><span dir=\"ltr\">compartiendo puntos de vista, valorando conductas <\/span><span dir=\"ltr\">solidarias y poniendo en pr\u00e1ctica el trabajo en <\/span><span dir=\"ltr\">equipo como estrategia colaborativa.<\/span><span dir=\"ltr\">CSC, SIEP.<\/span><\/p>\n<p><span dir=\"ltr\">VSC.03.10. <\/span><span dir=\"ltr\">Conocer y aplicar las fases de <\/span><span dir=\"ltr\">mediaci\u00f3n para hacer del conflicto una oportunidad <\/span><span dir=\"ltr\">de encontrar sentido a la responsabilidad y justicia <\/span><span dir=\"ltr\">social. Participar activamente en la realizaci\u00f3n de las <\/span><span dir=\"ltr\">normas de la comunidad educativa desde el respeto,<\/span><span dir=\"ltr\">realizando a partir de ellas juicios sociales sobre <\/span><span dir=\"ltr\">situaciones escolares y aplicando un sistema de <\/span><span dir=\"ltr\">valores personales basados a su vez en valores <\/span><span dir=\"ltr\">universales. CSC.<\/span><\/p>\n<p><span dir=\"ltr\">VSC.03.11.<\/span><span dir=\"ltr\">Valorar y reflexionar, a partir del <\/span><span dir=\"ltr\">conocimiento de la Declaraci\u00f3n de Derechos, sobre <\/span><span dir=\"ltr\">la no discriminaci\u00f3n por razones diversas (raza,<\/span><span dir=\"ltr\">religi\u00f3n, o cualquier otra) as\u00ed como conocer los <\/span><span dir=\"ltr\">Derechos del Ni\u00f1o y la correlaci\u00f3n de derechos y <\/span><span dir=\"ltr\">deberes de ambos documentos dentro de un <\/span><span dir=\"ltr\">contexto social, destacando la igualdad de hombres <\/span><span dir=\"ltr\">y mujeres y su concreci\u00f3n en la corresponsabilidad <\/span><span dir=\"ltr\">en tareas dom\u00e9sticas y cuidado de la familia. CSC.<\/span><\/p>\n<p><span dir=\"ltr\">VSC.03<\/span><span dir=\"ltr\">.12. Construir y aplicar valores personales <\/span><span dir=\"ltr\">propios a partir de los derechos y deberes <\/span><span dir=\"ltr\">constitucionales, en base a la valoraci\u00f3n del sistema <\/span><span dir=\"ltr\">democr\u00e1tico. CSC.<\/span><\/p>\n<p><span dir=\"ltr\">VSC.03.13.<\/span><span dir=\"ltr\">Comprender y valorar la contribuci\u00f3n y <\/span><span dir=\"ltr\">cuidado que todos debemos a los servicios p\u00fablicos,<\/span><span dir=\"ltr\">as\u00ed como valorar el patrimonio cultural y natural <\/span><span dir=\"ltr\">analizando y promoviendo medidas para su <\/span><span dir=\"ltr\">conservaci\u00f3n y mejora, con especial hincapi\u00e9 en el <\/span><span dir=\"ltr\">uso responsable y sostenible de diferentes fuentes <\/span><span dir=\"ltr\">de energ\u00edas y con una actitud cr\u00edtica hacia los <\/span><span dir=\"ltr\">acontecimientos que lo modifican. CSC.<\/span><\/p>\n<p><span dir=\"ltr\">VSC.03.14. Establecer un planteamiento que <\/span><span dir=\"ltr\">posibilite poner en pr\u00e1ctica medidas de primeros <\/span><span dir=\"ltr\">auxilios en situaciones de emergencias, as\u00ed como <\/span><span dir=\"ltr\">implementar medidas de seguridad en el uso de las <\/span><span dir=\"ltr\">nuevas tecnolog\u00edas y de forma muy destacada en la <\/span><span dir=\"ltr\">seguridad vial, para llegar a promover iniciativas y <\/span><span dir=\"ltr\">alternativas personales para la prevenci\u00f3n de <\/span><span dir=\"ltr\">accidentes de tr\u00e1fico. CSC, CD<\/span><\/p>\n","protected":false},"excerpt":{"rendered":"<p>VALORES SOCIALES PRIMER CICLO VSC.01.01. Reconocer los rasgos personales que le definen, manifestando verbalmente una valoraci\u00f3n positiva de s\u00ed mismo e identificar las consecuencias que sus decisiones y actos tienen sobre s\u00ed mismo y sobre los dem\u00e1s, haci\u00e9ndose responsables de las mismas. CCL, CSC, SIEP. VSC.01.02. Actuar con autonom\u00eda, seguridad,responsabilidad y motivaci\u00f3n a la hora &hellip; <\/p>\n<p class=\"link-more\"><a href=\"https:\/\/blogsaverroes.juntadeandalucia.es\/ceipalfaguarilla\/valores\/\" class=\"more-link\">Continuar leyendo<span class=\"screen-reader-text\"> \u00abValores\u00bb<\/span><\/a><\/p>\n","protected":false},"author":2978,"featured_media":0,"parent":0,"menu_order":0,"comment_status":"closed","ping_status":"closed","template":"","meta":{"ngg_post_thumbnail":0,"footnotes":"","_mc_calendar":[]},"aioseo_notices":[],"_links":{"self":[{"href":"https:\/\/blogsaverroes.juntadeandalucia.es\/ceipalfaguarilla\/wp-json\/wp\/v2\/pages\/2953"}],"collection":[{"href":"https:\/\/blogsaverroes.juntadeandalucia.es\/ceipalfaguarilla\/wp-json\/wp\/v2\/pages"}],"about":[{"href":"https:\/\/blogsaverroes.juntadeandalucia.es\/ceipalfaguarilla\/wp-json\/wp\/v2\/types\/page"}],"author":[{"embeddable":true,"href":"https:\/\/blogsaverroes.juntadeandalucia.es\/ceipalfaguarilla\/wp-json\/wp\/v2\/users\/2978"}],"replies":[{"embeddable":true,"href":"https:\/\/blogsaverroes.juntadeandalucia.es\/ceipalfaguarilla\/wp-json\/wp\/v2\/comments?post=2953"}],"version-history":[{"count":5,"href":"https:\/\/blogsaverroes.juntadeandalucia.es\/ceipalfaguarilla\/wp-json\/wp\/v2\/pages\/2953\/revisions"}],"predecessor-version":[{"id":2996,"href":"https:\/\/blogsaverroes.juntadeandalucia.es\/ceipalfaguarilla\/wp-json\/wp\/v2\/pages\/2953\/revisions\/2996"}],"wp:attachment":[{"href":"https:\/\/blogsaverroes.juntadeandalucia.es\/ceipalfaguarilla\/wp-json\/wp\/v2\/media?parent=2953"}],"curies":[{"name":"wp","href":"https:\/\/api.w.org\/{rel}","templated":true}]}}