{"id":35,"date":"2015-03-13T08:21:43","date_gmt":"2015-03-13T08:21:43","guid":{"rendered":"http:\/\/blogsaverroes.juntadeandalucia.es\/pre\/ceip\/?page_id=35"},"modified":"2021-11-02T22:01:42","modified_gmt":"2021-11-02T22:01:42","slug":"el-centro-2","status":"publish","type":"page","link":"https:\/\/blogsaverroes.juntadeandalucia.es\/ceipalfaguarilla\/el-centro-2\/","title":{"rendered":"Datos del centro"},"content":{"rendered":"<h3 style=\"text-align: left\">Datos de contacto<\/h3>\n<h3 style=\"text-align: left\">CEIP Alfaguarilla<\/h3>\n<h3 style=\"text-align: left\"><strong>Direcci\u00f3n:<\/strong> &nbsp;Calle \u00c1lamos, 21. Alfacar, Granada.&nbsp;<\/h3>\n<h3 style=\"text-align: left\"><strong>Tel\u00e9fono \/ FAX:<\/strong><\/h3>\n<ul style=\"text-align: left\">\n<li>\n<h3><strong>958893326<\/strong><\/h3>\n<\/li>\n<li>\n<h3><strong><b>Tel\u00e9fono corp:<\/b>&nbsp;171326<\/strong><\/h3>\n<\/li>\n<\/ul>\n<p style=\"text-align: left\">&nbsp;<\/p>\n<p style=\"text-align: left\"><strong>Email:<\/strong> 18601795.edu<a href=\"https:\/\/blogsaverroes.juntadeandalucia.es\/ceipalfaguarilla\/files\/2019\/10\/arroba.png\"><img loading=\"lazy\" decoding=\"async\" class=\"alignnone wp-image-2146\" src=\"https:\/\/blogsaverroes.juntadeandalucia.es\/ceipalfaguarilla\/files\/2019\/10\/arroba.png\" alt=\"\" width=\"25\" height=\"25\" srcset=\"https:\/\/blogsaverroes.juntadeandalucia.es\/ceipalfaguarilla\/files\/2019\/10\/arroba.png 138w, https:\/\/blogsaverroes.juntadeandalucia.es\/ceipalfaguarilla\/files\/2019\/10\/arroba-100x100.png 100w, https:\/\/blogsaverroes.juntadeandalucia.es\/ceipalfaguarilla\/files\/2019\/10\/arroba-24x24.png 24w, https:\/\/blogsaverroes.juntadeandalucia.es\/ceipalfaguarilla\/files\/2019\/10\/arroba-36x36.png 36w, https:\/\/blogsaverroes.juntadeandalucia.es\/ceipalfaguarilla\/files\/2019\/10\/arroba-48x48.png 48w\" sizes=\"(max-width: 25px) 100vw, 25px\" \/>juntadeandalucia.es&nbsp;<\/a><\/p>\n<h4 style=\"text-align: left\"><strong>Horarios<\/strong><\/h4>\n<p style=\"text-align: left\">Aula matinal: 07.30 horas.&nbsp;<\/p>\n<p style=\"text-align: left\">Horario lectivo: 09.00 a 14 horas.&nbsp;<\/p>\n<p style=\"text-align: left\">Comedor: 14.00 a 16.00 horas.<\/p>\n<h4 style=\"text-align: left\"><strong>Oferta educativa<\/strong><\/h4>\n<p style=\"text-align: left\">Educaci\u00f3n Infantil y Primaria.&nbsp;<\/p>\n<p style=\"text-align: left\">Centro biling\u00fce espa\u00f1ol-ingl\u00e9s.&nbsp;<\/p>\n<p style=\"text-align: left\">Educaci\u00f3n Especial Apoyo a la Integraci\u00f3n.&nbsp;<\/p>\n<h4 style=\"text-align: left\"><strong>Actividades extraescolares<\/strong><\/h4>\n<p style=\"text-align: left\">Ingl\u00e9s.<\/p>\n<p style=\"text-align: left\">SERVICIOS:&nbsp;<\/p>\n<ul style=\"text-align: left\">\n<li><img decoding=\"async\" src=\"http:\/\/vscripts.ced.junta-andalucia.es\/centros\/archivos\/bullet03.gif\" alt=\"\">&nbsp;&nbsp;<b>Plan de apertura. Aula matinal.<\/b><\/li>\n<li><img decoding=\"async\" src=\"http:\/\/vscripts.ced.junta-andalucia.es\/centros\/archivos\/bullet03.gif\" alt=\"\">&nbsp;&nbsp;<b>Plan de apertura. Actividades extraescolares.<\/b><\/li>\n<li><img decoding=\"async\" src=\"http:\/\/vscripts.ced.junta-andalucia.es\/centros\/archivos\/bullet03.gif\" alt=\"\">&nbsp;&nbsp;<b>Plan de apertura. Comedor.<\/b><\/li>\n<\/ul>\n<p style=\"text-align: left\">&nbsp;<\/p>\n<p style=\"text-align: left\"><iframe loading=\"lazy\" src=\"https:\/\/www.google.com\/maps\/embed?pb=!1m18!1m12!1m3!1d1588.1628013202683!2d-3.559620540864024!3d37.2399815145535!2m3!1f0!2f0!3f0!3m2!1i1024!2i768!4f13.1!3m3!1m2!1s0xd71e29f9b87a7ff%3A0xb28e72dbafaba96f!2sC.E.I.P.%20Alfaguarilla!5e0!3m2!1ses!2ses!4v1570447078056!5m2!1ses!2ses\" width=\"600\" height=\"450\" frameborder=\"0\"><\/iframe><\/p>\n<p style=\"text-align: center\">&nbsp;<\/p>\n","protected":false},"excerpt":{"rendered":"<p>Datos de contacto CEIP Alfaguarilla Direcci\u00f3n: &nbsp;Calle \u00c1lamos, 21. Alfacar, Granada.&nbsp; Tel\u00e9fono \/ FAX: 958893326 Tel\u00e9fono corp:&nbsp;171326 &nbsp; Email: 18601795.edujuntadeandalucia.es&nbsp; Horarios Aula matinal: 07.30 horas.&nbsp; Horario lectivo: 09.00 a 14 horas.&nbsp; Comedor: 14.00 a 16.00 horas. Oferta educativa Educaci\u00f3n Infantil y Primaria.&nbsp; Centro biling\u00fce espa\u00f1ol-ingl\u00e9s.&nbsp; Educaci\u00f3n Especial Apoyo a la Integraci\u00f3n.&nbsp; Actividades extraescolares Ingl\u00e9s. SERVICIOS:&nbsp; &hellip; <\/p>\n<p class=\"link-more\"><a href=\"https:\/\/blogsaverroes.juntadeandalucia.es\/ceipalfaguarilla\/el-centro-2\/\" class=\"more-link\">Continuar leyendo<span class=\"screen-reader-text\"> \u00abDatos del centro\u00bb<\/span><\/a><\/p>\n","protected":false},"author":1,"featured_media":0,"parent":0,"menu_order":0,"comment_status":"closed","ping_status":"open","template":"page-c.php","meta":{"ngg_post_thumbnail":0,"footnotes":"","_mc_calendar":[]},"aioseo_notices":[],"_links":{"self":[{"href":"https:\/\/blogsaverroes.juntadeandalucia.es\/ceipalfaguarilla\/wp-json\/wp\/v2\/pages\/35"}],"collection":[{"href":"https:\/\/blogsaverroes.juntadeandalucia.es\/ceipalfaguarilla\/wp-json\/wp\/v2\/pages"}],"about":[{"href":"https:\/\/blogsaverroes.juntadeandalucia.es\/ceipalfaguarilla\/wp-json\/wp\/v2\/types\/page"}],"author":[{"embeddable":true,"href":"https:\/\/blogsaverroes.juntadeandalucia.es\/ceipalfaguarilla\/wp-json\/wp\/v2\/users\/1"}],"replies":[{"embeddable":true,"href":"https:\/\/blogsaverroes.juntadeandalucia.es\/ceipalfaguarilla\/wp-json\/wp\/v2\/comments?post=35"}],"version-history":[{"count":29,"href":"https:\/\/blogsaverroes.juntadeandalucia.es\/ceipalfaguarilla\/wp-json\/wp\/v2\/pages\/35\/revisions"}],"predecessor-version":[{"id":3089,"href":"https:\/\/blogsaverroes.juntadeandalucia.es\/ceipalfaguarilla\/wp-json\/wp\/v2\/pages\/35\/revisions\/3089"}],"wp:attachment":[{"href":"https:\/\/blogsaverroes.juntadeandalucia.es\/ceipalfaguarilla\/wp-json\/wp\/v2\/media?parent=35"}],"curies":[{"name":"wp","href":"https:\/\/api.w.org\/{rel}","templated":true}]}}