{"id":44,"date":"2015-03-13T08:42:15","date_gmt":"2015-03-13T08:42:15","guid":{"rendered":"http:\/\/blogsaverroes.juntadeandalucia.es\/pre\/ceip\/?page_id=44"},"modified":"2025-01-20T15:15:53","modified_gmt":"2025-01-20T13:15:53","slug":"planes-y-proyectos","status":"publish","type":"page","link":"https:\/\/blogsaverroes.juntadeandalucia.es\/ceipalfaguarilla\/planes-y-proyectos\/","title":{"rendered":"Planes y Programas"},"content":{"rendered":"<p><a href=\"https:\/\/blogsaverroes.juntadeandalucia.es\/ceipalfaguarilla\/files\/2025\/01\/Presentacion-de-Proyecto-Curso-Trabajo-Creativo-Acuarela-Infantil-Multicolor.png\"><img loading=\"lazy\" decoding=\"async\" src=\"https:\/\/blogsaverroes.juntadeandalucia.es\/ceipalfaguarilla\/files\/2025\/01\/Presentacion-de-Proyecto-Curso-Trabajo-Creativo-Acuarela-Infantil-Multicolor.png\" alt=\"\" width=\"1920\" height=\"1080\" class=\"aligncenter size-full wp-image-5712\" srcset=\"https:\/\/blogsaverroes.juntadeandalucia.es\/ceipalfaguarilla\/files\/2025\/01\/Presentacion-de-Proyecto-Curso-Trabajo-Creativo-Acuarela-Infantil-Multicolor.png 1600w, https:\/\/blogsaverroes.juntadeandalucia.es\/ceipalfaguarilla\/files\/2025\/01\/Presentacion-de-Proyecto-Curso-Trabajo-Creativo-Acuarela-Infantil-Multicolor-300x169.png 300w, https:\/\/blogsaverroes.juntadeandalucia.es\/ceipalfaguarilla\/files\/2025\/01\/Presentacion-de-Proyecto-Curso-Trabajo-Creativo-Acuarela-Infantil-Multicolor-1024x576.png 1024w, https:\/\/blogsaverroes.juntadeandalucia.es\/ceipalfaguarilla\/files\/2025\/01\/Presentacion-de-Proyecto-Curso-Trabajo-Creativo-Acuarela-Infantil-Multicolor-768x432.png 768w, https:\/\/blogsaverroes.juntadeandalucia.es\/ceipalfaguarilla\/files\/2025\/01\/Presentacion-de-Proyecto-Curso-Trabajo-Creativo-Acuarela-Infantil-Multicolor-1536x864.png 1536w\" sizes=\"(max-width: 767px) 89vw, (max-width: 1000px) 54vw, (max-width: 1071px) 543px, 580px\" \/><\/a><img loading=\"lazy\" decoding=\"async\" class=\"alignnone size-medium wp-image-1667\" src=\"https:\/\/blogsaverroes.juntadeandalucia.es\/ceipalfaguarilla\/files\/2015\/03\/planes-300x150.png\" alt=\"planes\" width=\"300\" height=\"150\" srcset=\"https:\/\/blogsaverroes.juntadeandalucia.es\/ceipalfaguarilla\/files\/2015\/03\/planes-300x150.png 300w, https:\/\/blogsaverroes.juntadeandalucia.es\/ceipalfaguarilla\/files\/2015\/03\/planes.png 640w\" sizes=\"(max-width: 300px) 100vw, 300px\" \/><\/p>\n<p>El centro est\u00e1 comprometido con los siguientes planes y programas:<\/p>\n<ul>\n<li><strong>Plan de igualdad.<\/strong><\/li>\n<li><strong>Plan de apertura.<\/strong><\/li>\n<li><strong>Proyecto biling\u00fce.<\/strong><\/li>\n<li><strong>Escuela espacio de paz.<\/strong><\/li>\n<li><strong>Proyecto CIMA.<\/strong><\/li>\n<\/ul>\n<p>&nbsp; En breve expondremos las l\u00edneas generales de trabajo de cada uno de los planes y se informar\u00e1 de nuevos planes solicitados para el curso actual 2024-2025<\/p>\n","protected":false},"excerpt":{"rendered":"<p>El centro est\u00e1 comprometido con los siguientes planes y programas: Plan de igualdad. Plan de apertura. Proyecto biling\u00fce. Escuela espacio de paz. Proyecto CIMA. &nbsp; En breve expondremos las l\u00edneas generales de trabajo de cada uno de los planes y se informar\u00e1 de nuevos planes solicitados para el curso actual 2024-2025<\/p>\n","protected":false},"author":1,"featured_media":0,"parent":0,"menu_order":0,"comment_status":"closed","ping_status":"closed","template":"page-cs.php","meta":{"ngg_post_thumbnail":0,"footnotes":"","_mc_calendar":[]},"aioseo_notices":[],"_links":{"self":[{"href":"https:\/\/blogsaverroes.juntadeandalucia.es\/ceipalfaguarilla\/wp-json\/wp\/v2\/pages\/44"}],"collection":[{"href":"https:\/\/blogsaverroes.juntadeandalucia.es\/ceipalfaguarilla\/wp-json\/wp\/v2\/pages"}],"about":[{"href":"https:\/\/blogsaverroes.juntadeandalucia.es\/ceipalfaguarilla\/wp-json\/wp\/v2\/types\/page"}],"author":[{"embeddable":true,"href":"https:\/\/blogsaverroes.juntadeandalucia.es\/ceipalfaguarilla\/wp-json\/wp\/v2\/users\/1"}],"replies":[{"embeddable":true,"href":"https:\/\/blogsaverroes.juntadeandalucia.es\/ceipalfaguarilla\/wp-json\/wp\/v2\/comments?post=44"}],"version-history":[{"count":9,"href":"https:\/\/blogsaverroes.juntadeandalucia.es\/ceipalfaguarilla\/wp-json\/wp\/v2\/pages\/44\/revisions"}],"predecessor-version":[{"id":5713,"href":"https:\/\/blogsaverroes.juntadeandalucia.es\/ceipalfaguarilla\/wp-json\/wp\/v2\/pages\/44\/revisions\/5713"}],"wp:attachment":[{"href":"https:\/\/blogsaverroes.juntadeandalucia.es\/ceipalfaguarilla\/wp-json\/wp\/v2\/media?parent=44"}],"curies":[{"name":"wp","href":"https:\/\/api.w.org\/{rel}","templated":true}]}}