{"id":4684,"date":"2023-03-17T11:04:47","date_gmt":"2023-03-17T11:04:47","guid":{"rendered":"https:\/\/blogsaverroes.juntadeandalucia.es\/ceipalfaguarilla\/?page_id=4684"},"modified":"2025-06-21T08:48:00","modified_gmt":"2025-06-21T06:48:00","slug":"informacion-2","status":"publish","type":"page","link":"https:\/\/blogsaverroes.juntadeandalucia.es\/ceipalfaguarilla\/informacion-2\/","title":{"rendered":"Informaci\u00f3n Biling\u00fcismo"},"content":{"rendered":"<p>Informaci\u00f3n relevante sobre el programa biling\u00fce en el centro.<\/p>\n<p>Trabajos realizados por el auxiliar:<\/p>\n<p>https:\/\/drive.google.com\/file\/d\/1wYYJrwdgN0boMJwYqFi7S__hu-byC_Aj\/view?usp=drive_link, https:\/\/drive.google.com\/file\/d\/1GX2GxOd6HETu2eWGxIu__qpP2Lrzdln0\/view?usp=drive_link, https:\/\/drive.google.com\/file\/d\/16YLIU-_H9klsTl3oVQew_14r2Je00tuH\/view?usp=drive_link, https:\/\/drive.google.com\/file\/d\/1c-w6U6-VYQYW0NElVZg-KtsDXgFEhb4i\/view?usp=drive_link, https:\/\/drive.google.com\/file\/d\/1ioEehmFW6oTmDQTfRMwbzR04-bn7aGiV\/view?usp=drive_link, https:\/\/drive.google.com\/file\/d\/1wrluxSNotR9ZThiAY8Y3_cccrksbc1Ts\/view?usp=drive_link, https:\/\/drive.google.com\/file\/d\/141LddvXS-BzNb-NFIgyEMyySzTLktPBQ\/view?usp=drive_link, https:\/\/drive.google.com\/file\/d\/1WsjQA9C4CV0Ch21t8zdTnV_e6-bp6xAG\/view?usp=drive_link, https:\/\/drive.google.com\/file\/d\/1h3BxhG38O5xKoINFDWjgwh0aZcZpaCCv\/view?usp=drive_link, https:\/\/drive.google.com\/file\/d\/1-lN7NfVFucMtWXcBLKgCH2cSIaAbq8mD\/view?usp=drive_link, https:\/\/drive.google.com\/file\/d\/1ZpltiCRcJJugzCUpthgWgY1boT4Yp6zc\/view?usp=drive_link, https:\/\/drive.google.com\/file\/d\/1GbvLf9rYZxCbHb6pbVyP6-YIdJE84GiM\/view?usp=drive_link, https:\/\/drive.google.com\/file\/d\/19C4d9KdvpQAuvO8upruYdcDXKwTBIEpX\/view?usp=drive_link, https:\/\/drive.google.com\/file\/d\/1_LRellpLOL0hmMxjkWktWptwlKOQnhWc\/view?usp=drive_link, https:\/\/drive.google.com\/file\/d\/1A394mUipRhqpfBldmIAMCqcxmwehlWQ-\/view?usp=drive_link, https:\/\/drive.google.com\/file\/d\/18fiuQTbm8VOCq75HyCAJ5QyL4eOq0iCv\/view?usp=drive_link, https:\/\/drive.google.com\/file\/d\/1Os4MF10p2tLS4VgsdH-PxkacLSW6q7bC\/view?usp=drive_link, https:\/\/drive.google.com\/file\/d\/1Rf7lUqr0eaH0kt0cN2L31bYNxmI0dkxX\/view?usp=drive_link, https:\/\/drive.google.com\/file\/d\/17BMkWjTyE40bj_Fc8FJIrv3eQYTtjsUo\/view?usp=drive_link, https:\/\/drive.google.com\/file\/d\/1eAR73ZorBfZjgXghlvi6YucIFyyhVpep\/view?usp=drive_link, https:\/\/drive.google.com\/file\/d\/1ivXUIoY0DmONa1r7kaKN-Md57naA0ZVo\/view?usp=drive_link<\/p>\n<p>&nbsp;<\/p>\n","protected":false},"excerpt":{"rendered":"<p>Informaci\u00f3n relevante sobre el programa biling\u00fce en el centro. Trabajos realizados por el auxiliar: https:\/\/drive.google.com\/file\/d\/1wYYJrwdgN0boMJwYqFi7S__hu-byC_Aj\/view?usp=drive_link, https:\/\/drive.google.com\/file\/d\/1GX2GxOd6HETu2eWGxIu__qpP2Lrzdln0\/view?usp=drive_link, https:\/\/drive.google.com\/file\/d\/16YLIU-_H9klsTl3oVQew_14r2Je00tuH\/view?usp=drive_link, https:\/\/drive.google.com\/file\/d\/1c-w6U6-VYQYW0NElVZg-KtsDXgFEhb4i\/view?usp=drive_link, https:\/\/drive.google.com\/file\/d\/1ioEehmFW6oTmDQTfRMwbzR04-bn7aGiV\/view?usp=drive_link, https:\/\/drive.google.com\/file\/d\/1wrluxSNotR9ZThiAY8Y3_cccrksbc1Ts\/view?usp=drive_link, https:\/\/drive.google.com\/file\/d\/141LddvXS-BzNb-NFIgyEMyySzTLktPBQ\/view?usp=drive_link, https:\/\/drive.google.com\/file\/d\/1WsjQA9C4CV0Ch21t8zdTnV_e6-bp6xAG\/view?usp=drive_link, https:\/\/drive.google.com\/file\/d\/1h3BxhG38O5xKoINFDWjgwh0aZcZpaCCv\/view?usp=drive_link, https:\/\/drive.google.com\/file\/d\/1-lN7NfVFucMtWXcBLKgCH2cSIaAbq8mD\/view?usp=drive_link, https:\/\/drive.google.com\/file\/d\/1ZpltiCRcJJugzCUpthgWgY1boT4Yp6zc\/view?usp=drive_link, https:\/\/drive.google.com\/file\/d\/1GbvLf9rYZxCbHb6pbVyP6-YIdJE84GiM\/view?usp=drive_link, https:\/\/drive.google.com\/file\/d\/19C4d9KdvpQAuvO8upruYdcDXKwTBIEpX\/view?usp=drive_link, https:\/\/drive.google.com\/file\/d\/1_LRellpLOL0hmMxjkWktWptwlKOQnhWc\/view?usp=drive_link, https:\/\/drive.google.com\/file\/d\/1A394mUipRhqpfBldmIAMCqcxmwehlWQ-\/view?usp=drive_link, https:\/\/drive.google.com\/file\/d\/18fiuQTbm8VOCq75HyCAJ5QyL4eOq0iCv\/view?usp=drive_link, https:\/\/drive.google.com\/file\/d\/1Os4MF10p2tLS4VgsdH-PxkacLSW6q7bC\/view?usp=drive_link, https:\/\/drive.google.com\/file\/d\/1Rf7lUqr0eaH0kt0cN2L31bYNxmI0dkxX\/view?usp=drive_link, https:\/\/drive.google.com\/file\/d\/17BMkWjTyE40bj_Fc8FJIrv3eQYTtjsUo\/view?usp=drive_link, https:\/\/drive.google.com\/file\/d\/1eAR73ZorBfZjgXghlvi6YucIFyyhVpep\/view?usp=drive_link, https:\/\/drive.google.com\/file\/d\/1ivXUIoY0DmONa1r7kaKN-Md57naA0ZVo\/view?usp=drive_link &nbsp;<\/p>\n","protected":false},"author":2978,"featured_media":0,"parent":0,"menu_order":0,"comment_status":"closed","ping_status":"closed","template":"","meta":{"ngg_post_thumbnail":0,"footnotes":"","_mc_calendar":[]},"aioseo_notices":[],"_links":{"self":[{"href":"https:\/\/blogsaverroes.juntadeandalucia.es\/ceipalfaguarilla\/wp-json\/wp\/v2\/pages\/4684"}],"collection":[{"href":"https:\/\/blogsaverroes.juntadeandalucia.es\/ceipalfaguarilla\/wp-json\/wp\/v2\/pages"}],"about":[{"href":"https:\/\/blogsaverroes.juntadeandalucia.es\/ceipalfaguarilla\/wp-json\/wp\/v2\/types\/page"}],"author":[{"embeddable":true,"href":"https:\/\/blogsaverroes.juntadeandalucia.es\/ceipalfaguarilla\/wp-json\/wp\/v2\/users\/2978"}],"replies":[{"embeddable":true,"href":"https:\/\/blogsaverroes.juntadeandalucia.es\/ceipalfaguarilla\/wp-json\/wp\/v2\/comments?post=4684"}],"version-history":[{"count":4,"href":"https:\/\/blogsaverroes.juntadeandalucia.es\/ceipalfaguarilla\/wp-json\/wp\/v2\/pages\/4684\/revisions"}],"predecessor-version":[{"id":6064,"href":"https:\/\/blogsaverroes.juntadeandalucia.es\/ceipalfaguarilla\/wp-json\/wp\/v2\/pages\/4684\/revisions\/6064"}],"wp:attachment":[{"href":"https:\/\/blogsaverroes.juntadeandalucia.es\/ceipalfaguarilla\/wp-json\/wp\/v2\/media?parent=4684"}],"curies":[{"name":"wp","href":"https:\/\/api.w.org\/{rel}","templated":true}]}}