{"id":49,"date":"2015-03-13T08:47:05","date_gmt":"2015-03-13T08:47:05","guid":{"rendered":"http:\/\/blogsaverroes.juntadeandalucia.es\/pre\/ceip\/?page_id=49"},"modified":"2020-11-06T10:16:13","modified_gmt":"2020-11-06T10:16:13","slug":"proyecto-educativo","status":"publish","type":"page","link":"https:\/\/blogsaverroes.juntadeandalucia.es\/ceipalfaguarilla\/proyecto-educativo\/","title":{"rendered":"Proyecto Educativo"},"content":{"rendered":"<p><strong>PROYECTO EDUCATIVO.<\/strong><\/p>\n<p>Un centro se define en gran medida por su <strong>Proyecto Educativo<\/strong>. Pulsando sobre los libros pueden acceder al Proyecto Educativo y de ese modo, consultar las finalidades educativas, objetivos, atenci\u00f3n a la diversidad y otras cuestiones que en \u00e9l aparecen.<\/p>\n<p><a href=\"https:\/\/blogsaverroes.juntadeandalucia.es\/ceipalfaguarilla\/files\/2014\/12\/colegio.png\"><img loading=\"lazy\" decoding=\"async\" class=\" wp-image-537 aligncenter\" src=\"https:\/\/blogsaverroes.juntadeandalucia.es\/ceipalfaguarilla\/files\/2014\/12\/colegio-300x153.png\" alt=\"\" width=\"357\" height=\"182\" srcset=\"https:\/\/blogsaverroes.juntadeandalucia.es\/ceipalfaguarilla\/files\/2014\/12\/colegio-300x153.png 300w, https:\/\/blogsaverroes.juntadeandalucia.es\/ceipalfaguarilla\/files\/2014\/12\/colegio-1024x524.png 1024w, https:\/\/blogsaverroes.juntadeandalucia.es\/ceipalfaguarilla\/files\/2014\/12\/colegio.png 1280w\" sizes=\"(max-width: 357px) 100vw, 357px\" \/><\/a><\/p>\n<p>&nbsp;<\/p>\n<h4 style=\"text-align: center\"><strong><a href=\"https:\/\/blogsaverroes.juntadeandalucia.es\/ceipalfaguarilla\/files\/2020\/11\/proyecto-educativo-Alfaguarilla-2020.pdf\">Proyecto educativo Alfaguarilla 2020<\/a><\/strong><\/h4>\n<p>&nbsp;<\/p>\n<p><strong>REGLAMENTO DE ORGANIZACI\u00d3N Y FUNCIONAMIENTO DEL CENTRO.&nbsp;<\/strong><\/p>\n<p>En el siguiente enlace pueden encontrar las normas que rigen el funcionamiento del centro.<\/p>\n<p><a href=\"https:\/\/drive.google.com\/file\/d\/1QOqAzb6-KDuhhuvsHLsb-kDC4eu7AGeY\/view?usp=sharing\" target=\"_blank\" rel=\"noopener noreferrer\"><img loading=\"lazy\" decoding=\"async\" class=\" aligncenter\" src=\"https:\/\/cdn.pixabay.com\/photo\/2016\/10\/19\/08\/48\/rule-1752415__340.jpg\" width=\"296\" height=\"197\"><\/a><\/p>\n<p><strong>PROYECTO DE GESTI\u00d3N.<\/strong><\/p>\n<p>Informaci\u00f3n relacionada con la gesti\u00f3n de los recursos del centro y la conservaci\u00f3n de las instalaciones y equipamientos del centro.<\/p>\n<p><a href=\"https:\/\/drive.google.com\/file\/d\/1H3bzx7MZrPATREhrgxhIddm4ngiwpKMn\/view?usp=sharing\" target=\"_blank\" rel=\"noopener noreferrer\"><img loading=\"lazy\" decoding=\"async\" class=\" aligncenter\" src=\"https:\/\/cdn.pixabay.com\/photo\/2015\/06\/24\/16\/00\/calculator-820330__340.jpg\" width=\"298\" height=\"199\"><\/a><\/p>\n<p>&nbsp;<\/p>\n<p><strong>Garant\u00edas procedimentales de evaluaci\u00f3n. Reclamaciones.&nbsp;<\/strong>(Pulse sobre la imagen para acceder al documento)&nbsp;<\/p>\n<p><a href=\"https:\/\/drive.google.com\/open?id=1dv3m0ID6TVhVwEa4Wo9TcD5Ukewls-eX\" target=\"_blank\" rel=\"noopener noreferrer\"><img loading=\"lazy\" decoding=\"async\" class=\"size-medium wp-image-2217 aligncenter\" src=\"https:\/\/blogsaverroes.juntadeandalucia.es\/ceipalfaguarilla\/files\/2020\/02\/evaluation-300x188.jpg\" alt=\"\" width=\"300\" height=\"188\" srcset=\"https:\/\/blogsaverroes.juntadeandalucia.es\/ceipalfaguarilla\/files\/2020\/02\/evaluation-300x188.jpg 300w, https:\/\/blogsaverroes.juntadeandalucia.es\/ceipalfaguarilla\/files\/2020\/02\/evaluation-768x481.jpg 768w, https:\/\/blogsaverroes.juntadeandalucia.es\/ceipalfaguarilla\/files\/2020\/02\/evaluation-1024x641.jpg 1024w, https:\/\/blogsaverroes.juntadeandalucia.es\/ceipalfaguarilla\/files\/2020\/02\/evaluation-24x15.jpg 24w, https:\/\/blogsaverroes.juntadeandalucia.es\/ceipalfaguarilla\/files\/2020\/02\/evaluation-36x23.jpg 36w, https:\/\/blogsaverroes.juntadeandalucia.es\/ceipalfaguarilla\/files\/2020\/02\/evaluation-48x30.jpg 48w, https:\/\/blogsaverroes.juntadeandalucia.es\/ceipalfaguarilla\/files\/2020\/02\/evaluation.jpg 1600w\" sizes=\"(max-width: 300px) 100vw, 300px\" \/><\/a><\/p>\n","protected":false},"excerpt":{"rendered":"<p>PROYECTO EDUCATIVO. Un centro se define en gran medida por su Proyecto Educativo. Pulsando sobre los libros pueden acceder al Proyecto Educativo y de ese modo, consultar las finalidades educativas, objetivos, atenci\u00f3n a la diversidad y otras cuestiones que en \u00e9l aparecen. &nbsp; Proyecto educativo Alfaguarilla 2020 &nbsp; REGLAMENTO DE ORGANIZACI\u00d3N Y FUNCIONAMIENTO DEL CENTRO.&nbsp; &hellip; <\/p>\n<p class=\"link-more\"><a href=\"https:\/\/blogsaverroes.juntadeandalucia.es\/ceipalfaguarilla\/proyecto-educativo\/\" class=\"more-link\">Continuar leyendo<span class=\"screen-reader-text\"> \u00abProyecto Educativo\u00bb<\/span><\/a><\/p>\n","protected":false},"author":1,"featured_media":0,"parent":0,"menu_order":0,"comment_status":"closed","ping_status":"open","template":"page-cs.php","meta":{"ngg_post_thumbnail":0,"footnotes":"","_mc_calendar":[]},"aioseo_notices":[],"_links":{"self":[{"href":"https:\/\/blogsaverroes.juntadeandalucia.es\/ceipalfaguarilla\/wp-json\/wp\/v2\/pages\/49"}],"collection":[{"href":"https:\/\/blogsaverroes.juntadeandalucia.es\/ceipalfaguarilla\/wp-json\/wp\/v2\/pages"}],"about":[{"href":"https:\/\/blogsaverroes.juntadeandalucia.es\/ceipalfaguarilla\/wp-json\/wp\/v2\/types\/page"}],"author":[{"embeddable":true,"href":"https:\/\/blogsaverroes.juntadeandalucia.es\/ceipalfaguarilla\/wp-json\/wp\/v2\/users\/1"}],"replies":[{"embeddable":true,"href":"https:\/\/blogsaverroes.juntadeandalucia.es\/ceipalfaguarilla\/wp-json\/wp\/v2\/comments?post=49"}],"version-history":[{"count":17,"href":"https:\/\/blogsaverroes.juntadeandalucia.es\/ceipalfaguarilla\/wp-json\/wp\/v2\/pages\/49\/revisions"}],"predecessor-version":[{"id":2157,"href":"https:\/\/blogsaverroes.juntadeandalucia.es\/ceipalfaguarilla\/wp-json\/wp\/v2\/pages\/49\/revisions\/2157"}],"wp:attachment":[{"href":"https:\/\/blogsaverroes.juntadeandalucia.es\/ceipalfaguarilla\/wp-json\/wp\/v2\/media?parent=49"}],"curies":[{"name":"wp","href":"https:\/\/api.w.org\/{rel}","templated":true}]}}