{"id":20488,"date":"2024-06-30T11:14:04","date_gmt":"2024-06-30T11:14:04","guid":{"rendered":"https:\/\/blogsaverroes.juntadeandalucia.es\/ceipalfar\/?page_id=20488"},"modified":"2024-06-30T11:14:29","modified_gmt":"2024-06-30T11:14:29","slug":"fse-fondo-social-europeo","status":"publish","type":"page","link":"https:\/\/blogsaverroes.juntadeandalucia.es\/ceipalfar\/fse-fondo-social-europeo\/","title":{"rendered":"FSE (FONDO SOCIAL EUROPEO)"},"content":{"rendered":"<p>El <strong>Fondo Social Europeo <\/strong>es uno de los fondos de la Pol\u00edtica de Cohesi\u00f3n y el principal instrumento con el que Europa apoya la creaci\u00f3n de empleo, ayuda a las personas a conseguir mejores puestos de trabajo y garantiza oportunidades laborales m\u00e1s justas para la ciudadan\u00eda de la Uni\u00f3n Europea. Para ello, este Fondo invierte en capital humano: trabajadores, j\u00f3venes y todas aquellas personas que buscan empleo. <strong>La Uni\u00f3n Europea <\/strong>tiene el compromiso de crear m\u00e1s y mejores empleos y de contribuir a una sociedad m\u00e1s inclusiva. Estos objetivos constituyen el n\u00facleo de la Estrategia Europa 2020, que busca generar un crecimiento inteligente, sostenible e inclusivo en la Uni\u00f3n Europea.<\/p>\n<p class=\"ta-justify\">La estrategia y prioridades de inversi\u00f3n de los Fondos para el periodo 2014-2020, est\u00e1n definidas en el <a title=\"Enlace externo, se abre en ventana nueva.\" href=\"http:\/\/www.dgfc.sepg.minhap.gob.es\/sitios\/dgfc\/es-ES\/ipr\/fcp1420\/p\/pa\/Documents\/20141022_AA_spain_2014_2020.pdf\" target=\"_blank\" rel=\"external noopener\" data-insuit-uuid=\"50825774-b021-463f-9e7a-2dd126f7cefa\">Acuerdo de Asociaci\u00f3n<span class=\"ns\">Enlace externo, se abre en ventana nueva<\/span><\/a><img decoding=\"async\" src=\"https:\/\/www.educacionfpydeportes.gob.es\/docroot\/img\/iconos\/13\/ico-pdf.gif\" alt=\"\"> que cada pa\u00eds firma con la Comisi\u00f3n Europea. Para este periodo plurianual se han establecido 11 Objetivos Tem\u00e1ticos en los Reglamentos Comunitarios, de los cuales el <strong>objetivo tem\u00e1tico 10 es \u00abInvertir en la educaci\u00f3n, el desarrollo de las capacidades y el aprendizaje permanente\u00bb. <\/strong><\/p>\n<p class=\"ta-justify\">Para la consecuci\u00f3n de este objetivo, el <strong>Fondo Social Europeo <\/strong>financiar\u00e1 iniciativas en toda la Uni\u00f3n Europea para mejorar la educaci\u00f3n y la formaci\u00f3n, y para garantizar que los j\u00f3venes completen su ciclo formativo y obtengan habilidades que les hagan ser m\u00e1s competitivos en el mercado laboral. En este sentido, la principal prioridad ser\u00e1 reducir la tasa de abandono escolar prematuro, adem\u00e1s de mejorar las oportunidades que ofrece la formaci\u00f3n profesional y la ense\u00f1anza superior.<\/p>\n<p><strong>PROGRAMAS COFINANCIADOS POR EL FSE EN ESTE CENTRO: <\/strong><\/p>\n<ul>\n<li><strong>PROA<\/strong><\/li>\n<li><strong>PT<\/strong><\/li>\n<li><strong>AUXILIAR BILING\u00dcE<\/strong><\/li>\n<li><strong>REFUERZO ESTIVAL<\/strong><\/li>\n<\/ul>\n<p><a href=\"https:\/\/blogsaverroes.juntadeandalucia.es\/ceipalfar\/files\/2023\/11\/FSE.-Prioridad-3.-PT-PROA-Refuerzo-Estival.png\"><img loading=\"lazy\" decoding=\"async\" class=\"alignnone size-full wp-image-20103\" src=\"https:\/\/blogsaverroes.juntadeandalucia.es\/ceipalfar\/files\/2023\/11\/FSE.-Prioridad-3.-PT-PROA-Refuerzo-Estival.png\" alt=\"\" width=\"1131\" height=\"1600\" srcset=\"https:\/\/blogsaverroes.juntadeandalucia.es\/ceipalfar\/files\/2023\/11\/FSE.-Prioridad-3.-PT-PROA-Refuerzo-Estival.png 1131w, https:\/\/blogsaverroes.juntadeandalucia.es\/ceipalfar\/files\/2023\/11\/FSE.-Prioridad-3.-PT-PROA-Refuerzo-Estival-212x300.png 212w, https:\/\/blogsaverroes.juntadeandalucia.es\/ceipalfar\/files\/2023\/11\/FSE.-Prioridad-3.-PT-PROA-Refuerzo-Estival-724x1024.png 724w, https:\/\/blogsaverroes.juntadeandalucia.es\/ceipalfar\/files\/2023\/11\/FSE.-Prioridad-3.-PT-PROA-Refuerzo-Estival-768x1086.png 768w, https:\/\/blogsaverroes.juntadeandalucia.es\/ceipalfar\/files\/2023\/11\/FSE.-Prioridad-3.-PT-PROA-Refuerzo-Estival-1086x1536.png 1086w, https:\/\/blogsaverroes.juntadeandalucia.es\/ceipalfar\/files\/2023\/11\/FSE.-Prioridad-3.-PT-PROA-Refuerzo-Estival-1448x2048.png 1448w\" sizes=\"(max-width: 1131px) 100vw, 1131px\" \/><\/a><\/p>\n","protected":false},"excerpt":{"rendered":"<p>El Fondo Social Europeo es uno de los fondos de la Pol\u00edtica de Cohesi\u00f3n y el principal instrumento con el que Europa apoya la creaci\u00f3n de empleo, ayuda a las personas a conseguir mejores&#46;&#46;&#46;<\/p>\n","protected":false},"author":2291,"featured_media":20103,"parent":0,"menu_order":0,"comment_status":"closed","ping_status":"closed","template":"","meta":{"ngg_post_thumbnail":0,"footnotes":"","_mc_calendar":[]},"aioseo_notices":[],"_links":{"self":[{"href":"https:\/\/blogsaverroes.juntadeandalucia.es\/ceipalfar\/wp-json\/wp\/v2\/pages\/20488"}],"collection":[{"href":"https:\/\/blogsaverroes.juntadeandalucia.es\/ceipalfar\/wp-json\/wp\/v2\/pages"}],"about":[{"href":"https:\/\/blogsaverroes.juntadeandalucia.es\/ceipalfar\/wp-json\/wp\/v2\/types\/page"}],"author":[{"embeddable":true,"href":"https:\/\/blogsaverroes.juntadeandalucia.es\/ceipalfar\/wp-json\/wp\/v2\/users\/2291"}],"replies":[{"embeddable":true,"href":"https:\/\/blogsaverroes.juntadeandalucia.es\/ceipalfar\/wp-json\/wp\/v2\/comments?post=20488"}],"version-history":[{"count":1,"href":"https:\/\/blogsaverroes.juntadeandalucia.es\/ceipalfar\/wp-json\/wp\/v2\/pages\/20488\/revisions"}],"predecessor-version":[{"id":20489,"href":"https:\/\/blogsaverroes.juntadeandalucia.es\/ceipalfar\/wp-json\/wp\/v2\/pages\/20488\/revisions\/20489"}],"wp:featuredmedia":[{"embeddable":true,"href":"https:\/\/blogsaverroes.juntadeandalucia.es\/ceipalfar\/wp-json\/wp\/v2\/media\/20103"}],"wp:attachment":[{"href":"https:\/\/blogsaverroes.juntadeandalucia.es\/ceipalfar\/wp-json\/wp\/v2\/media?parent=20488"}],"curies":[{"name":"wp","href":"https:\/\/api.w.org\/{rel}","templated":true}]}}