{"id":113,"date":"2022-03-30T17:38:17","date_gmt":"2022-03-30T17:38:17","guid":{"rendered":"https:\/\/blogsaverroes.juntadeandalucia.es\/ceipalfonsoxi\/?page_id=113"},"modified":"2022-03-30T17:38:40","modified_gmt":"2022-03-30T17:38:40","slug":"113-2","status":"publish","type":"page","link":"https:\/\/blogsaverroes.juntadeandalucia.es\/ceipalfonsoxi\/113-2\/","title":{"rendered":""},"content":{"rendered":"<p>Buenos d\u00edas familias, nuestro compa\u00f1ero Carlos Rodr\u00edguez-Armijo Salda\u00f1a, especialista en educaci\u00f3n f\u00edsica y tutor de uno de nuestros grupos de quinto, durante la semana pasada ha estado en tierras islandesas dentro del programa ErasmusPlus en la 2\u00aa movilidad, nuevo desaf\u00edo docente: digitalizaci\u00f3n de los centros educativos. Impacto de las TIC en la educaci\u00f3n.<br \/>\n\u00c9ste junto a otros compa\u00f1eros\/as de los centros: Cole Andaluc\u00eda, \u00cdES Almoraima, CEIP Miguel de Cervantes y del El Cep Algeciras-LaL\u00ednea, han tomado buena nota de c\u00f3mo se ense\u00f1a y se aprende en el pa\u00eds para que a su vuelta, nos puedan contar y aplicar nuevas estrategias para continuar ense\u00f1ando bonito y que nuestro alumnado contin\u00fae adquiriendo aprendizajes geniales.<br \/>\nMaestro Carlos te esperamos con los brazos abiertos.<br \/>\n#ErasmusPlus<br \/>\n#sepie<br \/>\n#Digidoc<img loading=\"lazy\" decoding=\"async\" src=\"https:\/\/blogsaverroes.juntadeandalucia.es\/ceipalfonsoxi\/files\/2022\/03\/275993459_1429180907606994_269217803473110840_n-225x300.jpg\" alt=\"\" width=\"225\" height=\"300\" class=\"alignnone size-medium wp-image-114\" srcset=\"https:\/\/blogsaverroes.juntadeandalucia.es\/ceipalfonsoxi\/files\/2022\/03\/275993459_1429180907606994_269217803473110840_n-225x300.jpg 225w, https:\/\/blogsaverroes.juntadeandalucia.es\/ceipalfonsoxi\/files\/2022\/03\/275993459_1429180907606994_269217803473110840_n.jpg 450w\" sizes=\"(max-width: 225px) 100vw, 225px\" \/><\/p>\n<p><img loading=\"lazy\" decoding=\"async\" src=\"https:\/\/blogsaverroes.juntadeandalucia.es\/ceipalfonsoxi\/files\/2022\/03\/275992675_1429181374273614_2421062248778909054_n-300x225.jpg\" alt=\"\" width=\"300\" height=\"225\" class=\"alignnone size-medium wp-image-115\" srcset=\"https:\/\/blogsaverroes.juntadeandalucia.es\/ceipalfonsoxi\/files\/2022\/03\/275992675_1429181374273614_2421062248778909054_n-300x225.jpg 300w, https:\/\/blogsaverroes.juntadeandalucia.es\/ceipalfonsoxi\/files\/2022\/03\/275992675_1429181374273614_2421062248778909054_n-1024x768.jpg 1024w, https:\/\/blogsaverroes.juntadeandalucia.es\/ceipalfonsoxi\/files\/2022\/03\/275992675_1429181374273614_2421062248778909054_n-768x576.jpg 768w, https:\/\/blogsaverroes.juntadeandalucia.es\/ceipalfonsoxi\/files\/2022\/03\/275992675_1429181374273614_2421062248778909054_n-1536x1152.jpg 1536w, https:\/\/blogsaverroes.juntadeandalucia.es\/ceipalfonsoxi\/files\/2022\/03\/275992675_1429181374273614_2421062248778909054_n.jpg 1600w\" sizes=\"(max-width: 300px) 100vw, 300px\" \/><\/p>\n<p><img loading=\"lazy\" decoding=\"async\" src=\"https:\/\/blogsaverroes.juntadeandalucia.es\/ceipalfonsoxi\/files\/2022\/03\/275992106_1429180984273653_7290080892219947534_n-300x225.jpg\" alt=\"\" width=\"300\" height=\"225\" class=\"alignnone size-medium wp-image-116\" srcset=\"https:\/\/blogsaverroes.juntadeandalucia.es\/ceipalfonsoxi\/files\/2022\/03\/275992106_1429180984273653_7290080892219947534_n-300x225.jpg 300w, https:\/\/blogsaverroes.juntadeandalucia.es\/ceipalfonsoxi\/files\/2022\/03\/275992106_1429180984273653_7290080892219947534_n-1024x768.jpg 1024w, https:\/\/blogsaverroes.juntadeandalucia.es\/ceipalfonsoxi\/files\/2022\/03\/275992106_1429180984273653_7290080892219947534_n-768x576.jpg 768w, https:\/\/blogsaverroes.juntadeandalucia.es\/ceipalfonsoxi\/files\/2022\/03\/275992106_1429180984273653_7290080892219947534_n-1536x1152.jpg 1536w, https:\/\/blogsaverroes.juntadeandalucia.es\/ceipalfonsoxi\/files\/2022\/03\/275992106_1429180984273653_7290080892219947534_n.jpg 1600w\" sizes=\"(max-width: 300px) 100vw, 300px\" \/><\/p>\n<p><img loading=\"lazy\" decoding=\"async\" src=\"https:\/\/blogsaverroes.juntadeandalucia.es\/ceipalfonsoxi\/files\/2022\/03\/276045560_1429181437606941_6776902047157583549_n-225x300.jpg\" alt=\"\" width=\"225\" height=\"300\" class=\"alignnone size-medium wp-image-117\" srcset=\"https:\/\/blogsaverroes.juntadeandalucia.es\/ceipalfonsoxi\/files\/2022\/03\/276045560_1429181437606941_6776902047157583549_n-225x300.jpg 225w, https:\/\/blogsaverroes.juntadeandalucia.es\/ceipalfonsoxi\/files\/2022\/03\/276045560_1429181437606941_6776902047157583549_n-768x1024.jpg 768w, https:\/\/blogsaverroes.juntadeandalucia.es\/ceipalfonsoxi\/files\/2022\/03\/276045560_1429181437606941_6776902047157583549_n-1152x1536.jpg 1152w, https:\/\/blogsaverroes.juntadeandalucia.es\/ceipalfonsoxi\/files\/2022\/03\/276045560_1429181437606941_6776902047157583549_n.jpg 1200w\" sizes=\"(max-width: 225px) 100vw, 225px\" \/><\/p>\n","protected":false},"excerpt":{"rendered":"<p>Buenos d\u00edas familias, nuestro compa\u00f1ero Carlos Rodr\u00edguez-Armijo Salda\u00f1a, especialista en educaci\u00f3n f\u00edsica y tutor de uno de nuestros grupos de quinto, durante la semana pasada ha estado en tierras islandesas dentro del programa ErasmusPlus&#46;&#46;&#46;<\/p>\n","protected":false},"author":6055,"featured_media":0,"parent":0,"menu_order":0,"comment_status":"closed","ping_status":"closed","template":"","meta":{"ngg_post_thumbnail":0,"footnotes":""},"aioseo_notices":[],"_links":{"self":[{"href":"https:\/\/blogsaverroes.juntadeandalucia.es\/ceipalfonsoxi\/wp-json\/wp\/v2\/pages\/113"}],"collection":[{"href":"https:\/\/blogsaverroes.juntadeandalucia.es\/ceipalfonsoxi\/wp-json\/wp\/v2\/pages"}],"about":[{"href":"https:\/\/blogsaverroes.juntadeandalucia.es\/ceipalfonsoxi\/wp-json\/wp\/v2\/types\/page"}],"author":[{"embeddable":true,"href":"https:\/\/blogsaverroes.juntadeandalucia.es\/ceipalfonsoxi\/wp-json\/wp\/v2\/users\/6055"}],"replies":[{"embeddable":true,"href":"https:\/\/blogsaverroes.juntadeandalucia.es\/ceipalfonsoxi\/wp-json\/wp\/v2\/comments?post=113"}],"version-history":[{"count":1,"href":"https:\/\/blogsaverroes.juntadeandalucia.es\/ceipalfonsoxi\/wp-json\/wp\/v2\/pages\/113\/revisions"}],"predecessor-version":[{"id":119,"href":"https:\/\/blogsaverroes.juntadeandalucia.es\/ceipalfonsoxi\/wp-json\/wp\/v2\/pages\/113\/revisions\/119"}],"wp:attachment":[{"href":"https:\/\/blogsaverroes.juntadeandalucia.es\/ceipalfonsoxi\/wp-json\/wp\/v2\/media?parent=113"}],"curies":[{"name":"wp","href":"https:\/\/api.w.org\/{rel}","templated":true}]}}