{"id":76,"date":"2019-11-22T19:51:07","date_gmt":"2019-11-22T19:51:07","guid":{"rendered":"https:\/\/blogsaverroes.juntadeandalucia.es\/ceipalfonsoxi\/?page_id=76"},"modified":"2019-12-17T18:15:47","modified_gmt":"2019-12-17T18:15:47","slug":"documentos-del-centro","status":"publish","type":"page","link":"https:\/\/blogsaverroes.juntadeandalucia.es\/ceipalfonsoxi\/documentos-del-centro\/","title":{"rendered":"Documentos del centro"},"content":{"rendered":"<p>Documentos del C.E.I.P. Alfonso XI, para consultar y descargar.<\/p>\n<p><a href=\"https:\/\/blogsaverroes.juntadeandalucia.es\/ceipalfonsoxi\/files\/2019\/12\/1ciclo.pdf\">Criterios de evaluaci\u00f3n de Primer Ciclo.<\/a><\/p>\n<p><a href=\"https:\/\/blogsaverroes.juntadeandalucia.es\/ceipalfonsoxi\/files\/2019\/12\/2\u00ba-CICLO.pdf\">Criterios de evaluaci\u00f3n de Segundo Ciclo.<\/a><\/p>\n<p><a href=\"https:\/\/blogsaverroes.juntadeandalucia.es\/ceipalfonsoxi\/files\/2019\/12\/3ciclo.pdf\">Criterios de evaluaci\u00f3n de Tercer Ciclo.<\/a><\/p>\n","protected":false},"excerpt":{"rendered":"<p>Documentos del C.E.I.P. Alfonso XI, para consultar y descargar. Criterios de evaluaci\u00f3n de Primer Ciclo. Criterios de evaluaci\u00f3n de Segundo Ciclo. Criterios de evaluaci\u00f3n de Tercer Ciclo.<\/p>\n","protected":false},"author":6055,"featured_media":0,"parent":0,"menu_order":0,"comment_status":"closed","ping_status":"closed","template":"","meta":{"ngg_post_thumbnail":0,"footnotes":""},"aioseo_notices":[],"_links":{"self":[{"href":"https:\/\/blogsaverroes.juntadeandalucia.es\/ceipalfonsoxi\/wp-json\/wp\/v2\/pages\/76"}],"collection":[{"href":"https:\/\/blogsaverroes.juntadeandalucia.es\/ceipalfonsoxi\/wp-json\/wp\/v2\/pages"}],"about":[{"href":"https:\/\/blogsaverroes.juntadeandalucia.es\/ceipalfonsoxi\/wp-json\/wp\/v2\/types\/page"}],"author":[{"embeddable":true,"href":"https:\/\/blogsaverroes.juntadeandalucia.es\/ceipalfonsoxi\/wp-json\/wp\/v2\/users\/6055"}],"replies":[{"embeddable":true,"href":"https:\/\/blogsaverroes.juntadeandalucia.es\/ceipalfonsoxi\/wp-json\/wp\/v2\/comments?post=76"}],"version-history":[{"count":5,"href":"https:\/\/blogsaverroes.juntadeandalucia.es\/ceipalfonsoxi\/wp-json\/wp\/v2\/pages\/76\/revisions"}],"predecessor-version":[{"id":106,"href":"https:\/\/blogsaverroes.juntadeandalucia.es\/ceipalfonsoxi\/wp-json\/wp\/v2\/pages\/76\/revisions\/106"}],"wp:attachment":[{"href":"https:\/\/blogsaverroes.juntadeandalucia.es\/ceipalfonsoxi\/wp-json\/wp\/v2\/media?parent=76"}],"curies":[{"name":"wp","href":"https:\/\/api.w.org\/{rel}","templated":true}]}}