{"id":870,"date":"2015-03-16T07:24:27","date_gmt":"2015-03-16T07:24:27","guid":{"rendered":"http:\/\/blogsaverroes.juntadeandalucia.es\/pre\/ceip\/?page_id=103"},"modified":"2022-02-10T12:37:58","modified_gmt":"2022-02-10T12:37:58","slug":"aula-matinal","status":"publish","type":"page","link":"https:\/\/blogsaverroes.juntadeandalucia.es\/ceipaljoxani\/aula-matinal\/","title":{"rendered":"Aula Matinal"},"content":{"rendered":"<p>&nbsp;<\/p>\n<p>Nuestro<strong> Aula Matinal<\/strong> abre a las 7.30 horas de lunes a viernes, ofreciendo actividades diversas al alumnado hasta el comienzo del horario lectivo.<\/p>\n<p>Puede&nbsp;utilizarse&nbsp;cualquier d\u00eda previa inscripci\u00f3n y domicializaci\u00f3n bancaria.<\/p>\n<p><a href=\"https:\/\/blogsaverroes.juntadeandalucia.es\/ceipaljoxani\/files\/2022\/02\/WhatsApp-Image-2022-02-07-at-13.21.502.jpeg\"><img loading=\"lazy\" decoding=\"async\" class=\"size-medium wp-image-2304 aligncenter\" src=\"https:\/\/blogsaverroes.juntadeandalucia.es\/ceipaljoxani\/files\/2022\/02\/WhatsApp-Image-2022-02-07-at-13.21.502-300x225.jpeg\" alt=\"\" width=\"300\" height=\"225\" srcset=\"https:\/\/blogsaverroes.juntadeandalucia.es\/ceipaljoxani\/files\/2022\/02\/WhatsApp-Image-2022-02-07-at-13.21.502-300x225.jpeg 300w, https:\/\/blogsaverroes.juntadeandalucia.es\/ceipaljoxani\/files\/2022\/02\/WhatsApp-Image-2022-02-07-at-13.21.502-1024x768.jpeg 1024w, https:\/\/blogsaverroes.juntadeandalucia.es\/ceipaljoxani\/files\/2022\/02\/WhatsApp-Image-2022-02-07-at-13.21.502-768x576.jpeg 768w, https:\/\/blogsaverroes.juntadeandalucia.es\/ceipaljoxani\/files\/2022\/02\/WhatsApp-Image-2022-02-07-at-13.21.502-1536x1152.jpeg 1536w, https:\/\/blogsaverroes.juntadeandalucia.es\/ceipaljoxani\/files\/2022\/02\/WhatsApp-Image-2022-02-07-at-13.21.502.jpeg 1600w\" sizes=\"(max-width: 300px) 100vw, 300px\" \/><\/a><\/p>\n","protected":false},"excerpt":{"rendered":"<p>&nbsp; Nuestro Aula Matinal abre a las 7.30 horas de lunes a viernes, ofreciendo actividades diversas al alumnado hasta el comienzo del horario lectivo. Puede&nbsp;utilizarse&nbsp;cualquier d\u00eda previa inscripci\u00f3n y domicializaci\u00f3n bancaria.<\/p>\n","protected":false},"author":1,"featured_media":0,"parent":0,"menu_order":0,"comment_status":"closed","ping_status":"open","template":"page-cs.php","meta":{"ngg_post_thumbnail":0,"footnotes":"","_mc_calendar":[]},"aioseo_notices":[],"_links":{"self":[{"href":"https:\/\/blogsaverroes.juntadeandalucia.es\/ceipaljoxani\/wp-json\/wp\/v2\/pages\/870"}],"collection":[{"href":"https:\/\/blogsaverroes.juntadeandalucia.es\/ceipaljoxani\/wp-json\/wp\/v2\/pages"}],"about":[{"href":"https:\/\/blogsaverroes.juntadeandalucia.es\/ceipaljoxani\/wp-json\/wp\/v2\/types\/page"}],"author":[{"embeddable":true,"href":"https:\/\/blogsaverroes.juntadeandalucia.es\/ceipaljoxani\/wp-json\/wp\/v2\/users\/1"}],"replies":[{"embeddable":true,"href":"https:\/\/blogsaverroes.juntadeandalucia.es\/ceipaljoxani\/wp-json\/wp\/v2\/comments?post=870"}],"version-history":[{"count":7,"href":"https:\/\/blogsaverroes.juntadeandalucia.es\/ceipaljoxani\/wp-json\/wp\/v2\/pages\/870\/revisions"}],"predecessor-version":[{"id":2305,"href":"https:\/\/blogsaverroes.juntadeandalucia.es\/ceipaljoxani\/wp-json\/wp\/v2\/pages\/870\/revisions\/2305"}],"wp:attachment":[{"href":"https:\/\/blogsaverroes.juntadeandalucia.es\/ceipaljoxani\/wp-json\/wp\/v2\/media?parent=870"}],"curies":[{"name":"wp","href":"https:\/\/api.w.org\/{rel}","templated":true}]}}