{"id":871,"date":"2015-03-16T07:25:46","date_gmt":"2015-03-16T07:25:46","guid":{"rendered":"http:\/\/blogsaverroes.juntadeandalucia.es\/pre\/ceip\/?page_id=106"},"modified":"2022-02-11T08:49:11","modified_gmt":"2022-02-11T08:49:11","slug":"actividades-extraescolares","status":"publish","type":"page","link":"https:\/\/blogsaverroes.juntadeandalucia.es\/ceipaljoxani\/actividades-extraescolares\/","title":{"rendered":"Actividades extraescolares"},"content":{"rendered":"<h4 style=\"text-align: center\"><a href=\"https:\/\/blogsaverroes.juntadeandalucia.es\/ceipaljoxani\/files\/2022\/02\/extraescolares-800x312-1.png\"><img loading=\"lazy\" decoding=\"async\" class=\"alignnone wp-image-2309\" src=\"https:\/\/blogsaverroes.juntadeandalucia.es\/ceipaljoxani\/files\/2022\/02\/extraescolares-800x312-1-300x117.png\" alt=\"\" width=\"379\" height=\"148\" srcset=\"https:\/\/blogsaverroes.juntadeandalucia.es\/ceipaljoxani\/files\/2022\/02\/extraescolares-800x312-1-300x117.png 300w, https:\/\/blogsaverroes.juntadeandalucia.es\/ceipaljoxani\/files\/2022\/02\/extraescolares-800x312-1-768x300.png 768w, https:\/\/blogsaverroes.juntadeandalucia.es\/ceipaljoxani\/files\/2022\/02\/extraescolares-800x312-1.png 800w\" sizes=\"(max-width: 379px) 100vw, 379px\" \/><\/a><\/h4>\n<p>Las actividades extraescolares son aquellas encaminadas a potenciar la apertura del centro al entorno. As\u00ed, estas&nbsp; se realizan fuera del horario lectivo&nbsp; y son de car\u00e1cter voluntario.<\/p>\n<p>Para hacer posible la realizaci\u00f3n de estas actividades fuera del horario lectivo, los centros pueden abrir sus instalaciones hasta las 18:00 h todos los d\u00edas lectivos con excepci\u00f3n de los viernes, en los que el cierre se establece a las 16:00 h.<\/p>\n<p>De este modo, las actividades que se est\u00e1n llevando a cabo actualmente en nuestro centro son las siguientes:<\/p>\n<ul>\n<li>Dentro del Plan de familias:<strong> PATINAJE Y MUL<\/strong><strong>TIDEPORTE.<\/strong><\/li>\n<li>Organizadas por el AMPA: <strong>F\u00daTBOL Y BAILE<\/strong> (flamenco, sevillanas, danza y zumba).<\/li>\n<\/ul>\n<p>Adem\u00e1s, es necesario mencionar que nuestro centro&nbsp; desarrolla el <strong>Programa de Refuerzo, Orientaci\u00f3n y Apoyo (PROA)<\/strong>, servicio que tiene lugar en horario extraescolar y cuya objetivo es integrar en la din\u00e1mica del curso a aquel alumnado que posea dificultades para seguir el ritmo de las clases ordinarias. Para m\u00e1s informaci\u00f3n al respecto, consultar la siguiente p\u00e1gina: <a href=\"https:\/\/www.juntadeandalucia.es\/educacion\/portals\/web\/ced\/planesyprogramas\/proa-2021-2022\">https:\/\/www.juntadeandalucia.es\/educacion\/portals\/web\/ced\/planesyprogramas\/proa-2021-2022<\/a><\/p>\n<p>&nbsp;<\/p>\n","protected":false},"excerpt":{"rendered":"<p>Las actividades extraescolares son aquellas encaminadas a potenciar la apertura del centro al entorno. As\u00ed, estas&nbsp; se realizan fuera del horario lectivo&nbsp; y son de car\u00e1cter voluntario. Para hacer posible la realizaci\u00f3n de estas&#46;&#46;&#46;<\/p>\n","protected":false},"author":1,"featured_media":0,"parent":0,"menu_order":0,"comment_status":"closed","ping_status":"open","template":"page-cs.php","meta":{"ngg_post_thumbnail":0,"footnotes":"","_mc_calendar":[]},"aioseo_notices":[],"_links":{"self":[{"href":"https:\/\/blogsaverroes.juntadeandalucia.es\/ceipaljoxani\/wp-json\/wp\/v2\/pages\/871"}],"collection":[{"href":"https:\/\/blogsaverroes.juntadeandalucia.es\/ceipaljoxani\/wp-json\/wp\/v2\/pages"}],"about":[{"href":"https:\/\/blogsaverroes.juntadeandalucia.es\/ceipaljoxani\/wp-json\/wp\/v2\/types\/page"}],"author":[{"embeddable":true,"href":"https:\/\/blogsaverroes.juntadeandalucia.es\/ceipaljoxani\/wp-json\/wp\/v2\/users\/1"}],"replies":[{"embeddable":true,"href":"https:\/\/blogsaverroes.juntadeandalucia.es\/ceipaljoxani\/wp-json\/wp\/v2\/comments?post=871"}],"version-history":[{"count":11,"href":"https:\/\/blogsaverroes.juntadeandalucia.es\/ceipaljoxani\/wp-json\/wp\/v2\/pages\/871\/revisions"}],"predecessor-version":[{"id":2312,"href":"https:\/\/blogsaverroes.juntadeandalucia.es\/ceipaljoxani\/wp-json\/wp\/v2\/pages\/871\/revisions\/2312"}],"wp:attachment":[{"href":"https:\/\/blogsaverroes.juntadeandalucia.es\/ceipaljoxani\/wp-json\/wp\/v2\/media?parent=871"}],"curies":[{"name":"wp","href":"https:\/\/api.w.org\/{rel}","templated":true}]}}