{"id":99,"date":"2015-03-16T07:22:54","date_gmt":"2015-03-16T07:22:54","guid":{"rendered":"http:\/\/blogsaverroes.juntadeandalucia.es\/pre\/ceip\/?page_id=99"},"modified":"2022-02-10T12:34:42","modified_gmt":"2022-02-10T12:34:42","slug":"comedor-escolar","status":"publish","type":"page","link":"https:\/\/blogsaverroes.juntadeandalucia.es\/ceipaljoxani\/comedor-escolar\/","title":{"rendered":"Comedor escolar"},"content":{"rendered":"<h4>INFORMACI\u00d3N GENERAL SOBRE LOS COMEDORES ECOLARES<\/h4>\n<p>Los comedores escolares son un servicio complementario que resulta de gran utilidad a padres y madres para ayudarles a&nbsp;conciliar la vida laboral y familiar. Tienen una duraci\u00f3n de hasta dos horas desde que acaba la jornada escolar de la ma\u00f1ana (de 14.00 a 16.00 horas).<\/p>\n<p>Los comedores son adem\u00e1s una pieza importante&nbsp;en todas las medidas dirigidas a mejorar los h\u00e1bitos alimenticios de los ni\u00f1os y ni\u00f1as y prevenir problemas de salud como la obesidad.<\/p>\n<p>Los comedores escolares de los centros p\u00fablicos andaluces promueven una alimentaci\u00f3n saludable que est\u00e1 supervisada por nutricionistas y que, entre otros aspectos, se caracteriza por:<\/p>\n<ul>\n<li>Una mayor proporci\u00f3n de verdura en los men\u00fas.<\/li>\n<li>Fruta fresca como postre al menos cuatro d\u00edas a la semana.<\/li>\n<li>Uso de aceite de oliva virgen extra.<\/li>\n<li>M\u00e1s pescado que carne, que debe ser magra.<\/li>\n<li>Prohibici\u00f3n de los alimentos precocinados y limitaci\u00f3n de los fritos.<\/li>\n<li>Apuesta por la dieta mediterr\u00e1nea y los productos ecol\u00f3gicos.<\/li>\n<\/ul>\n<p>&nbsp;<\/p>\n<p><strong>COMEDOR DEL C.E.I.P. ALJOXAN\u00cd<\/strong><\/p>\n<p>El comedor de nuestro centro cuenta con cocina propia.&nbsp;<\/p>\n<p><strong>Im\u00e1genes del comedor:<\/strong><\/p>\n<p><strong><a href=\"https:\/\/blogsaverroes.juntadeandalucia.es\/ceipaljoxani\/files\/2022\/02\/WhatsApp-Image-2022-02-07-at-13.21.50.jpeg\"><img loading=\"lazy\" decoding=\"async\" class=\"size-medium wp-image-2296 alignleft\" src=\"https:\/\/blogsaverroes.juntadeandalucia.es\/ceipaljoxani\/files\/2022\/02\/WhatsApp-Image-2022-02-07-at-13.21.50-300x225.jpeg\" alt=\"\" width=\"300\" height=\"225\" srcset=\"https:\/\/blogsaverroes.juntadeandalucia.es\/ceipaljoxani\/files\/2022\/02\/WhatsApp-Image-2022-02-07-at-13.21.50-300x225.jpeg 300w, https:\/\/blogsaverroes.juntadeandalucia.es\/ceipaljoxani\/files\/2022\/02\/WhatsApp-Image-2022-02-07-at-13.21.50-1024x768.jpeg 1024w, https:\/\/blogsaverroes.juntadeandalucia.es\/ceipaljoxani\/files\/2022\/02\/WhatsApp-Image-2022-02-07-at-13.21.50-768x576.jpeg 768w, https:\/\/blogsaverroes.juntadeandalucia.es\/ceipaljoxani\/files\/2022\/02\/WhatsApp-Image-2022-02-07-at-13.21.50-1536x1152.jpeg 1536w, https:\/\/blogsaverroes.juntadeandalucia.es\/ceipaljoxani\/files\/2022\/02\/WhatsApp-Image-2022-02-07-at-13.21.50.jpeg 1600w\" sizes=\"(max-width: 300px) 100vw, 300px\" \/><\/a><a href=\"https:\/\/blogsaverroes.juntadeandalucia.es\/ceipaljoxani\/files\/2022\/02\/WhatsApp-Image-2022-02-07-at-13.21.501.jpeg\"><img loading=\"lazy\" decoding=\"async\" class=\"alignnone size-medium wp-image-2297\" src=\"https:\/\/blogsaverroes.juntadeandalucia.es\/ceipaljoxani\/files\/2022\/02\/WhatsApp-Image-2022-02-07-at-13.21.501-300x225.jpeg\" alt=\"\" width=\"300\" height=\"225\" srcset=\"https:\/\/blogsaverroes.juntadeandalucia.es\/ceipaljoxani\/files\/2022\/02\/WhatsApp-Image-2022-02-07-at-13.21.501-300x225.jpeg 300w, https:\/\/blogsaverroes.juntadeandalucia.es\/ceipaljoxani\/files\/2022\/02\/WhatsApp-Image-2022-02-07-at-13.21.501-1024x768.jpeg 1024w, https:\/\/blogsaverroes.juntadeandalucia.es\/ceipaljoxani\/files\/2022\/02\/WhatsApp-Image-2022-02-07-at-13.21.501-768x576.jpeg 768w, https:\/\/blogsaverroes.juntadeandalucia.es\/ceipaljoxani\/files\/2022\/02\/WhatsApp-Image-2022-02-07-at-13.21.501-1536x1152.jpeg 1536w, https:\/\/blogsaverroes.juntadeandalucia.es\/ceipaljoxani\/files\/2022\/02\/WhatsApp-Image-2022-02-07-at-13.21.501.jpeg 1600w\" sizes=\"(max-width: 300px) 100vw, 300px\" \/><\/a><\/strong><\/p>\n<p><strong>Men\u00fas:<\/strong> los mismos son elaborados diariamente por el equipo de cocina del centro, caracteriz\u00e1ndose por su gran variedad. A continuaci\u00f3n, se muestra un ejemplo de los men\u00fas programados y realizados en uno de los meses:<\/p>\n<p><a href=\"https:\/\/blogsaverroes.juntadeandalucia.es\/ceipaljoxani\/files\/2022\/02\/WhatsApp-Image-2022-02-10-at-13.32.11.jpeg\"><img loading=\"lazy\" decoding=\"async\" class=\"size-medium wp-image-2300 aligncenter\" src=\"https:\/\/blogsaverroes.juntadeandalucia.es\/ceipaljoxani\/files\/2022\/02\/WhatsApp-Image-2022-02-10-at-13.32.11-300x221.jpeg\" alt=\"\" width=\"300\" height=\"221\" srcset=\"https:\/\/blogsaverroes.juntadeandalucia.es\/ceipaljoxani\/files\/2022\/02\/WhatsApp-Image-2022-02-10-at-13.32.11-300x221.jpeg 300w, https:\/\/blogsaverroes.juntadeandalucia.es\/ceipaljoxani\/files\/2022\/02\/WhatsApp-Image-2022-02-10-at-13.32.11-1024x756.jpeg 1024w, https:\/\/blogsaverroes.juntadeandalucia.es\/ceipaljoxani\/files\/2022\/02\/WhatsApp-Image-2022-02-10-at-13.32.11-768x567.jpeg 768w, https:\/\/blogsaverroes.juntadeandalucia.es\/ceipaljoxani\/files\/2022\/02\/WhatsApp-Image-2022-02-10-at-13.32.11-1536x1134.jpeg 1536w, https:\/\/blogsaverroes.juntadeandalucia.es\/ceipaljoxani\/files\/2022\/02\/WhatsApp-Image-2022-02-10-at-13.32.11.jpeg 1600w\" sizes=\"(max-width: 300px) 100vw, 300px\" \/><\/a><\/p>\n","protected":false},"excerpt":{"rendered":"<p>INFORMACI\u00d3N GENERAL SOBRE LOS COMEDORES ECOLARES Los comedores escolares son un servicio complementario que resulta de gran utilidad a padres y madres para ayudarles a&nbsp;conciliar la vida laboral y familiar. Tienen una duraci\u00f3n de&#46;&#46;&#46;<\/p>\n","protected":false},"author":1,"featured_media":0,"parent":0,"menu_order":0,"comment_status":"closed","ping_status":"open","template":"page-cs.php","meta":{"ngg_post_thumbnail":0,"footnotes":"","_mc_calendar":[]},"aioseo_notices":[],"_links":{"self":[{"href":"https:\/\/blogsaverroes.juntadeandalucia.es\/ceipaljoxani\/wp-json\/wp\/v2\/pages\/99"}],"collection":[{"href":"https:\/\/blogsaverroes.juntadeandalucia.es\/ceipaljoxani\/wp-json\/wp\/v2\/pages"}],"about":[{"href":"https:\/\/blogsaverroes.juntadeandalucia.es\/ceipaljoxani\/wp-json\/wp\/v2\/types\/page"}],"author":[{"embeddable":true,"href":"https:\/\/blogsaverroes.juntadeandalucia.es\/ceipaljoxani\/wp-json\/wp\/v2\/users\/1"}],"replies":[{"embeddable":true,"href":"https:\/\/blogsaverroes.juntadeandalucia.es\/ceipaljoxani\/wp-json\/wp\/v2\/comments?post=99"}],"version-history":[{"count":8,"href":"https:\/\/blogsaverroes.juntadeandalucia.es\/ceipaljoxani\/wp-json\/wp\/v2\/pages\/99\/revisions"}],"predecessor-version":[{"id":2302,"href":"https:\/\/blogsaverroes.juntadeandalucia.es\/ceipaljoxani\/wp-json\/wp\/v2\/pages\/99\/revisions\/2302"}],"wp:attachment":[{"href":"https:\/\/blogsaverroes.juntadeandalucia.es\/ceipaljoxani\/wp-json\/wp\/v2\/media?parent=99"}],"curies":[{"name":"wp","href":"https:\/\/api.w.org\/{rel}","templated":true}]}}