{"id":2245,"date":"2020-07-23T17:54:08","date_gmt":"2020-07-23T15:54:08","guid":{"rendered":"https:\/\/blogsaverroes.juntadeandalucia.es\/ceipalmerimar\/?page_id=2245"},"modified":"2020-08-19T17:20:44","modified_gmt":"2020-08-19T15:20:44","slug":"quienes-somos","status":"publish","type":"page","link":"https:\/\/blogsaverroes.juntadeandalucia.es\/ceipalmerimar\/quienes-somos\/","title":{"rendered":"\u00bfQui\u00e9nes somos?"},"content":{"rendered":"<h2>EQUIPO DIRECTIVO<\/h2>\n<table style=\"height: 143px\" width=\"552\">\n<tbody>\n<tr>\n<td style=\"width: 268px\"><strong>FUNCI\u00d3N<\/strong><\/td>\n<td style=\"width: 268px\"><strong>NOMBRE<\/strong><\/td>\n<\/tr>\n<tr>\n<td style=\"width: 268px\">Direcci\u00f3n<\/td>\n<td style=\"width: 268px\">Carmen M\u00aa Jim\u00e9nez Ropero<\/td>\n<\/tr>\n<tr>\n<td style=\"width: 268px\">Jefatura de Estudios<\/td>\n<td style=\"width: 268px\">Isabel M\u00aa Herrera Villena<\/td>\n<\/tr>\n<tr>\n<td style=\"width: 268px\">Secretar\u00eda<\/td>\n<td style=\"width: 268px\">Ildefonso Ram\u00edrez Carmona<\/td>\n<\/tr>\n<\/tbody>\n<\/table>\n<h2>EDUCACI\u00d3N INFANTIL<\/h2>\n<table style=\"height: 283px\" width=\"544\">\n<tbody>\n<tr>\n<td style=\"width: 174px\"><strong>TUTOR\u00cdA<\/strong><\/td>\n<td style=\"width: 174px\"><strong>NOMBRE<\/strong><\/td>\n<td style=\"width: 174px\"><strong>OTRAS FUNCIONES<\/strong><\/td>\n<\/tr>\n<tr>\n<td style=\"width: 174px\">3 a\u00f1os A<\/td>\n<td style=\"width: 174px\">&nbsp;<\/td>\n<td style=\"width: 174px\">&nbsp;<\/td>\n<\/tr>\n<tr>\n<td style=\"width: 174px\">3 a\u00f1os B<\/td>\n<td style=\"width: 174px\">&nbsp;<\/td>\n<td style=\"width: 174px\">&nbsp;<\/td>\n<\/tr>\n<tr>\n<td style=\"width: 174px\">4 a\u00f1os A<\/td>\n<td style=\"width: 174px\">&nbsp;<\/td>\n<td style=\"width: 174px\">&nbsp;<\/td>\n<\/tr>\n<tr>\n<td style=\"width: 174px\">4 a\u00f1os B<\/td>\n<td style=\"width: 174px\">&nbsp;<\/td>\n<td style=\"width: 174px\">&nbsp;<\/td>\n<\/tr>\n<tr>\n<td style=\"width: 174px\">4 a\u00f1os C<\/td>\n<td style=\"width: 174px\">&nbsp;<\/td>\n<td style=\"width: 174px\">&nbsp;<\/td>\n<\/tr>\n<tr>\n<td style=\"width: 174px\">4 a\u00f1os D<\/td>\n<td style=\"width: 174px\">&nbsp;<\/td>\n<td style=\"width: 174px\">&nbsp;<\/td>\n<\/tr>\n<tr>\n<td style=\"width: 174px\">5 a\u00f1os A<\/td>\n<td style=\"width: 174px\">&nbsp;<\/td>\n<td style=\"width: 174px\">&nbsp;<\/td>\n<\/tr>\n<tr>\n<td style=\"width: 174px\">5 a\u00f1os B<\/td>\n<td style=\"width: 174px\">&nbsp;<\/td>\n<td style=\"width: 174px\">&nbsp;<\/td>\n<\/tr>\n<tr>\n<td style=\"width: 174px\">5 a\u00f1os C<\/td>\n<td style=\"width: 174px\">&nbsp;<\/td>\n<td style=\"width: 174px\">&nbsp;<\/td>\n<\/tr>\n<tr>\n<td style=\"width: 174px\">5 a\u00f1os D<\/td>\n<td style=\"width: 174px\">&nbsp;<\/td>\n<td style=\"width: 174px\">&nbsp;<\/td>\n<\/tr>\n<tr>\n<td style=\"width: 174px\">Apoyo Infantil<\/td>\n<td style=\"width: 174px\">&nbsp;<\/td>\n<td style=\"width: 174px\">&nbsp;<\/td>\n<\/tr>\n<tr>\n<td style=\"width: 174px\">Religi\u00f3n<\/td>\n<td style=\"width: 174px\">&nbsp;<\/td>\n<td style=\"width: 174px\">&nbsp;<\/td>\n<\/tr>\n<tr>\n<td style=\"width: 174px\">Especialista en Ingl\u00e9s<\/td>\n<td style=\"width: 174px\">&nbsp;<\/td>\n<td style=\"width: 174px\">&nbsp;<\/td>\n<\/tr>\n<\/tbody>\n<\/table>\n<h2>EDUCACI\u00d3N PRIMARIA<\/h2>\n<table style=\"width: 541px;height: 183px\">\n<tbody>\n<tr>\n<td style=\"width: 191px\"><strong>TUTOR\u00cdA<\/strong><\/td>\n<td style=\"width: 153px\"><strong>NOMBRE<\/strong><\/td>\n<td style=\"width: 175px\"><strong>OTRAS FUNCIONES<\/strong><\/td>\n<\/tr>\n<tr>\n<td style=\"width: 191px\">1\u00ba A<\/td>\n<td style=\"width: 153px\">&nbsp;<\/td>\n<td style=\"width: 175px\">&nbsp;<\/td>\n<\/tr>\n<tr>\n<td style=\"width: 191px\">1\u00ba B<\/td>\n<td style=\"width: 153px\">&nbsp;<\/td>\n<td style=\"width: 175px\">&nbsp;<\/td>\n<\/tr>\n<tr>\n<td style=\"width: 191px\">1\u00ba C<\/td>\n<td style=\"width: 153px\">&nbsp;<\/td>\n<td style=\"width: 175px\">&nbsp;<\/td>\n<\/tr>\n<tr>\n<td style=\"width: 191px\">2\u00ba A<\/td>\n<td style=\"width: 153px\">&nbsp;<\/td>\n<td style=\"width: 175px\">&nbsp;<\/td>\n<\/tr>\n<tr>\n<td style=\"width: 191px\">2\u00ba B<\/td>\n<td style=\"width: 153px\">&nbsp;<\/td>\n<td style=\"width: 175px\">&nbsp;<\/td>\n<\/tr>\n<tr>\n<td style=\"width: 191px\">2\u00ba C<\/td>\n<td style=\"width: 153px\">&nbsp;<\/td>\n<td style=\"width: 175px\">&nbsp;<\/td>\n<\/tr>\n<tr>\n<td style=\"width: 191px\">3\u00ba A<\/td>\n<td style=\"width: 153px\">&nbsp;<\/td>\n<td style=\"width: 175px\">&nbsp;<\/td>\n<\/tr>\n<tr>\n<td style=\"width: 191px\">3\u00ba B<\/td>\n<td style=\"width: 153px\">&nbsp;<\/td>\n<td style=\"width: 175px\">&nbsp;<\/td>\n<\/tr>\n<tr>\n<td style=\"width: 191px\">3\u00ba C<\/td>\n<td style=\"width: 153px\">&nbsp;<\/td>\n<td style=\"width: 175px\">&nbsp;<\/td>\n<\/tr>\n<tr>\n<td style=\"width: 191px\">4\u00ba A<\/td>\n<td style=\"width: 153px\">&nbsp;<\/td>\n<td style=\"width: 175px\">&nbsp;<\/td>\n<\/tr>\n<tr>\n<td style=\"width: 191px\">4\u00ba B<\/td>\n<td style=\"width: 153px\">&nbsp;<\/td>\n<td style=\"width: 175px\">&nbsp;<\/td>\n<\/tr>\n<tr>\n<td style=\"width: 191px\">4\u00ba C<\/td>\n<td style=\"width: 153px\">&nbsp;<\/td>\n<td style=\"width: 175px\">&nbsp;<\/td>\n<\/tr>\n<tr>\n<td style=\"width: 191px\">5\u00ba A<\/td>\n<td style=\"width: 153px\">&nbsp;<\/td>\n<td style=\"width: 175px\">&nbsp;<\/td>\n<\/tr>\n<tr>\n<td style=\"width: 191px\">5\u00ba B<\/td>\n<td style=\"width: 153px\">&nbsp;<\/td>\n<td style=\"width: 175px\">&nbsp;<\/td>\n<\/tr>\n<tr>\n<td style=\"width: 191px\">5\u00ba C<\/td>\n<td style=\"width: 153px\">&nbsp;<\/td>\n<td style=\"width: 175px\">&nbsp;<\/td>\n<\/tr>\n<tr>\n<td style=\"width: 191px\">6\u00ba A<\/td>\n<td style=\"width: 153px\">&nbsp;<\/td>\n<td style=\"width: 175px\">&nbsp;<\/td>\n<\/tr>\n<tr>\n<td style=\"width: 191px\">6\u00ba B<\/td>\n<td style=\"width: 153px\">&nbsp;<\/td>\n<td style=\"width: 175px\">&nbsp;<\/td>\n<\/tr>\n<tr>\n<td style=\"width: 191px\">6\u00ba C<\/td>\n<td style=\"width: 153px\">&nbsp;<\/td>\n<td style=\"width: 175px\">&nbsp;<\/td>\n<\/tr>\n<tr>\n<td style=\"width: 191px\">Ingl\u00e9s<\/td>\n<td style=\"width: 153px\">&nbsp;<\/td>\n<td style=\"width: 175px\">&nbsp;<\/td>\n<\/tr>\n<tr>\n<td style=\"width: 191px\">Educaci\u00f3n F\u00edsica<\/td>\n<td style=\"width: 153px\">&nbsp;<\/td>\n<td style=\"width: 175px\">&nbsp;<\/td>\n<\/tr>\n<tr>\n<td style=\"width: 191px\">Apoyo<\/td>\n<td style=\"width: 153px\">&nbsp;<\/td>\n<td style=\"width: 175px\">&nbsp;<\/td>\n<\/tr>\n<tr>\n<td style=\"width: 191px\">Religi\u00f3n<\/td>\n<td style=\"width: 153px\">&nbsp;<\/td>\n<td style=\"width: 175px\">&nbsp;<\/td>\n<\/tr>\n<\/tbody>\n<\/table>\n<h2>AULA TEA<\/h2>\n<table style=\"height: 82px\" width=\"543\">\n<tbody>\n<tr>\n<td style=\"width: 173.5px\"><strong>TUTOR\u00cdA<\/strong><\/td>\n<td style=\"width: 173.5px\"><strong>NOMBRE<\/strong><\/td>\n<td style=\"width: 174px\"><strong>OTRAS FUNCIONES<\/strong><\/td>\n<\/tr>\n<tr>\n<td style=\"width: 173.5px\">Aula TEA 1<\/td>\n<td style=\"width: 173.5px\">Ana Bella Zamora Cueva<\/td>\n<td style=\"width: 174px\">&nbsp;<\/td>\n<\/tr>\n<tr>\n<td style=\"width: 173.5px\">Aula TEA 2<\/td>\n<td style=\"width: 173.5px\">Imma Civantos Serrato<\/td>\n<td style=\"width: 174px\">&nbsp;<\/td>\n<\/tr>\n<\/tbody>\n<\/table>\n<p>&nbsp;<\/p>\n<h2>ORIENTACI\u00d3N<\/h2>\n<table style=\"height: 100px\" width=\"541\">\n<tbody>\n<tr>\n<td style=\"width: 173px\"><strong>NOMBRE<\/strong><\/td>\n<td style=\"width: 173px\"><strong>OTRAS FUNCIONES<\/strong><\/td>\n<\/tr>\n<tr>\n<td style=\"width: 173px\">&nbsp;<\/td>\n<td style=\"width: 173px\">&nbsp;<\/td>\n<\/tr>\n<\/tbody>\n<\/table>\n<h2>&nbsp;<\/h2>\n<h2>PEDAGOG\u00cdA TERAP\u00c9UTICA<\/h2>\n<table style=\"height: 97px\" width=\"705\">\n<tbody>\n<tr>\n<td style=\"width: 344.5px\"><strong>NOMBRE<\/strong><\/td>\n<td style=\"width: 344.5px\"><strong>OTRAS FUNCIONES<\/strong><\/td>\n<\/tr>\n<tr>\n<td style=\"width: 344.5px\">Sonia Dolores Maldonado Maldonado<\/td>\n<td style=\"width: 344.5px\">Coordinadora del Equipo de Orientaci\u00f3n<\/td>\n<\/tr>\n<\/tbody>\n<\/table>\n<p>&nbsp;<\/p>\n<h2>AUDICI\u00d3N Y LENGUAJE<\/h2>\n<table style=\"height: 100px\" width=\"541\">\n<tbody>\n<tr>\n<td style=\"width: 173px\"><strong>NOMBRE<\/strong><\/td>\n<td style=\"width: 173px\"><strong>OTRAS FUNCIONES<\/strong><\/td>\n<\/tr>\n<tr>\n<td style=\"width: 173px\">&nbsp;<\/td>\n<td style=\"width: 173px\">&nbsp;<\/td>\n<\/tr>\n<\/tbody>\n<\/table>\n","protected":false},"excerpt":{"rendered":"<p>EQUIPO DIRECTIVO FUNCI\u00d3N NOMBRE Direcci\u00f3n Carmen M\u00aa Jim\u00e9nez Ropero Jefatura de Estudios Isabel M\u00aa Herrera Villena Secretar\u00eda Ildefonso Ram\u00edrez Carmona EDUCACI\u00d3N INFANTIL TUTOR\u00cdA NOMBRE OTRAS&hellip;<\/p>\n","protected":false},"author":10327,"featured_media":0,"parent":0,"menu_order":0,"comment_status":"closed","ping_status":"closed","template":"","meta":{"ngg_post_thumbnail":0,"footnotes":"","_mc_calendar":[]},"aioseo_notices":[],"_links":{"self":[{"href":"https:\/\/blogsaverroes.juntadeandalucia.es\/ceipalmerimar\/wp-json\/wp\/v2\/pages\/2245"}],"collection":[{"href":"https:\/\/blogsaverroes.juntadeandalucia.es\/ceipalmerimar\/wp-json\/wp\/v2\/pages"}],"about":[{"href":"https:\/\/blogsaverroes.juntadeandalucia.es\/ceipalmerimar\/wp-json\/wp\/v2\/types\/page"}],"author":[{"embeddable":true,"href":"https:\/\/blogsaverroes.juntadeandalucia.es\/ceipalmerimar\/wp-json\/wp\/v2\/users\/10327"}],"replies":[{"embeddable":true,"href":"https:\/\/blogsaverroes.juntadeandalucia.es\/ceipalmerimar\/wp-json\/wp\/v2\/comments?post=2245"}],"version-history":[{"count":3,"href":"https:\/\/blogsaverroes.juntadeandalucia.es\/ceipalmerimar\/wp-json\/wp\/v2\/pages\/2245\/revisions"}],"predecessor-version":[{"id":2378,"href":"https:\/\/blogsaverroes.juntadeandalucia.es\/ceipalmerimar\/wp-json\/wp\/v2\/pages\/2245\/revisions\/2378"}],"wp:attachment":[{"href":"https:\/\/blogsaverroes.juntadeandalucia.es\/ceipalmerimar\/wp-json\/wp\/v2\/media?parent=2245"}],"curies":[{"name":"wp","href":"https:\/\/api.w.org\/{rel}","templated":true}]}}