{"id":2247,"date":"2020-07-23T17:54:38","date_gmt":"2020-07-23T15:54:38","guid":{"rendered":"https:\/\/blogsaverroes.juntadeandalucia.es\/ceipalmerimar\/?page_id=2247"},"modified":"2020-08-19T17:26:22","modified_gmt":"2020-08-19T15:26:22","slug":"oferta-educativa","status":"publish","type":"page","link":"https:\/\/blogsaverroes.juntadeandalucia.es\/ceipalmerimar\/oferta-educativa\/","title":{"rendered":"Oferta Educativa"},"content":{"rendered":"<p>En la actualidad, el centro cuenta con 693 alumnos y alumnas matriculados atendidos por 38 maestras y maestros as\u00ed como orientadora a tiempo parcial.<\/p>\n<p>El centro cuenta con 10 unidades de Educaci\u00f3n Infantil, 18 de Educaci\u00f3n Primaria, 1 de Apoyo a la Integraci\u00f3n y 2 aulas TEA.<\/p>\n","protected":false},"excerpt":{"rendered":"<p>En la actualidad, el centro cuenta con 693 alumnos y alumnas matriculados atendidos por 38 maestras y maestros as\u00ed como orientadora a tiempo parcial. El&hellip;<\/p>\n","protected":false},"author":10327,"featured_media":0,"parent":0,"menu_order":0,"comment_status":"closed","ping_status":"closed","template":"","meta":{"ngg_post_thumbnail":0,"footnotes":"","_mc_calendar":[]},"aioseo_notices":[],"_links":{"self":[{"href":"https:\/\/blogsaverroes.juntadeandalucia.es\/ceipalmerimar\/wp-json\/wp\/v2\/pages\/2247"}],"collection":[{"href":"https:\/\/blogsaverroes.juntadeandalucia.es\/ceipalmerimar\/wp-json\/wp\/v2\/pages"}],"about":[{"href":"https:\/\/blogsaverroes.juntadeandalucia.es\/ceipalmerimar\/wp-json\/wp\/v2\/types\/page"}],"author":[{"embeddable":true,"href":"https:\/\/blogsaverroes.juntadeandalucia.es\/ceipalmerimar\/wp-json\/wp\/v2\/users\/10327"}],"replies":[{"embeddable":true,"href":"https:\/\/blogsaverroes.juntadeandalucia.es\/ceipalmerimar\/wp-json\/wp\/v2\/comments?post=2247"}],"version-history":[{"count":3,"href":"https:\/\/blogsaverroes.juntadeandalucia.es\/ceipalmerimar\/wp-json\/wp\/v2\/pages\/2247\/revisions"}],"predecessor-version":[{"id":2380,"href":"https:\/\/blogsaverroes.juntadeandalucia.es\/ceipalmerimar\/wp-json\/wp\/v2\/pages\/2247\/revisions\/2380"}],"wp:attachment":[{"href":"https:\/\/blogsaverroes.juntadeandalucia.es\/ceipalmerimar\/wp-json\/wp\/v2\/media?parent=2247"}],"curies":[{"name":"wp","href":"https:\/\/api.w.org\/{rel}","templated":true}]}}