{"id":2252,"date":"2020-07-23T17:56:22","date_gmt":"2020-07-23T15:56:22","guid":{"rendered":"https:\/\/blogsaverroes.juntadeandalucia.es\/ceipalmerimar\/?page_id=2252"},"modified":"2020-08-19T17:45:20","modified_gmt":"2020-08-19T15:45:20","slug":"contacto-2","status":"publish","type":"page","link":"https:\/\/blogsaverroes.juntadeandalucia.es\/ceipalmerimar\/contacto-2\/","title":{"rendered":"Contacto"},"content":{"rendered":"<p><strong>C\u00f3digo: <\/strong>04007517<\/p>\n<p><strong>Centro:&nbsp;<\/strong>CEIP Almerimar<\/p>\n<p><strong>Domicilio:&nbsp;<\/strong>C\/ La Sal, esquina C\/ Mascar\u00f3n<\/p>\n<p><strong>Localidad:<\/strong> Almerimar (Ensenada de San Miguel)<\/p>\n<p><strong>Municipio:&nbsp;<\/strong>El Ejido<\/p>\n<p><strong>Provincia<\/strong>: Almer\u00eda<\/p>\n<p><strong>C\u00f3digo Postal:&nbsp;<\/strong>04711<\/p>\n<p><strong>Tel\u00e9fono:&nbsp;<\/strong>950 034 008<\/p>\n<p><strong>Email:<\/strong> 04007517.edu [arroba] juntadeandalucia.es<\/p>\n","protected":false},"excerpt":{"rendered":"<p>C\u00f3digo: 04007517 Centro:&nbsp;CEIP Almerimar Domicilio:&nbsp;C\/ La Sal, esquina C\/ Mascar\u00f3n Localidad: Almerimar (Ensenada de San Miguel) Municipio:&nbsp;El Ejido Provincia: Almer\u00eda C\u00f3digo Postal:&nbsp;04711 Tel\u00e9fono:&nbsp;950 034 008&hellip;<\/p>\n","protected":false},"author":10327,"featured_media":0,"parent":0,"menu_order":0,"comment_status":"closed","ping_status":"closed","template":"","meta":{"ngg_post_thumbnail":0,"footnotes":"","_mc_calendar":[]},"aioseo_notices":[],"_links":{"self":[{"href":"https:\/\/blogsaverroes.juntadeandalucia.es\/ceipalmerimar\/wp-json\/wp\/v2\/pages\/2252"}],"collection":[{"href":"https:\/\/blogsaverroes.juntadeandalucia.es\/ceipalmerimar\/wp-json\/wp\/v2\/pages"}],"about":[{"href":"https:\/\/blogsaverroes.juntadeandalucia.es\/ceipalmerimar\/wp-json\/wp\/v2\/types\/page"}],"author":[{"embeddable":true,"href":"https:\/\/blogsaverroes.juntadeandalucia.es\/ceipalmerimar\/wp-json\/wp\/v2\/users\/10327"}],"replies":[{"embeddable":true,"href":"https:\/\/blogsaverroes.juntadeandalucia.es\/ceipalmerimar\/wp-json\/wp\/v2\/comments?post=2252"}],"version-history":[{"count":4,"href":"https:\/\/blogsaverroes.juntadeandalucia.es\/ceipalmerimar\/wp-json\/wp\/v2\/pages\/2252\/revisions"}],"predecessor-version":[{"id":2386,"href":"https:\/\/blogsaverroes.juntadeandalucia.es\/ceipalmerimar\/wp-json\/wp\/v2\/pages\/2252\/revisions\/2386"}],"wp:attachment":[{"href":"https:\/\/blogsaverroes.juntadeandalucia.es\/ceipalmerimar\/wp-json\/wp\/v2\/media?parent=2252"}],"curies":[{"name":"wp","href":"https:\/\/api.w.org\/{rel}","templated":true}]}}