{"id":2254,"date":"2020-07-23T17:56:41","date_gmt":"2020-07-23T15:56:41","guid":{"rendered":"https:\/\/blogsaverroes.juntadeandalucia.es\/ceipalmerimar\/?page_id=2254"},"modified":"2025-01-06T22:08:25","modified_gmt":"2025-01-06T20:08:25","slug":"plan-de-centro","status":"publish","type":"page","link":"https:\/\/blogsaverroes.juntadeandalucia.es\/ceipalmerimar\/plan-de-centro\/","title":{"rendered":"Plan de centro"},"content":{"rendered":"<p>El Plan de Centro de CEIP Biling\u00fce Almerimar est\u00e1 en continua actualizaci\u00f3n.<\/p>\n<p>Puede descargarlo haciendo click aqu\u00ed:<\/p>\n<p><a href=\"https:\/\/blogsaverroes.juntadeandalucia.es\/ceipalmerimar\/files\/2025\/01\/Plan-de-Centro-CEIP-Almerimar-2.pdf\">Plan de Centro CEIP Almerimar noviembre 2024<\/a><\/p>\n<p>&nbsp;<\/p>\n<p>&nbsp;<\/p>\n","protected":false},"excerpt":{"rendered":"<p>El Plan de Centro de CEIP Biling\u00fce Almerimar est\u00e1 en continua actualizaci\u00f3n. Puede descargarlo haciendo click aqu\u00ed: Plan de Centro CEIP Almerimar noviembre 2024 &nbsp;&hellip;<\/p>\n","protected":false},"author":10327,"featured_media":0,"parent":0,"menu_order":0,"comment_status":"closed","ping_status":"closed","template":"","meta":{"ngg_post_thumbnail":0,"footnotes":"","_mc_calendar":[]},"aioseo_notices":[],"_links":{"self":[{"href":"https:\/\/blogsaverroes.juntadeandalucia.es\/ceipalmerimar\/wp-json\/wp\/v2\/pages\/2254"}],"collection":[{"href":"https:\/\/blogsaverroes.juntadeandalucia.es\/ceipalmerimar\/wp-json\/wp\/v2\/pages"}],"about":[{"href":"https:\/\/blogsaverroes.juntadeandalucia.es\/ceipalmerimar\/wp-json\/wp\/v2\/types\/page"}],"author":[{"embeddable":true,"href":"https:\/\/blogsaverroes.juntadeandalucia.es\/ceipalmerimar\/wp-json\/wp\/v2\/users\/10327"}],"replies":[{"embeddable":true,"href":"https:\/\/blogsaverroes.juntadeandalucia.es\/ceipalmerimar\/wp-json\/wp\/v2\/comments?post=2254"}],"version-history":[{"count":9,"href":"https:\/\/blogsaverroes.juntadeandalucia.es\/ceipalmerimar\/wp-json\/wp\/v2\/pages\/2254\/revisions"}],"predecessor-version":[{"id":2608,"href":"https:\/\/blogsaverroes.juntadeandalucia.es\/ceipalmerimar\/wp-json\/wp\/v2\/pages\/2254\/revisions\/2608"}],"wp:attachment":[{"href":"https:\/\/blogsaverroes.juntadeandalucia.es\/ceipalmerimar\/wp-json\/wp\/v2\/media?parent=2254"}],"curies":[{"name":"wp","href":"https:\/\/api.w.org\/{rel}","templated":true}]}}