{"id":2272,"date":"2020-08-04T16:42:32","date_gmt":"2020-08-04T14:42:32","guid":{"rendered":"https:\/\/blogsaverroes.juntadeandalucia.es\/ceipalmerimar\/?page_id=2272"},"modified":"2020-08-19T17:02:46","modified_gmt":"2020-08-19T15:02:46","slug":"el-centro","status":"publish","type":"page","link":"https:\/\/blogsaverroes.juntadeandalucia.es\/ceipalmerimar\/el-centro\/","title":{"rendered":"El Centro"},"content":{"rendered":"<p>El <strong>CEIP Biling\u00fce Almerimar<\/strong> es un centro p\u00fablico de Segundo Ciclo de Educaci\u00f3n Infantil, Educaci\u00f3n Primaria y Educaci\u00f3n B\u00e1sica Especial, situado en la Urbanizaci\u00f3n de Almerimar, en El Ejido.<\/p>\n<p><a href=\"https:\/\/blogsaverroes.juntadeandalucia.es\/ceipalmerimar\/files\/2020\/08\/IMG_4299.jpeg\"><img loading=\"lazy\" decoding=\"async\" class=\"aligncenter wp-image-2374 size-large\" src=\"https:\/\/blogsaverroes.juntadeandalucia.es\/ceipalmerimar\/files\/2020\/08\/IMG_4299-1024x768.jpeg\" alt=\"CEIP Almerimar\" width=\"843\" height=\"632\" srcset=\"https:\/\/blogsaverroes.juntadeandalucia.es\/ceipalmerimar\/files\/2020\/08\/IMG_4299-1024x768.jpeg 1024w, https:\/\/blogsaverroes.juntadeandalucia.es\/ceipalmerimar\/files\/2020\/08\/IMG_4299-300x225.jpeg 300w, https:\/\/blogsaverroes.juntadeandalucia.es\/ceipalmerimar\/files\/2020\/08\/IMG_4299-768x576.jpeg 768w, https:\/\/blogsaverroes.juntadeandalucia.es\/ceipalmerimar\/files\/2020\/08\/IMG_4299-24x18.jpeg 24w, https:\/\/blogsaverroes.juntadeandalucia.es\/ceipalmerimar\/files\/2020\/08\/IMG_4299-36x27.jpeg 36w, https:\/\/blogsaverroes.juntadeandalucia.es\/ceipalmerimar\/files\/2020\/08\/IMG_4299-48x36.jpeg 48w, https:\/\/blogsaverroes.juntadeandalucia.es\/ceipalmerimar\/files\/2020\/08\/IMG_4299.jpeg 1600w\" sizes=\"(max-width: 843px) 100vw, 843px\" \/><\/a><\/p>\n<p>&nbsp;<\/p>\n","protected":false},"excerpt":{"rendered":"<p>El CEIP Biling\u00fce Almerimar es un centro p\u00fablico de Segundo Ciclo de Educaci\u00f3n Infantil, Educaci\u00f3n Primaria y Educaci\u00f3n B\u00e1sica Especial, situado en la Urbanizaci\u00f3n de&hellip;<\/p>\n","protected":false},"author":10327,"featured_media":0,"parent":0,"menu_order":0,"comment_status":"closed","ping_status":"closed","template":"","meta":{"ngg_post_thumbnail":0,"footnotes":"","_mc_calendar":[]},"aioseo_notices":[],"_links":{"self":[{"href":"https:\/\/blogsaverroes.juntadeandalucia.es\/ceipalmerimar\/wp-json\/wp\/v2\/pages\/2272"}],"collection":[{"href":"https:\/\/blogsaverroes.juntadeandalucia.es\/ceipalmerimar\/wp-json\/wp\/v2\/pages"}],"about":[{"href":"https:\/\/blogsaverroes.juntadeandalucia.es\/ceipalmerimar\/wp-json\/wp\/v2\/types\/page"}],"author":[{"embeddable":true,"href":"https:\/\/blogsaverroes.juntadeandalucia.es\/ceipalmerimar\/wp-json\/wp\/v2\/users\/10327"}],"replies":[{"embeddable":true,"href":"https:\/\/blogsaverroes.juntadeandalucia.es\/ceipalmerimar\/wp-json\/wp\/v2\/comments?post=2272"}],"version-history":[{"count":5,"href":"https:\/\/blogsaverroes.juntadeandalucia.es\/ceipalmerimar\/wp-json\/wp\/v2\/pages\/2272\/revisions"}],"predecessor-version":[{"id":2376,"href":"https:\/\/blogsaverroes.juntadeandalucia.es\/ceipalmerimar\/wp-json\/wp\/v2\/pages\/2272\/revisions\/2376"}],"wp:attachment":[{"href":"https:\/\/blogsaverroes.juntadeandalucia.es\/ceipalmerimar\/wp-json\/wp\/v2\/media?parent=2272"}],"curies":[{"name":"wp","href":"https:\/\/api.w.org\/{rel}","templated":true}]}}