{"id":2491,"date":"2020-11-14T20:22:57","date_gmt":"2020-11-14T18:22:57","guid":{"rendered":"https:\/\/blogsaverroes.juntadeandalucia.es\/ceipalmerimar\/?page_id=2491"},"modified":"2021-09-05T11:09:54","modified_gmt":"2021-09-05T09:09:54","slug":"protocolo-covid","status":"publish","type":"page","link":"https:\/\/blogsaverroes.juntadeandalucia.es\/ceipalmerimar\/protocolo-covid\/","title":{"rendered":"Protocolo COVID"},"content":{"rendered":"<p>Descargue aqu\u00ed la \u00faltima actualizaci\u00f3n de septiembre 2021 del Protocolo COVID del colegio.<\/p>\n<p><a href=\"https:\/\/blogsaverroes.juntadeandalucia.es\/ceipalmerimar\/files\/2021\/09\/Procolo-Actuaci\u00f3n-COVID-19-CEIP-Almerimar-septiembre-2021.pdf\">Procolo Actuaci\u00f3n COVID-19 CEIP Almerimar septiembre 2021<\/a><\/p>\n","protected":false},"excerpt":{"rendered":"<p>Descargue aqu\u00ed la \u00faltima actualizaci\u00f3n de septiembre 2021 del Protocolo COVID del colegio. Procolo Actuaci\u00f3n COVID-19 CEIP Almerimar septiembre 2021<\/p>\n","protected":false},"author":10327,"featured_media":0,"parent":0,"menu_order":0,"comment_status":"closed","ping_status":"closed","template":"","meta":{"ngg_post_thumbnail":0,"footnotes":"","_mc_calendar":[]},"aioseo_notices":[],"_links":{"self":[{"href":"https:\/\/blogsaverroes.juntadeandalucia.es\/ceipalmerimar\/wp-json\/wp\/v2\/pages\/2491"}],"collection":[{"href":"https:\/\/blogsaverroes.juntadeandalucia.es\/ceipalmerimar\/wp-json\/wp\/v2\/pages"}],"about":[{"href":"https:\/\/blogsaverroes.juntadeandalucia.es\/ceipalmerimar\/wp-json\/wp\/v2\/types\/page"}],"author":[{"embeddable":true,"href":"https:\/\/blogsaverroes.juntadeandalucia.es\/ceipalmerimar\/wp-json\/wp\/v2\/users\/10327"}],"replies":[{"embeddable":true,"href":"https:\/\/blogsaverroes.juntadeandalucia.es\/ceipalmerimar\/wp-json\/wp\/v2\/comments?post=2491"}],"version-history":[{"count":3,"href":"https:\/\/blogsaverroes.juntadeandalucia.es\/ceipalmerimar\/wp-json\/wp\/v2\/pages\/2491\/revisions"}],"predecessor-version":[{"id":2536,"href":"https:\/\/blogsaverroes.juntadeandalucia.es\/ceipalmerimar\/wp-json\/wp\/v2\/pages\/2491\/revisions\/2536"}],"wp:attachment":[{"href":"https:\/\/blogsaverroes.juntadeandalucia.es\/ceipalmerimar\/wp-json\/wp\/v2\/media?parent=2491"}],"curies":[{"name":"wp","href":"https:\/\/api.w.org\/{rel}","templated":true}]}}