{"id":2507,"date":"2021-04-05T22:14:33","date_gmt":"2021-04-05T20:14:33","guid":{"rendered":"https:\/\/blogsaverroes.juntadeandalucia.es\/ceipalmerimar\/?page_id=2507"},"modified":"2021-04-05T22:14:33","modified_gmt":"2021-04-05T20:14:33","slug":"proyecto-de-direccion","status":"publish","type":"page","link":"https:\/\/blogsaverroes.juntadeandalucia.es\/ceipalmerimar\/proyecto-de-direccion\/","title":{"rendered":"Proyecto de direcci\u00f3n"},"content":{"rendered":"<p>El proyecto de direcci\u00f3n de la directora del centro est\u00e1 a disposici\u00f3n de los miembros de la comunidad educativa del CEIP Biling\u00fce Almerimar.<\/p>\n<p>Pueden solicitar una copia en secretar\u00eda.<\/p>\n","protected":false},"excerpt":{"rendered":"<p>El proyecto de direcci\u00f3n de la directora del centro est\u00e1 a disposici\u00f3n de los miembros de la comunidad educativa del CEIP Biling\u00fce Almerimar. Pueden solicitar&hellip;<\/p>\n","protected":false},"author":10327,"featured_media":0,"parent":0,"menu_order":0,"comment_status":"closed","ping_status":"closed","template":"","meta":{"ngg_post_thumbnail":0,"footnotes":"","_mc_calendar":[]},"aioseo_notices":[],"_links":{"self":[{"href":"https:\/\/blogsaverroes.juntadeandalucia.es\/ceipalmerimar\/wp-json\/wp\/v2\/pages\/2507"}],"collection":[{"href":"https:\/\/blogsaverroes.juntadeandalucia.es\/ceipalmerimar\/wp-json\/wp\/v2\/pages"}],"about":[{"href":"https:\/\/blogsaverroes.juntadeandalucia.es\/ceipalmerimar\/wp-json\/wp\/v2\/types\/page"}],"author":[{"embeddable":true,"href":"https:\/\/blogsaverroes.juntadeandalucia.es\/ceipalmerimar\/wp-json\/wp\/v2\/users\/10327"}],"replies":[{"embeddable":true,"href":"https:\/\/blogsaverroes.juntadeandalucia.es\/ceipalmerimar\/wp-json\/wp\/v2\/comments?post=2507"}],"version-history":[{"count":1,"href":"https:\/\/blogsaverroes.juntadeandalucia.es\/ceipalmerimar\/wp-json\/wp\/v2\/pages\/2507\/revisions"}],"predecessor-version":[{"id":2508,"href":"https:\/\/blogsaverroes.juntadeandalucia.es\/ceipalmerimar\/wp-json\/wp\/v2\/pages\/2507\/revisions\/2508"}],"wp:attachment":[{"href":"https:\/\/blogsaverroes.juntadeandalucia.es\/ceipalmerimar\/wp-json\/wp\/v2\/media?parent=2507"}],"curies":[{"name":"wp","href":"https:\/\/api.w.org\/{rel}","templated":true}]}}