{"id":2550,"date":"2021-09-05T12:45:23","date_gmt":"2021-09-05T10:45:23","guid":{"rendered":"https:\/\/blogsaverroes.juntadeandalucia.es\/ceipalmerimar\/?page_id=2550"},"modified":"2021-09-05T12:45:23","modified_gmt":"2021-09-05T10:45:23","slug":"como-saber-el-usuario-y-la-contrasena-de-classroom-de-mi-hijo-a-en-ceip-almerimar","status":"publish","type":"page","link":"https:\/\/blogsaverroes.juntadeandalucia.es\/ceipalmerimar\/como-saber-el-usuario-y-la-contrasena-de-classroom-de-mi-hijo-a-en-ceip-almerimar\/","title":{"rendered":"\u00bfC\u00f3mo saber el usuario y la contrase\u00f1a de Classroom de mi hijo\/a en CEIP Almerimar?"},"content":{"rendered":"<p>El nuevo dominio de GSuite para los colegios de la Junta de Andaluc\u00eda es g.educaand.es, por lo que no usaremos ya los usuarios de @ceipalmerimar.com<\/p>\n<p><strong>CONOCER EL USUARIO Y CONTRASE\u00d1A DE SUS HIJOS\/AS EN G.EDUCAAND.ES<\/strong><\/p>\n<p>Para conocer el usuario y contrase\u00f1a de sus hijos\/as, debe abrir en su tel\u00e9fono m\u00f3vil la <strong>aplicaci\u00f3n iPasen&nbsp;<\/strong>y acceder a los mensajes:<\/p>\n<p><a href=\"https:\/\/blogsaverroes.juntadeandalucia.es\/ceipalmerimar\/files\/2021\/09\/Paso1.jpg\"><img loading=\"lazy\" decoding=\"async\" class=\"alignnone wp-image-2551 size-medium\" src=\"https:\/\/blogsaverroes.juntadeandalucia.es\/ceipalmerimar\/files\/2021\/09\/Paso1-167x300.jpg\" alt=\"\" width=\"167\" height=\"300\" srcset=\"https:\/\/blogsaverroes.juntadeandalucia.es\/ceipalmerimar\/files\/2021\/09\/Paso1-167x300.jpg 167w, https:\/\/blogsaverroes.juntadeandalucia.es\/ceipalmerimar\/files\/2021\/09\/Paso1-570x1024.jpg 570w, https:\/\/blogsaverroes.juntadeandalucia.es\/ceipalmerimar\/files\/2021\/09\/Paso1-768x1381.jpg 768w, https:\/\/blogsaverroes.juntadeandalucia.es\/ceipalmerimar\/files\/2021\/09\/Paso1-854x1536.jpg 854w, https:\/\/blogsaverroes.juntadeandalucia.es\/ceipalmerimar\/files\/2021\/09\/Paso1.jpg 890w\" sizes=\"(max-width: 167px) 100vw, 167px\" \/><\/a><\/p>\n<p>Abra el <strong>mensaje<\/strong> anclado con el t\u00edtulo \u00ab<strong>Usuarios y contrase\u00f1as del alumnado<\/strong>\u00ab:<\/p>\n<p><a href=\"https:\/\/blogsaverroes.juntadeandalucia.es\/ceipalmerimar\/files\/2021\/09\/Paso2.jpg\"><img loading=\"lazy\" decoding=\"async\" class=\"alignnone size-medium wp-image-2552\" src=\"https:\/\/blogsaverroes.juntadeandalucia.es\/ceipalmerimar\/files\/2021\/09\/Paso2-169x300.jpg\" alt=\"\" width=\"169\" height=\"300\" srcset=\"https:\/\/blogsaverroes.juntadeandalucia.es\/ceipalmerimar\/files\/2021\/09\/Paso2-169x300.jpg 169w, https:\/\/blogsaverroes.juntadeandalucia.es\/ceipalmerimar\/files\/2021\/09\/Paso2-576x1024.jpg 576w, https:\/\/blogsaverroes.juntadeandalucia.es\/ceipalmerimar\/files\/2021\/09\/Paso2-768x1365.jpg 768w, https:\/\/blogsaverroes.juntadeandalucia.es\/ceipalmerimar\/files\/2021\/09\/Paso2-864x1536.jpg 864w, https:\/\/blogsaverroes.juntadeandalucia.es\/ceipalmerimar\/files\/2021\/09\/Paso2.jpg 900w\" sizes=\"(max-width: 169px) 100vw, 169px\" \/><\/a><\/p>\n<p>En el mensaje podr\u00e1 ver el usuario de cada uno de sus hijos\/as. Haga click en el enlace \u00ab<strong>Restablecer contrase\u00f1a\u00bb&nbsp;<\/strong>de cada hijo\/a.<\/p>\n<p><a href=\"https:\/\/blogsaverroes.juntadeandalucia.es\/ceipalmerimar\/files\/2021\/09\/Paso3.jpg\"><img loading=\"lazy\" decoding=\"async\" class=\"alignnone size-medium wp-image-2553\" src=\"https:\/\/blogsaverroes.juntadeandalucia.es\/ceipalmerimar\/files\/2021\/09\/Paso3-169x300.jpg\" alt=\"\" width=\"169\" height=\"300\" srcset=\"https:\/\/blogsaverroes.juntadeandalucia.es\/ceipalmerimar\/files\/2021\/09\/Paso3-169x300.jpg 169w, https:\/\/blogsaverroes.juntadeandalucia.es\/ceipalmerimar\/files\/2021\/09\/Paso3-576x1024.jpg 576w, https:\/\/blogsaverroes.juntadeandalucia.es\/ceipalmerimar\/files\/2021\/09\/Paso3-768x1365.jpg 768w, https:\/\/blogsaverroes.juntadeandalucia.es\/ceipalmerimar\/files\/2021\/09\/Paso3-864x1536.jpg 864w, https:\/\/blogsaverroes.juntadeandalucia.es\/ceipalmerimar\/files\/2021\/09\/Paso3.jpg 900w\" sizes=\"(max-width: 169px) 100vw, 169px\" \/><\/a><\/p>\n<p>Se abrir\u00e1 una p\u00e1gina en la que <strong>se mostrar\u00e1 el usuario y la contrase\u00f1a de su hijo\/a<\/strong>. An\u00f3telo <strong>en un lugar seguro<\/strong> para no olvidarlo. Si vuelve a abrir esta p\u00e1gina, tenga en cuenta que la contrase\u00f1a se va a regenerar y cambiar\u00e1.<\/p>\n<p><a href=\"https:\/\/blogsaverroes.juntadeandalucia.es\/ceipalmerimar\/files\/2021\/09\/Paso4.jpg\"><img loading=\"lazy\" decoding=\"async\" class=\"alignnone size-medium wp-image-2554\" src=\"https:\/\/blogsaverroes.juntadeandalucia.es\/ceipalmerimar\/files\/2021\/09\/Paso4-169x300.jpg\" alt=\"\" width=\"169\" height=\"300\" srcset=\"https:\/\/blogsaverroes.juntadeandalucia.es\/ceipalmerimar\/files\/2021\/09\/Paso4-169x300.jpg 169w, https:\/\/blogsaverroes.juntadeandalucia.es\/ceipalmerimar\/files\/2021\/09\/Paso4-576x1024.jpg 576w, https:\/\/blogsaverroes.juntadeandalucia.es\/ceipalmerimar\/files\/2021\/09\/Paso4-768x1365.jpg 768w, https:\/\/blogsaverroes.juntadeandalucia.es\/ceipalmerimar\/files\/2021\/09\/Paso4-864x1536.jpg 864w, https:\/\/blogsaverroes.juntadeandalucia.es\/ceipalmerimar\/files\/2021\/09\/Paso4.jpg 900w\" sizes=\"(max-width: 169px) 100vw, 169px\" \/><\/a><\/p>\n<p><strong>ACCEDER A CLASSROOM<\/strong><\/p>\n<p>Puede acceder a classroom desde la barra lateral de esta web, haciendo click en el icono \u00ab<strong>Acceso alumnos\u00bb<\/strong><\/p>\n<p><a href=\"https:\/\/www.google.es\/url?sa=t&amp;rct=j&amp;q=&amp;esrc=s&amp;source=web&amp;cd=&amp;cad=rja&amp;uact=8&amp;ved=2ahUKEwj739yZg93rAhUQUcAKHXDvA9QQFjAAegQIBBAB&amp;url=https%3A%2F%2Fclassroom.google.com%2Fu%2F0%2Fh%3Fhl%3Des&amp;usg=AOvVaw31Lso3p2Xo86V5YVsWTmZa\"><img loading=\"lazy\" decoding=\"async\" class=\"alignnone wp-image-2555 size-medium\" src=\"https:\/\/blogsaverroes.juntadeandalucia.es\/ceipalmerimar\/files\/2021\/09\/Paso5-300x293.jpg\" alt=\"\" width=\"300\" height=\"293\" srcset=\"https:\/\/blogsaverroes.juntadeandalucia.es\/ceipalmerimar\/files\/2021\/09\/Paso5-300x293.jpg 300w, https:\/\/blogsaverroes.juntadeandalucia.es\/ceipalmerimar\/files\/2021\/09\/Paso5.jpg 544w\" sizes=\"(max-width: 300px) 100vw, 300px\" \/><\/a><\/p>\n<p>&nbsp;<\/p>\n<p>Para iniciar sesi\u00f3n, debe usar <strong>el usuario que obtuvo para su hijo\/a seguido de @g.educaand.es<\/strong> y la contrase\u00f1a.<\/p>\n<p><a href=\"https:\/\/blogsaverroes.juntadeandalucia.es\/ceipalmerimar\/files\/2021\/09\/paso6.jpg\"><img loading=\"lazy\" decoding=\"async\" class=\"alignnone wp-image-2556 \" src=\"https:\/\/blogsaverroes.juntadeandalucia.es\/ceipalmerimar\/files\/2021\/09\/paso6-911x1024.jpg\" alt=\"\" width=\"475\" height=\"534\" srcset=\"https:\/\/blogsaverroes.juntadeandalucia.es\/ceipalmerimar\/files\/2021\/09\/paso6-911x1024.jpg 911w, https:\/\/blogsaverroes.juntadeandalucia.es\/ceipalmerimar\/files\/2021\/09\/paso6-267x300.jpg 267w, https:\/\/blogsaverroes.juntadeandalucia.es\/ceipalmerimar\/files\/2021\/09\/paso6-768x863.jpg 768w, https:\/\/blogsaverroes.juntadeandalucia.es\/ceipalmerimar\/files\/2021\/09\/paso6.jpg 922w\" sizes=\"(max-width: 475px) 100vw, 475px\" \/><\/a><\/p>\n","protected":false},"excerpt":{"rendered":"<p>El nuevo dominio de GSuite para los colegios de la Junta de Andaluc\u00eda es g.educaand.es, por lo que no usaremos ya los usuarios de @ceipalmerimar.com&hellip;<\/p>\n","protected":false},"author":10327,"featured_media":0,"parent":0,"menu_order":0,"comment_status":"closed","ping_status":"closed","template":"","meta":{"ngg_post_thumbnail":0,"footnotes":"","_mc_calendar":[]},"aioseo_notices":[],"_links":{"self":[{"href":"https:\/\/blogsaverroes.juntadeandalucia.es\/ceipalmerimar\/wp-json\/wp\/v2\/pages\/2550"}],"collection":[{"href":"https:\/\/blogsaverroes.juntadeandalucia.es\/ceipalmerimar\/wp-json\/wp\/v2\/pages"}],"about":[{"href":"https:\/\/blogsaverroes.juntadeandalucia.es\/ceipalmerimar\/wp-json\/wp\/v2\/types\/page"}],"author":[{"embeddable":true,"href":"https:\/\/blogsaverroes.juntadeandalucia.es\/ceipalmerimar\/wp-json\/wp\/v2\/users\/10327"}],"replies":[{"embeddable":true,"href":"https:\/\/blogsaverroes.juntadeandalucia.es\/ceipalmerimar\/wp-json\/wp\/v2\/comments?post=2550"}],"version-history":[{"count":2,"href":"https:\/\/blogsaverroes.juntadeandalucia.es\/ceipalmerimar\/wp-json\/wp\/v2\/pages\/2550\/revisions"}],"predecessor-version":[{"id":2558,"href":"https:\/\/blogsaverroes.juntadeandalucia.es\/ceipalmerimar\/wp-json\/wp\/v2\/pages\/2550\/revisions\/2558"}],"wp:attachment":[{"href":"https:\/\/blogsaverroes.juntadeandalucia.es\/ceipalmerimar\/wp-json\/wp\/v2\/media?parent=2550"}],"curies":[{"name":"wp","href":"https:\/\/api.w.org\/{rel}","templated":true}]}}