{"id":2593,"date":"2022-12-15T23:07:00","date_gmt":"2022-12-15T21:07:00","guid":{"rendered":"https:\/\/blogsaverroes.juntadeandalucia.es\/ceipalmerimar\/?page_id=2593"},"modified":"2022-12-15T23:07:00","modified_gmt":"2022-12-15T21:07:00","slug":"curso-mediacion-intercultural-para-la-sensibilizacion-y-prevencion-de-la-violencia-de-genero","status":"publish","type":"page","link":"https:\/\/blogsaverroes.juntadeandalucia.es\/ceipalmerimar\/curso-mediacion-intercultural-para-la-sensibilizacion-y-prevencion-de-la-violencia-de-genero\/","title":{"rendered":"Curso Mediaci\u00f3n Intercultural para la sensibilizaci\u00f3n y prevenci\u00f3n de la Violencia de G\u00e9nero"},"content":{"rendered":"<p>Compartimos aqu\u00ed este curso online para la prevenci\u00f3n de la violencia de g\u00e9nero:<\/p>\n<p><iframe loading=\"lazy\" title=\"Curso Mediaci\u00f3n Intercultural para la sensibilizaci\u00f3n y prevenci\u00f3n de la Violencia de G\u00e9nero\" width=\"843\" height=\"474\" src=\"https:\/\/www.youtube.com\/embed\/EdRVVvSM1l8?feature=oembed\" frameborder=\"0\" allow=\"accelerometer; autoplay; clipboard-write; encrypted-media; gyroscope; picture-in-picture\" allowfullscreen><\/iframe><\/p>\n","protected":false},"excerpt":{"rendered":"<p>Compartimos aqu\u00ed este curso online para la prevenci\u00f3n de la violencia de g\u00e9nero:<\/p>\n","protected":false},"author":10327,"featured_media":0,"parent":0,"menu_order":0,"comment_status":"closed","ping_status":"closed","template":"","meta":{"ngg_post_thumbnail":0,"footnotes":"","_mc_calendar":[]},"aioseo_notices":[],"_links":{"self":[{"href":"https:\/\/blogsaverroes.juntadeandalucia.es\/ceipalmerimar\/wp-json\/wp\/v2\/pages\/2593"}],"collection":[{"href":"https:\/\/blogsaverroes.juntadeandalucia.es\/ceipalmerimar\/wp-json\/wp\/v2\/pages"}],"about":[{"href":"https:\/\/blogsaverroes.juntadeandalucia.es\/ceipalmerimar\/wp-json\/wp\/v2\/types\/page"}],"author":[{"embeddable":true,"href":"https:\/\/blogsaverroes.juntadeandalucia.es\/ceipalmerimar\/wp-json\/wp\/v2\/users\/10327"}],"replies":[{"embeddable":true,"href":"https:\/\/blogsaverroes.juntadeandalucia.es\/ceipalmerimar\/wp-json\/wp\/v2\/comments?post=2593"}],"version-history":[{"count":1,"href":"https:\/\/blogsaverroes.juntadeandalucia.es\/ceipalmerimar\/wp-json\/wp\/v2\/pages\/2593\/revisions"}],"predecessor-version":[{"id":2594,"href":"https:\/\/blogsaverroes.juntadeandalucia.es\/ceipalmerimar\/wp-json\/wp\/v2\/pages\/2593\/revisions\/2594"}],"wp:attachment":[{"href":"https:\/\/blogsaverroes.juntadeandalucia.es\/ceipalmerimar\/wp-json\/wp\/v2\/media?parent=2593"}],"curies":[{"name":"wp","href":"https:\/\/api.w.org\/{rel}","templated":true}]}}