{"id":13503,"date":"2019-09-09T14:00:47","date_gmt":"2019-09-09T12:00:47","guid":{"rendered":"http:\/\/prueba19.ceipalmodovar.es\/?page_id=13503"},"modified":"2024-05-03T09:04:23","modified_gmt":"2024-05-03T08:04:23","slug":"nuestro-claustro","status":"publish","type":"page","link":"https:\/\/blogsaverroes.juntadeandalucia.es\/ceipalmodovar\/nuestro-claustro\/","title":{"rendered":"Nuestro Personal"},"content":{"rendered":"\r\n<p>El profesorado del claustro y el personal no docente del centro son los pilares y el motor fundamental que hace posible el desarrollo de nuestro alumnado. Si quieres saber m\u00e1s de ellos, aqu\u00ed puedes conocer el detalle de todos los profesionales que actualmente trabajan en el CEIP Antonio Rodr\u00edguez Almod\u00f3var y sus funciones principales en el d\u00eda a d\u00eda del cole.<\/p>\r\n<p>&nbsp;<\/p>\r\n\r\n\r\n\r\n<h2 class=\"wp-block-heading\"><span style=\"color: #993300\">Equipo Directivo<\/span><\/h2>\r\n<h4>D\u00f1a. Laura Sala Sede\u00f1o\r\n\r\n<\/h4>\r\n<ul>\r\n<li>Directora.<\/li>\r\n<li>Maestra del Cupo de Apoyo y Refuerzo (CAR).<\/li>\r\n<li>Maestra especialista en Educaci\u00f3n Primaria.<\/li>\r\n<\/ul>\r\n<p>&nbsp;<\/p>\r\n<h4>D\u00f1a. Mar\u00eda Ferreira Blanco\r\n\r\n<\/h4>\r\n<ul style=\"list-style-type: disc\">\r\n<li>Jefa de Estudios.<\/li>\r\n<li>Maestra especialista en Educaci\u00f3n Primaria.<\/li>\r\n<li>Coordinadora del Programa TDE (Transformaci\u00f3n Digital Educativa).<\/li>\r\n<li>Coordinadora&nbsp; del Plan de Apertura.<\/li>\r\n<li>Coordinadora del Plan Lector y Biblioteca.<\/li>\r\n<li>Coordinadora del Plan de Igualdad y Coeducaci\u00f3n<\/li>\r\n<\/ul>\r\n<p>&nbsp;<\/p>\r\n<h4>D. Jos\u00e9 \u00c1ngel P\u00e9rez Gonz\u00e1lez\r\n\r\n<\/h4>\r\n<ul style=\"list-style-type: disc\">\r\n<li>Secretario.<\/li>\r\n<li>Maestro especialista en Educaci\u00f3n F\u00edsica.<\/li>\r\n<li>Coordinador del Plan de Autoprotecci\u00f3n.&nbsp;<\/li>\r\n<\/ul>\r\n<p>&nbsp;<\/p>\r\n<p>&nbsp;<\/p>\r\n<h2><span style=\"color: #3366ff\">Personal Docente &#8211; Educaci\u00f3n Infantil<\/span><\/h2>\r\n<h4>D\u00f1a. Silvia Moreno G\u00f3mez\r\n\r\n<\/h4>\r\n<ul style=\"list-style-type: disc\">\r\n<li>Tutora de Infantil 3 a\u00f1os.<\/li>\r\n<li>Maestra especialista en Educaci\u00f3n Infantil.<\/li>\r\n<li>Coordinadora del Ciclo de Educaci\u00f3n Infantil.<\/li>\r\n<\/ul>\r\n<p>&nbsp;<\/p>\r\n\r\n\r\n\r\n<h4 class=\"wp-block-heading\">&nbsp;D\u00f1a. M\u00aa \u00c1ngeles Gonz\u00e1lez Bermejo\r\n\r\n<\/h4>\r\n<ul>\r\n<li>Tutora de Infantil 4 a\u00f1os.<\/li>\r\n<li>Maestra especialista en Educaci\u00f3n Infantil.<\/li>\r\n<\/ul>\r\n<p>&nbsp;<\/p>\r\n<h4>&nbsp;D\u00f1a. \u00c1ngela Tena Solomando<\/h4>\r\n\r\n\r\n\r\n<ul>\r\n<li>Tutora de Infantil 5 a\u00f1os.<\/li>\r\n<li>Maestra especialista en Educaci\u00f3n Infantil.<\/li>\r\n<\/ul>\r\n<p>&nbsp;<\/p>\r\n<p>&nbsp;<\/p>\r\n<h2><span style=\"color: #339966\">Personal Docente &#8211; Educaci\u00f3n Primaria<\/span><\/h2>\r\n<h4>&nbsp;D. Antonio Luis Rodr\u00edguez L\u00f3pez\r\n\r\n<\/h4>\r\n<ul>\r\n<li>Tutor de 1\u00ba de Educaci\u00f3n Primaria.<\/li>\r\n<li>Maestro especialista en Educaci\u00f3n Primaria.<\/li>\r\n<li>Responsable del \u00e1mbito de conocimiento CIMA&nbsp; Aldea, Educaci\u00f3n para la Sostenibilidad.<\/li>\r\n<\/ul>\r\n<p>&nbsp;<\/p>\r\n<h4>&nbsp;D. Juan Manuel Moreno Ram\u00edrez\r\n\r\n<\/h4>\r\n<ul>\r\n<li>Tutor de 2\u00baA de Educaci\u00f3n Primaria.<\/li>\r\n<li>Maestro especialista en Educaci\u00f3n F\u00edsica.<\/li>\r\n<\/ul>\r\n<p>&nbsp;<\/p>\r\n\r\n\r\n\r\n\r\n\r\n\r\n\r\n<h4 class=\"wp-block-heading\">&nbsp;D\u00f1a. F\u00e1tima Corbacho Ram\u00edrez\r\n\r\n<\/h4>\r\n<ul>\r\n<li>Tutor de 2\u00baB de Educaci\u00f3n Primaria.<\/li>\r\n<li>Maestra especialista de Educaci\u00f3n Primaria.<\/li>\r\n<li>Coordinador del Programa Red Andaluza Escuela Espacio de Paz.<\/li>\r\n<\/ul>\r\n<p>&nbsp;<\/p>\r\n<h4>D\u00f1a. Ester Beortegui Romero\r\n\r\n<\/h4>\r\n<ul>\r\n<li>Tutora de 3\u00ba de Educaci\u00f3n Primaria.<\/li>\r\n<li>Maestra especialista en Educaci\u00f3n Primaria.<\/li>\r\n<\/ul>\r\n<p>&nbsp;<\/p>\r\n\r\n\r\n\r\n<h4 class=\"wp-block-heading\">D\u00f1a. Mar\u00eda del Mar Rosales Jim\u00e9nez<\/h4>\r\n\r\n\r\n\r\n<ul>\r\n<li>Tutora de 4\u00ba de Educaci\u00f3n Primaria.<\/li>\r\n<li>Maestra especialista en Educaci\u00f3n Primaria.<\/li>\r\n<li>Coordinadora del Segundo Ciclo de Educaci\u00f3n Primaria.<\/li>\r\n<\/ul>\r\n<p>&nbsp;<\/p>\r\n<h4>D\u00f1a. F\u00e1tima Pires Gonz\u00e1lez de la Rubia\r\n\r\n<\/h4>\r\n<ul>\r\n<li>Tutora de 4\u00baA de Educaci\u00f3n Primaria.<\/li>\r\n<li>Maestra especialista en Lengua Extranjera &#8211; Ingl\u00e9s.<\/li>\r\n<\/ul>\r\n<p>&nbsp;<\/p>\r\n<h4>D\u00f1a. Roc\u00edo Garc\u00eda Toscano\r\n\r\n<\/h4>\r\n<ul>\r\n<li>Tutor de 4\u00ba B de Educaci\u00f3n Primaria.<\/li>\r\n<li>Maestra especialista en Educaci\u00f3n Primaria.<\/li>\r\n<li>Responsable del \u00e1mbito de conocimiento CIMA&nbsp; Promoci\u00f3n de H\u00e1bitos de Vida Saludable.<\/li>\r\n<\/ul>\r\n<p>&nbsp;<\/p>\r\n<h4>D. Manuel Fern\u00e1ndez Salas\r\n\r\n<\/h4>\r\n<ul>\r\n<li>Tutor de 6\u00baA de Educaci\u00f3n Primaria.<\/li>\r\n<li>Maestro especialista en M\u00fasica.<\/li>\r\n<li>Coordinador del Tercer Ciclo de Educaci\u00f3n Primaria.<\/li>\r\n<li>Coordinador del Programa de Cooperaci\u00f3n Territorial #compdigedu de Competencia Digital Educativa.<\/li>\r\n<li>Responsable del \u00e1mbito de conocimiento CIMA&nbsp; STEAM.<\/li>\r\n<\/ul>\r\n<p>&nbsp;<\/p>\r\n\r\n\r\n\r\n\r\n\r\n\r\n\r\n\r\n\r\n\r\n\r\n<h4 class=\"wp-block-heading\">D\u00f1a. Marina Arroyo Somoza\r\n\r\n<\/h4>\r\n<ul>\r\n<li>Tutora de 6\u00baB de Educaci\u00f3n Primaria.<\/li>\r\n<li>Maestra especialista en Lengua Extranjera &#8211; Franc\u00e9s<\/li>\r\n<li>Coordinadora del Programa ADA.<\/li>\r\n<\/ul>\r\n<p>&nbsp;<\/p>\r\n\r\n\r\n\r\n\r\n\r\n\r\n\r\n\r\n\r\n\r\n\r\n\r\n\r\n<h4 class=\"wp-block-heading\">D\u00f1a. Mar\u00eda Artillo Gim\u00e9nez<\/h4>\r\n\r\n\r\n\r\n<ul>\r\n<li>Maestra especialista en Religi\u00f3n.<\/li>\r\n<\/ul>\r\n<p>&nbsp;<\/p>\r\n<h4>D\u00f1a. Mari Paz Herrera Reina\r\n\r\n<\/h4>\r\n<ul>\r\n<li>Maestra especialista en Religi\u00f3n.<\/li>\r\n<\/ul>\r\n<p>&nbsp;<\/p>\r\n\r\n\r\n\r\n<h4 class=\"wp-block-heading\">D. Jos\u00e9 \u00c1ngel P\u00e9rez Gonz\u00e1lez<\/h4>\r\n\r\n\r\n\r\n<ul>\r\n<li>Maestro especialista en Educaci\u00f3n F\u00edsica.<\/li>\r\n<li>Secretario.<\/li>\r\n<li>Coordinador del Plan de Autoprotecci\u00f3n.&nbsp;<\/li>\r\n<\/ul>\r\n<p>&nbsp;<\/p>\r\n\r\n\r\n\r\n<h4 class=\"wp-block-heading\">D\u00f1a. Gloria Garc\u00eda Lluch<\/h4>\r\n\r\n\r\n\r\n<ul>\r\n<li>Maestra especialista en Lengua Extranjera &#8211; Ingl\u00e9s.<\/li>\r\n<li>Coordinadora del Primer Ciclo de Educaci\u00f3n Primaria.<\/li>\r\n<\/ul>\r\n<p>&nbsp;<\/p>\r\n\r\n\r\n\r\n\r\n\r\n\r\n\r\n\r\n\r\n<h4>D\u00f1a. Macarena Mates Bejarano\r\n\r\n<\/h4>\r\n<ul>\r\n<li>Maestra del Cupo de Apoyo y Refuerzo (CAR),<\/li>\r\n<li>Maestra especialista en Educaci\u00f3n Primaria.<\/li>\r\n<\/ul>\r\n<p>&nbsp;<\/p>\r\n\r\n\r\n\r\n<h4 class=\"wp-block-heading\">D\u00f1a. Eva Mesa Burgos<\/h4>\r\n\r\n\r\n\r\n<ul>\r\n<li>Maestra especialista en Pedagog\u00eda Terap\u00e9utica.<\/li>\r\n<li>Coordinadora del Plan de Convivencia y de Bienestar y Protecci\u00f3n de la Infancia.<\/li>\r\n<\/ul>\r\n<p>&nbsp;<\/p>\r\n\r\n\r\n\r\n<h4 class=\"wp-block-heading\">D. Rafael Monsalves Cuesta<\/h4>\r\n\r\n\r\n\r\n<ul>\r\n<li>Maestro especialista de Audici\u00f3n y Lenguaje.<\/li>\r\n<\/ul>\r\n\r\n\r\n\r\n<h2 class=\"wp-block-heading\">&nbsp;<\/h2>\r\n<p>&nbsp;<\/p>\r\n<h2><span style=\"color: #ff9900\">Personal No Docente<\/span><\/h2>\r\n\r\n\r\n\r\n<h4 class=\"wp-block-heading\">D\u00f1a. Dolores Ant\u00fanez Mateos<\/h4>\r\n\r\n\r\n\r\n<ul>\r\n<li>Monitora de Apoyo Administrativo.<\/li>\r\n<\/ul>\r\n<p>&nbsp;<\/p>\r\n\r\n\r\n\r\n\r\n\r\n<h4 class=\"wp-block-heading\">D\u00f1a. Montserrat Mu\u00f1oz M\u00e1rquez<\/h4>\r\n\r\n\r\n\r\n<ul>\r\n<li>Monitora de Apoyo Administrativo.<\/li>\r\n<\/ul>\r\n<p>&nbsp;<\/p>\r\n<h4>D\u00f1a. Inmaculada Mu\u00f1oz G\u00f3mez\r\n\r\n<\/h4>\r\n<ul>\r\n<li>Monitora de Educaci\u00f3n Infantil.<\/li>\r\n<\/ul>\r\n<p>&nbsp;<\/p>\r\n\r\n\r\n\r\n<h4 class=\"wp-block-heading\">D\u00f1a. Sara Escudero Romero<\/h4>\r\n\r\n\r\n\r\n<ul>\r\n<li>Personal T\u00e9cnico de Integraci\u00f3n Social.<\/li>\r\n<\/ul>\r\n\r\n\r\n\r\n<p>&nbsp;<\/p>\r\n","protected":false},"excerpt":{"rendered":"<p>El profesorado del claustro y el personal no docente del centro son los pilares y el motor fundamental que hace posible el desarrollo de nuestro alumnado. Si quieres saber m\u00e1s de ellos, aqu\u00ed puedes conocer el detalle de todos los profesionales que actualmente trabajan en el CEIP Antonio Rodr\u00edguez Almod\u00f3var y sus funciones principales en [&hellip;]<\/p>\n","protected":false},"author":13976,"featured_media":0,"parent":0,"menu_order":0,"comment_status":"closed","ping_status":"closed","template":"","meta":{"_et_pb_use_builder":"","_et_pb_old_content":"","_et_gb_content_width":"","ngg_post_thumbnail":0,"footnotes":""},"aioseo_notices":[],"_links":{"self":[{"href":"https:\/\/blogsaverroes.juntadeandalucia.es\/ceipalmodovar\/wp-json\/wp\/v2\/pages\/13503"}],"collection":[{"href":"https:\/\/blogsaverroes.juntadeandalucia.es\/ceipalmodovar\/wp-json\/wp\/v2\/pages"}],"about":[{"href":"https:\/\/blogsaverroes.juntadeandalucia.es\/ceipalmodovar\/wp-json\/wp\/v2\/types\/page"}],"author":[{"embeddable":true,"href":"https:\/\/blogsaverroes.juntadeandalucia.es\/ceipalmodovar\/wp-json\/wp\/v2\/users\/13976"}],"replies":[{"embeddable":true,"href":"https:\/\/blogsaverroes.juntadeandalucia.es\/ceipalmodovar\/wp-json\/wp\/v2\/comments?post=13503"}],"version-history":[{"count":11,"href":"https:\/\/blogsaverroes.juntadeandalucia.es\/ceipalmodovar\/wp-json\/wp\/v2\/pages\/13503\/revisions"}],"predecessor-version":[{"id":15465,"href":"https:\/\/blogsaverroes.juntadeandalucia.es\/ceipalmodovar\/wp-json\/wp\/v2\/pages\/13503\/revisions\/15465"}],"wp:attachment":[{"href":"https:\/\/blogsaverroes.juntadeandalucia.es\/ceipalmodovar\/wp-json\/wp\/v2\/media?parent=13503"}],"curies":[{"name":"wp","href":"https:\/\/api.w.org\/{rel}","templated":true}]}}