{"id":853,"date":"2020-12-18T08:50:47","date_gmt":"2020-12-18T07:50:47","guid":{"rendered":"https:\/\/blogsaverroes.juntadeandalucia.es\/pre\/plantilla-pencil\/?page_id=853"},"modified":"2021-11-26T10:46:20","modified_gmt":"2021-11-26T09:46:20","slug":"nuestra-historia","status":"publish","type":"page","link":"https:\/\/blogsaverroes.juntadeandalucia.es\/ceipalmodovar\/nuestra-historia\/","title":{"rendered":"Nuestra Historia"},"content":{"rendered":"<p>Todos los centros tienen una personalidad y un estilo caracter\u00edstico que les confiere una identidad propia. En nuestro caso, hay varios aspectos que nos definen como centro y que hacen del <strong>CEIP Antonio Rodr\u00edguez Almod\u00f3var un espacio \u00fanico<\/strong>.<\/p>\n<p>Ante todo, la comunidad educativa de nuestro colegio, es, en esencia, un colectivo implicado e inquieto que pretende generar sinergias de progreso y dinamismo que faciliten el camino del crecimiento personal a nuestro alumnos. Este esp\u00edritu comprometido es el que nos conduce a desarrollar distintos planes, programas y actividades que consideramos esenciales y que se plantean en torno a los intereses, necesidades y motivaciones del alumnado como son lo que giran en torno al fomento de:<\/p>\n<p>&nbsp; &nbsp; &nbsp; &#8211; la <strong>igualdad<\/strong> entre hombres y mujeres en educaci\u00f3n.<\/p>\n<p>&nbsp; &nbsp; &nbsp; &#8211; la educaci\u00f3n <strong>medioambiental<\/strong>.<\/p>\n<p>&nbsp; &nbsp; &nbsp; &#8211; la integraci\u00f3n de las <strong>Nuevas Tecnolog\u00edas en el d\u00eda a d\u00eda<\/strong>.<\/p>\n<p>&nbsp; &nbsp; &nbsp; &#8211; la <strong>convivencia<\/strong> pac\u00edfica.<\/p>\n<p>&nbsp; &nbsp; &nbsp; &#8211; el aprovechamiento de los espacios naturales del centro: <strong>huerto, olivar y Jard\u00edn del Almod\u00f3var<\/strong>.<\/p>\n<p>&nbsp; &nbsp; &nbsp; &#8211; la participaci\u00f3n activa en <strong>iniciativas solidarias<\/strong>. (casi 8 000 \u20ac donados en los \u00faltimos 3 a\u00f1os)<\/p>\n<p>&nbsp; &nbsp; &nbsp; &#8211; el disfrute de la lectura y la utilizaci\u00f3n de la biblioteca escolar<strong> &#8220;Rinc\u00f3n M\u00e1gico&#8221;<\/strong>.<\/p>\n<p>Nuestra metodolog\u00eda se basa en poner al alumnado en el centro de su aprendizaje, con metodolog\u00edas activas como el <strong>Aprendizaje Basado en Proyectos<\/strong> y el <strong>m\u00e9todo ABN<\/strong> en matem\u00e1ticas, siendo habitual tambi\u00e9n el trabajo cooperativo y el fomento de la gamificaci\u00f3n como hilo conductor de los aprendizajes. Apoyados en la <strong>tecnolog\u00eda<\/strong>, como realidad inherente de los tiempos que vivimos y como una necesidad de aprendizaje para el futuro de nuestro alumnado, utilizamos desde hace m\u00e1s de 6 cursos las herramientas de Google Workspace en nuestro d\u00eda a d\u00eda y nos apoyamos en un amplio parque de dispositivos accesibles a todo el alumnado del Almod\u00f3var.<br \/>\n&nbsp;<\/p>\n","protected":false},"excerpt":{"rendered":"<p>Todos los centros tienen una personalidad y un estilo caracter\u00edstico que les confiere una identidad propia. En nuestro caso, hay varios aspectos que nos definen como centro y que hacen del CEIP Antonio Rodr\u00edguez Almod\u00f3var un espacio \u00fanico. Ante todo, la comunidad educativa de nuestro colegio, es, en esencia, un colectivo implicado e inquieto que [&hellip;]<\/p>\n","protected":false},"author":13976,"featured_media":0,"parent":0,"menu_order":0,"comment_status":"closed","ping_status":"closed","template":"","meta":{"_et_pb_use_builder":"off","_et_pb_old_content":"","_et_gb_content_width":"","ngg_post_thumbnail":0,"footnotes":""},"aioseo_notices":[],"_links":{"self":[{"href":"https:\/\/blogsaverroes.juntadeandalucia.es\/ceipalmodovar\/wp-json\/wp\/v2\/pages\/853"}],"collection":[{"href":"https:\/\/blogsaverroes.juntadeandalucia.es\/ceipalmodovar\/wp-json\/wp\/v2\/pages"}],"about":[{"href":"https:\/\/blogsaverroes.juntadeandalucia.es\/ceipalmodovar\/wp-json\/wp\/v2\/types\/page"}],"author":[{"embeddable":true,"href":"https:\/\/blogsaverroes.juntadeandalucia.es\/ceipalmodovar\/wp-json\/wp\/v2\/users\/13976"}],"replies":[{"embeddable":true,"href":"https:\/\/blogsaverroes.juntadeandalucia.es\/ceipalmodovar\/wp-json\/wp\/v2\/comments?post=853"}],"version-history":[{"count":4,"href":"https:\/\/blogsaverroes.juntadeandalucia.es\/ceipalmodovar\/wp-json\/wp\/v2\/pages\/853\/revisions"}],"predecessor-version":[{"id":15165,"href":"https:\/\/blogsaverroes.juntadeandalucia.es\/ceipalmodovar\/wp-json\/wp\/v2\/pages\/853\/revisions\/15165"}],"wp:attachment":[{"href":"https:\/\/blogsaverroes.juntadeandalucia.es\/ceipalmodovar\/wp-json\/wp\/v2\/media?parent=853"}],"curies":[{"name":"wp","href":"https:\/\/api.w.org\/{rel}","templated":true}]}}