{"id":1113,"date":"2015-03-12T11:00:55","date_gmt":"2015-03-12T11:00:55","guid":{"rendered":"http:\/\/blogsaverroes.juntadeandalucia.es\/pre\/ceip\/?page_id=2"},"modified":"2025-03-05T10:17:14","modified_gmt":"2025-03-05T10:17:14","slug":"pagina-ejemplo-2","status":"publish","type":"page","link":"https:\/\/blogsaverroes.juntadeandalucia.es\/ceipalmotamid\/","title":{"rendered":"Inicio"},"content":{"rendered":"<p>&nbsp;<\/p>\n<p>&nbsp;<\/p>\n<div class=\"osc-res-tab tabbable   osc-tabs-left\"><div style=\"clear:both;width: 100%;\"><ul class=\"nav osc-res-nav nav-tabs osc-tabs-left-ul\" id=\"oscitas-restabs-1-pagina-ejemplo-2-19318\"><li class=\"active\"><a href=\"#ert_pane1-0\" data-toggle=\"tab\">Datos del centro<\/a><\/li><li class=\"\"><a href=\"#ert_pane1-1\" data-toggle=\"tab\">Novedades<\/a><\/li><li class=\"\"><a href=\"#ert_pane1-2\" data-toggle=\"tab\">Entradas<\/a><\/li><\/ul><\/div><div style=\"clear:both;width: 100%;\"><ul class=\"tab-content\" id=\"oscitas-restabcontent-1-pagina-ejemplo-2-19318\"><li class=\"tab-pane active\" id=\"ert_pane1-0\"><\/p>\n<p>&nbsp;<\/p>\n<p><a href=\"https:\/\/blogsaverroes.juntadeandalucia.es\/ceipalmotamid\/files\/2024\/03\/1710412846397-scaled.jpg\"><img loading=\"lazy\" decoding=\"async\" class=\"aligncenter size-large wp-image-2809\" src=\"https:\/\/blogsaverroes.juntadeandalucia.es\/ceipalmotamid\/files\/2024\/03\/1710412846397-1024x768.jpg\" alt=\"\" width=\"640\" height=\"480\" srcset=\"https:\/\/blogsaverroes.juntadeandalucia.es\/ceipalmotamid\/files\/2024\/03\/1710412846397-1024x768.jpg 1024w, https:\/\/blogsaverroes.juntadeandalucia.es\/ceipalmotamid\/files\/2024\/03\/1710412846397-300x225.jpg 300w, https:\/\/blogsaverroes.juntadeandalucia.es\/ceipalmotamid\/files\/2024\/03\/1710412846397-768x576.jpg 768w, https:\/\/blogsaverroes.juntadeandalucia.es\/ceipalmotamid\/files\/2024\/03\/1710412846397-1536x1152.jpg 1536w, https:\/\/blogsaverroes.juntadeandalucia.es\/ceipalmotamid\/files\/2024\/03\/1710412846397-2048x1536.jpg 2048w, https:\/\/blogsaverroes.juntadeandalucia.es\/ceipalmotamid\/files\/2024\/03\/1710412846397-scaled.jpg 1600w\" sizes=\"(max-width: 640px) 100vw, 640px\" \/><\/a><\/p>\n<p>&nbsp;<\/p>\n<p>&nbsp;<\/p>\n<p>El C.E.I.P. Almotamid se encuentra en la barriada de Bami, en el sector sur de la ciudad de Sevilla. El colegio est\u00e1 ubicado entre las calles Castillo de Ba\u00f1os de la Encina, el espacio peatonal entre la calle Castillo de Ba\u00f1os de la Encina y la plaza de Rafael Salgado y la calle Padre Manuel Trenas.<\/p>\n<p>Es un centro de una l\u00ednea educativa, que abarca desde el nivel de Infantil de 3 a\u00f1os hasta 6\u00ba de Primaria.<\/p>\n<p>Tiene en su planta baja tres aulas para Educaci\u00f3n Infantil y una biblioteca, adem\u00e1s de un aula de Pedagog\u00eda Terap\u00e9utica y las dependencias administrativas: Direcci\u00f3n, Jefatura de Estudio, Secretar\u00eda y archivos, la Sala de Profesores y los servicios sanitarios adaptados al \u00e1rea de Infantil.<\/p>\n<p>En la planta alta dispone de seis aulas para Educaci\u00f3n Primaria, y tambi\u00e9n el aula compartida de Inform\u00e1tica. En esta misma planta se encuentra un espacio para realizar sesiones de Audici\u00f3n y Lenguaje, los servicios sanitarios y una salida de emergencia con la escalera de incendio.<\/p>\n<p>El patio es amplio y dispone de una pista polideportiva. A trav\u00e9s del tiempo la Comunidad Educativa se ha ido preocupando de plantar un n\u00famero suficiente de \u00e1rboles que han hecho el entorno mucho m\u00e1s agradable. Tambi\u00e9n hay un huerto con \u00e1rboles frutales bien cuidado por alumnos y profesores. Igualmente el patio dispone de una superficie cubierta y abierta de doscientos metros cuadrados.<\/p>\n<p><strong>Finalidades educativas:<\/strong><\/p>\n<p>Estar\u00e1n encaminadas a consolidar la participaci\u00f3n de todos los sectores de la Comunidad Educativa, para conseguir la formaci\u00f3n integral del alumno. Esto lo conseguiremos:<\/p>\n<p>Respetando los principios de convivencia, derechos y libertades.<br \/>\nDesarrollando los h\u00e1bitos intelectuales y de trabajo.<br \/>\nPromoviendo la solidaridad y la colaboraci\u00f3n.<br \/>\nFomentando la conciencia de participaci\u00f3n ciudadana.<\/p>\n<p><strong>Finalidades prioritarias:<\/strong><\/p>\n<p>Se programar\u00e1n Objetivos Pedag\u00f3gicos claros, concretos, realistas y dentro de unos l\u00edmites, que eviten la posible frustraci\u00f3n de parte de nuestro alumnado intentando ayudar de forma eficaz a aquel que m\u00e1s lo necesite y procurando que todos alcancen los Objetivos m\u00ednimos.<\/p>\n<p><span style=\"font-weight: 400\">Fomentaremos la lectura de forma prioritaria, como base de informaci\u00f3n y placer.&nbsp;<\/span><\/p>\n<p><span style=\"font-weight: 400\">Buscaremos los medios para que cada alumno y alumna consiga los niveles de conocimientos que le permitan desenvolverse en la sociedad cambiante y tecnificada en que vivimos.&nbsp;<\/span><\/p>\n<p><span style=\"font-weight: 400\">Nos propondremos que los\/as alumnos\/as conozcan Andaluc\u00eda en sus aspectos: humano, sociopol\u00edtico, agropecuario, t\u00e9cnico, geogr\u00e1fico, religioso y art\u00edstico. Igualmente obtendr\u00e1n conocimientos de Espa\u00f1a, su integraci\u00f3n en Europa y su proyecci\u00f3n mundial.&nbsp;<\/span><\/p>\n<p><span style=\"font-weight: 400\">El Centro apostar\u00e1 por la integraci\u00f3n escolar y social del alumnado con necesidades educativas especiales, favoreciendo su desarrollo integral.<\/span><\/p>\n<p><br style=\"font-weight: 400\"><br style=\"font-weight: 400\"><\/p>\n<p><\/li><li class=\"tab-pane \" id=\"ert_pane1-1\"><\/p>\n<p>&nbsp;<\/p>\n<p>Aqu\u00ed puedes leer las entradas m\u00e1s recientes de nuestro blog:<\/p>\n<p>&nbsp;<\/p>\n<blockquote class=\"wp-embedded-content\" data-secret=\"PQ4jdfbrEj\"><p><a href=\"https:\/\/blogsaverroes.juntadeandalucia.es\/ceipalmotamid\/2025\/03\/05\/jornada-puertas-abiertas-ceip-almotamid\/\">Jornada de puertas abiertas en el CEIP. Almotamid curso 25\/26<\/a><\/p><\/blockquote>\n<p><iframe class=\"wp-embedded-content\" sandbox=\"allow-scripts\" security=\"restricted\" style=\"position: absolute; clip: rect(1px, 1px, 1px, 1px);\" title=\"\u00abJornada de puertas abiertas en el CEIP. Almotamid curso 25\/26\u00bb \u2014 CEIP Almotamid\" src=\"https:\/\/blogsaverroes.juntadeandalucia.es\/ceipalmotamid\/2025\/03\/05\/jornada-puertas-abiertas-ceip-almotamid\/embed\/#?secret=rT2wMyg2JL#?secret=PQ4jdfbrEj\" data-secret=\"PQ4jdfbrEj\" width=\"500\" height=\"282\" frameborder=\"0\" marginwidth=\"0\" marginheight=\"0\" scrolling=\"no\"><\/iframe><\/p>\n<p>&nbsp;<\/p>\n<blockquote class=\"wp-embedded-content\" data-secret=\"ffk0hNPOlq\"><p><a href=\"https:\/\/blogsaverroes.juntadeandalucia.es\/ceipalmotamid\/2025\/02\/05\/la-vuelta-al-cole-por-la-leucemia-infantil\/\">La vuelta al cole por la leucemia infantil.<\/a><\/p><\/blockquote>\n<p><iframe class=\"wp-embedded-content\" sandbox=\"allow-scripts\" security=\"restricted\" style=\"position: absolute; clip: rect(1px, 1px, 1px, 1px);\" title=\"\u00abLa vuelta al cole por la leucemia infantil.\u00bb \u2014 CEIP Almotamid\" src=\"https:\/\/blogsaverroes.juntadeandalucia.es\/ceipalmotamid\/2025\/02\/05\/la-vuelta-al-cole-por-la-leucemia-infantil\/embed\/#?secret=kN20YdR9dr#?secret=ffk0hNPOlq\" data-secret=\"ffk0hNPOlq\" width=\"500\" height=\"282\" frameborder=\"0\" marginwidth=\"0\" marginheight=\"0\" scrolling=\"no\"><\/iframe><\/p>\n<p>&nbsp;<\/p>\n<blockquote class=\"wp-embedded-content\" data-secret=\"QHlaova96C\"><p><a href=\"https:\/\/blogsaverroes.juntadeandalucia.es\/ceipalmotamid\/2024\/11\/25\/guia-del-buen-uso-del-telefono-movil\/\">Gu\u00eda del buen uso del tel\u00e9fono m\u00f3vil<\/a><\/p><\/blockquote>\n<p><iframe class=\"wp-embedded-content\" sandbox=\"allow-scripts\" security=\"restricted\" style=\"position: absolute; clip: rect(1px, 1px, 1px, 1px);\" title=\"\u00abGu\u00eda del buen uso del tel\u00e9fono m\u00f3vil\u00bb \u2014 CEIP Almotamid\" src=\"https:\/\/blogsaverroes.juntadeandalucia.es\/ceipalmotamid\/2024\/11\/25\/guia-del-buen-uso-del-telefono-movil\/embed\/#?secret=LUG0ZLOeEq#?secret=QHlaova96C\" data-secret=\"QHlaova96C\" width=\"500\" height=\"282\" frameborder=\"0\" marginwidth=\"0\" marginheight=\"0\" scrolling=\"no\"><\/iframe><\/p>\n<p>&nbsp;<\/p>\n<blockquote class=\"wp-embedded-content\" data-secret=\"IVKGKJvgJM\"><p><a href=\"https:\/\/blogsaverroes.juntadeandalucia.es\/ceipalmotamid\/2024\/11\/25\/recomendaciones-para-la-proteccion-de-menores-en-el-entorno-digital\/\">Recomendaciones para la protecci\u00f3n de menores en el entorno digital.<\/a><\/p><\/blockquote>\n<p><iframe class=\"wp-embedded-content\" sandbox=\"allow-scripts\" security=\"restricted\" style=\"position: absolute; clip: rect(1px, 1px, 1px, 1px);\" title=\"\u00abRecomendaciones para la protecci\u00f3n de menores en el entorno digital.\u00bb \u2014 CEIP Almotamid\" src=\"https:\/\/blogsaverroes.juntadeandalucia.es\/ceipalmotamid\/2024\/11\/25\/recomendaciones-para-la-proteccion-de-menores-en-el-entorno-digital\/embed\/#?secret=TtNp4fqJam#?secret=IVKGKJvgJM\" data-secret=\"IVKGKJvgJM\" width=\"500\" height=\"282\" frameborder=\"0\" marginwidth=\"0\" marginheight=\"0\" scrolling=\"no\"><\/iframe><\/p>\n<p>&nbsp;<\/p>\n<blockquote class=\"wp-embedded-content\" data-secret=\"5OTtXBhO4e\"><p><a href=\"https:\/\/blogsaverroes.juntadeandalucia.es\/ceipalmotamid\/2024\/11\/12\/visita-al-cine-durante-el-festival-de-cine-europeo\/\">Visita al cine durante el Festival de Cine Europeo.<\/a><\/p><\/blockquote>\n<p><iframe class=\"wp-embedded-content\" sandbox=\"allow-scripts\" security=\"restricted\" style=\"position: absolute; clip: rect(1px, 1px, 1px, 1px);\" title=\"\u00abVisita al cine durante el Festival de Cine Europeo.\u00bb \u2014 CEIP Almotamid\" src=\"https:\/\/blogsaverroes.juntadeandalucia.es\/ceipalmotamid\/2024\/11\/12\/visita-al-cine-durante-el-festival-de-cine-europeo\/embed\/#?secret=syd8eLhkxQ#?secret=5OTtXBhO4e\" data-secret=\"5OTtXBhO4e\" width=\"500\" height=\"282\" frameborder=\"0\" marginwidth=\"0\" marginheight=\"0\" scrolling=\"no\"><\/iframe><\/p>\n<p>&nbsp;<\/p>\n<blockquote class=\"wp-embedded-content\" data-secret=\"wRw15U6NAj\"><p><a href=\"https:\/\/blogsaverroes.juntadeandalucia.es\/ceipalmotamid\/2024\/10\/31\/comienzan-las-actividades-extraescolares\/\">Comienzan las actividades extraescolares.<\/a><\/p><\/blockquote>\n<p><iframe class=\"wp-embedded-content\" sandbox=\"allow-scripts\" security=\"restricted\" style=\"position: absolute; clip: rect(1px, 1px, 1px, 1px);\" title=\"\u00abComienzan las actividades extraescolares.\u00bb \u2014 CEIP Almotamid\" src=\"https:\/\/blogsaverroes.juntadeandalucia.es\/ceipalmotamid\/2024\/10\/31\/comienzan-las-actividades-extraescolares\/embed\/#?secret=6fIeoUGaTe#?secret=wRw15U6NAj\" data-secret=\"wRw15U6NAj\" width=\"500\" height=\"282\" frameborder=\"0\" marginwidth=\"0\" marginheight=\"0\" scrolling=\"no\"><\/iframe><\/p>\n<p>&nbsp;<\/p>\n<blockquote class=\"wp-embedded-content\" data-secret=\"uN6ZXiQ18o\"><p><a href=\"https:\/\/blogsaverroes.juntadeandalucia.es\/ceipalmotamid\/2024\/09\/26\/reuniones-pedagogicas-inicio-de-curso-de-primaria\/\">Reuniones pedag\u00f3gicas inicio de curso de Primaria.<\/a><\/p><\/blockquote>\n<p><iframe class=\"wp-embedded-content\" sandbox=\"allow-scripts\" security=\"restricted\" style=\"position: absolute; clip: rect(1px, 1px, 1px, 1px);\" title=\"\u00abReuniones pedag\u00f3gicas inicio de curso de Primaria.\u00bb \u2014 CEIP Almotamid\" src=\"https:\/\/blogsaverroes.juntadeandalucia.es\/ceipalmotamid\/2024\/09\/26\/reuniones-pedagogicas-inicio-de-curso-de-primaria\/embed\/#?secret=ha1m0AbKl4#?secret=uN6ZXiQ18o\" data-secret=\"uN6ZXiQ18o\" width=\"500\" height=\"282\" frameborder=\"0\" marginwidth=\"0\" marginheight=\"0\" scrolling=\"no\"><\/iframe><\/p>\n<p>&nbsp;<\/p>\n<blockquote class=\"wp-embedded-content\" data-secret=\"BRQVF0Njzw\"><p><a href=\"https:\/\/blogsaverroes.juntadeandalucia.es\/ceipalmotamid\/2024\/09\/09\/inicio-curso-escolar-24-25\/\">Inicio curso escolar 24\/25<\/a><\/p><\/blockquote>\n<p><iframe class=\"wp-embedded-content\" sandbox=\"allow-scripts\" security=\"restricted\" style=\"position: absolute; clip: rect(1px, 1px, 1px, 1px);\" title=\"\u00abInicio curso escolar 24\/25\u00bb \u2014 CEIP Almotamid\" src=\"https:\/\/blogsaverroes.juntadeandalucia.es\/ceipalmotamid\/2024\/09\/09\/inicio-curso-escolar-24-25\/embed\/#?secret=BGh0aA6Iwd#?secret=BRQVF0Njzw\" data-secret=\"BRQVF0Njzw\" width=\"500\" height=\"282\" frameborder=\"0\" marginwidth=\"0\" marginheight=\"0\" scrolling=\"no\"><\/iframe><\/p>\n<blockquote class=\"wp-embedded-content\" data-secret=\"JTp9zympZ8\"><p><a href=\"https:\/\/blogsaverroes.juntadeandalucia.es\/ceipalmotamid\/2024\/05\/08\/celebramos-el-dia-de-la-mujer-y-el-dia-del-libro-en-el-cole\/\">Celebramos el D\u00eda de la mujer y el d\u00eda del libro en el cole.<\/a><\/p><\/blockquote>\n<p><iframe class=\"wp-embedded-content\" sandbox=\"allow-scripts\" security=\"restricted\" style=\"position: absolute; clip: rect(1px, 1px, 1px, 1px);\" title=\"\u00abCelebramos el D\u00eda de la mujer y el d\u00eda del libro en el cole.\u00bb \u2014 CEIP Almotamid\" src=\"https:\/\/blogsaverroes.juntadeandalucia.es\/ceipalmotamid\/2024\/05\/08\/celebramos-el-dia-de-la-mujer-y-el-dia-del-libro-en-el-cole\/embed\/#?secret=a713uOe6BS#?secret=JTp9zympZ8\" data-secret=\"JTp9zympZ8\" width=\"500\" height=\"282\" frameborder=\"0\" marginwidth=\"0\" marginheight=\"0\" scrolling=\"no\"><\/iframe><\/p>\n<p>&nbsp;<\/p>\n<blockquote class=\"wp-embedded-content\" data-secret=\"b2iSK7EZY3\"><p><a href=\"https:\/\/blogsaverroes.juntadeandalucia.es\/ceipalmotamid\/2024\/05\/08\/vacunate\/\">\u00a1Vac\u00fanate!<\/a><\/p><\/blockquote>\n<p><iframe class=\"wp-embedded-content\" sandbox=\"allow-scripts\" security=\"restricted\" style=\"position: absolute; clip: rect(1px, 1px, 1px, 1px);\" title=\"\u00ab\u00a1Vac\u00fanate!\u00bb \u2014 CEIP Almotamid\" src=\"https:\/\/blogsaverroes.juntadeandalucia.es\/ceipalmotamid\/2024\/05\/08\/vacunate\/embed\/#?secret=DF27Gio46r#?secret=b2iSK7EZY3\" data-secret=\"b2iSK7EZY3\" width=\"500\" height=\"282\" frameborder=\"0\" marginwidth=\"0\" marginheight=\"0\" scrolling=\"no\"><\/iframe><\/p>\n<p>&nbsp;<\/p>\n<blockquote class=\"wp-embedded-content\" data-secret=\"BttK9FY7RW\"><p><a href=\"https:\/\/blogsaverroes.juntadeandalucia.es\/ceipalmotamid\/2024\/05\/08\/imaginemos-nuestros-barrios\/\">Imaginemos nuestros barrios<\/a><\/p><\/blockquote>\n<p><iframe class=\"wp-embedded-content\" sandbox=\"allow-scripts\" security=\"restricted\" style=\"position: absolute; clip: rect(1px, 1px, 1px, 1px);\" title=\"\u00abImaginemos nuestros barrios\u00bb \u2014 CEIP Almotamid\" src=\"https:\/\/blogsaverroes.juntadeandalucia.es\/ceipalmotamid\/2024\/05\/08\/imaginemos-nuestros-barrios\/embed\/#?secret=grYXE5KS0t#?secret=BttK9FY7RW\" data-secret=\"BttK9FY7RW\" width=\"500\" height=\"282\" frameborder=\"0\" marginwidth=\"0\" marginheight=\"0\" scrolling=\"no\"><\/iframe><\/p>\n<p>&nbsp;<\/p>\n<blockquote class=\"wp-embedded-content\" data-secret=\"7AXs2vxskc\"><p><a href=\"https:\/\/blogsaverroes.juntadeandalucia.es\/ceipalmotamid\/2024\/05\/08\/agradecimiento-a-nuestra-colaboracion-en-el-proyecto-traspapeleo\/\">Agradecimiento a nuestra colaboraci\u00f3n en el proyecto Traspapeleo.<\/a><\/p><\/blockquote>\n<p><iframe class=\"wp-embedded-content\" sandbox=\"allow-scripts\" security=\"restricted\" style=\"position: absolute; clip: rect(1px, 1px, 1px, 1px);\" title=\"\u00abAgradecimiento a nuestra colaboraci\u00f3n en el proyecto Traspapeleo.\u00bb \u2014 CEIP Almotamid\" src=\"https:\/\/blogsaverroes.juntadeandalucia.es\/ceipalmotamid\/2024\/05\/08\/agradecimiento-a-nuestra-colaboracion-en-el-proyecto-traspapeleo\/embed\/#?secret=115tYuGesb#?secret=7AXs2vxskc\" data-secret=\"7AXs2vxskc\" width=\"500\" height=\"282\" frameborder=\"0\" marginwidth=\"0\" marginheight=\"0\" scrolling=\"no\"><\/iframe><\/p>\n<p>&nbsp;<\/p>\n<blockquote class=\"wp-embedded-content\" data-secret=\"ToUyNbgNar\"><p><a href=\"https:\/\/blogsaverroes.juntadeandalucia.es\/ceipalmotamid\/2024\/05\/08\/mago-torres\/\">Mago Torres<\/a><\/p><\/blockquote>\n<p><iframe class=\"wp-embedded-content\" sandbox=\"allow-scripts\" security=\"restricted\" style=\"position: absolute; clip: rect(1px, 1px, 1px, 1px);\" title=\"\u00abMago Torres\u00bb \u2014 CEIP Almotamid\" src=\"https:\/\/blogsaverroes.juntadeandalucia.es\/ceipalmotamid\/2024\/05\/08\/mago-torres\/embed\/#?secret=IuWjNpxbUd#?secret=ToUyNbgNar\" data-secret=\"ToUyNbgNar\" width=\"500\" height=\"282\" frameborder=\"0\" marginwidth=\"0\" marginheight=\"0\" scrolling=\"no\"><\/iframe><\/p>\n<p>&nbsp;<\/p>\n<blockquote class=\"wp-embedded-content\" data-secret=\"gb0clV2Br1\"><p><a href=\"https:\/\/blogsaverroes.juntadeandalucia.es\/ceipalmotamid\/2024\/05\/08\/construimos-nuestra-torre-de-la-igualdad\/\">Construimos nuestra Torre de la Igualdad.<\/a><\/p><\/blockquote>\n<p><iframe class=\"wp-embedded-content\" sandbox=\"allow-scripts\" security=\"restricted\" style=\"position: absolute; clip: rect(1px, 1px, 1px, 1px);\" title=\"\u00abConstruimos nuestra Torre de la Igualdad.\u00bb \u2014 CEIP Almotamid\" src=\"https:\/\/blogsaverroes.juntadeandalucia.es\/ceipalmotamid\/2024\/05\/08\/construimos-nuestra-torre-de-la-igualdad\/embed\/#?secret=ofEE7qg7GP#?secret=gb0clV2Br1\" data-secret=\"gb0clV2Br1\" width=\"500\" height=\"282\" frameborder=\"0\" marginwidth=\"0\" marginheight=\"0\" scrolling=\"no\"><\/iframe><\/p>\n<p>&nbsp;<\/p>\n<blockquote class=\"wp-embedded-content\" data-secret=\"FGAC51sjMg\"><p><a href=\"https:\/\/blogsaverroes.juntadeandalucia.es\/ceipalmotamid\/2024\/05\/08\/decalogo-del-buen-uso-del-grupo-de-whatsapp-de-padres-y-madres\/\">Dec\u00e1logo del buen uso del grupo de WhatsApp de padres y madres.<\/a><\/p><\/blockquote>\n<p><iframe class=\"wp-embedded-content\" sandbox=\"allow-scripts\" security=\"restricted\" style=\"position: absolute; clip: rect(1px, 1px, 1px, 1px);\" title=\"\u00abDec\u00e1logo del buen uso del grupo de WhatsApp de padres y madres.\u00bb \u2014 CEIP Almotamid\" src=\"https:\/\/blogsaverroes.juntadeandalucia.es\/ceipalmotamid\/2024\/05\/08\/decalogo-del-buen-uso-del-grupo-de-whatsapp-de-padres-y-madres\/embed\/#?secret=kVJYECJ8di#?secret=FGAC51sjMg\" data-secret=\"FGAC51sjMg\" width=\"500\" height=\"282\" frameborder=\"0\" marginwidth=\"0\" marginheight=\"0\" scrolling=\"no\"><\/iframe><\/p>\n<p>&nbsp;<\/p>\n<blockquote class=\"wp-embedded-content\" data-secret=\"S9VaxgvZ4o\"><p><a href=\"https:\/\/blogsaverroes.juntadeandalucia.es\/ceipalmotamid\/2024\/04\/10\/sexto-participa-en-el-v-open-chess\/\">Alumnado de 6\u00ba de Primaria de nuestro cole participa en el V Open Chess.<\/a><\/p><\/blockquote>\n<p><iframe class=\"wp-embedded-content\" sandbox=\"allow-scripts\" security=\"restricted\" style=\"position: absolute; clip: rect(1px, 1px, 1px, 1px);\" title=\"\u00abAlumnado de 6\u00ba de Primaria de nuestro cole participa en el V Open Chess.\u00bb \u2014 CEIP Almotamid\" src=\"https:\/\/blogsaverroes.juntadeandalucia.es\/ceipalmotamid\/2024\/04\/10\/sexto-participa-en-el-v-open-chess\/embed\/#?secret=YiZWAvAB8F#?secret=S9VaxgvZ4o\" data-secret=\"S9VaxgvZ4o\" width=\"500\" height=\"282\" frameborder=\"0\" marginwidth=\"0\" marginheight=\"0\" scrolling=\"no\"><\/iframe><\/p>\n<p>&nbsp;<\/p>\n<blockquote class=\"wp-embedded-content\" data-secret=\"gRVNVSfIGr\"><p><a href=\"https:\/\/blogsaverroes.juntadeandalucia.es\/ceipalmotamid\/2024\/04\/10\/materiales-para-la-estimulacion-del-lenguaje-oral-en-educacion-infantil\/\">Materiales para la estimulaci\u00f3n del lenguaje oral en educaci\u00f3n infantil.<\/a><\/p><\/blockquote>\n<p><iframe class=\"wp-embedded-content\" sandbox=\"allow-scripts\" security=\"restricted\" style=\"position: absolute; clip: rect(1px, 1px, 1px, 1px);\" title=\"\u00abMateriales para la estimulaci\u00f3n del lenguaje oral en educaci\u00f3n infantil.\u00bb \u2014 CEIP Almotamid\" src=\"https:\/\/blogsaverroes.juntadeandalucia.es\/ceipalmotamid\/2024\/04\/10\/materiales-para-la-estimulacion-del-lenguaje-oral-en-educacion-infantil\/embed\/#?secret=DD763iwazP#?secret=gRVNVSfIGr\" data-secret=\"gRVNVSfIGr\" width=\"500\" height=\"282\" frameborder=\"0\" marginwidth=\"0\" marginheight=\"0\" scrolling=\"no\"><\/iframe><\/p>\n<p>&nbsp;<\/p>\n<blockquote class=\"wp-embedded-content\" data-secret=\"qLEGfujiLq\"><p><a href=\"https:\/\/blogsaverroes.juntadeandalucia.es\/ceipalmotamid\/2024\/04\/03\/merienda-pedagogica-infantil\/\">Merienda pedag\u00f3gica Infantil.<\/a><\/p><\/blockquote>\n<p><iframe class=\"wp-embedded-content\" sandbox=\"allow-scripts\" security=\"restricted\" style=\"position: absolute; clip: rect(1px, 1px, 1px, 1px);\" title=\"\u00abMerienda pedag\u00f3gica Infantil.\u00bb \u2014 CEIP Almotamid\" src=\"https:\/\/blogsaverroes.juntadeandalucia.es\/ceipalmotamid\/2024\/04\/03\/merienda-pedagogica-infantil\/embed\/#?secret=hjYRRzXY99#?secret=qLEGfujiLq\" data-secret=\"qLEGfujiLq\" width=\"500\" height=\"282\" frameborder=\"0\" marginwidth=\"0\" marginheight=\"0\" scrolling=\"no\"><\/iframe><\/p>\n<p>&nbsp;<\/p>\n<blockquote class=\"wp-embedded-content\" data-secret=\"C80vTtbLtJ\"><p><a href=\"https:\/\/blogsaverroes.juntadeandalucia.es\/ceipalmotamid\/2024\/03\/21\/materiales-para-lectoescritura\/\">Materiales para lectoescritura.<\/a><\/p><\/blockquote>\n<p><iframe class=\"wp-embedded-content\" sandbox=\"allow-scripts\" security=\"restricted\" style=\"position: absolute; clip: rect(1px, 1px, 1px, 1px);\" title=\"\u00abMateriales para lectoescritura.\u00bb \u2014 CEIP Almotamid\" src=\"https:\/\/blogsaverroes.juntadeandalucia.es\/ceipalmotamid\/2024\/03\/21\/materiales-para-lectoescritura\/embed\/#?secret=lOCjf3f534#?secret=C80vTtbLtJ\" data-secret=\"C80vTtbLtJ\" width=\"500\" height=\"282\" frameborder=\"0\" marginwidth=\"0\" marginheight=\"0\" scrolling=\"no\"><\/iframe><\/p>\n<p>&nbsp;<\/p>\n<p><\/li><li class=\"tab-pane \" id=\"ert_pane1-2\"><\/p>\n<p>En el siguiente enlace encontrar\u00e1s todos las noticias de nuestro centro.<\/p>\n<p><a href=\"https:\/\/blogsaverroes.juntadeandalucia.es\/ceipalmotamid\/entradas\/\">https:\/\/blogsaverroes.juntadeandalucia.es\/ceipalmotamid\/entradas\/<\/a><\/p>\n<p><\/li><\/ul><\/div><\/div>\n","protected":false},"excerpt":{"rendered":"<p>&nbsp; &nbsp;<\/p>\n","protected":false},"author":1,"featured_media":0,"parent":0,"menu_order":0,"comment_status":"open","ping_status":"open","template":"","meta":{"ngg_post_thumbnail":0,"footnotes":"","_mc_calendar":[]},"aioseo_notices":[],"_links":{"self":[{"href":"https:\/\/blogsaverroes.juntadeandalucia.es\/ceipalmotamid\/wp-json\/wp\/v2\/pages\/1113"}],"collection":[{"href":"https:\/\/blogsaverroes.juntadeandalucia.es\/ceipalmotamid\/wp-json\/wp\/v2\/pages"}],"about":[{"href":"https:\/\/blogsaverroes.juntadeandalucia.es\/ceipalmotamid\/wp-json\/wp\/v2\/types\/page"}],"author":[{"embeddable":true,"href":"https:\/\/blogsaverroes.juntadeandalucia.es\/ceipalmotamid\/wp-json\/wp\/v2\/users\/1"}],"replies":[{"embeddable":true,"href":"https:\/\/blogsaverroes.juntadeandalucia.es\/ceipalmotamid\/wp-json\/wp\/v2\/comments?post=1113"}],"version-history":[{"count":52,"href":"https:\/\/blogsaverroes.juntadeandalucia.es\/ceipalmotamid\/wp-json\/wp\/v2\/pages\/1113\/revisions"}],"predecessor-version":[{"id":3196,"href":"https:\/\/blogsaverroes.juntadeandalucia.es\/ceipalmotamid\/wp-json\/wp\/v2\/pages\/1113\/revisions\/3196"}],"wp:attachment":[{"href":"https:\/\/blogsaverroes.juntadeandalucia.es\/ceipalmotamid\/wp-json\/wp\/v2\/media?parent=1113"}],"curies":[{"name":"wp","href":"https:\/\/api.w.org\/{rel}","templated":true}]}}