{"id":113,"date":"2015-03-16T08:06:00","date_gmt":"2015-03-16T08:06:00","guid":{"rendered":"http:\/\/blogsaverroes.juntadeandalucia.es\/pre\/ceip\/?page_id=113"},"modified":"2023-03-02T10:37:56","modified_gmt":"2023-03-02T10:37:56","slug":"biblioteca","status":"publish","type":"page","link":"https:\/\/blogsaverroes.juntadeandalucia.es\/ceipalmotamid\/biblioteca\/","title":{"rendered":"Biblioteca"},"content":{"rendered":"<p><iframe loading=\"lazy\" width=\"500\" height=\"281\" src=\"https:\/\/www.youtube.com\/embed\/N_rrGePF_zM?feature=oembed&#038;wmode=opaque\" frameborder=\"0\" allowfullscreen><\/iframe><\/p>\n<p>La Biblioteca Escolar de nuestro centro debe convertirse en un lugar m\u00e1gico, motivador, capaz de fomentar la lectura como fuente de placer.&nbsp;<\/p>\n<p>Las finalidades que queremos alcanzar son:<\/p>\n<p>&#8211; La Biblioteca se convierta en un recurso educativo para nuestro alumnado. Donde puedan no s\u00f3lo leer sino tambi\u00e9n buscar informaci\u00f3n a trav\u00e9s de libros y de los recursos digitales.&nbsp;<\/p>\n<p>&#8211; Las familias y el resto de la comunidad educativa puedan utilizarla, encontrando all\u00ed recursos para poder ayudar a sus hijos\/as en las tareas escolares o para su propio disfrute.&nbsp;&nbsp;<\/p>\n<p>Est\u00e1 situada en la planta baja del edificio principal. Debidamente se\u00f1alizada para facilitar su acceso desde el exterior. Dimensiones similares a un aula, consta de una sala con varias zonas: zona de lectura y consulta para el alumnado de Primaria, zona de lectura y consulta para el alumnado de Infantil, pantalla digital, zona inform\u00e1tica y zona de pr\u00e9stamos.&nbsp;<\/p>\n<p>Los servicios que presta la Biblioteca Escolar son:&nbsp;<\/p>\n<p>&#8211; <strong>Para el alumnado:&nbsp;<\/strong>lectura, consulta en sala (tanto digital como en libros), realizaci\u00f3n y participaci\u00f3n de actividades relacionadas con la lectura (dramatizaciones, cuenta cuentos, etc.) y pr\u00e9stamos.&nbsp;<\/p>\n<p>&#8211;&nbsp;<strong>Para las familias\/profesorado:&nbsp;<\/strong>acceso a recursos digitales y bibliogr\u00e1ficos para su formaci\u00f3n; ayuda, realizaci\u00f3n e implicaci\u00f3n en todas las actividades que se lleven a cabo desde la biblioteca escolar, ayuda en la catalogaci\u00f3n de los libros que se vayan adquiriendo; lectura; consulta en sala y pr\u00e9stamos.&nbsp;<\/p>\n<p>&nbsp;<\/p>\n<p>&nbsp;<\/p>\n<p>&nbsp;<\/p>\n<p><a title=\"Bibliotecas escolares\" href=\"http:\/\/www.rmbs.es\/blog\/biblioteca-el-esqueleto\/\" target=\"_blank\" rel=\"noopener noreferrer\">Enlace al portal Biblioteca El Esqueleto<\/a><\/p>\n<p>&nbsp;<\/p>\n","protected":false},"excerpt":{"rendered":"<p>La Biblioteca Escolar de nuestro centro debe convertirse en un lugar m\u00e1gico, motivador, capaz de fomentar la lectura como fuente de placer.&nbsp; Las finalidades que queremos alcanzar son: &#8211; La Biblioteca se convierta en&#46;&#46;&#46;<\/p>\n","protected":false},"author":1,"featured_media":0,"parent":0,"menu_order":0,"comment_status":"open","ping_status":"open","template":"","meta":{"ngg_post_thumbnail":0,"footnotes":"","_mc_calendar":[]},"aioseo_notices":[],"_links":{"self":[{"href":"https:\/\/blogsaverroes.juntadeandalucia.es\/ceipalmotamid\/wp-json\/wp\/v2\/pages\/113"}],"collection":[{"href":"https:\/\/blogsaverroes.juntadeandalucia.es\/ceipalmotamid\/wp-json\/wp\/v2\/pages"}],"about":[{"href":"https:\/\/blogsaverroes.juntadeandalucia.es\/ceipalmotamid\/wp-json\/wp\/v2\/types\/page"}],"author":[{"embeddable":true,"href":"https:\/\/blogsaverroes.juntadeandalucia.es\/ceipalmotamid\/wp-json\/wp\/v2\/users\/1"}],"replies":[{"embeddable":true,"href":"https:\/\/blogsaverroes.juntadeandalucia.es\/ceipalmotamid\/wp-json\/wp\/v2\/comments?post=113"}],"version-history":[{"count":10,"href":"https:\/\/blogsaverroes.juntadeandalucia.es\/ceipalmotamid\/wp-json\/wp\/v2\/pages\/113\/revisions"}],"predecessor-version":[{"id":2482,"href":"https:\/\/blogsaverroes.juntadeandalucia.es\/ceipalmotamid\/wp-json\/wp\/v2\/pages\/113\/revisions\/2482"}],"wp:attachment":[{"href":"https:\/\/blogsaverroes.juntadeandalucia.es\/ceipalmotamid\/wp-json\/wp\/v2\/media?parent=113"}],"curies":[{"name":"wp","href":"https:\/\/api.w.org\/{rel}","templated":true}]}}