{"id":141,"date":"2015-03-17T07:13:24","date_gmt":"2015-03-17T07:13:24","guid":{"rendered":"http:\/\/blogsaverroes.juntadeandalucia.es\/pre\/ceip\/?page_id=141"},"modified":"2025-03-05T10:24:09","modified_gmt":"2025-03-05T10:24:09","slug":"escolarizacion","status":"publish","type":"page","link":"https:\/\/blogsaverroes.juntadeandalucia.es\/ceipalmotamid\/escolarizacion\/","title":{"rendered":"Escolarizaci\u00f3n"},"content":{"rendered":"<p>&nbsp;<\/p>\n<p>&nbsp;<\/p>\n<p><a href=\"https:\/\/blogsaverroes.juntadeandalucia.es\/ceipalmotamid\/files\/2023\/02\/imagen-escolarizacion.jpg\"><img loading=\"lazy\" decoding=\"async\" class=\"alignnone size-medium wp-image-2366\" src=\"https:\/\/blogsaverroes.juntadeandalucia.es\/ceipalmotamid\/files\/2023\/02\/imagen-escolarizacion-300x90.jpg\" alt=\"\" width=\"300\" height=\"90\" srcset=\"https:\/\/blogsaverroes.juntadeandalucia.es\/ceipalmotamid\/files\/2023\/02\/imagen-escolarizacion-300x90.jpg 300w, https:\/\/blogsaverroes.juntadeandalucia.es\/ceipalmotamid\/files\/2023\/02\/imagen-escolarizacion.jpg 395w\" sizes=\"(max-width: 300px) 100vw, 300px\" \/><\/a><\/p>\n<p>En esta secci\u00f3n podemos encontrar informaci\u00f3n de utilidad para las familias a la hora de de iniciar el proceso de escolarizaci\u00f3n: plazos, documentos, normativa, enlaces, etc.<\/p>\n<p>Pincha en cada enlace para acceder a la normativa, \u00e1reas de influencia, as\u00ed como a la secci\u00f3n de preguntas frecuentes relacionadas con el proceso de escolarizaci\u00f3n.<\/p>\n<p><a title=\"Procedimiento\" href=\"https:\/\/www.juntadeandalucia.es\/educacion\/portals\/web\/escolarizacion\/infantil-a-bachillerato\/normativa\/-\/normativas\/listado\/1\" target=\"_blank\" rel=\"noopener noreferrer\">Normativa<\/a>&nbsp;sobre el proceso de escolarizaci\u00f3n.<\/p>\n<p><a href=\"https:\/\/www.juntadeandalucia.es\/educacion\/educasig\/escolarizacion\/\">\u00c1reas de influencia<\/a><\/p>\n<p><a href=\"https:\/\/www.juntadeandalucia.es\/educacion\/portals\/web\/escolarizacion\/infantil-a-bachillerato\/preguntas-frecuentes\">Preguntas frecuentes.<\/a><\/p>\n<blockquote class=\"wp-embedded-content\" data-secret=\"jWgQGNGcgF\"><p><a href=\"https:\/\/blogsaverroes.juntadeandalucia.es\/ceipalmotamid\/2025\/03\/05\/jornada-puertas-abiertas-ceip-almotamid\/\">Jornada de puertas abiertas en el CEIP. Almotamid curso 25\/26<\/a><\/p><\/blockquote>\n<p><iframe class=\"wp-embedded-content\" sandbox=\"allow-scripts\" security=\"restricted\" style=\"position: absolute; clip: rect(1px, 1px, 1px, 1px);\" title=\"\u00abJornada de puertas abiertas en el CEIP. Almotamid curso 25\/26\u00bb \u2014 CEIP Almotamid\" src=\"https:\/\/blogsaverroes.juntadeandalucia.es\/ceipalmotamid\/2025\/03\/05\/jornada-puertas-abiertas-ceip-almotamid\/embed\/#?secret=GFyrw50fvC#?secret=jWgQGNGcgF\" data-secret=\"jWgQGNGcgF\" width=\"500\" height=\"282\" frameborder=\"0\" marginwidth=\"0\" marginheight=\"0\" scrolling=\"no\"><\/iframe><\/p>\n<p>&nbsp;<\/p>\n<blockquote class=\"wp-embedded-content\" data-secret=\"Ldhr1NT2nl\"><p><a href=\"https:\/\/blogsaverroes.juntadeandalucia.es\/ceipalmotamid\/2024\/02\/26\/jornada-de-puertas-abiertas-para-nuevas-familias-curso-2024-25\/\">Jornada de puertas abiertas para nuevas familias, curso 2024\/25.<\/a><\/p><\/blockquote>\n<p><iframe class=\"wp-embedded-content\" sandbox=\"allow-scripts\" security=\"restricted\" style=\"position: absolute; clip: rect(1px, 1px, 1px, 1px);\" title=\"\u00abJornada de puertas abiertas para nuevas familias, curso 2024\/25.\u00bb \u2014 CEIP Almotamid\" src=\"https:\/\/blogsaverroes.juntadeandalucia.es\/ceipalmotamid\/2024\/02\/26\/jornada-de-puertas-abiertas-para-nuevas-familias-curso-2024-25\/embed\/#?secret=2adg8id0y0#?secret=Ldhr1NT2nl\" data-secret=\"Ldhr1NT2nl\" width=\"500\" height=\"282\" frameborder=\"0\" marginwidth=\"0\" marginheight=\"0\" scrolling=\"no\"><\/iframe><\/p>\n","protected":false},"excerpt":{"rendered":"<p>&nbsp; &nbsp; En esta secci\u00f3n podemos encontrar informaci\u00f3n de utilidad para las familias a la hora de de iniciar el proceso de escolarizaci\u00f3n: plazos, documentos, normativa, enlaces, etc. Pincha en cada enlace para acceder&#46;&#46;&#46;<\/p>\n","protected":false},"author":1,"featured_media":0,"parent":0,"menu_order":0,"comment_status":"open","ping_status":"open","template":"","meta":{"ngg_post_thumbnail":0,"footnotes":"","_mc_calendar":[]},"aioseo_notices":[],"_links":{"self":[{"href":"https:\/\/blogsaverroes.juntadeandalucia.es\/ceipalmotamid\/wp-json\/wp\/v2\/pages\/141"}],"collection":[{"href":"https:\/\/blogsaverroes.juntadeandalucia.es\/ceipalmotamid\/wp-json\/wp\/v2\/pages"}],"about":[{"href":"https:\/\/blogsaverroes.juntadeandalucia.es\/ceipalmotamid\/wp-json\/wp\/v2\/types\/page"}],"author":[{"embeddable":true,"href":"https:\/\/blogsaverroes.juntadeandalucia.es\/ceipalmotamid\/wp-json\/wp\/v2\/users\/1"}],"replies":[{"embeddable":true,"href":"https:\/\/blogsaverroes.juntadeandalucia.es\/ceipalmotamid\/wp-json\/wp\/v2\/comments?post=141"}],"version-history":[{"count":12,"href":"https:\/\/blogsaverroes.juntadeandalucia.es\/ceipalmotamid\/wp-json\/wp\/v2\/pages\/141\/revisions"}],"predecessor-version":[{"id":3198,"href":"https:\/\/blogsaverroes.juntadeandalucia.es\/ceipalmotamid\/wp-json\/wp\/v2\/pages\/141\/revisions\/3198"}],"wp:attachment":[{"href":"https:\/\/blogsaverroes.juntadeandalucia.es\/ceipalmotamid\/wp-json\/wp\/v2\/media?parent=141"}],"curies":[{"name":"wp","href":"https:\/\/api.w.org\/{rel}","templated":true}]}}