{"id":2220,"date":"2022-05-05T11:49:16","date_gmt":"2022-05-05T11:49:16","guid":{"rendered":"https:\/\/blogsaverroes.juntadeandalucia.es\/ceipalmotamid\/?page_id=2220"},"modified":"2023-05-29T14:27:13","modified_gmt":"2023-05-29T14:27:13","slug":"bilinguismo","status":"publish","type":"page","link":"https:\/\/blogsaverroes.juntadeandalucia.es\/ceipalmotamid\/bilinguismo\/","title":{"rendered":"Biling\u00fcismo"},"content":{"rendered":"<p>Bienvenidos al \u00e1rea de Biling\u00fcismo&nbsp; del Ceip Almotamid. En este apartado iremos publicando datos&nbsp; y actividades interesantes que hacemos desde las diferentes \u00e1reas biling\u00fces del centro.<\/p>\n<p>Pod\u00e9is conectaros cuando quer\u00e1is para estar al d\u00eda en todo lo que hacemos.<\/p>\n<p>Un saludo.<\/p>\n<p>&nbsp;<\/p>\n<p><a href=\"https:\/\/blogsaverroes.juntadeandalucia.es\/ceipalmotamid\/files\/2015\/03\/colegio.png\"><img loading=\"lazy\" decoding=\"async\" class=\"size-medium wp-image-565 aligncenter\" src=\"https:\/\/blogsaverroes.juntadeandalucia.es\/ceipalmotamid\/files\/2015\/03\/colegio-300x153.png\" alt=\"\" width=\"300\" height=\"153\" srcset=\"https:\/\/blogsaverroes.juntadeandalucia.es\/ceipalmotamid\/files\/2015\/03\/colegio-300x153.png 300w, https:\/\/blogsaverroes.juntadeandalucia.es\/ceipalmotamid\/files\/2015\/03\/colegio-1024x524.png 1024w, https:\/\/blogsaverroes.juntadeandalucia.es\/ceipalmotamid\/files\/2015\/03\/colegio.png 1280w\" sizes=\"(max-width: 300px) 100vw, 300px\" \/><\/a><\/p>\n<p><a href=\"https:\/\/docs.google.com\/document\/d\/1R_MspZjMxiP86J_EJVP4t5cXd4_pRLp5\/edit?usp=sharing&amp;ouid=112292241962815174069&amp;rtpof=true&amp;sd=true\">Ficha Informativa Auxiliares de Conversaci\u00f3n<\/a><\/p>\n<p>Hemos trabajado durante el curso diferentes unidades integradas, en el primer trimestre, \u00ablas nuevas tecnolog\u00edas\u00bb y en el segundo trimestre, \u00ablos libros: nos gusta contar, leer y escribir\u00bb.<\/p>\n<p>Dichas actividades se han llevado a cabo a trav\u00e9s de las diferentes \u00e1reas.<\/p>\n\n\t\t<style>\n\t\t\t#gallery-1 {\n\t\t\t\tmargin: auto;\n\t\t\t}\n\t\t\t#gallery-1 .gallery-item {\n\t\t\t\tfloat: left;\n\t\t\t\tmargin-top: 10px;\n\t\t\t\ttext-align: center;\n\t\t\t\twidth: 20%;\n\t\t\t}\n\t\t\t#gallery-1 img {\n\t\t\t\tborder: 2px solid #cfcfcf;\n\t\t\t}\n\t\t\t#gallery-1 .gallery-caption {\n\t\t\t\tmargin-left: 0;\n\t\t\t}\n\t\t\t\/* see gallery_shortcode() in wp-includes\/media.php *\/\n\t\t<\/style>\n\t\t<div id='gallery-1' class='gallery galleryid-2220 gallery-columns-5 gallery-size-thumbnail'><dl class='gallery-item'>\n\t\t\t<dt class='gallery-icon landscape'>\n\t\t\t\t<a href='https:\/\/blogsaverroes.juntadeandalucia.es\/ceipalmotamid\/bilinguismo\/img-20230517-wa0004\/'><img loading=\"lazy\" decoding=\"async\" width=\"150\" height=\"150\" src=\"https:\/\/blogsaverroes.juntadeandalucia.es\/ceipalmotamid\/files\/2023\/05\/IMG-20230517-WA0004-150x150.jpg\" class=\"attachment-thumbnail size-thumbnail\" alt=\"\" \/><\/a>\n\t\t\t<\/dt><\/dl><dl class='gallery-item'>\n\t\t\t<dt class='gallery-icon portrait'>\n\t\t\t\t<a href='https:\/\/blogsaverroes.juntadeandalucia.es\/ceipalmotamid\/bilinguismo\/20221221_093114\/'><img loading=\"lazy\" decoding=\"async\" width=\"150\" height=\"150\" src=\"https:\/\/blogsaverroes.juntadeandalucia.es\/ceipalmotamid\/files\/2023\/05\/20221221_093114-150x150.jpg\" class=\"attachment-thumbnail size-thumbnail\" alt=\"\" \/><\/a>\n\t\t\t<\/dt><\/dl><dl class='gallery-item'>\n\t\t\t<dt class='gallery-icon landscape'>\n\t\t\t\t<a href='https:\/\/blogsaverroes.juntadeandalucia.es\/ceipalmotamid\/bilinguismo\/ready-to-use-bookmarks\/'><img loading=\"lazy\" decoding=\"async\" width=\"150\" height=\"150\" src=\"https:\/\/blogsaverroes.juntadeandalucia.es\/ceipalmotamid\/files\/2023\/05\/Ready-to-use-bookmarks-150x150.jpeg\" class=\"attachment-thumbnail size-thumbnail\" alt=\"\" \/><\/a>\n\t\t\t<\/dt><\/dl><dl class='gallery-item'>\n\t\t\t<dt class='gallery-icon landscape'>\n\t\t\t\t<a href='https:\/\/blogsaverroes.juntadeandalucia.es\/ceipalmotamid\/bilinguismo\/attachment\/1683558131244\/'><img loading=\"lazy\" decoding=\"async\" width=\"150\" height=\"150\" src=\"https:\/\/blogsaverroes.juntadeandalucia.es\/ceipalmotamid\/files\/2023\/05\/1683558131244-150x150.jpg\" class=\"attachment-thumbnail size-thumbnail\" alt=\"\" \/><\/a>\n\t\t\t<\/dt><\/dl><dl class='gallery-item'>\n\t\t\t<dt class='gallery-icon portrait'>\n\t\t\t\t<a href='https:\/\/blogsaverroes.juntadeandalucia.es\/ceipalmotamid\/bilinguismo\/img-8020\/'><img loading=\"lazy\" decoding=\"async\" width=\"150\" height=\"150\" src=\"https:\/\/blogsaverroes.juntadeandalucia.es\/ceipalmotamid\/files\/2023\/05\/IMG-8020-150x150.jpg\" class=\"attachment-thumbnail size-thumbnail\" alt=\"\" \/><\/a>\n\t\t\t<\/dt><\/dl><br style=\"clear: both\" \/><dl class='gallery-item'>\n\t\t\t<dt class='gallery-icon landscape'>\n\t\t\t\t<a href='https:\/\/blogsaverroes.juntadeandalucia.es\/ceipalmotamid\/bilinguismo\/bookmarks-back-page\/'><img loading=\"lazy\" decoding=\"async\" width=\"150\" height=\"150\" src=\"https:\/\/blogsaverroes.juntadeandalucia.es\/ceipalmotamid\/files\/2023\/05\/BOOKMARKS-back-page-150x150.jpeg\" class=\"attachment-thumbnail size-thumbnail\" alt=\"\" \/><\/a>\n\t\t\t<\/dt><\/dl><dl class='gallery-item'>\n\t\t\t<dt class='gallery-icon portrait'>\n\t\t\t\t<a href='https:\/\/blogsaverroes.juntadeandalucia.es\/ceipalmotamid\/bilinguismo\/piramide-alimentaria\/'><img loading=\"lazy\" decoding=\"async\" width=\"150\" height=\"150\" src=\"https:\/\/blogsaverroes.juntadeandalucia.es\/ceipalmotamid\/files\/2023\/05\/Pir\u00e1mide-alimentaria--150x150.jpg\" class=\"attachment-thumbnail size-thumbnail\" alt=\"\" \/><\/a>\n\t\t\t<\/dt><\/dl><dl class='gallery-item'>\n\t\t\t<dt class='gallery-icon landscape'>\n\t\t\t\t<a href='https:\/\/blogsaverroes.juntadeandalucia.es\/ceipalmotamid\/bilinguismo\/attachment\/1671641193020\/'><img loading=\"lazy\" decoding=\"async\" width=\"150\" height=\"150\" src=\"https:\/\/blogsaverroes.juntadeandalucia.es\/ceipalmotamid\/files\/2023\/05\/1671641193020-150x150.jpg\" class=\"attachment-thumbnail size-thumbnail\" alt=\"\" \/><\/a>\n\t\t\t<\/dt><\/dl><dl class='gallery-item'>\n\t\t\t<dt class='gallery-icon landscape'>\n\t\t\t\t<a href='https:\/\/blogsaverroes.juntadeandalucia.es\/ceipalmotamid\/bilinguismo\/attachment\/1671640915312\/'><img loading=\"lazy\" decoding=\"async\" width=\"150\" height=\"150\" src=\"https:\/\/blogsaverroes.juntadeandalucia.es\/ceipalmotamid\/files\/2023\/05\/1671640915312-150x150.jpg\" class=\"attachment-thumbnail size-thumbnail\" alt=\"\" \/><\/a>\n\t\t\t<\/dt><\/dl><dl class='gallery-item'>\n\t\t\t<dt class='gallery-icon landscape'>\n\t\t\t\t<a href='https:\/\/blogsaverroes.juntadeandalucia.es\/ceipalmotamid\/bilinguismo\/marco-decorativo\/'><img loading=\"lazy\" decoding=\"async\" width=\"150\" height=\"150\" src=\"https:\/\/blogsaverroes.juntadeandalucia.es\/ceipalmotamid\/files\/2023\/05\/Marco-decorativo--150x150.jpg\" class=\"attachment-thumbnail size-thumbnail\" alt=\"\" \/><\/a>\n\t\t\t<\/dt><\/dl><br style=\"clear: both\" \/>\n\t\t<\/div>\n\n\n\t\t<style>\n\t\t\t#gallery-2 {\n\t\t\t\tmargin: auto;\n\t\t\t}\n\t\t\t#gallery-2 .gallery-item {\n\t\t\t\tfloat: left;\n\t\t\t\tmargin-top: 10px;\n\t\t\t\ttext-align: center;\n\t\t\t\twidth: 20%;\n\t\t\t}\n\t\t\t#gallery-2 img {\n\t\t\t\tborder: 2px solid #cfcfcf;\n\t\t\t}\n\t\t\t#gallery-2 .gallery-caption {\n\t\t\t\tmargin-left: 0;\n\t\t\t}\n\t\t\t\/* see gallery_shortcode() in wp-includes\/media.php *\/\n\t\t<\/style>\n\t\t<div id='gallery-2' class='gallery galleryid-2220 gallery-columns-5 gallery-size-thumbnail'><dl class='gallery-item'>\n\t\t\t<dt class='gallery-icon landscape'>\n\t\t\t\t<a href='https:\/\/blogsaverroes.juntadeandalucia.es\/ceipalmotamid\/bilinguismo\/attachment\/1673437316665\/'><img loading=\"lazy\" decoding=\"async\" width=\"150\" height=\"150\" src=\"https:\/\/blogsaverroes.juntadeandalucia.es\/ceipalmotamid\/files\/2023\/05\/1673437316665-150x150.jpg\" class=\"attachment-thumbnail size-thumbnail\" alt=\"\" \/><\/a>\n\t\t\t<\/dt><\/dl><dl class='gallery-item'>\n\t\t\t<dt class='gallery-icon landscape'>\n\t\t\t\t<a href='https:\/\/blogsaverroes.juntadeandalucia.es\/ceipalmotamid\/bilinguismo\/attachment\/1671641160926\/'><img loading=\"lazy\" decoding=\"async\" width=\"150\" height=\"150\" src=\"https:\/\/blogsaverroes.juntadeandalucia.es\/ceipalmotamid\/files\/2023\/05\/1671641160926-150x150.jpg\" class=\"attachment-thumbnail size-thumbnail\" alt=\"\" \/><\/a>\n\t\t\t<\/dt><\/dl><dl class='gallery-item'>\n\t\t\t<dt class='gallery-icon landscape'>\n\t\t\t\t<a href='https:\/\/blogsaverroes.juntadeandalucia.es\/ceipalmotamid\/bilinguismo\/cuento-de-navidad-7\/'><img loading=\"lazy\" decoding=\"async\" width=\"150\" height=\"150\" src=\"https:\/\/blogsaverroes.juntadeandalucia.es\/ceipalmotamid\/files\/2023\/05\/Cuento-de-Navidad-7-150x150.jpg\" class=\"attachment-thumbnail size-thumbnail\" alt=\"\" \/><\/a>\n\t\t\t<\/dt><\/dl><dl class='gallery-item'>\n\t\t\t<dt class='gallery-icon landscape'>\n\t\t\t\t<a href='https:\/\/blogsaverroes.juntadeandalucia.es\/ceipalmotamid\/bilinguismo\/actuacion-poema-dia-andalucia\/'><img loading=\"lazy\" decoding=\"async\" width=\"150\" height=\"150\" src=\"https:\/\/blogsaverroes.juntadeandalucia.es\/ceipalmotamid\/files\/2023\/05\/ACTUACI\u00d3N-POEMA-DIA-ANDALUCIA-150x150.jpg\" class=\"attachment-thumbnail size-thumbnail\" alt=\"\" \/><\/a>\n\t\t\t<\/dt><\/dl><dl class='gallery-item'>\n\t\t\t<dt class='gallery-icon landscape'>\n\t\t\t\t<a href='https:\/\/blogsaverroes.juntadeandalucia.es\/ceipalmotamid\/bilinguismo\/mona-lisa-exhibition\/'><img loading=\"lazy\" decoding=\"async\" width=\"150\" height=\"150\" src=\"https:\/\/blogsaverroes.juntadeandalucia.es\/ceipalmotamid\/files\/2023\/05\/Mona-Lisa-exhibition.-150x150.jpeg\" class=\"attachment-thumbnail size-thumbnail\" alt=\"\" \/><\/a>\n\t\t\t<\/dt><\/dl><br style=\"clear: both\" \/><dl class='gallery-item'>\n\t\t\t<dt class='gallery-icon landscape'>\n\t\t\t\t<a href='https:\/\/blogsaverroes.juntadeandalucia.es\/ceipalmotamid\/bilinguismo\/plan-your-project-step-3_-asking-people-to-choose-their-three-favourite-activities-3\/'><img loading=\"lazy\" decoding=\"async\" width=\"150\" height=\"150\" src=\"https:\/\/blogsaverroes.juntadeandalucia.es\/ceipalmotamid\/files\/2023\/05\/Plan-your-project.-Step-3_-asking-people-to-choose-their-three-favourite-activities-3.-150x150.jpeg\" class=\"attachment-thumbnail size-thumbnail\" alt=\"\" \/><\/a>\n\t\t\t<\/dt><\/dl><dl class='gallery-item'>\n\t\t\t<dt class='gallery-icon portrait'>\n\t\t\t\t<a href='https:\/\/blogsaverroes.juntadeandalucia.es\/ceipalmotamid\/bilinguismo\/recitado-de-poema\/'><img loading=\"lazy\" decoding=\"async\" width=\"150\" height=\"150\" src=\"https:\/\/blogsaverroes.juntadeandalucia.es\/ceipalmotamid\/files\/2023\/05\/Recitado-de-poema-150x150.jpeg\" class=\"attachment-thumbnail size-thumbnail\" alt=\"\" \/><\/a>\n\t\t\t<\/dt><\/dl><dl class='gallery-item'>\n\t\t\t<dt class='gallery-icon landscape'>\n\t\t\t\t<a href='https:\/\/blogsaverroes.juntadeandalucia.es\/ceipalmotamid\/bilinguismo\/picasso-4\/'><img loading=\"lazy\" decoding=\"async\" width=\"150\" height=\"150\" src=\"https:\/\/blogsaverroes.juntadeandalucia.es\/ceipalmotamid\/files\/2023\/05\/Picasso-4-150x150.jpg\" class=\"attachment-thumbnail size-thumbnail\" alt=\"\" \/><\/a>\n\t\t\t<\/dt><\/dl><dl class='gallery-item'>\n\t\t\t<dt class='gallery-icon landscape'>\n\t\t\t\t<a href='https:\/\/blogsaverroes.juntadeandalucia.es\/ceipalmotamid\/bilinguismo\/using-ict-to-write-our-recipe-2\/'><img loading=\"lazy\" decoding=\"async\" width=\"150\" height=\"150\" src=\"https:\/\/blogsaverroes.juntadeandalucia.es\/ceipalmotamid\/files\/2023\/05\/Using-ICT-to-write-our-recipe-2.-150x150.jpeg\" class=\"attachment-thumbnail size-thumbnail\" alt=\"\" \/><\/a>\n\t\t\t<\/dt><\/dl>\n\t\t\t<br style='clear: both' \/>\n\t\t<\/div>\n\n<div style=\"width: 848px;\" class=\"wp-video\"><!--[if lt IE 9]><script>document.createElement('video');<\/script><![endif]-->\n<video class=\"wp-video-shortcode\" id=\"video-2220-1\" width=\"848\" height=\"480\" preload=\"metadata\" controls=\"controls\"><source type=\"video\/mp4\" src=\"https:\/\/blogsaverroes.juntadeandalucia.es\/ceipalmotamid\/files\/2023\/05\/Hot-Chocolate-Recipe-.mp4?_=1\" \/><a href=\"https:\/\/blogsaverroes.juntadeandalucia.es\/ceipalmotamid\/files\/2023\/05\/Hot-Chocolate-Recipe-.mp4\">https:\/\/blogsaverroes.juntadeandalucia.es\/ceipalmotamid\/files\/2023\/05\/Hot-Chocolate-Recipe-.mp4<\/a><\/video><\/div>\n","protected":false},"excerpt":{"rendered":"<p>Bienvenidos al \u00e1rea de Biling\u00fcismo&nbsp; del Ceip Almotamid. En este apartado iremos publicando datos&nbsp; y actividades interesantes que hacemos desde las diferentes \u00e1reas biling\u00fces del centro. Pod\u00e9is conectaros cuando quer\u00e1is para estar al d\u00eda&#46;&#46;&#46;<\/p>\n","protected":false},"author":2248,"featured_media":0,"parent":0,"menu_order":0,"comment_status":"closed","ping_status":"closed","template":"","meta":{"ngg_post_thumbnail":0,"footnotes":"","_mc_calendar":[]},"aioseo_notices":[],"_links":{"self":[{"href":"https:\/\/blogsaverroes.juntadeandalucia.es\/ceipalmotamid\/wp-json\/wp\/v2\/pages\/2220"}],"collection":[{"href":"https:\/\/blogsaverroes.juntadeandalucia.es\/ceipalmotamid\/wp-json\/wp\/v2\/pages"}],"about":[{"href":"https:\/\/blogsaverroes.juntadeandalucia.es\/ceipalmotamid\/wp-json\/wp\/v2\/types\/page"}],"author":[{"embeddable":true,"href":"https:\/\/blogsaverroes.juntadeandalucia.es\/ceipalmotamid\/wp-json\/wp\/v2\/users\/2248"}],"replies":[{"embeddable":true,"href":"https:\/\/blogsaverroes.juntadeandalucia.es\/ceipalmotamid\/wp-json\/wp\/v2\/comments?post=2220"}],"version-history":[{"count":9,"href":"https:\/\/blogsaverroes.juntadeandalucia.es\/ceipalmotamid\/wp-json\/wp\/v2\/pages\/2220\/revisions"}],"predecessor-version":[{"id":2568,"href":"https:\/\/blogsaverroes.juntadeandalucia.es\/ceipalmotamid\/wp-json\/wp\/v2\/pages\/2220\/revisions\/2568"}],"wp:attachment":[{"href":"https:\/\/blogsaverroes.juntadeandalucia.es\/ceipalmotamid\/wp-json\/wp\/v2\/media?parent=2220"}],"curies":[{"name":"wp","href":"https:\/\/api.w.org\/{rel}","templated":true}]}}