{"id":35,"date":"2015-03-13T08:21:43","date_gmt":"2015-03-13T08:21:43","guid":{"rendered":"http:\/\/blogsaverroes.juntadeandalucia.es\/pre\/ceip\/?page_id=35"},"modified":"2024-02-26T16:38:30","modified_gmt":"2024-02-26T16:38:30","slug":"el-centro-2","status":"publish","type":"page","link":"https:\/\/blogsaverroes.juntadeandalucia.es\/ceipalmotamid\/el-centro-2\/","title":{"rendered":"Datos del centro"},"content":{"rendered":"<p><a href=\"https:\/\/www.google.es\/maps\/place\/Colegio+P%C3%BAblico+Almotamid\/@37.3613854,-5.9761826,18.29z\/data=!4m5!3m4!1s0x0:0xbedb7a27ca4634b2!8m2!3d37.3612251!4d-5.9761769\" target=\"_blank\" rel=\"noopener noreferrer\">UBICACI\u00d3N<\/a><\/p>\n<h4>Datos de contacto<\/h4>\n<p>C.E.I.P. ALMOTAMID<\/p>\n<p><strong>Direcci\u00f3n:<\/strong> &nbsp;Calle Padre Manuel Trenas s\/n.&nbsp;41013 Sevilla<\/p>\n<p><strong>Tel\u00e9fono: 955 623 508&nbsp;<\/strong><br \/>\n<strong>Email:<\/strong> 41004344.edu@juntadeandalucia.es<\/p>\n<h4><strong>Horarios<\/strong><\/h4>\n<p>Aula Matinal: 7:30 &#8211; 8:50<\/p>\n<p>Horario escolar: 9:00 &#8211; 14:00<\/p>\n<p>Comedor: 14:00 &#8211; 16:00<\/p>\n<p>Actividades extraescolares: 16:00 &#8211; 18:00<\/p>\n<p><strong>Horarios Equipo Directivo<\/strong><\/p>\n<p><em><strong>DIRECCI\u00d3N:&nbsp;<\/strong><\/em>De lunes a viernes, excepto mi\u00e9rcoles, de 09:15 a 10:00 horas. Mi\u00e9rcoles de 12:15 a 13:15 horas.<\/p>\n<p><em><strong>JEFATURA DE ESTUDIOS: <\/strong><\/em>Mi\u00e9rcoles de 09:00 a 10:00 horas. Lunes y viernes de 13:15 a 14:00 horas.<\/p>\n<p><em><strong>SECRETAR\u00cdA:&nbsp;<\/strong><\/em>De lunes a viernes, excepto mi\u00e9rcoles, de 12:15 a 13:15 horas.<\/p>\n<h4><strong>Oferta educativa<\/strong><\/h4>\n<p>Hemos emprendido la ilusionante tarea de mejorar la formaci\u00f3n escolar y la educaci\u00f3n integral de todo el alumnado de nuestro colegio p\u00fablico C.E.I.P. ALMOTAMID.&nbsp;<\/p>\n<p>Ofrecemos ense\u00f1anzas de 2\u00ba ciclo de Educaci\u00f3n Infantil y la etapa completa de Educaci\u00f3n Primaria.<\/p>\n<h4>Instalaciones<\/h4>\nngg_shortcode_0_placeholder\n","protected":false},"excerpt":{"rendered":"<p>UBICACI\u00d3N Datos de contacto C.E.I.P. ALMOTAMID Direcci\u00f3n: &nbsp;Calle Padre Manuel Trenas s\/n.&nbsp;41013 Sevilla Tel\u00e9fono: 955 623 508&nbsp; Email: 41004344.edu@juntadeandalucia.es Horarios Aula Matinal: 7:30 &#8211; 8:50 Horario escolar: 9:00 &#8211; 14:00 Comedor: 14:00 &#8211; 16:00&#46;&#46;&#46;<\/p>\n","protected":false},"author":1,"featured_media":0,"parent":0,"menu_order":0,"comment_status":"open","ping_status":"open","template":"","meta":{"ngg_post_thumbnail":0,"footnotes":"","_mc_calendar":[]},"aioseo_notices":[],"_links":{"self":[{"href":"https:\/\/blogsaverroes.juntadeandalucia.es\/ceipalmotamid\/wp-json\/wp\/v2\/pages\/35"}],"collection":[{"href":"https:\/\/blogsaverroes.juntadeandalucia.es\/ceipalmotamid\/wp-json\/wp\/v2\/pages"}],"about":[{"href":"https:\/\/blogsaverroes.juntadeandalucia.es\/ceipalmotamid\/wp-json\/wp\/v2\/types\/page"}],"author":[{"embeddable":true,"href":"https:\/\/blogsaverroes.juntadeandalucia.es\/ceipalmotamid\/wp-json\/wp\/v2\/users\/1"}],"replies":[{"embeddable":true,"href":"https:\/\/blogsaverroes.juntadeandalucia.es\/ceipalmotamid\/wp-json\/wp\/v2\/comments?post=35"}],"version-history":[{"count":37,"href":"https:\/\/blogsaverroes.juntadeandalucia.es\/ceipalmotamid\/wp-json\/wp\/v2\/pages\/35\/revisions"}],"predecessor-version":[{"id":2777,"href":"https:\/\/blogsaverroes.juntadeandalucia.es\/ceipalmotamid\/wp-json\/wp\/v2\/pages\/35\/revisions\/2777"}],"wp:attachment":[{"href":"https:\/\/blogsaverroes.juntadeandalucia.es\/ceipalmotamid\/wp-json\/wp\/v2\/media?parent=35"}],"curies":[{"name":"wp","href":"https:\/\/api.w.org\/{rel}","templated":true}]}}