{"id":2018,"date":"2015-06-08T12:56:23","date_gmt":"2015-06-08T12:56:23","guid":{"rendered":"http:\/\/blogsaverroes.juntadeandalucia.es\/ceip\/?page_id=2018"},"modified":"2019-04-06T10:04:58","modified_gmt":"2019-04-06T10:04:58","slug":"calendario","status":"publish","type":"page","link":"https:\/\/blogsaverroes.juntadeandalucia.es\/ceipalonsobarba\/calendario\/","title":{"rendered":"Calendario"},"content":{"rendered":"<p>En este apartado podr\u00e9is consultar eventos que tengan relaci\u00f3n con la vida diaria del centro as\u00ed como eventos relacionados con plazos de gestiones oficiales del centro, por ejemplo los plazos relacionados con la matriculaci\u00f3n, con la solicitud de ayudas para el comedor, etc<\/p>\n<p>&nbsp;<\/p>\n\r\n<div id='mc-948a6a8e8cd15db324902317a630b853' class='mc-main mcjs listjs gridjs minijs ajaxjs twentyfifteen calendar month mc-948a6a8e8cd15db324902317a630b853 has-modal' >\n<script type=\"application\/ld+json\">\n[{\"@context\":\"https:\/\/schema.org\",\"@type\":\"Event\",\"name\":\"D\\u00cdA DEL LIBRO\",\"description\":\"\",\"image\":\"https:\/\/blogsaverroes.juntadeandalucia.es\/ceipalonsobarba\/files\/2018\/04\/cropped-ESCUDO.jpg\",\"url\":\"https:\/\/blogsaverroes.juntadeandalucia.es\/ceipalonsobarba\/mc-events\/dia-del-libro\/?mc_id=142\",\"startDate\":\"2026-04-23T00:00:00+02:00\",\"endDate\":\"2026-04-24T00:00:59+02:00\",\"duration\":\"PD1TH0M0\",\"eventAttendanceMode\":\"https:\/\/schema.org\/OnlineEventAttendanceMode\",\"location\":{\"@type\":\"VirtualLocation\",\"url\":\"https:\/\/blogsaverroes.juntadeandalucia.es\/ceipalonsobarba\/mc-events\/dia-del-libro\/?mc_id=142\"}}]\n<\/script>\n<h2 id=\"mc_head_mc-948a6a8e8cd15db324902317a630b853\" class=\"heading my-calendar-month\"><span>Eventos en abril 2026\n<\/span><\/h2>\n\n<nav class=\"my-calendar-navigation\" aria-label=\"Calendar (top)\">\n<div class=\"my-calendar-header\"><div class='mc-format'>\r\n\t\t<ul><li><a id='mc_grid-mc-948a6a8e8cd15db324902317a630b853' href='https:\/\/blogsaverroes.juntadeandalucia.es\/ceipalonsobarba\/calendario\/?format=calendar' aria-pressed=\"true\" class='mc-grid-option mc-active' rel='nofollow'><span class='mc-icon' aria-hidden='true'><\/span><span class=\"maybe-hide\">Ver como <\/span>Cuadr\u00edcula<\/a><\/li><li><a id='mc_list-mc-948a6a8e8cd15db324902317a630b853' href='https:\/\/blogsaverroes.juntadeandalucia.es\/ceipalonsobarba\/calendario\/?format=list'  class='mc-list-option' rel='nofollow'><span class='mc-icon' aria-hidden='true'><\/span><span class=\"maybe-hide\">Ver como <\/span>Lista<\/a><\/li><\/ul>\r\n\t\t<\/div><div class='mc-time'><ul><li><a rel='nofollow' id='mc_month-mc-948a6a8e8cd15db324902317a630b853'  href='https:\/\/blogsaverroes.juntadeandalucia.es\/ceipalonsobarba\/calendario\/?time=month' class='month mc-active' aria-pressed='true'>Mes<\/a><\/li><li><a rel='nofollow' id='mc_week-mc-948a6a8e8cd15db324902317a630b853'  href='https:\/\/blogsaverroes.juntadeandalucia.es\/ceipalonsobarba\/calendario\/?time=week&#038;dy=13&#038;month=4&#038;yr=2026' class='week'>Semana<\/a><\/li><li><a rel='nofollow' id='mc_day-mc-948a6a8e8cd15db324902317a630b853'  href='https:\/\/blogsaverroes.juntadeandalucia.es\/ceipalonsobarba\/calendario\/?time=day&#038;dy=13' class='day'>D\u00eda<\/a><li><\/ul><\/div><div class=\"my-calendar-date-switcher\"><form class=\"mc-date-switcher\" action=\"https:\/\/blogsaverroes.juntadeandalucia.es\/ceipalonsobarba\/wp-json\/wp\/v2\/pages\/2018\/\" method=\"get\"><div><input type=\"hidden\" name=\"cid\" value=\"mc-948a6a8e8cd15db324902317a630b853\" \/> <label class=\"maybe-hide\" for=\"mc-948a6a8e8cd15db324902317a630b853-month\">Mes<\/label> <select id=\"mc-948a6a8e8cd15db324902317a630b853-month\" name=\"month\">\n<option value='1'>enero<\/option>\n<option value='2'>febrero<\/option>\n<option value='3'>marzo<\/option>\n<option value='4' selected='selected'>abril<\/option>\n<option value='5'>mayo<\/option>\n<option value='6'>junio<\/option>\n<option value='7'>julio<\/option>\n<option value='8'>agosto<\/option>\n<option value='9'>septiembre<\/option>\n<option value='10'>octubre<\/option>\n<option value='11'>noviembre<\/option>\n<option value='12'>diciembre<\/option>\n<\/select>\n <label class=\"maybe-hide\" for=\"mc-948a6a8e8cd15db324902317a630b853-year\">A\u00f1o<\/label> <select id=\"mc-948a6a8e8cd15db324902317a630b853-year\" name=\"yr\">\n<option value=\"2019\">2019<\/option>\n<option value=\"2020\">2020<\/option>\n<option value=\"2021\">2021<\/option>\n<option value=\"2022\">2022<\/option>\n<option value=\"2023\">2023<\/option>\n<option value=\"2024\">2024<\/option>\n<option value=\"2025\">2025<\/option>\n<option value=\"2026\" selected='selected'>2026<\/option>\n<option value=\"2027\">2027<\/option>\n<option value=\"2028\">2028<\/option>\n<option value=\"2029\">2029<\/option>\n<option value=\"2030\">2030<\/option>\n<option value=\"2031\">2031<\/option>\n<option value=\"2032\">2032<\/option>\n<option value=\"2033\">2033<\/option>\n<option value=\"2034\">2034<\/option>\n<option value=\"2035\">2035<\/option>\n<option value=\"2036\">2036<\/option>\n<option value=\"2037\">2037<\/option>\n<option value=\"2038\">2038<\/option>\n<option value=\"2039\">2039<\/option>\n<option value=\"2040\">2040<\/option>\n<option value=\"2041\">2041<\/option>\n<option value=\"2042\">2042<\/option>\n<option value=\"2043\">2043<\/option>\n<option value=\"2044\">2044<\/option>\n<option value=\"2045\">2045<\/option>\n<option value=\"2046\">2046<\/option>\n<option value=\"2047\">2047<\/option>\n<option value=\"2048\">2048<\/option>\n<option value=\"2049\">2049<\/option>\n<option value=\"2050\">2050<\/option>\n<option value=\"2051\">2051<\/option>\n<option value=\"2052\">2052<\/option>\n<option value=\"2053\">2053<\/option>\n<option value=\"2054\">2054<\/option>\n<option value=\"2055\">2055<\/option>\n<option value=\"2056\">2056<\/option>\n<option value=\"2057\">2057<\/option>\n<option value=\"2058\">2058<\/option>\n<option value=\"2059\">2059<\/option>\n<option value=\"2060\">2060<\/option>\n<option value=\"2061\">2061<\/option>\n<option value=\"2062\">2062<\/option>\n<option value=\"2063\">2063<\/option>\n<option value=\"2064\">2064<\/option>\n<option value=\"2065\">2065<\/option>\n<option value=\"2066\">2066<\/option>\n<option value=\"2067\">2067<\/option>\n<option value=\"2068\">2068<\/option>\n<option value=\"2069\">2069<\/option>\n<option value=\"2070\">2070<\/option>\n<option value=\"2071\">2071<\/option>\n<option value=\"2072\">2072<\/option>\n<option value=\"2073\">2073<\/option>\n<\/select> <input type=\"submit\" class=\"button\" data-href=\"https:\/\/blogsaverroes.juntadeandalucia.es\/ceipalonsobarba\/wp-json\/wp\/v2\/pages\/2018\/\" value=\"Ir\" \/><\/div><\/form><\/div>\r\n\t\t<div class=\"my-calendar-nav\">\r\n\t\t\t<ul>\r\n\t\t\t\t<li class=\"my-calendar-prev\"><a id=\"mc_previous_mc-948a6a8e8cd15db324902317a630b853\" href=\"https:\/\/blogsaverroes.juntadeandalucia.es\/ceipalonsobarba\/calendario\/?yr=2026&#038;month=3&#038;dy&#038;cid=mc-948a6a8e8cd15db324902317a630b853&#038;time=month\" rel=\"nofollow\"><span class=\"mc-icon\" aria-hidden=\"true\"><\/span><span class=\"maybe-hide\">Anterior <\/span><\/a><\/li><li class=\"my-calendar-today\"><a id=\"mc_today_mc-948a6a8e8cd15db324902317a630b853\" href=\"https:\/\/blogsaverroes.juntadeandalucia.es\/ceipalonsobarba\/calendario\/?cid=mc-948a6a8e8cd15db324902317a630b853\" rel=\"nofollow\" class=\"today mc-active\" aria-current=\"true\"><span class=\"mc-icon\" aria-hidden=\"true\"><\/span>Hoy<\/a><\/li><li class=\"my-calendar-next\"><a id=\"mc_next_mc-948a6a8e8cd15db324902317a630b853\" href=\"https:\/\/blogsaverroes.juntadeandalucia.es\/ceipalonsobarba\/calendario\/?yr=2026&#038;month=5&#038;dy&#038;cid=mc-948a6a8e8cd15db324902317a630b853&#038;time=month\" rel=\"nofollow\"><span class=\"maybe-hide\">Siguiente <\/span><span class=\"mc-icon\" aria-hidden=\"true\"><\/span><\/a><\/li>\r\n\t\t\t<\/ul>\r\n\t\t<\/div><\/div>\n<\/nav>\n<div class=\"mc-content\">\n<table class='my-calendar-table' aria-labelledby='mc_head_mc-948a6a8e8cd15db324902317a630b853'>\n<thead>\n\t<tr class='mc-row'>\n\t\t<th scope=\"col\" class='day-heading mon'><abbr title=\"lunes\" aria-hidden=\"true\">Lun<\/abbr><span class=\"screen-reader-text\">lunes<\/span><\/th>\n\t\t<th scope=\"col\" class='day-heading tues'><abbr title=\"martes\" aria-hidden=\"true\">Mar<\/abbr><span class=\"screen-reader-text\">martes<\/span><\/th>\n\t\t<th scope=\"col\" class='day-heading wed'><abbr title=\"mi\u00e9rcoles\" aria-hidden=\"true\">Mi\u00e9<\/abbr><span class=\"screen-reader-text\">mi\u00e9rcoles<\/span><\/th>\n\t\t<th scope=\"col\" class='day-heading thur'><abbr title=\"jueves\" aria-hidden=\"true\">Jue<\/abbr><span class=\"screen-reader-text\">jueves<\/span><\/th>\n\t\t<th scope=\"col\" class='day-heading fri'><abbr title=\"viernes\" aria-hidden=\"true\">Vie<\/abbr><span class=\"screen-reader-text\">viernes<\/span><\/th>\n\t\t<th scope=\"col\" class='weekend-heading sat'><abbr title=\"s\u00e1bado\" aria-hidden=\"true\">S\u00e1b<\/abbr><span class=\"screen-reader-text\">s\u00e1bado<\/span><\/th>\n\t\t<th scope=\"col\" class='weekend-heading sun'><abbr title=\"domingo\" aria-hidden=\"true\">Dom<\/abbr><span class=\"screen-reader-text\">domingo<\/span><\/th>\n\t<\/tr>\n<\/thead>\n<tbody>\n<tr class='mc-row'><td class='no-events lunes lun past-day past-date  nextmonth no-events day-with-date'><div class='mc-date-container'><span class='mc-date no-events'><span aria-hidden='true'>30<\/span><span class='screen-reader-text'>30 marzo, 2026<\/span><\/span><\/div>\n<\/td>\n<td class='no-events martes mar past-day past-date  nextmonth no-events day-with-date'><div class='mc-date-container'><span class='mc-date no-events'><span aria-hidden='true'>31<\/span><span class='screen-reader-text'>31 marzo, 2026<\/span><\/span><\/div>\n<\/td>\n<td class='no-events mircoles mi past-day past-date   no-events day-with-date'><div class='mc-date-container'><span class='mc-date no-events'><span aria-hidden='true'>1<\/span><span class='screen-reader-text'>1 abril, 2026<\/span><\/span><\/div>\n<\/td>\n<td class='no-events jueves jue past-day past-date   no-events day-with-date'><div class='mc-date-container'><span class='mc-date no-events'><span aria-hidden='true'>2<\/span><span class='screen-reader-text'>2 abril, 2026<\/span><\/span><\/div>\n<\/td>\n<td class='no-events viernes vie past-day past-date   no-events day-with-date'><div class='mc-date-container'><span class='mc-date no-events'><span aria-hidden='true'>3<\/span><span class='screen-reader-text'>3 abril, 2026<\/span><\/span><\/div>\n<\/td>\n<td class='no-events sbado sb past-day past-date weekend  no-events day-with-date'><div class='mc-date-container'><span class='mc-date no-events'><span aria-hidden='true'>4<\/span><span class='screen-reader-text'>4 abril, 2026<\/span><\/span><\/div>\n<\/td>\n<td class='no-events domingo dom past-day past-date weekend  no-events day-with-date'><div class='mc-date-container'><span class='mc-date no-events'><span aria-hidden='true'>5<\/span><span class='screen-reader-text'>5 abril, 2026<\/span><\/span><\/div>\n<\/td>\n<\/tr>\n<!-- End Event Row -->\n<tr class='mc-row'><td class='no-events lunes lun past-day past-date   no-events day-with-date'><div class='mc-date-container'><span class='mc-date no-events'><span aria-hidden='true'>6<\/span><span class='screen-reader-text'>6 abril, 2026<\/span><\/span><\/div>\n<\/td>\n<td class='no-events martes mar past-day past-date   no-events day-with-date'><div class='mc-date-container'><span class='mc-date no-events'><span aria-hidden='true'>7<\/span><span class='screen-reader-text'>7 abril, 2026<\/span><\/span><\/div>\n<\/td>\n<td class='no-events mircoles mi past-day past-date   no-events day-with-date'><div class='mc-date-container'><span class='mc-date no-events'><span aria-hidden='true'>8<\/span><span class='screen-reader-text'>8 abril, 2026<\/span><\/span><\/div>\n<\/td>\n<td class='no-events jueves jue past-day past-date   no-events day-with-date'><div class='mc-date-container'><span class='mc-date no-events'><span aria-hidden='true'>9<\/span><span class='screen-reader-text'>9 abril, 2026<\/span><\/span><\/div>\n<\/td>\n<td class='no-events viernes vie past-day past-date   no-events day-with-date'><div class='mc-date-container'><span class='mc-date no-events'><span aria-hidden='true'>10<\/span><span class='screen-reader-text'>10 abril, 2026<\/span><\/span><\/div>\n<\/td>\n<td class='no-events sbado sb past-day past-date weekend  no-events day-with-date'><div class='mc-date-container'><span class='mc-date no-events'><span aria-hidden='true'>11<\/span><span class='screen-reader-text'>11 abril, 2026<\/span><\/span><\/div>\n<\/td>\n<td class='no-events domingo dom past-day past-date weekend  no-events day-with-date'><div class='mc-date-container'><span class='mc-date no-events'><span aria-hidden='true'>12<\/span><span class='screen-reader-text'>12 abril, 2026<\/span><\/span><\/div>\n<\/td>\n<\/tr>\n<!-- End Event Row -->\n<tr class='mc-row'><td class='no-events lunes lun past-day past-date   no-events day-with-date'><div class='mc-date-container'><span class='mc-date no-events'><span aria-hidden='true'>13<\/span><span class='screen-reader-text'>13 abril, 2026<\/span><\/span><\/div>\n<\/td>\n<td class='no-events martes mar past-day past-date   no-events day-with-date'><div class='mc-date-container'><span class='mc-date no-events'><span aria-hidden='true'>14<\/span><span class='screen-reader-text'>14 abril, 2026<\/span><\/span><\/div>\n<\/td>\n<td class='no-events mircoles mi past-day past-date   no-events day-with-date'><div class='mc-date-container'><span class='mc-date no-events'><span aria-hidden='true'>15<\/span><span class='screen-reader-text'>15 abril, 2026<\/span><\/span><\/div>\n<\/td>\n<td class='no-events jueves jue past-day past-date   no-events day-with-date'><div class='mc-date-container'><span class='mc-date no-events'><span aria-hidden='true'>16<\/span><span class='screen-reader-text'>16 abril, 2026<\/span><\/span><\/div>\n<\/td>\n<td class='no-events viernes vie past-day past-date   no-events day-with-date'><div class='mc-date-container'><span class='mc-date no-events'><span aria-hidden='true'>17<\/span><span class='screen-reader-text'>17 abril, 2026<\/span><\/span><\/div>\n<\/td>\n<td class='no-events sbado sb past-day past-date weekend  no-events day-with-date'><div class='mc-date-container'><span class='mc-date no-events'><span aria-hidden='true'>18<\/span><span class='screen-reader-text'>18 abril, 2026<\/span><\/span><\/div>\n<\/td>\n<td aria-current=\"date\" class='no-events domingo dom current-day weekend  no-events day-with-date'><div class='mc-date-container'><span class='mc-date no-events'><span aria-hidden='true'>19<\/span><span class='screen-reader-text'>19 abril, 2026<\/span><\/span><\/div>\n<\/td>\n<\/tr>\n<!-- End Event Row -->\n<tr class='mc-row'><td class='no-events lunes lun future-day   no-events day-with-date'><div class='mc-date-container'><span class='mc-date no-events'><span aria-hidden='true'>20<\/span><span class='screen-reader-text'>20 abril, 2026<\/span><\/span><\/div>\n<\/td>\n<td class='no-events martes mar future-day   no-events day-with-date'><div class='mc-date-container'><span class='mc-date no-events'><span aria-hidden='true'>21<\/span><span class='screen-reader-text'>21 abril, 2026<\/span><\/span><\/div>\n<\/td>\n<td class='no-events mircoles mi future-day   no-events day-with-date'><div class='mc-date-container'><span class='mc-date no-events'><span aria-hidden='true'>22<\/span><span class='screen-reader-text'>22 abril, 2026<\/span><\/span><\/div>\n<\/td>\n<td id='calendar-2026-04-23' class='mc-events jueves jue future-day   has-events author5946 mcat_general day-with-date'><div class='mc-date-container'>\n\t<span class='mc-date'><span aria-hidden='true'>23<\/span><span class='screen-reader-text'>23 abril, 2026<\/span><span class=\"event-icon\" aria-hidden=\"true\">&#9679;<\/span><span class=\"screen-reader-text\"><span class=\"mc-list-details event-count\">(1 event)<\/span><\/span><\/span><\/div><article id='mc_calendar_23_142-calendar-142' class='mc-mc_calendar_142 calendar-event mc_general mc_no-location future-event mc_primary_general recurring mc-24-horas mc-start-00-00 ungrouped mc-event-20 mc-events mc-event mc_rel_general'><header>\t<h3 class='event-title summary' id='mc_142-title-mc-948a6a8e8cd15db324902317a630b853'><button type='button' id='modal-button-mc_calendar_23_142-calendar-details-142' data-modal-content-id='mc_calendar_23_142-calendar-details-142' data-modal-prefix-class='my-calendar' data-modal-close-text='Cerrar' data-modal-title='D\u00cdA DEL LIBRO' aria-controls='mc_calendar_23_142-calendar-details-142' class='calendar js-modal button button-link url summary has-image'><svg style=\"fill:#000000\" focusable=\"false\" role=\"img\" aria-labelledby=\"cat_1-14240\" class=\"category-icon\" xmlns=\"http:\/\/www.w3.org\/2000\/svg\" viewBox=\"0 0 448 512\"><!-- Font Awesome Free 5.15.3 by @fontawesome - https:\/\/fontawesome.com License - https:\/\/fontawesome.com\/license\/free (Icons: CC BY 4.0, Fonts: SIL OFL 1.1, Code: MIT License) --><title id='cat_1-14240'>Categor\u00eda: General<\/title><path d=\"M12 192h424c6.6 0 12 5.4 12 12v260c0 26.5-21.5 48-48 48H48c-26.5 0-48-21.5-48-48V204c0-6.6 5.4-12 12-12zm436-44v-36c0-26.5-21.5-48-48-48h-48V12c0-6.6-5.4-12-12-12h-40c-6.6 0-12 5.4-12 12v52H160V12c0-6.6-5.4-12-12-12h-40c-6.6 0-12 5.4-12 12v52H48C21.5 64 0 85.5 0 112v36c0 6.6 5.4 12 12 12h424c6.6 0 12-5.4 12-12z\"\/><\/svg> <div>D\u00cdA DEL LIBRO<\/div><\/button><\/h3>\n<\/header><div id='mc_calendar_23_142-calendar-details-142' class='details no-image uses-modal single-details' aria-labelledby='mc_142-title-mc-948a6a8e8cd15db324902317a630b853'>\n\t<button type='button' aria-controls='mc_calendar_23_142-calendar-details-142' class='mc-toggle close'><span class='dashicons dashicons-dismiss' aria-hidden='true'><\/span><span class='screen-reader-text'>Close<\/span><\/button>\n\t\r\n\t<div class='time-block'>\r\n\t\t<span class='mc-icon' aria-hidden='true'><\/span>\r\n\t\t<p><span class=\"time-wrapper\"> <span class='event-time'><abbr title='No aplicable'>N\/A<\/abbr><\/span>  <\/span><br \/><span class=\"date-wrapper\"><span class='mc-start-date dtstart' title='2026-04-23T00:00:00+00:00' content='2026-04-23T00:00:00+00:00'>23 abril, 2026<\/span>  <\/span><\/p>\r\n\t<\/div>\n\t\t<div class=\"sharing\">\t<p class='mc-details'><a aria-label='More&lt;span class=&quot;screen-reader-text&quot;&gt; about {title}&lt;\/span&gt;: D\u00cdA DEL LIBRO' href='https:\/\/blogsaverroes.juntadeandalucia.es\/ceipalonsobarba\/mc-events\/dia-del-libro\/?mc_id=142'>More<span class=\"screen-reader-text\"> about {title}<\/span><\/a><\/p>\n<\/div><\/div><!--end .details--><\/article>\n<\/td>\n<td class='no-events viernes vie future-day   no-events day-with-date'><div class='mc-date-container'><span class='mc-date no-events'><span aria-hidden='true'>24<\/span><span class='screen-reader-text'>24 abril, 2026<\/span><\/span><\/div>\n<\/td>\n<td class='no-events sbado sb future-day weekend  no-events day-with-date'><div class='mc-date-container'><span class='mc-date no-events'><span aria-hidden='true'>25<\/span><span class='screen-reader-text'>25 abril, 2026<\/span><\/span><\/div>\n<\/td>\n<td class='no-events domingo dom future-day weekend  no-events day-with-date'><div class='mc-date-container'><span class='mc-date no-events'><span aria-hidden='true'>26<\/span><span class='screen-reader-text'>26 abril, 2026<\/span><\/span><\/div>\n<\/td>\n<\/tr>\n<!-- End Event Row -->\n<tr class='mc-row'><td class='no-events lunes lun future-day   no-events day-with-date'><div class='mc-date-container'><span class='mc-date no-events'><span aria-hidden='true'>27<\/span><span class='screen-reader-text'>27 abril, 2026<\/span><\/span><\/div>\n<\/td>\n<td class='no-events martes mar future-day   no-events day-with-date'><div class='mc-date-container'><span class='mc-date no-events'><span aria-hidden='true'>28<\/span><span class='screen-reader-text'>28 abril, 2026<\/span><\/span><\/div>\n<\/td>\n<td class='no-events mircoles mi future-day   no-events day-with-date'><div class='mc-date-container'><span class='mc-date no-events'><span aria-hidden='true'>29<\/span><span class='screen-reader-text'>29 abril, 2026<\/span><\/span><\/div>\n<\/td>\n<td class='no-events jueves jue future-day   no-events day-with-date'><div class='mc-date-container'><span class='mc-date no-events'><span aria-hidden='true'>30<\/span><span class='screen-reader-text'>30 abril, 2026<\/span><\/span><\/div>\n<\/td>\n<td class='no-events viernes vie future-day  nextmonth no-events day-with-date'><div class='mc-date-container'><span class='mc-date no-events'><span aria-hidden='true'>1<\/span><span class='screen-reader-text'>1 mayo, 2026<\/span><\/span><\/div>\n<\/td>\n<td class='no-events sbado sb future-day weekend nextmonth no-events day-with-date'><div class='mc-date-container'><span class='mc-date no-events'><span aria-hidden='true'>2<\/span><span class='screen-reader-text'>2 mayo, 2026<\/span><\/span><\/div>\n<\/td>\n<td class='no-events domingo dom future-day weekend nextmonth no-events day-with-date'><div class='mc-date-container'><span class='mc-date no-events'><span aria-hidden='true'>3<\/span><span class='screen-reader-text'>3 mayo, 2026<\/span><\/span><\/div>\n<\/td>\n<\/tr>\n<!-- End Event Row -->\n\n<\/tbody>\n<\/table><\/div><!-- .mc-content -->\n<nav class=\"my-calendar-navigation\" aria-label=\"Calendar (bottom)\">\n<div class=\"mc_bottomnav my-calendar-footer\"><div class=\"category-key has-icons\"><h3 class=\"maybe-hide\">Categor\u00edas<\/h3>\n<ul>\n<li class=\"cat_general\"><a id=\"mc_cat_1-mc-948a6a8e8cd15db324902317a630b853\" href=\"https:\/\/blogsaverroes.juntadeandalucia.es\/ceipalonsobarba\/calendario\/?mcat=1\"  rel=\"nofollow\"><span class=\"category-color-sample svg\" style=\"background:#ffffcc;\"><svg style=\"fill:#000000\" focusable=\"false\" role=\"img\" aria-labelledby=\"cat_1\" class=\"category-icon\" xmlns=\"http:\/\/www.w3.org\/2000\/svg\" viewBox=\"0 0 448 512\"><!-- Font Awesome Free 5.15.3 by @fontawesome - https:\/\/fontawesome.com License - https:\/\/fontawesome.com\/license\/free (Icons: CC BY 4.0, Fonts: SIL OFL 1.1, Code: MIT License) --><title id='cat_1'>General<\/title><path d=\"M12 192h424c6.6 0 12 5.4 12 12v260c0 26.5-21.5 48-48 48H48c-26.5 0-48-21.5-48-48V204c0-6.6 5.4-12 12-12zm436-44v-36c0-26.5-21.5-48-48-48h-48V12c0-6.6-5.4-12-12-12h-40c-6.6 0-12 5.4-12 12v52H160V12c0-6.6-5.4-12-12-12h-40c-6.6 0-12 5.4-12 12v52H48C21.5 64 0 85.5 0 112v36c0 6.6 5.4 12 12 12h424c6.6 0 12-5.4 12-12z\"\/><\/svg><\/span>General<\/a><\/li><li class='all-categories'><span class='mc-active' id='mc_cat_all-mc-948a6a8e8cd15db324902317a630b853' tabindex='-1'>Todas las categor\u00edas<\/span><\/li><\/ul><\/div><div class='mc-export mc-subscribe'>\r\n\t<ul><li class='ics google'><a href='https:\/\/www.google.com\/calendar\/render?cid=webcal:\/\/blogsaverroes.juntadeandalucia.es\/ceipalonsobarba\/feed\/my-calendar-google\/' rel='nofollow'><span class='mc-icon' aria-hidden='true'><\/span><span class=\"maybe-hide\">Subscribe in <\/span>Google<\/a><\/li><li class='ics ical'><a href='webcal:\/\/blogsaverroes.juntadeandalucia.es\/ceipalonsobarba\/feed\/my-calendar-ics\/' rel='nofollow'><span class='mc-icon' aria-hidden='true'><\/span><span class=\"maybe-hide\">Subscribe in <\/span>iCal<\/a><\/li><\/ul>\r\n<\/div><\/div>\n<\/nav>\n\r\n<\/div>\n","protected":false},"excerpt":{"rendered":"<p>En este apartado podr\u00e9is consultar eventos que tengan relaci\u00f3n con la vida diaria del centro as\u00ed como eventos relacionados con plazos de gestiones oficiales del centro, por ejemplo los plazos relacionados con la matriculaci\u00f3n,&#46;&#46;&#46;<\/p>\n","protected":false},"author":1,"featured_media":0,"parent":0,"menu_order":0,"comment_status":"closed","ping_status":"closed","template":"","meta":{"ngg_post_thumbnail":0,"footnotes":"","_mc_calendar":[]},"aioseo_notices":[],"_links":{"self":[{"href":"https:\/\/blogsaverroes.juntadeandalucia.es\/ceipalonsobarba\/wp-json\/wp\/v2\/pages\/2018"}],"collection":[{"href":"https:\/\/blogsaverroes.juntadeandalucia.es\/ceipalonsobarba\/wp-json\/wp\/v2\/pages"}],"about":[{"href":"https:\/\/blogsaverroes.juntadeandalucia.es\/ceipalonsobarba\/wp-json\/wp\/v2\/types\/page"}],"author":[{"embeddable":true,"href":"https:\/\/blogsaverroes.juntadeandalucia.es\/ceipalonsobarba\/wp-json\/wp\/v2\/users\/1"}],"replies":[{"embeddable":true,"href":"https:\/\/blogsaverroes.juntadeandalucia.es\/ceipalonsobarba\/wp-json\/wp\/v2\/comments?post=2018"}],"version-history":[{"count":4,"href":"https:\/\/blogsaverroes.juntadeandalucia.es\/ceipalonsobarba\/wp-json\/wp\/v2\/pages\/2018\/revisions"}],"predecessor-version":[{"id":3429,"href":"https:\/\/blogsaverroes.juntadeandalucia.es\/ceipalonsobarba\/wp-json\/wp\/v2\/pages\/2018\/revisions\/3429"}],"wp:attachment":[{"href":"https:\/\/blogsaverroes.juntadeandalucia.es\/ceipalonsobarba\/wp-json\/wp\/v2\/media?parent=2018"}],"curies":[{"name":"wp","href":"https:\/\/api.w.org\/{rel}","templated":true}]}}