{"id":2401,"date":"2018-12-27T22:48:59","date_gmt":"2018-12-27T22:48:59","guid":{"rendered":"https:\/\/blogsaverroes.juntadeandalucia.es\/ceipalonsobarba\/?page_id=2401"},"modified":"2024-11-20T06:12:12","modified_gmt":"2024-11-20T06:12:12","slug":"r-o-f","status":"publish","type":"page","link":"https:\/\/blogsaverroes.juntadeandalucia.es\/ceipalonsobarba\/r-o-f\/","title":{"rendered":"R.O.F."},"content":{"rendered":"<p style=\"text-align: justify\">&nbsp; &nbsp; El Decreto 328\/2010, de 13 de julio,&nbsp; por el que se aprueba el Reglamento Org\u00e1nico de los Centros, (<strong>R.O.C<\/strong>.) de Infantil y Primaria en el art\u00edculo 24, regulan el Reglamento de Organizaci\u00f3n y Funcionamiento de los Centros de Primaria, para que&nbsp; en \u00e9l se recoja las normas organizativas &nbsp;y&nbsp; funcionales que faciliten la consecuci\u00f3n &nbsp;de un clima adecuado para alcanzar los objetivos que el centro se proponga y permitan mantener un ambiente de respeto, confianza y colaboraci\u00f3n entre todos los sectores de la comunidad educativa.<\/p>\n<p style=\"text-align: justify\"><a href=\"https:\/\/blogsaverroes.juntadeandalucia.es\/ceipalonsobarba\/files\/2024\/11\/Copia-de-Reglamento-de-Organizacion-y-Funcionamiento.pdf\">Reglamento de Organizaci\u00f3n y Funcionamiento<\/a><\/p>\n","protected":false},"excerpt":{"rendered":"<p>&nbsp; &nbsp; El Decreto 328\/2010, de 13 de julio,&nbsp; por el que se aprueba el Reglamento Org\u00e1nico de los Centros, (R.O.C.) de Infantil y Primaria en el art\u00edculo 24, regulan el Reglamento de Organizaci\u00f3n&#46;&#46;&#46;<\/p>\n","protected":false},"author":5946,"featured_media":0,"parent":0,"menu_order":0,"comment_status":"closed","ping_status":"closed","template":"","meta":{"ngg_post_thumbnail":0,"footnotes":"","_mc_calendar":[]},"aioseo_notices":[],"_links":{"self":[{"href":"https:\/\/blogsaverroes.juntadeandalucia.es\/ceipalonsobarba\/wp-json\/wp\/v2\/pages\/2401"}],"collection":[{"href":"https:\/\/blogsaverroes.juntadeandalucia.es\/ceipalonsobarba\/wp-json\/wp\/v2\/pages"}],"about":[{"href":"https:\/\/blogsaverroes.juntadeandalucia.es\/ceipalonsobarba\/wp-json\/wp\/v2\/types\/page"}],"author":[{"embeddable":true,"href":"https:\/\/blogsaverroes.juntadeandalucia.es\/ceipalonsobarba\/wp-json\/wp\/v2\/users\/5946"}],"replies":[{"embeddable":true,"href":"https:\/\/blogsaverroes.juntadeandalucia.es\/ceipalonsobarba\/wp-json\/wp\/v2\/comments?post=2401"}],"version-history":[{"count":8,"href":"https:\/\/blogsaverroes.juntadeandalucia.es\/ceipalonsobarba\/wp-json\/wp\/v2\/pages\/2401\/revisions"}],"predecessor-version":[{"id":3852,"href":"https:\/\/blogsaverroes.juntadeandalucia.es\/ceipalonsobarba\/wp-json\/wp\/v2\/pages\/2401\/revisions\/3852"}],"wp:attachment":[{"href":"https:\/\/blogsaverroes.juntadeandalucia.es\/ceipalonsobarba\/wp-json\/wp\/v2\/media?parent=2401"}],"curies":[{"name":"wp","href":"https:\/\/api.w.org\/{rel}","templated":true}]}}