{"id":35,"date":"2015-03-13T08:21:43","date_gmt":"2015-03-13T08:21:43","guid":{"rendered":"http:\/\/blogsaverroes.juntadeandalucia.es\/pre\/ceip\/?page_id=35"},"modified":"2023-01-15T17:48:52","modified_gmt":"2023-01-15T17:48:52","slug":"el-centro-2","status":"publish","type":"page","link":"https:\/\/blogsaverroes.juntadeandalucia.es\/ceipalonsobarba\/el-centro-2\/","title":{"rendered":"Datos del centro"},"content":{"rendered":"<p style=\"text-align: justify\">&nbsp; &nbsp; Nuestro centro se ubica geogr\u00e1ficamente en un pueblo de la zona costera occidental de la provincia de Huelva. Se encuentra situado en una barriada muy cercana al centro urbano, donde se extiende su radio de influencia.<\/p>\n<p style=\"text-align: justify\">&nbsp;&nbsp;&nbsp;&nbsp; La poblaci\u00f3n ha despegado considerablemente en los \u00faltimos a\u00f1os debido a un mejor aprovechamiento en la <em>agricultura, en la construcci\u00f3n y el turismo, a<\/em>dem\u00e1s de una gran influencia de inmigrantes que vienen a prestar sus servicios.<\/p>\n<p style=\"text-align: justify\">&nbsp;&nbsp;&nbsp;&nbsp; El nivel sociocultural de la zona de nuestro centro es medio, habiendo un n\u00famero considerable de titulados entre los padres\/madres de los alumnos\/as al estar en la zona centro del pueblo donde pueden ejercer su profesi\u00f3n.<\/p>\n<p><iframe loading=\"lazy\" src=\"https:\/\/www.google.com\/maps\/embed?pb=!1m14!1m12!1m3!1d794.2396704268155!2d-7.205476643153864!3d37.253229369777635!2m3!1f0!2f0!3f0!3m2!1i1024!2i768!4f13.1!5e0!3m2!1ses!2ses!4v1522567617575\" width=\"600\" height=\"450\" frameborder=\"0\"><\/iframe><\/p>\n<h4><strong>Datos de contacto<\/strong><\/h4>\n<p>Centro de Educaci\u00f3n Infantil y Primaria Alonso Barba<\/p>\n<p><strong>Direcci\u00f3n:<\/strong> &nbsp;Calle Sevilla s\/n. 21440 Lepe<\/p>\n<p><strong>Tel\u00e9fono: 959489507<\/strong><\/p>\n<p><strong>FAX: 959489508<\/strong><\/p>\n<p><strong>Email: 21002239.edu@juntadeandalucia.es<\/strong><\/p>\n<h4><strong>Horarios<\/strong><\/h4>\n<p><strong>&nbsp; &nbsp; &nbsp;Horario general del centro<\/strong><\/p>\n<p style=\"text-align: left\">&nbsp; &nbsp; &nbsp; &nbsp; &nbsp;07\u201930 a 09\u201900 h. aula matinal.<\/p>\n<p style=\"text-align: left\">&nbsp; &nbsp; &nbsp; &nbsp; &nbsp;09\u201900 a 14\u201900 h. horario lectivo.<\/p>\n<p style=\"text-align: left\">&nbsp; &nbsp; &nbsp; &nbsp; &nbsp;14\u201900 a 16\u201900 h. servicio de comedor.<\/p>\n<p style=\"text-align: left\">&nbsp; &nbsp; &nbsp; &nbsp; &nbsp;16:00 a 19\u201900 h. actividades extraescolares (AMPA y Ayuntamiento)<\/p>\n<p>&nbsp;<\/p>\n<h4><strong>Oferta educativa<\/strong><\/h4>\n<p>En la actualidad nuestro centro cuenta con 3 l\u00edneas para cada nivel excepto en infantil de 3 a\u00f1os, que tenemos 2 niveles.<\/p>\n<table>\n<tbody>\n<tr>\n<td width=\"130\"><strong>Niveles<\/strong><\/td>\n<td width=\"255\"><strong>L\u00edneas por curso 2021\/2022<\/strong><\/td>\n<\/tr>\n<tr>\n<td width=\"130\"><strong>Infantil 3 a\u00f1os <\/strong><\/td>\n<td width=\"255\">3<\/td>\n<\/tr>\n<tr>\n<td width=\"130\"><strong>Infantil 4 a\u00f1os<\/strong><\/td>\n<td width=\"255\">3<\/td>\n<\/tr>\n<tr>\n<td width=\"130\"><strong>Infantil 5 a\u00f1os<\/strong><\/td>\n<td width=\"255\">3&nbsp;<\/td>\n<\/tr>\n<tr>\n<td width=\"130\"><strong>1\u00ba &nbsp;E.P.<\/strong><\/td>\n<td width=\"255\">3&nbsp;<\/td>\n<\/tr>\n<tr>\n<td width=\"130\"><strong>2\u00ba &nbsp;E.P.<\/strong><\/td>\n<td width=\"255\">3&nbsp;<\/td>\n<\/tr>\n<tr>\n<td width=\"130\"><strong>3\u00ba &nbsp;E.P.<\/strong><\/td>\n<td width=\"255\">3&nbsp;<\/td>\n<\/tr>\n<tr>\n<td width=\"130\"><strong>4\u00ba &nbsp;E.P.<\/strong><\/td>\n<td width=\"255\">3&nbsp;<\/td>\n<\/tr>\n<tr>\n<td width=\"130\"><strong>5\u00ba &nbsp;E.P.<\/strong><\/td>\n<td width=\"255\">3&nbsp;<\/td>\n<\/tr>\n<tr>\n<td width=\"130\"><strong>6\u00ba &nbsp;E.P.<\/strong><\/td>\n<td width=\"255\">3&nbsp;<\/td>\n<\/tr>\n<tr>\n<td width=\"130\"><strong>Aula TEA<\/strong><\/td>\n<td width=\"255\">1&nbsp;<\/td>\n<\/tr>\n<\/tbody>\n<\/table>\n<h4>Instalaciones<\/h4>\n<p>Se construy\u00f3 en 1958. Actualmente se han llevado a cabo unas obras de remodelaci\u00f3n y ampliaci\u00f3n del mismo&nbsp; finalizando \u00e9stas en el a\u00f1o 2007.<\/p>\n<p>&nbsp;&nbsp;&nbsp;&nbsp;&nbsp; Las dependencias del Centro han quedado repartidas en 2 plantas como siguen:<\/p>\n<p><strong>&nbsp; &nbsp;<u>Planta baja<\/u><\/strong>: en la que encontramos administraci\u00f3n y despachos para cada miembro del equipo directivo, comedor, conserjer\u00eda, cuarto de la limpieza, aseos para alumnos\/as y para maestros\/as, cuarto de almac\u00e9n de material para psicomotricidad, aulas de infantil, aula de Pedagog\u00eda Terap\u00e9utica, aula de Audici\u00f3n y Lenguaje, aula TEA, cuarto para el refuerzo pedag\u00f3gico y aulas de primer ciclo.<\/p>\n<p><strong>&nbsp; &nbsp;<u>Planta alta<\/u><\/strong>: sala de profesores, sala AMPA, dos cuartos para el refuerzo pedag\u00f3gico, un cuarto de ATAL (Aula Temporal de Adaptaci\u00f3n Ling\u00fc\u00edstica), aseos para alumnos\/as y para maestros\/as, sala de inform\u00e1tica, aula de biblioteca, aulas de segundo ciclo y aulas de tercer ciclo.<\/p>\n<p>&nbsp; &nbsp;En relaci\u00f3n a las <strong>instalaciones y recursos<\/strong> externos destacamos: una pista polideportiva sin porter\u00edas ni canastas, dos patios con suelo uniforme y un gimnasio de 25m x 15m.<\/p>\n<p><a href=\"https:\/\/blogsaverroes.juntadeandalucia.es\/ceipalonsobarba\/files\/2015\/03\/FOTO-COLE-1.jpg\"><img loading=\"lazy\" decoding=\"async\" class=\"alignnone wp-image-2361\" src=\"https:\/\/blogsaverroes.juntadeandalucia.es\/ceipalonsobarba\/files\/2015\/03\/FOTO-COLE-1-300x225.jpg\" alt=\"\" width=\"150\" height=\"115\" srcset=\"https:\/\/blogsaverroes.juntadeandalucia.es\/ceipalonsobarba\/files\/2015\/03\/FOTO-COLE-1-24x18.jpg 24w, https:\/\/blogsaverroes.juntadeandalucia.es\/ceipalonsobarba\/files\/2015\/03\/FOTO-COLE-1-36x27.jpg 36w, https:\/\/blogsaverroes.juntadeandalucia.es\/ceipalonsobarba\/files\/2015\/03\/FOTO-COLE-1-48x36.jpg 48w\" sizes=\"(max-width: 150px) 100vw, 150px\" \/><\/a> <a href=\"https:\/\/blogsaverroes.juntadeandalucia.es\/ceipalonsobarba\/files\/2015\/03\/FOTO-COLE-2.jpg\"><img loading=\"lazy\" decoding=\"async\" class=\"alignnone wp-image-2362\" src=\"https:\/\/blogsaverroes.juntadeandalucia.es\/ceipalonsobarba\/files\/2015\/03\/FOTO-COLE-2-300x225.jpg\" alt=\"\" width=\"146\" height=\"112\" srcset=\"https:\/\/blogsaverroes.juntadeandalucia.es\/ceipalonsobarba\/files\/2015\/03\/FOTO-COLE-2-24x18.jpg 24w, https:\/\/blogsaverroes.juntadeandalucia.es\/ceipalonsobarba\/files\/2015\/03\/FOTO-COLE-2-36x27.jpg 36w, https:\/\/blogsaverroes.juntadeandalucia.es\/ceipalonsobarba\/files\/2015\/03\/FOTO-COLE-2-48x36.jpg 48w\" sizes=\"(max-width: 146px) 100vw, 146px\" \/><\/a> <a href=\"https:\/\/blogsaverroes.juntadeandalucia.es\/ceipalonsobarba\/files\/2015\/03\/FOTO-COLE-3.jpg\"><img loading=\"lazy\" decoding=\"async\" class=\"alignnone wp-image-2363\" src=\"https:\/\/blogsaverroes.juntadeandalucia.es\/ceipalonsobarba\/files\/2015\/03\/FOTO-COLE-3-300x225.jpg\" alt=\"\" width=\"149\" height=\"113\" srcset=\"https:\/\/blogsaverroes.juntadeandalucia.es\/ceipalonsobarba\/files\/2015\/03\/FOTO-COLE-3-300x225.jpg 300w, https:\/\/blogsaverroes.juntadeandalucia.es\/ceipalonsobarba\/files\/2015\/03\/FOTO-COLE-3-768x576.jpg 768w, https:\/\/blogsaverroes.juntadeandalucia.es\/ceipalonsobarba\/files\/2015\/03\/FOTO-COLE-3-1024x768.jpg 1024w, https:\/\/blogsaverroes.juntadeandalucia.es\/ceipalonsobarba\/files\/2015\/03\/FOTO-COLE-3-700x525.jpg 700w, https:\/\/blogsaverroes.juntadeandalucia.es\/ceipalonsobarba\/files\/2015\/03\/FOTO-COLE-3-24x18.jpg 24w, https:\/\/blogsaverroes.juntadeandalucia.es\/ceipalonsobarba\/files\/2015\/03\/FOTO-COLE-3-36x27.jpg 36w, https:\/\/blogsaverroes.juntadeandalucia.es\/ceipalonsobarba\/files\/2015\/03\/FOTO-COLE-3-48x36.jpg 48w, https:\/\/blogsaverroes.juntadeandalucia.es\/ceipalonsobarba\/files\/2015\/03\/FOTO-COLE-3.jpg 1600w\" sizes=\"(max-width: 149px) 100vw, 149px\" \/><\/a> <a href=\"https:\/\/blogsaverroes.juntadeandalucia.es\/ceipalonsobarba\/files\/2015\/03\/FOTO-COLE-4.jpg\"><img loading=\"lazy\" decoding=\"async\" class=\"alignnone wp-image-2364\" src=\"https:\/\/blogsaverroes.juntadeandalucia.es\/ceipalonsobarba\/files\/2015\/03\/FOTO-COLE-4-300x205.jpg\" alt=\"\" width=\"149\" height=\"105\" srcset=\"https:\/\/blogsaverroes.juntadeandalucia.es\/ceipalonsobarba\/files\/2015\/03\/FOTO-COLE-4-24x16.jpg 24w, https:\/\/blogsaverroes.juntadeandalucia.es\/ceipalonsobarba\/files\/2015\/03\/FOTO-COLE-4-36x25.jpg 36w, https:\/\/blogsaverroes.juntadeandalucia.es\/ceipalonsobarba\/files\/2015\/03\/FOTO-COLE-4-48x33.jpg 48w\" sizes=\"(max-width: 149px) 100vw, 149px\" \/><\/a><\/p>\n","protected":false},"excerpt":{"rendered":"<p>&nbsp; &nbsp; Nuestro centro se ubica geogr\u00e1ficamente en un pueblo de la zona costera occidental de la provincia de Huelva. Se encuentra situado en una barriada muy cercana al centro urbano, donde se extiende&#46;&#46;&#46;<\/p>\n","protected":false},"author":1,"featured_media":0,"parent":0,"menu_order":0,"comment_status":"closed","ping_status":"open","template":"","meta":{"ngg_post_thumbnail":0,"footnotes":"","_mc_calendar":[]},"aioseo_notices":[],"_links":{"self":[{"href":"https:\/\/blogsaverroes.juntadeandalucia.es\/ceipalonsobarba\/wp-json\/wp\/v2\/pages\/35"}],"collection":[{"href":"https:\/\/blogsaverroes.juntadeandalucia.es\/ceipalonsobarba\/wp-json\/wp\/v2\/pages"}],"about":[{"href":"https:\/\/blogsaverroes.juntadeandalucia.es\/ceipalonsobarba\/wp-json\/wp\/v2\/types\/page"}],"author":[{"embeddable":true,"href":"https:\/\/blogsaverroes.juntadeandalucia.es\/ceipalonsobarba\/wp-json\/wp\/v2\/users\/1"}],"replies":[{"embeddable":true,"href":"https:\/\/blogsaverroes.juntadeandalucia.es\/ceipalonsobarba\/wp-json\/wp\/v2\/comments?post=35"}],"version-history":[{"count":27,"href":"https:\/\/blogsaverroes.juntadeandalucia.es\/ceipalonsobarba\/wp-json\/wp\/v2\/pages\/35\/revisions"}],"predecessor-version":[{"id":3591,"href":"https:\/\/blogsaverroes.juntadeandalucia.es\/ceipalonsobarba\/wp-json\/wp\/v2\/pages\/35\/revisions\/3591"}],"wp:attachment":[{"href":"https:\/\/blogsaverroes.juntadeandalucia.es\/ceipalonsobarba\/wp-json\/wp\/v2\/media?parent=35"}],"curies":[{"name":"wp","href":"https:\/\/api.w.org\/{rel}","templated":true}]}}