{"id":3760,"date":"2023-03-16T06:20:15","date_gmt":"2023-03-16T06:20:15","guid":{"rendered":"https:\/\/blogsaverroes.juntadeandalucia.es\/ceipalonsobarba\/?page_id=3760"},"modified":"2023-03-22T12:28:39","modified_gmt":"2023-03-22T12:28:39","slug":"ensenanza-bilingue","status":"publish","type":"page","link":"https:\/\/blogsaverroes.juntadeandalucia.es\/ceipalonsobarba\/ensenanza-bilingue\/","title":{"rendered":"Ense\u00f1anza Biling\u00fce"},"content":{"rendered":"<p><strong>F<\/strong><strong>ICHA INFORMATIVA PARA AUXILIARES DE CONVERSACI\u00d3N<\/strong><\/p>\n<p>&nbsp;<\/p>\n<p><em>Esta ficha pretende&nbsp; facilitar&nbsp; informaci\u00f3n al auxiliar que desconoce nuestro sistema educativo y cultura. Se evitar\u00e1n acr\u00f3nimos &nbsp;y &nbsp;se &nbsp;har\u00e1 &nbsp;lo &nbsp;m\u00e1s comprensible posible.&nbsp;<\/em><\/p>\n<table style=\"border-collapse: collapse;width: 99.8268%\">\n<tbody>\n<tr>\n<td style=\"width: 45.3929%;text-align: center\"><strong>SCHOOL DETAILS<\/strong><\/td>\n<td style=\"width: 54.7264%\">\u2013&nbsp;<strong>School name:&nbsp;<\/strong>CEIP ALONSO BARBA\u2013&nbsp;<strong>Full address:&nbsp;<\/strong>c\/SEVILLA, S\/N LEPE (HUELVA)<\/p>\n<p>\u2013&nbsp;<strong>Telephone number<\/strong>: (+34) 959 489 507<\/p>\n<p><strong>\u2013 Email<\/strong>: <a href=\"mailto:21002239.edu@juntadeandalucia.es\">21002239.edu@juntadeandalucia.es<\/a><\/p>\n<p>\u2013&nbsp;<strong>Location link on <a href=\"https:\/\/maps.app.goo.gl\/jMqKdkfKBTPhhGuAA?g_st=iw\">Google Maps<\/a>.<\/strong><\/td>\n<\/tr>\n<tr>\n<td style=\"width: 45.3929%;text-align: center\"><strong>Education Level<\/strong><\/td>\n<td style=\"width: 54.7264%\">\u2013 Early childhood Education (ages 3-6)\u2013 Elementary School (ages 6-12)<\/td>\n<\/tr>\n<tr>\n<td style=\"width: 45.3929%\"><strong>Staff Contact for Language Assistants<\/strong><\/td>\n<td style=\"width: 54.7264%\">Jes\u00fas Manuel Ortiz MorillaTelephone number: (+34) 655 454 403<\/p>\n<p><a href=\"mailto:jortmor099@g.educaand.es\">jortmor099@g.educaand.es<\/a><\/p>\n<p>&nbsp;<\/p>\n<p>M\u00aa\u00c1ngeles Vizca\u00edno Trujillo<\/p>\n<p>Telephone number: (+34) 622 699 482<\/p>\n<p><a href=\"mailto:mviztru448@g.educaand.es\">mviztru448@g.educaand.es<\/a><\/td>\n<\/tr>\n<tr>\n<td style=\"width: 45.3929%\"><strong>Collaboration subjects of the<\/strong><strong>L<\/strong><strong>an<\/strong><strong>guage Assistant<\/strong><\/td>\n<td style=\"width: 54.7264%\">English, Music, Physical Education, Natural Sciences\u2026<\/td>\n<\/tr>\n<tr>\n<td style=\"width: 45.3929%\"><strong>L<\/strong><strong>in<\/strong><strong>ks with Norms, Resources and Materials for Language Assistant collaboration<\/strong><\/td>\n<td style=\"width: 54.7264%\"><a href=\"https:\/\/blogsaverroes.juntadeandalucia.es\/ceipalonsobarba\/\">https:\/\/blogsaverroes.juntadeandalucia.es\/ceipalonsobarba\/<\/a><\/p>\n<p><a href=\"https:\/\/www.facebook.com\/ceip.alonsobarba\">https:\/\/www.facebook.com\/ceip.alonsobarba<\/a><\/td>\n<\/tr>\n<\/tbody>\n<\/table>\n<table style=\"border-collapse: collapse;width: 99.8302%;height: 41px\">\n<tbody>\n<tr>\n<td style=\"width: 29.5951%\"><strong>In<\/strong><strong>formation about the neighborhood and city (video)<\/strong><\/td>\n<td style=\"width: 41.5782%\"><a href=\"https:\/\/blogsaverroes.juntadeandalucia.es\/ceipalonsobarba\/files\/2023\/03\/23c966cc-22c4-46ff-b424-bae0bdb94a96.mp4\">Conoce Lepe<\/a><a href=\"https:\/\/youtu.be\/QVs0aV3oNfw\">https:\/\/youtu.be\/QVs0aV3oNfw<\/a><\/p>\n<p><a href=\"https:\/\/youtu.be\/XZIkafUlGQc\">https:\/\/youtu.be\/XZIkafUlGQc<\/a><\/p>\n<p><a href=\"https:\/\/youtu.be\/68TmQgfiafM\">https:\/\/youtu.be\/68TmQgfiafM<\/a><\/p>\n<p><a href=\"https:\/\/youtu.be\/2wVdoz6HAsI\">https:\/\/youtu.be\/2wVdoz6HAsI<\/a><\/td>\n<\/tr>\n<tr>\n<td style=\"width: 29.5951%\"><strong>Getting to school<\/strong><\/td>\n<td style=\"width: 41.5782%\">Lepe bus transportation:<\/p>\n<p><a href=\"https:\/\/www.busbusgo.com\/en\/bus_timetable-Lepe_Huelva.html\">https:\/\/www.busbusgo.com\/en\/bus_timetable- Lepe_Huelva.html<\/a><\/p>\n<p><a href=\"https:\/\/moovitapp.com\/index\/en\/public_transit-Lepe-Huelva-city_93027-4112\">public_transit-Lepe- Huelva-city<\/a><\/p>\n<p><a href=\"https:\/\/www.busbud.com\/en\/bus-lepe-madrid\/r\/eydguj-ezjmgt\">bus-lepe-madrid<\/a><\/td>\n<\/tr>\n<tr>\n<td style=\"width: 29.5951%\"><strong>A<\/strong><strong>ccommodation (v\u00eddeo)<\/strong><br \/>\n<strong>\u2013 Where to live in town?<\/strong><strong>\u2013 &nbsp;Possibility &nbsp;of &nbsp;sharing &nbsp;a &nbsp;flat &nbsp;with&nbsp;<\/strong><strong>other&nbsp;&nbsp;&nbsp;&nbsp;&nbsp;&nbsp; &nbsp;teachers&nbsp; &nbsp; &nbsp; &nbsp;or&nbsp; &nbsp; &nbsp; &nbsp;language&nbsp;<\/strong><strong>a<\/strong><strong>ssistants?<\/strong><\/td>\n<td style=\"width: 41.5782%\">Links to websites to rent in shared accommodation,<\/p>\n<p>forums or the most effective medium available in the community.&nbsp;<\/p>\n<p><a href=\"https:\/\/www.idealista.com\/en\/alquiler-viviendas\/lepe-huelva\/\">https:\/\/www.idealista.com<\/a><br \/>\n<a href=\"https:\/\/www.fotocasa.es\/en\/rental\/homes\/lepe\/all-zones\/l\">https:\/\/www.fotocasa.es\/<\/a><br \/>\n&nbsp;<a href=\"https:\/\/www.airbnb.es\/lepe-spain\/stays?_set_bev_on_new_domain=1678873874_ZjQzNmEzNjFiZjg0\">https:\/\/www.airbnb.es\/<\/a><\/td>\n<\/tr>\n<\/tbody>\n<\/table>\n<table style=\"border-collapse: collapse;width: 100.679%\">\n<tbody>\n<tr>\n<td style=\"width: 54.8309%\"><strong>Contact with other language assistants or mentor<\/strong><\/td>\n<td style=\"width: 46.0931%\">Foreingn Language teachers in Andalusia<\/p>\n<p><a href=\"https:\/\/www.facebook.com\/groups\/824891444303329\/\">https:\/\/www.facebook.com\/groups\/824891444303329\/<\/a><\/td>\n<\/tr>\n<tr>\n<td style=\"width: 54.8309%\"><strong>P<\/strong><strong>revious Experiences published<\/strong><br \/>\n<strong>p<\/strong><strong>ublicly from prior language<\/strong><br \/>\n<strong>a<\/strong><strong>ssistants<\/strong><\/td>\n<td style=\"width: 46.0931%\">https:\/\/www.huelvainformacion.es<\/p>\n<p><a href=\"https:\/\/www.europapress.es\/andalucia\/educacion-00651\/noticia-educacion-incorpora-154-auxiliares-conversacion-ingles-portugues-frances-provincia-huelva-20221006154139.html\">https:\/\/www.europapress.es\/<\/a><\/p>\n<p><a href=\"http:\/\/colegioelpuntal.com\/auxiliar-de-conversaci%C3%B3n\/\">http:\/\/colegioelpuntal.com\/auxiliar-de-conversaci%C3%B3n\/<\/a><\/p>\n<p>&nbsp;<\/td>\n<\/tr>\n<\/tbody>\n<\/table>\n","protected":false},"excerpt":{"rendered":"<p>FICHA INFORMATIVA PARA AUXILIARES DE CONVERSACI\u00d3N &nbsp; Esta ficha pretende&nbsp; facilitar&nbsp; informaci\u00f3n al auxiliar que desconoce nuestro sistema educativo y cultura. Se evitar\u00e1n acr\u00f3nimos &nbsp;y &nbsp;se &nbsp;har\u00e1 &nbsp;lo &nbsp;m\u00e1s comprensible posible.&nbsp; SCHOOL DETAILS \u2013&nbsp;School&#46;&#46;&#46;<\/p>\n","protected":false},"author":5946,"featured_media":0,"parent":0,"menu_order":0,"comment_status":"closed","ping_status":"closed","template":"","meta":{"ngg_post_thumbnail":0,"footnotes":"","_mc_calendar":[]},"aioseo_notices":[],"_links":{"self":[{"href":"https:\/\/blogsaverroes.juntadeandalucia.es\/ceipalonsobarba\/wp-json\/wp\/v2\/pages\/3760"}],"collection":[{"href":"https:\/\/blogsaverroes.juntadeandalucia.es\/ceipalonsobarba\/wp-json\/wp\/v2\/pages"}],"about":[{"href":"https:\/\/blogsaverroes.juntadeandalucia.es\/ceipalonsobarba\/wp-json\/wp\/v2\/types\/page"}],"author":[{"embeddable":true,"href":"https:\/\/blogsaverroes.juntadeandalucia.es\/ceipalonsobarba\/wp-json\/wp\/v2\/users\/5946"}],"replies":[{"embeddable":true,"href":"https:\/\/blogsaverroes.juntadeandalucia.es\/ceipalonsobarba\/wp-json\/wp\/v2\/comments?post=3760"}],"version-history":[{"count":51,"href":"https:\/\/blogsaverroes.juntadeandalucia.es\/ceipalonsobarba\/wp-json\/wp\/v2\/pages\/3760\/revisions"}],"predecessor-version":[{"id":3818,"href":"https:\/\/blogsaverroes.juntadeandalucia.es\/ceipalonsobarba\/wp-json\/wp\/v2\/pages\/3760\/revisions\/3818"}],"wp:attachment":[{"href":"https:\/\/blogsaverroes.juntadeandalucia.es\/ceipalonsobarba\/wp-json\/wp\/v2\/media?parent=3760"}],"curies":[{"name":"wp","href":"https:\/\/api.w.org\/{rel}","templated":true}]}}