{"id":42,"date":"2015-03-13T08:40:47","date_gmt":"2015-03-13T08:40:47","guid":{"rendered":"http:\/\/blogsaverroes.juntadeandalucia.es\/pre\/ceip\/?page_id=42"},"modified":"2022-02-18T09:16:46","modified_gmt":"2022-02-18T09:16:46","slug":"equipo-directivo","status":"publish","type":"page","link":"https:\/\/blogsaverroes.juntadeandalucia.es\/ceipalonsobarba\/equipo-directivo\/","title":{"rendered":"Equipo directivo"},"content":{"rendered":"<p>Las personas que componen el equipo directivo son las siguientes :<\/p>\n<p><strong>Direcci\u00f3n: D. Jes\u00fas Ortiz Morilla<\/strong><\/p>\n<p><strong>Jefatura de Estudios: D. Mar\u00eda de los \u00c1ngeles Vizcaino Trujillo<\/strong><\/p>\n<p><strong>Secretar\u00eda: D\u00aa. Marta Mu\u00f1oz Ramos<\/strong><\/p>\n<p style=\"text-align: justify\">&nbsp; &nbsp; &nbsp;Desde hace muchos cursos se viene trabajando en el C.E.I.P. \u201cAlonso Barba\u201d la Educaci\u00f3n en Valores, con el convencimiento de que la escuela tiene que ser un agente activo en la educaci\u00f3n entendida en su aspecto m\u00e1s integral.&nbsp;Se han potenciado muchos los Valores y la Cultura de Paz, se ha trabajado por la mejora de la Convivencia junto a la Coeducaci\u00f3n y la Apertura del Centro.<\/p>\n<p style=\"text-align: justify\">&nbsp; &nbsp; &nbsp;A lo largo de este mandato de direcci\u00f3n se adaptar\u00e1 el Plan de Centro acorde con la legislaci\u00f3n vigente que comprende el Proyecto Educativo, el Reglamento de Organizaci\u00f3n y Funcionamiento y el Proyecto de Gesti\u00f3n. Nuestro principal objetivo es desarrollar este Plan de Centro consensuado por todos y mantener un clima de convivencia basado en el respeto mutuo y la cooperaci\u00f3n, que facilite el trabajo de profesores, alumnos y personal no docente. Pretendemos que sea un instrumento capaz de resolver dudas y as\u00ed evitar posibles enfrentamientos; ya que al estar en \u00e9l recogido todo el funcionamiento del Centro, posibilitar\u00e1 encontrar la soluci\u00f3n m\u00e1s id\u00f3nea. A la vez, propicia los cauces de participaci\u00f3n de toda la Comunidad Educativa quedando reflejado qu\u00e9, cu\u00e1ndo y c\u00f3mo hacerlo.<\/p>\n<p style=\"text-align: justify\">&nbsp; &nbsp; &nbsp;Este Plan de Centro tiene en cuenta las caracter\u00edsticas de nuestro Centro, responde a su esp\u00edritu y busca en todo momento su mejor desarrollo. Por supuesto, no es algo cerrado sino abierto, reversible y evaluable por cada estamento para cambiar, mejorar y ampliar su dise\u00f1o, teniendo en cuenta la evoluci\u00f3n de las demandas.<\/p>\n<p style=\"text-align: justify\">&nbsp; &nbsp; &nbsp;Es nuestra intenci\u00f3n construir desde el colegio, considerado como un peque\u00f1o ecosistema social &nbsp;que entra en relaci\u00f3n con su medio, una Cultura de Paz en la que las personas nos formemos en la direcci\u00f3n de una sociedad m\u00e1s justa, m\u00e1s igualitaria y, por ende, m\u00e1s feliz. Por ello participamos en &nbsp;un Proyecto Escuela Espacio de Paz desde el curso 11\/12.<\/p>\n<p style=\"text-align: justify\">&nbsp; &nbsp; &nbsp;Otro aspecto importante a realizar durante los cursos sucesivos es Promover y Potenciar la Formaci\u00f3n del Profesorado del Centro.<\/p>\n<p>&nbsp; &nbsp; &nbsp;As\u00ed pues, los objetivos que se pretenden conseguir durante el pr\u00f3ximo mandato del candidato serian los siguientes:<\/p>\n<ul>\n<li style=\"text-align: justify\">Mejorar la <strong>Convivencia<\/strong> en el Centro mediante el desarrollo de h\u00e1bitos de respeto a las personas y al medio en el profesorado, alumnado y comunidad educativa en general.<\/li>\n<li style=\"text-align: justify\">Priorizar en el proceso de ense\u00f1anza-aprendizaje la <strong>expresi\u00f3n oral y escrita<\/strong>, la <strong>comprensi\u00f3n oral y escrita<\/strong>, el <strong>razonamiento matem\u00e1tico<\/strong>.<\/li>\n<li style=\"text-align: justify\">Mejorar los niveles de <strong>organizaci\u00f3n y funcionamiento<\/strong> del Centro.<\/li>\n<li style=\"text-align: justify\">Implicar a todos los sectores de la Comunidad Educativa en el proceso de ense\u00f1anza\/aprendizaje del alumnado, fomentando la comunicaci\u00f3n entre los distintos sectores y su <strong>participaci\u00f3n<\/strong> en la vida del Centro.<\/li>\n<li style=\"text-align: justify\">Facilitar la <strong>incorporaci\u00f3n<\/strong> de nuestro alumnado a la etapa de Educaci\u00f3n Primaria y Educaci\u00f3n Secundaria.<\/li>\n<li style=\"text-align: justify\">Ampliar la <strong>oferta educativa y cultural<\/strong> de entorno.<\/li>\n<li style=\"text-align: justify\">Implicar a las <strong>Instituciones<\/strong> en el Proceso Educativo en nuestro Centro.<\/li>\n<li style=\"text-align: justify\">Fomentar&nbsp; la <strong>igualdad<\/strong> entre hombres y mujeres en todos los \u00e1mbitos educativos.<\/li>\n<li style=\"text-align: justify\">Optimizar la gesti\u00f3n de los <strong>recursos materiales, humanos, espaciales y econ\u00f3micos<\/strong> del Centro.<\/li>\n<li style=\"text-align: justify\">Mejorar el <strong>rendimiento escolar<\/strong> del alumnado en general ,haciendo&nbsp; hincapi\u00e9 en la <strong>Atenci\u00f3n a la Diversidad<\/strong>.<\/li>\n<li style=\"text-align: justify\">Fomentar la <strong>autonom\u00eda personal y el esp\u00edritu cr\u00edtico&nbsp; y h\u00e1bitos saludables<\/strong> para el desenvolvimiento en su medio.<\/li>\n<\/ul>\n","protected":false},"excerpt":{"rendered":"<p>Las personas que componen el equipo directivo son las siguientes : Direcci\u00f3n: D. Jes\u00fas Ortiz Morilla Jefatura de Estudios: D. Mar\u00eda de los \u00c1ngeles Vizcaino Trujillo Secretar\u00eda: D\u00aa. Marta Mu\u00f1oz Ramos &nbsp; &nbsp; &nbsp;Desde&#46;&#46;&#46;<\/p>\n","protected":false},"author":1,"featured_media":0,"parent":0,"menu_order":0,"comment_status":"closed","ping_status":"open","template":"","meta":{"ngg_post_thumbnail":0,"footnotes":"","_mc_calendar":[]},"aioseo_notices":[],"_links":{"self":[{"href":"https:\/\/blogsaverroes.juntadeandalucia.es\/ceipalonsobarba\/wp-json\/wp\/v2\/pages\/42"}],"collection":[{"href":"https:\/\/blogsaverroes.juntadeandalucia.es\/ceipalonsobarba\/wp-json\/wp\/v2\/pages"}],"about":[{"href":"https:\/\/blogsaverroes.juntadeandalucia.es\/ceipalonsobarba\/wp-json\/wp\/v2\/types\/page"}],"author":[{"embeddable":true,"href":"https:\/\/blogsaverroes.juntadeandalucia.es\/ceipalonsobarba\/wp-json\/wp\/v2\/users\/1"}],"replies":[{"embeddable":true,"href":"https:\/\/blogsaverroes.juntadeandalucia.es\/ceipalonsobarba\/wp-json\/wp\/v2\/comments?post=42"}],"version-history":[{"count":12,"href":"https:\/\/blogsaverroes.juntadeandalucia.es\/ceipalonsobarba\/wp-json\/wp\/v2\/pages\/42\/revisions"}],"predecessor-version":[{"id":3586,"href":"https:\/\/blogsaverroes.juntadeandalucia.es\/ceipalonsobarba\/wp-json\/wp\/v2\/pages\/42\/revisions\/3586"}],"wp:attachment":[{"href":"https:\/\/blogsaverroes.juntadeandalucia.es\/ceipalonsobarba\/wp-json\/wp\/v2\/media?parent=42"}],"curies":[{"name":"wp","href":"https:\/\/api.w.org\/{rel}","templated":true}]}}