{"id":871,"date":"2015-03-16T07:25:46","date_gmt":"2015-03-16T07:25:46","guid":{"rendered":"http:\/\/blogsaverroes.juntadeandalucia.es\/pre\/ceip\/?page_id=106"},"modified":"2024-11-20T06:30:04","modified_gmt":"2024-11-20T06:30:04","slug":"actividades-extraescolares","status":"publish","type":"page","link":"https:\/\/blogsaverroes.juntadeandalucia.es\/ceipalonsobarba\/actividades-extraescolares\/","title":{"rendered":"Actividades extraescolares"},"content":{"rendered":"<p style=\"text-align: left\"><a href=\"https:\/\/blogsaverroes.juntadeandalucia.es\/ceipalonsobarba\/files\/2015\/03\/talleres.jpg\"><img loading=\"lazy\" decoding=\"async\" class=\"aligncenter wp-image-228 \" src=\"https:\/\/blogsaverroes.juntadeandalucia.es\/ceipalonsobarba\/files\/2015\/03\/talleres.jpg\" alt=\"\" width=\"456\" height=\"306\"><\/a><\/p>\n<h4>&nbsp;<\/h4>\n<p><span style=\"font-weight: 400\">Las actividades extraescolares tienen lugar en horario de tarde, hasta las 20.00, y est\u00e1n ofertadas por la propia Consejer\u00eda (PROA), el ayuntamiento (f\u00fatbol, balonmano, turbijuegos, etc) o la AMPA (ingl\u00e9s)<\/span><\/p>\n<p><span style=\"font-weight: 400\">Para hacer posible la realizaci\u00f3n de estas actividades fuera del horario lectivo, los centros pueden abrir sus instalaciones hasta las 20.00 todos los d\u00edas lectivos con excepci\u00f3n de los viernes, en los que el cierre se establece a las 16.00.<\/span><\/p>\n","protected":false},"excerpt":{"rendered":"<p>&nbsp; Las actividades extraescolares tienen lugar en horario de tarde, hasta las 20.00, y est\u00e1n ofertadas por la propia Consejer\u00eda (PROA), el ayuntamiento (f\u00fatbol, balonmano, turbijuegos, etc) o la AMPA (ingl\u00e9s) Para hacer posible&#46;&#46;&#46;<\/p>\n","protected":false},"author":1,"featured_media":0,"parent":0,"menu_order":0,"comment_status":"closed","ping_status":"open","template":"","meta":{"ngg_post_thumbnail":0,"footnotes":"","_mc_calendar":[]},"aioseo_notices":[],"_links":{"self":[{"href":"https:\/\/blogsaverroes.juntadeandalucia.es\/ceipalonsobarba\/wp-json\/wp\/v2\/pages\/871"}],"collection":[{"href":"https:\/\/blogsaverroes.juntadeandalucia.es\/ceipalonsobarba\/wp-json\/wp\/v2\/pages"}],"about":[{"href":"https:\/\/blogsaverroes.juntadeandalucia.es\/ceipalonsobarba\/wp-json\/wp\/v2\/types\/page"}],"author":[{"embeddable":true,"href":"https:\/\/blogsaverroes.juntadeandalucia.es\/ceipalonsobarba\/wp-json\/wp\/v2\/users\/1"}],"replies":[{"embeddable":true,"href":"https:\/\/blogsaverroes.juntadeandalucia.es\/ceipalonsobarba\/wp-json\/wp\/v2\/comments?post=871"}],"version-history":[{"count":5,"href":"https:\/\/blogsaverroes.juntadeandalucia.es\/ceipalonsobarba\/wp-json\/wp\/v2\/pages\/871\/revisions"}],"predecessor-version":[{"id":3863,"href":"https:\/\/blogsaverroes.juntadeandalucia.es\/ceipalonsobarba\/wp-json\/wp\/v2\/pages\/871\/revisions\/3863"}],"wp:attachment":[{"href":"https:\/\/blogsaverroes.juntadeandalucia.es\/ceipalonsobarba\/wp-json\/wp\/v2\/media?parent=871"}],"curies":[{"name":"wp","href":"https:\/\/api.w.org\/{rel}","templated":true}]}}