{"id":853,"date":"2020-12-18T08:50:47","date_gmt":"2020-12-18T07:50:47","guid":{"rendered":"https:\/\/blogsaverroes.juntadeandalucia.es\/pre\/plantilla-pencil\/?page_id=853"},"modified":"2025-10-17T09:26:34","modified_gmt":"2025-10-17T08:26:34","slug":"nuestra-historia","status":"publish","type":"page","link":"https:\/\/blogsaverroes.juntadeandalucia.es\/ceipalpesa\/nuestra-historia\/","title":{"rendered":"Nuestra Historia"},"content":{"rendered":"<p>[et_pb_section fb_built=&#8221;1&#8243; _builder_version=&#8221;4.16&#8243; global_colors_info=&#8221;{}&#8221;][et_pb_row _builder_version=&#8221;4.24.2&#8243; _module_preset=&#8221;default&#8221; column_structure=&#8221;1_2,1_2&#8243;][et_pb_column _builder_version=&#8221;4.24.2&#8243; _module_preset=&#8221;default&#8221; type=&#8221;1_2&#8243;][et_pb_image _builder_version=&#8221;4.24.2&#8243; _module_preset=&#8221;default&#8221; title_text=&#8221;COLE&#8221; src=&#8221;https:\/\/blogsaverroes.juntadeandalucia.es\/ceipalpesa\/files\/2025\/10\/COLE-scaled.jpg&#8221; hover_enabled=&#8221;0&#8243; sticky_enabled=&#8221;0&#8243; align=&#8221;center&#8221;][\/et_pb_image][\/et_pb_column][et_pb_column _builder_version=&#8221;4.24.2&#8243; _module_preset=&#8221;default&#8221; type=&#8221;1_2&#8243;][et_pb_image _builder_version=&#8221;4.24.2&#8243; _module_preset=&#8221;default&#8221; title_text=&#8221;Plaza_Andaluc\u00eda&#8221; src=&#8221;https:\/\/blogsaverroes.juntadeandalucia.es\/ceipalpesa\/files\/2025\/10\/Plaza_Andalucia-scaled.jpg&#8221; align=&#8221;center&#8221; hover_enabled=&#8221;0&#8243; sticky_enabled=&#8221;0&#8243; max_height=&#8221;390px&#8221;][\/et_pb_image][\/et_pb_column][\/et_pb_row][et_pb_row _builder_version=&#8221;4.16&#8243; background_size=&#8221;initial&#8221; background_position=&#8221;top_left&#8221; background_repeat=&#8221;repeat&#8221; global_colors_info=&#8221;{}&#8221;][et_pb_column type=&#8221;4_4&#8243; _builder_version=&#8221;4.16&#8243; custom_padding=&#8221;|||&#8221; global_colors_info=&#8221;{}&#8221; custom_padding__hover=&#8221;|||&#8221;][et_pb_text admin_label=&#8221;Texto descriptivo&#8221; _builder_version=&#8221;4.24.2&#8243; z_index_tablet=&#8221;500&#8243; text_text_shadow_horizontal_length_tablet=&#8221;0px&#8221; text_text_shadow_vertical_length_tablet=&#8221;0px&#8221; text_text_shadow_blur_strength_tablet=&#8221;1px&#8221; link_text_shadow_horizontal_length_tablet=&#8221;0px&#8221; link_text_shadow_vertical_length_tablet=&#8221;0px&#8221; link_text_shadow_blur_strength_tablet=&#8221;1px&#8221; ul_text_shadow_horizontal_length_tablet=&#8221;0px&#8221; ul_text_shadow_vertical_length_tablet=&#8221;0px&#8221; ul_text_shadow_blur_strength_tablet=&#8221;1px&#8221; ol_text_shadow_horizontal_length_tablet=&#8221;0px&#8221; ol_text_shadow_vertical_length_tablet=&#8221;0px&#8221; ol_text_shadow_blur_strength_tablet=&#8221;1px&#8221; quote_text_shadow_horizontal_length_tablet=&#8221;0px&#8221; quote_text_shadow_vertical_length_tablet=&#8221;0px&#8221; quote_text_shadow_blur_strength_tablet=&#8221;1px&#8221; header_text_shadow_horizontal_length_tablet=&#8221;0px&#8221; header_text_shadow_vertical_length_tablet=&#8221;0px&#8221; header_text_shadow_blur_strength_tablet=&#8221;1px&#8221; header_2_text_shadow_horizontal_length_tablet=&#8221;0px&#8221; header_2_text_shadow_vertical_length_tablet=&#8221;0px&#8221; header_2_text_shadow_blur_strength_tablet=&#8221;1px&#8221; header_3_text_shadow_horizontal_length_tablet=&#8221;0px&#8221; header_3_text_shadow_vertical_length_tablet=&#8221;0px&#8221; header_3_text_shadow_blur_strength_tablet=&#8221;1px&#8221; header_4_text_shadow_horizontal_length_tablet=&#8221;0px&#8221; header_4_text_shadow_vertical_length_tablet=&#8221;0px&#8221; header_4_text_shadow_blur_strength_tablet=&#8221;1px&#8221; header_5_text_shadow_horizontal_length_tablet=&#8221;0px&#8221; header_5_text_shadow_vertical_length_tablet=&#8221;0px&#8221; header_5_text_shadow_blur_strength_tablet=&#8221;1px&#8221; header_6_text_shadow_horizontal_length_tablet=&#8221;0px&#8221; header_6_text_shadow_vertical_length_tablet=&#8221;0px&#8221; header_6_text_shadow_blur_strength_tablet=&#8221;1px&#8221; box_shadow_horizontal_tablet=&#8221;0px&#8221; box_shadow_vertical_tablet=&#8221;0px&#8221; box_shadow_blur_tablet=&#8221;40px&#8221; box_shadow_spread_tablet=&#8221;0px&#8221; global_colors_info=&#8221;{}&#8221;]<\/p>\n<h2>Nuestro entorno<\/h2>\n<p>El centro se encuentra en la localidad de <strong>Villaverde del R\u00edo<\/strong>, en la comarca denominada La Vega de Sevilla, a los pies del Guadalquivir, es una de las<br \/>zonas m\u00e1s productivas de Andaluc\u00eda en cuanto a agricultura sobre todo de c\u00edtricos. Los sectores econ\u00f3micos m\u00e1s activos son la agricultura, la construcci\u00f3n y la industria agroalimentaria, que ofrece empleo temporal mayoritariamente femenino. La mayor\u00eda de las mujeres se dedica a las labores dom\u00e9sticas o a trabajos eventuales agr\u00edcolas o relacionados con la industria hortofrut\u00edcola.<\/p>\n<p>En el <strong>\u00e1mbito cultural<\/strong>, hasta hace poco la dinamizaci\u00f3n para los j\u00f3venes era escasa, siendo la Cabalgata de Reyes y la Romer\u00eda de Nuestra Se\u00f1ora de Aguas Santas, las \u00fanicas actividades culturales en las que participa la mayor parte de la poblaci\u00f3n. Sin embargo, en los \u00faltimos a\u00f1os el Ayuntamiento est\u00e1 fomentando la participaci\u00f3n de la poblaci\u00f3n juvenil principalmente en actividades deportivas. Por todo ello, es preciso fomentar desde los centros educativos, en colaboraci\u00f3n con el Ayuntamiento el desarrollo cultural de nuestro alumnado e impulsar una participaci\u00f3n m\u00e1s activa de las familias en esta labor.<\/p>\n<p style=\"text-align: center\"><a href='https:\/\/www.canva.com\/design\/DAGey-rAHSE\/vmYE_oAOtjsI5VFOxcdExw\/view?utm_content=DAGey-rAHSE&#038;utm_campaign=designshare&#038;utm_medium=link2&#038;utm_source=uniquelinks&#038;utlId=h089baf732a' class='small-button smallblue' target=\"_blank\">\u00a1Conoce m\u00e1s sobre nuestro pueblo!<\/a><\/p>\n<h2>Nuestro centro educativo<\/h2>\n<p>El CEIP Alpesa comienza su andadura en el a\u00f1o 2011 y en 2012 comienza su transformaci\u00f3n como comunidad de aprendizaje. Es un centro educativo de infantil y primaria de una l\u00ednea que atiende en torno a 250 alumnos. En el a\u00f1o 2025 la plantilla docente est\u00e1 conformada por:<\/p>\n<ul>\n<li>5 maestras de Educaci\u00f3n Infantil.<\/li>\n<li>2 maestras de Educaci\u00f3n Primaria.<\/li>\n<li>3 maestros\/as de Educaci\u00f3n Primaria Biling\u00fce.<\/li>\n<li>2 maestras de Lengua Extranjera (Ingl\u00e9s).<\/li>\n<li>1 maestra de Lengua Extranjera (Franc\u00e9s).<\/li>\n<li>1 maestro de Educaci\u00f3n F\u00edsica.<\/li>\n<li>1 maestro de Educaci\u00f3n Art\u00edstica (M\u00fasica).<\/li>\n<li>1 maestra de Pedagog\u00eda Terape\u00fatica.<\/li>\n<li>1 maestra de Audici\u00f3n y Lenguaje.<\/li>\n<li>2 maestras de Religi\u00f3n (compartidas con otro centro).<\/li>\n<li>1 PTIS.<\/li>\n<\/ul>\n<h2>Nuestra identidad: Comunidad de Aprendizaje<\/h2>\n<p>El CEIP ALPESA decide iniciar el proceso de transformaci\u00f3n en una Comunidad de Aprendizaje en el curso 2012-2013. El camino que recorri\u00f3 el centro hasta llegar a la toma de decisi\u00f3n de constituirse como Comunidad de Aprendizaje se inicia en cursos anteriores y se pueden distinguir tres pilares que facilitaron el cambio en el centro. Dichos pilares son:<\/p>\n<ol>\n<li>La formaci\u00f3n en centro del profesorado. Todos juntos comenzamos a definir qu\u00e9 proyecto de centro quer\u00edamos y qu\u00e9 necesidades formativas deb\u00edamos cubrir.<\/li>\n<li>La apertura al entorno y la colaboraci\u00f3n con entidades.<\/li>\n<li>La apuesta por la relaci\u00f3n con las familias y la participaci\u00f3n de las mismas en la vida del centro escolar.<\/li>\n<\/ol>\n<p>Podemos definir una <strong>Comunidad de Aprendizaje<\/strong> <em>\u201ccomo un proyecto de transformaci\u00f3n social y cultural de un centro educativo para superar el fracaso escolar y mejorar la<\/em><br \/><em>convivencia&#8221;.<\/em> <strong>\u00bfC\u00f3mo se hace?<\/strong> A partir de una acci\u00f3n educativa basada en unas altas expectativas hacia cada uno de los ni\u00f1os y ni\u00f1as, en la colaboraci\u00f3n , en el di\u00e1logo igualitario y en la confianza en las familias, en las potencialidades educativas del entorno y del profesorado para poner en el centro el aprendizaje y el progreso permanente. Todo empieza a cambiar gracias a la participaci\u00f3n y al empuje colectivo&#8230; De este modo, y a trav\u00e9s de la participaci\u00f3n de toda la comunidad, las ni\u00f1as y ni\u00f1os y sus familiares entran a formar parte implicada en la escuela, transform\u00e1ndola, mientras que \u00e9sta entra a formar parte de sus vidas, cambiando y mejorando sus expectativas, sus posibilidades y su futuro.<\/p>\n<p>[\/et_pb_text][\/et_pb_column][\/et_pb_row][et_pb_row column_structure=&#8221;1_3,1_3,1_3&#8243; _builder_version=&#8221;4.16&#8243; background_size=&#8221;initial&#8221; background_position=&#8221;top_left&#8221; background_repeat=&#8221;repeat&#8221; global_colors_info=&#8221;{}&#8221;][et_pb_column type=&#8221;1_3&#8243; _builder_version=&#8221;4.16&#8243; custom_padding=&#8221;|||&#8221; global_colors_info=&#8221;{}&#8221; custom_padding__hover=&#8221;|||&#8221;][et_pb_blurb title=&#8221;Comunidad de Aprendizaje&#8221; use_icon=&#8221;on&#8221; font_icon=&#8221;&#xe01c;||divi||400&#8243; image_icon_background_color=&#8221;#5d58ef&#8221; image_icon_width=&#8221;48px&#8221; admin_label=&#8221;Informaci\u00f3n innovaci\u00f3n (icono, titulo y texto)&#8221; _builder_version=&#8221;4.24.2&#8243; image_icon_custom_padding=&#8221;25px|25px|25px|25px|false|false&#8221; text_orientation=&#8221;center&#8221; z_index_tablet=&#8221;500&#8243; header_text_shadow_horizontal_length_tablet=&#8221;0px&#8221; header_text_shadow_vertical_length_tablet=&#8221;0px&#8221; header_text_shadow_blur_strength_tablet=&#8221;1px&#8221; body_text_shadow_horizontal_length_tablet=&#8221;0px&#8221; body_text_shadow_vertical_length_tablet=&#8221;0px&#8221; body_text_shadow_blur_strength_tablet=&#8221;1px&#8221; body_link_text_shadow_horizontal_length_tablet=&#8221;0px&#8221; body_link_text_shadow_vertical_length_tablet=&#8221;0px&#8221; body_link_text_shadow_blur_strength_tablet=&#8221;1px&#8221; body_ul_text_shadow_horizontal_length_tablet=&#8221;0px&#8221; body_ul_text_shadow_vertical_length_tablet=&#8221;0px&#8221; body_ul_text_shadow_blur_strength_tablet=&#8221;1px&#8221; body_ol_text_shadow_horizontal_length_tablet=&#8221;0px&#8221; body_ol_text_shadow_vertical_length_tablet=&#8221;0px&#8221; body_ol_text_shadow_blur_strength_tablet=&#8221;1px&#8221; body_quote_text_shadow_horizontal_length_tablet=&#8221;0px&#8221; body_quote_text_shadow_vertical_length_tablet=&#8221;0px&#8221; body_quote_text_shadow_blur_strength_tablet=&#8221;1px&#8221; border_radii_image=&#8221;on|100%|100%|100%|100%&#8221; box_shadow_horizontal_tablet=&#8221;0px&#8221; box_shadow_vertical_tablet=&#8221;0px&#8221; box_shadow_blur_tablet=&#8221;40px&#8221; box_shadow_spread_tablet=&#8221;0px&#8221; box_shadow_horizontal_image_tablet=&#8221;0px&#8221; box_shadow_vertical_image_tablet=&#8221;0px&#8221; box_shadow_blur_image_tablet=&#8221;40px&#8221; box_shadow_spread_image_tablet=&#8221;0px&#8221; text_shadow_horizontal_length_tablet=&#8221;0px&#8221; text_shadow_vertical_length_tablet=&#8221;0px&#8221; text_shadow_blur_strength_tablet=&#8221;1px&#8221; use_circle=&#8221;on&#8221; circle_color=&#8221;#5d58ef&#8221; global_colors_info=&#8221;{}&#8221; image_icon_background_color__sticky_enabled=&#8221;#241f59&#8243; image_icon_background_color__sticky=&#8221;#241f59&#8243;]<\/p>\n<p>Proyecto com\u00fan<\/p>\n<p>[\/et_pb_blurb][\/et_pb_column][et_pb_column type=&#8221;1_3&#8243; _builder_version=&#8221;4.16&#8243; custom_padding=&#8221;|||&#8221; global_colors_info=&#8221;{}&#8221; custom_padding__hover=&#8221;|||&#8221;][\/et_pb_column][et_pb_column type=&#8221;1_3&#8243; _builder_version=&#8221;4.16&#8243; custom_padding=&#8221;|||&#8221; global_colors_info=&#8221;{}&#8221; custom_padding__hover=&#8221;|||&#8221;][et_pb_blurb title=&#8221;Centro Biling\u00fce&#8221; use_icon=&#8221;on&#8221; font_icon=&#8221;&#xe0de;||divi||400&#8243; image_icon_background_color=&#8221;#ff236c&#8221; image_icon_width=&#8221;48px&#8221; admin_label=&#8221;Informaci\u00f3n centro biling\u00fce (icono, titulo y texto)&#8221; _builder_version=&#8221;4.24.2&#8243; image_icon_custom_padding=&#8221;25px|25px|25px|25px|false|false&#8221; text_orientation=&#8221;center&#8221; z_index_tablet=&#8221;500&#8243; header_text_shadow_horizontal_length_tablet=&#8221;0px&#8221; header_text_shadow_vertical_length_tablet=&#8221;0px&#8221; header_text_shadow_blur_strength_tablet=&#8221;1px&#8221; body_text_shadow_horizontal_length_tablet=&#8221;0px&#8221; body_text_shadow_vertical_length_tablet=&#8221;0px&#8221; body_text_shadow_blur_strength_tablet=&#8221;1px&#8221; body_link_text_shadow_horizontal_length_tablet=&#8221;0px&#8221; body_link_text_shadow_vertical_length_tablet=&#8221;0px&#8221; body_link_text_shadow_blur_strength_tablet=&#8221;1px&#8221; body_ul_text_shadow_horizontal_length_tablet=&#8221;0px&#8221; body_ul_text_shadow_vertical_length_tablet=&#8221;0px&#8221; body_ul_text_shadow_blur_strength_tablet=&#8221;1px&#8221; body_ol_text_shadow_horizontal_length_tablet=&#8221;0px&#8221; body_ol_text_shadow_vertical_length_tablet=&#8221;0px&#8221; body_ol_text_shadow_blur_strength_tablet=&#8221;1px&#8221; body_quote_text_shadow_horizontal_length_tablet=&#8221;0px&#8221; body_quote_text_shadow_vertical_length_tablet=&#8221;0px&#8221; body_quote_text_shadow_blur_strength_tablet=&#8221;1px&#8221; border_radii_image=&#8221;on|100%|100%|100%|100%&#8221; box_shadow_horizontal_tablet=&#8221;0px&#8221; box_shadow_vertical_tablet=&#8221;0px&#8221; box_shadow_blur_tablet=&#8221;40px&#8221; box_shadow_spread_tablet=&#8221;0px&#8221; box_shadow_horizontal_image_tablet=&#8221;0px&#8221; box_shadow_vertical_image_tablet=&#8221;0px&#8221; box_shadow_blur_image_tablet=&#8221;40px&#8221; box_shadow_spread_image_tablet=&#8221;0px&#8221; text_shadow_horizontal_length_tablet=&#8221;0px&#8221; text_shadow_vertical_length_tablet=&#8221;0px&#8221; text_shadow_blur_strength_tablet=&#8221;1px&#8221; use_circle=&#8221;on&#8221; circle_color=&#8221;#ff236c&#8221; global_colors_info=&#8221;{}&#8221; image_icon_background_color__sticky_enabled=&#8221;#241f59&#8243; image_icon_background_color__sticky=&#8221;#241f59&#8243;]<\/p>\n<p>Ingl\u00e9s<\/p>\n<p>[\/et_pb_blurb][\/et_pb_column][\/et_pb_row][\/et_pb_section]<\/p>\n","protected":false},"excerpt":{"rendered":"<p>Nuestro entorno El centro se encuentra en la localidad de Villaverde del R\u00edo, en la comarca denominada La Vega de Sevilla, a los pies del Guadalquivir, es una de laszonas m\u00e1s productivas de Andaluc\u00eda en cuanto a agricultura sobre todo de c\u00edtricos. Los sectores econ\u00f3micos m\u00e1s activos son la agricultura, la construcci\u00f3n y la industria [&hellip;]<\/p>\n","protected":false},"author":7051,"featured_media":0,"parent":0,"menu_order":0,"comment_status":"closed","ping_status":"closed","template":"","meta":{"_et_pb_use_builder":"on","_et_pb_old_content":"","_et_gb_content_width":"","ngg_post_thumbnail":0,"footnotes":""},"aioseo_notices":[],"_links":{"self":[{"href":"https:\/\/blogsaverroes.juntadeandalucia.es\/ceipalpesa\/wp-json\/wp\/v2\/pages\/853"}],"collection":[{"href":"https:\/\/blogsaverroes.juntadeandalucia.es\/ceipalpesa\/wp-json\/wp\/v2\/pages"}],"about":[{"href":"https:\/\/blogsaverroes.juntadeandalucia.es\/ceipalpesa\/wp-json\/wp\/v2\/types\/page"}],"author":[{"embeddable":true,"href":"https:\/\/blogsaverroes.juntadeandalucia.es\/ceipalpesa\/wp-json\/wp\/v2\/users\/7051"}],"replies":[{"embeddable":true,"href":"https:\/\/blogsaverroes.juntadeandalucia.es\/ceipalpesa\/wp-json\/wp\/v2\/comments?post=853"}],"version-history":[{"count":6,"href":"https:\/\/blogsaverroes.juntadeandalucia.es\/ceipalpesa\/wp-json\/wp\/v2\/pages\/853\/revisions"}],"predecessor-version":[{"id":1107,"href":"https:\/\/blogsaverroes.juntadeandalucia.es\/ceipalpesa\/wp-json\/wp\/v2\/pages\/853\/revisions\/1107"}],"wp:attachment":[{"href":"https:\/\/blogsaverroes.juntadeandalucia.es\/ceipalpesa\/wp-json\/wp\/v2\/media?parent=853"}],"curies":[{"name":"wp","href":"https:\/\/api.w.org\/{rel}","templated":true}]}}