{"id":10343,"date":"2016-10-26T11:09:02","date_gmt":"2016-10-26T11:09:02","guid":{"rendered":"http:\/\/blogsaverroes.juntadeandalucia.es\/ceipalvarocecilia\/?page_id=10343"},"modified":"2016-11-23T09:27:58","modified_gmt":"2016-11-23T09:27:58","slug":"programa-de-acompanamiento-escolar","status":"publish","type":"page","link":"https:\/\/blogsaverroes.juntadeandalucia.es\/ceipalvarocecilia\/servicios\/programa-de-acompanamiento-escolar\/","title":{"rendered":"Acompa\u00f1amiento Escolar"},"content":{"rendered":"<p style=\"text-align: justify\"><a href=\"http:\/\/blogsaverroes.juntadeandalucia.es\/ceipalvarocecilia\/files\/2015\/11\/Acompa\u00f1amiento.jpg\"><img loading=\"lazy\" decoding=\"async\" class=\" size-full wp-image-10348 alignleft\" src=\"http:\/\/blogsaverroes.juntadeandalucia.es\/ceipalvarocecilia\/files\/2015\/11\/Acompa\u00f1amiento.jpg\" alt=\"Acompa\u00f1amiento\" width=\"219\" height=\"147\" \/><\/a>\u00a0 El Programa de Acompa\u00f1amiento Escolar (PROA) tiene como objetivo actuar con los alumnos que lo precisen en campos que se consideren esenciales para que sus perspectivas escolares aumenten, tales como aprendizajes instrumentales b\u00e1sicos, t\u00e9cnicas de estudio y planificaci\u00f3n del trabajo. habilidades sociales, pr\u00e1cticas de convivencia y desarrollo de valores.<\/p>\n<p>El profesorado que lo imparte, sigue las pautas que le indica\u00a0el tutor\/a acad\u00e9mico del alumnado, y le trabaja aquellos aspectos que este le marca.<\/p>\n<p>Va dirigido al alumnado del segundo y tercer ciclo de primaria. Con el siguiente horario:<\/p>\n<ul>\n<li><strong>Segundo Ciclo<\/strong>: Lunes y Mi\u00e9rcoles de 4 a 5 de la tarde.<\/li>\n<li><strong>Tercer Ciclo<\/strong>: Martes y Jueves de 4 a 5 de la tarde<\/li>\n<\/ul>\n<p>Aunque el programa ya se encuentra iniciado, todav\u00eda es posible inscribirse en \u00e9l, consultando con los tutores correspondientes, que determinaran si es viable su inclusi\u00f3n en dicho programa.<\/p>\n","protected":false},"excerpt":{"rendered":"<p>\u00a0 El Programa de Acompa\u00f1amiento Escolar (PROA) tiene como objetivo actuar con los alumnos que lo precisen en campos que se consideren esenciales para que sus perspectivas escolares aumenten, tales como aprendizajes instrumentales b\u00e1sicos,&#46;&#46;&#46;<\/p>\n","protected":false},"author":2169,"featured_media":0,"parent":815,"menu_order":0,"comment_status":"closed","ping_status":"closed","template":"","meta":{"ngg_post_thumbnail":0,"footnotes":""},"aioseo_notices":[],"_links":{"self":[{"href":"https:\/\/blogsaverroes.juntadeandalucia.es\/ceipalvarocecilia\/wp-json\/wp\/v2\/pages\/10343"}],"collection":[{"href":"https:\/\/blogsaverroes.juntadeandalucia.es\/ceipalvarocecilia\/wp-json\/wp\/v2\/pages"}],"about":[{"href":"https:\/\/blogsaverroes.juntadeandalucia.es\/ceipalvarocecilia\/wp-json\/wp\/v2\/types\/page"}],"author":[{"embeddable":true,"href":"https:\/\/blogsaverroes.juntadeandalucia.es\/ceipalvarocecilia\/wp-json\/wp\/v2\/users\/2169"}],"replies":[{"embeddable":true,"href":"https:\/\/blogsaverroes.juntadeandalucia.es\/ceipalvarocecilia\/wp-json\/wp\/v2\/comments?post=10343"}],"version-history":[{"count":11,"href":"https:\/\/blogsaverroes.juntadeandalucia.es\/ceipalvarocecilia\/wp-json\/wp\/v2\/pages\/10343\/revisions"}],"predecessor-version":[{"id":10545,"href":"https:\/\/blogsaverroes.juntadeandalucia.es\/ceipalvarocecilia\/wp-json\/wp\/v2\/pages\/10343\/revisions\/10545"}],"up":[{"embeddable":true,"href":"https:\/\/blogsaverroes.juntadeandalucia.es\/ceipalvarocecilia\/wp-json\/wp\/v2\/pages\/815"}],"wp:attachment":[{"href":"https:\/\/blogsaverroes.juntadeandalucia.es\/ceipalvarocecilia\/wp-json\/wp\/v2\/media?parent=10343"}],"curies":[{"name":"wp","href":"https:\/\/api.w.org\/{rel}","templated":true}]}}