{"id":18,"date":"2015-11-18T16:32:00","date_gmt":"2015-11-18T16:32:00","guid":{"rendered":"http:\/\/blogsaverroes.juntadeandalucia.es\/ceipalvarocecilia\/?page_id=18"},"modified":"2017-09-15T18:26:40","modified_gmt":"2017-09-15T18:26:40","slug":"presentacion-y-saludo","status":"publish","type":"page","link":"https:\/\/blogsaverroes.juntadeandalucia.es\/ceipalvarocecilia\/conocenos\/presentacion-y-saludo\/","title":{"rendered":"Presentaci\u00f3n y Saludo"},"content":{"rendered":"<p style=\"text-align: center\"><em>\u00a1Bienvenidos a la p\u00e1gina web del CEIP &nbsp;\u00c1lvaro Cecilia Moreno de Fern\u00e1n N\u00fa\u00f1ez!<\/em><\/p>\n<p>&nbsp;<\/p>\n<p style=\"text-align: justify\"><em>&nbsp; &nbsp; &nbsp;<\/em> &nbsp; A trav\u00e9s de esta p\u00e1gina tenemos el prop\u00f3sito de integrarnos dentro del marco del nuevo modelo de Centros &nbsp;Educativos, que la sociedad del siglo XXI nos est\u00e1 demandando y con los recursos que nos ofrecen las nuevas&nbsp;tecnolog\u00edas hacer extensivo a toda la comunidad&nbsp;nuestro proyecto educativo.<\/p>\n<p style=\"text-align: justify\">Con esta p\u00e1gina, en definitiva, lo que pretendemos es propiciar un nuevo entorno educativo y a la vez que &nbsp;sea un instrumento de &nbsp; conocimiento, comunicaci\u00f3n y de intercambio de experiencias, donde nuestros alumnos y alumnas &nbsp;sean los verdaderos protagonistas de su propio proceso de ense\u00f1anza-aprendizaje. &nbsp;Asimismo queremos que los padres y madres de nuestro alumnado participen de esta web para ver el trabajo de sus hijos e hijas,&nbsp;para comunicarse con el profesorado&nbsp; y que les sirva como medio de comunicaci\u00f3n para las actividades organizadas por la AMPA.<\/p>\n<p style=\"text-align: justify\">&nbsp; &nbsp; &nbsp; &nbsp; En esta secci\u00f3n podr\u00e1s conocer a todos los que trabajamos por la educaci\u00f3n de nuestros alumnos y alumnas. Todos los que d\u00eda tras d\u00eda estamos cerca de ellos e intentamos que el colegio sea su segunda casa. En concreto, podr\u00e1s conocer a todos los que formamos la gran familia del Colegio \u00c1lvaro Cecilia.<\/p>\n<p style=\"text-align: right\"><b>Ana Bonilla Ant\u00fanez<\/b><\/p>\n<p style=\"text-align: right\">Directora CEIP &nbsp;\u00c1lvaro Cecilia Moreno<\/p>\n","protected":false},"excerpt":{"rendered":"<p>\u00a1Bienvenidos a la p\u00e1gina web del CEIP &nbsp;\u00c1lvaro Cecilia Moreno de Fern\u00e1n N\u00fa\u00f1ez! &nbsp; &nbsp; &nbsp; &nbsp; &nbsp; A trav\u00e9s de esta p\u00e1gina tenemos el prop\u00f3sito de integrarnos dentro del marco del nuevo modelo&#46;&#46;&#46;<\/p>\n","protected":false},"author":2169,"featured_media":0,"parent":246,"menu_order":0,"comment_status":"closed","ping_status":"closed","template":"","meta":{"ngg_post_thumbnail":0,"footnotes":""},"aioseo_notices":[],"_links":{"self":[{"href":"https:\/\/blogsaverroes.juntadeandalucia.es\/ceipalvarocecilia\/wp-json\/wp\/v2\/pages\/18"}],"collection":[{"href":"https:\/\/blogsaverroes.juntadeandalucia.es\/ceipalvarocecilia\/wp-json\/wp\/v2\/pages"}],"about":[{"href":"https:\/\/blogsaverroes.juntadeandalucia.es\/ceipalvarocecilia\/wp-json\/wp\/v2\/types\/page"}],"author":[{"embeddable":true,"href":"https:\/\/blogsaverroes.juntadeandalucia.es\/ceipalvarocecilia\/wp-json\/wp\/v2\/users\/2169"}],"replies":[{"embeddable":true,"href":"https:\/\/blogsaverroes.juntadeandalucia.es\/ceipalvarocecilia\/wp-json\/wp\/v2\/comments?post=18"}],"version-history":[{"count":8,"href":"https:\/\/blogsaverroes.juntadeandalucia.es\/ceipalvarocecilia\/wp-json\/wp\/v2\/pages\/18\/revisions"}],"predecessor-version":[{"id":16110,"href":"https:\/\/blogsaverroes.juntadeandalucia.es\/ceipalvarocecilia\/wp-json\/wp\/v2\/pages\/18\/revisions\/16110"}],"up":[{"embeddable":true,"href":"https:\/\/blogsaverroes.juntadeandalucia.es\/ceipalvarocecilia\/wp-json\/wp\/v2\/pages\/246"}],"wp:attachment":[{"href":"https:\/\/blogsaverroes.juntadeandalucia.es\/ceipalvarocecilia\/wp-json\/wp\/v2\/media?parent=18"}],"curies":[{"name":"wp","href":"https:\/\/api.w.org\/{rel}","templated":true}]}}