{"id":192,"date":"2015-11-23T16:10:34","date_gmt":"2015-11-23T16:10:34","guid":{"rendered":"http:\/\/blogsaverroes.juntadeandalucia.es\/ceipalvarocecilia\/?page_id=192"},"modified":"2015-11-27T10:32:20","modified_gmt":"2015-11-27T10:32:20","slug":"edificios","status":"publish","type":"page","link":"https:\/\/blogsaverroes.juntadeandalucia.es\/ceipalvarocecilia\/nuestro-cole\/edificios\/","title":{"rendered":"Edificios"},"content":{"rendered":"<table style=\"height: 92px\" width=\"744\">\n<tbody>\n<tr>\n<td style=\"width: 230px\">\u00a0<a href=\"http:\/\/blogsaverroes.juntadeandalucia.es\/ceipalvarocecilia\/files\/2015\/11\/edificio_principal.jpg\"><img loading=\"lazy\" decoding=\"async\" class=\"aligncenter  wp-image-374\" src=\"http:\/\/blogsaverroes.juntadeandalucia.es\/ceipalvarocecilia\/files\/2015\/11\/edificio_principal-300x169.jpg\" alt=\"edificio_principal\" width=\"229\" height=\"129\" srcset=\"https:\/\/blogsaverroes.juntadeandalucia.es\/ceipalvarocecilia\/files\/2015\/11\/edificio_principal-300x169.jpg 300w, https:\/\/blogsaverroes.juntadeandalucia.es\/ceipalvarocecilia\/files\/2015\/11\/edificio_principal.jpg 650w\" sizes=\"(max-width: 229px) 100vw, 229px\" \/><\/a><\/td>\n<td style=\"width: 510px\">\n<p style=\"text-align: justify\"><span style=\"text-decoration: underline\"><em><strong>El Edificio Principal<\/strong><\/em><\/span> est\u00e1 situado en Ronda de las Erillas, teniendo su entrada por la Calle Manuel Hidalgo. en el se imparten ense\u00f1anzas de Infantil y Primaria y se encuentran las dependencias administrativas del centro. Direcci\u00f3n, Secretaria y Jefatura de Estudios.<\/p>\n<p style=\"text-align: justify\">Cuenta con 4 Aulas de Infantil, \u00a0en un edificio anexo a este, y 9 aulas de primaria. Tiene adem\u00e1s un Aula de Audici\u00f3n y Lenguaje y otra de Apoyo a la Integraci\u00f3n<\/p>\n<p style=\"text-align: justify\">Otras dependencias con las que cuenta este edificio son: Comedor, Aula Matinal, S.U.M. Biblioteca y aulas de peque\u00f1o grupo.<\/p>\n<p style=\"text-align: justify\">En el exterior dispone de dos\u00a0patios de recreo (para Infantil y Primaria) y pista polideportiva que adem\u00e1s de para la pr\u00e1ctica deportiva se usa como patio de recreo para los alumnos del tercer ciclo.<\/p>\n<\/td>\n<\/tr>\n<tr>\n<td style=\"width: 230px\"><a href=\"http:\/\/blogsaverroes.juntadeandalucia.es\/ceipalvarocecilia\/files\/2015\/11\/thumbs_0019.jpg\"><img loading=\"lazy\" decoding=\"async\" class=\"aligncenter size-full wp-image-375\" src=\"http:\/\/blogsaverroes.juntadeandalucia.es\/ceipalvarocecilia\/files\/2015\/11\/thumbs_0019.jpg\" alt=\"thumbs_0019\" width=\"240\" height=\"160\" \/><\/a><\/td>\n<td style=\"width: 510px\">\n<div style=\"text-align: justify\"><span style=\"text-decoration: underline\"><strong>\u00a0Edificio de Calle L\u00f3pez Ugart:\u00a0<\/strong><\/span>Situado en la calle citada, se imparten en \u00e9l ense\u00f1anzas de primer y Segundo ciclo de primaria. actualmente tiene un curso de primero, dos de segundo, uno de tercero y uno de cuarto.<\/div>\n<div style=\"text-align: justify\">Cuenta con 6 aulas, una de gran grupo, dos tutor\u00edas, un aula de apoyo a la integraci\u00f3n y patio de recreo<\/div>\n<\/td>\n<\/tr>\n<tr>\n<td style=\"width: 230px\">\u00a0<a href=\"http:\/\/blogsaverroes.juntadeandalucia.es\/ceipalvarocecilia\/files\/2015\/11\/thumbs_0020.jpg\"><img loading=\"lazy\" decoding=\"async\" class=\"aligncenter size-full wp-image-376\" src=\"http:\/\/blogsaverroes.juntadeandalucia.es\/ceipalvarocecilia\/files\/2015\/11\/thumbs_0020.jpg\" alt=\"thumbs_0020\" width=\"240\" height=\"160\" \/><\/a><\/td>\n<td style=\"width: 510px;text-align: justify\">\u00a0<strong><span style=\"text-decoration: underline\">Edificio de las <em>\u00ab4 Escuelas\u00bb<\/em><\/span><\/strong><em>: <\/em>Esta pr\u00f3ximo al anterior y tiene entrada por las calles garc\u00eda Lorca y P\u00e9rez Gald\u00f3s. Es un edificio con 4 aulas con entrada independiente y unidas por un patio central.<\/p>\n<p>Dispone de 4 aulas; tres de ellas albergan alumnado de infantil de 3, 4 y 5 a\u00f1os, la cuarta es utilizada como Aula Matinal \u00a0para uso de los alumnos\/as \u00a0de este edificio y los de L\u00f3pez Ugart.<\/td>\n<\/tr>\n<\/tbody>\n<\/table>\n","protected":false},"excerpt":{"rendered":"<p>\u00a0 El Edificio Principal est\u00e1 situado en Ronda de las Erillas, teniendo su entrada por la Calle Manuel Hidalgo. en el se imparten ense\u00f1anzas de Infantil y Primaria y se encuentran las dependencias administrativas&#46;&#46;&#46;<\/p>\n","protected":false},"author":2169,"featured_media":0,"parent":221,"menu_order":0,"comment_status":"closed","ping_status":"closed","template":"","meta":{"ngg_post_thumbnail":0,"footnotes":""},"aioseo_notices":[],"_links":{"self":[{"href":"https:\/\/blogsaverroes.juntadeandalucia.es\/ceipalvarocecilia\/wp-json\/wp\/v2\/pages\/192"}],"collection":[{"href":"https:\/\/blogsaverroes.juntadeandalucia.es\/ceipalvarocecilia\/wp-json\/wp\/v2\/pages"}],"about":[{"href":"https:\/\/blogsaverroes.juntadeandalucia.es\/ceipalvarocecilia\/wp-json\/wp\/v2\/types\/page"}],"author":[{"embeddable":true,"href":"https:\/\/blogsaverroes.juntadeandalucia.es\/ceipalvarocecilia\/wp-json\/wp\/v2\/users\/2169"}],"replies":[{"embeddable":true,"href":"https:\/\/blogsaverroes.juntadeandalucia.es\/ceipalvarocecilia\/wp-json\/wp\/v2\/comments?post=192"}],"version-history":[{"count":4,"href":"https:\/\/blogsaverroes.juntadeandalucia.es\/ceipalvarocecilia\/wp-json\/wp\/v2\/pages\/192\/revisions"}],"predecessor-version":[{"id":378,"href":"https:\/\/blogsaverroes.juntadeandalucia.es\/ceipalvarocecilia\/wp-json\/wp\/v2\/pages\/192\/revisions\/378"}],"up":[{"embeddable":true,"href":"https:\/\/blogsaverroes.juntadeandalucia.es\/ceipalvarocecilia\/wp-json\/wp\/v2\/pages\/221"}],"wp:attachment":[{"href":"https:\/\/blogsaverroes.juntadeandalucia.es\/ceipalvarocecilia\/wp-json\/wp\/v2\/media?parent=192"}],"curies":[{"name":"wp","href":"https:\/\/api.w.org\/{rel}","templated":true}]}}