{"id":19399,"date":"2018-06-04T17:56:52","date_gmt":"2018-06-04T17:56:52","guid":{"rendered":"https:\/\/blogsaverroes.juntadeandalucia.es\/ceipalvarocecilia\/?page_id=19399"},"modified":"2020-05-30T12:06:49","modified_gmt":"2020-05-30T12:06:49","slug":"matriculacion","status":"publish","type":"page","link":"https:\/\/blogsaverroes.juntadeandalucia.es\/ceipalvarocecilia\/secretaria-2\/matriculacion\/","title":{"rendered":"Matriculaci\u00f3n"},"content":{"rendered":"<p style=\"text-align: center\"><span style=\"text-decoration: underline\"><strong>MATRICULACI\u00d3N 2020-21<\/strong><\/span><\/p>\n<p>Este a\u00f1o, como en cursos anteriores, todo el alumnado matriculado en el centro deber\u00e1 formalizar su matricula para el curso 2020-21, pero debido a las circunstancias excepcionales que estamos viviendo, habr\u00e1 que acudir al centro para realizar dicho tramite, al igual que para solicitar los servicios complementarios de comedor y aula matinal<\/p>\n<p>Los impresos se pueden recoger en el centro los d\u00edas 28 y 29 de mayo. Tambi\u00e9n se prodr\u00e1n descargar de esta p\u00e1gina accediendo a la <strong><a href=\"https:\/\/blogsaverroes.juntadeandalucia.es\/ceipalvarocecilia\/secretaria-2\/impresos\/\">Secretar\u00eda Virtua<\/a>l.<\/strong><\/p>\n<p>Para evitar aglomeraciones en la entrega de dicha documentaci\u00f3n se har\u00e1 publico un cuadrante con la fecha y el horario para uno de los cursos.<\/p>\n<p>Cada alumno deber\u00e1 entregar el impreso de matricula cumplimentado por duplicado, y en caso de solicitar alguno&nbsp; de los servicios complementarios de Comedor, Aula Matinal o Actividades Extraescolares, se entregar\u00e1 tambi\u00e9n el impreso correspondiente.<\/p>\n<p>Se adjunta enlace para descargar cada uno de los impresos necesarios, as\u00ed como informaci\u00f3n complementaria:<\/p>\n<ul style=\"list-style-type: disc\">\n<li><a href=\"https:\/\/www.juntadeandalucia.es\/educacion\/portals\/delegate\/content\/55fad88e-7bb3-40e3-bbe4-198107487345\/ANEXO%20V\" target=\"_blank\" rel=\"noopener noreferrer\"><strong>Impreso de matriculaci\u00f3n Primaria<\/strong><\/a><\/li>\n<li><a href=\"https:\/\/www.juntadeandalucia.es\/educacion\/portals\/delegate\/content\/d26442b2-4b4a-433a-9c1e-e1790a29f781\/ANEXO%20IV\" target=\"_blank\" rel=\"noopener noreferrer\"><strong>Impreso de matriculaci\u00f3n Infantil<\/strong><\/a><\/li>\n<li><a href=\"https:\/\/blogsaverroes.juntadeandalucia.es\/ceipalvarocecilia\/files\/2020\/05\/Solicitud-Servicios-Complementarios.pdf\" target=\"_blank\" rel=\"noopener noreferrer\"><strong>Solicitud de servicios complementarios<\/strong><\/a> (Comedor, Aula matinal, Actividades Extraescolares)<\/li>\n<li><a href=\"https:\/\/blogsaverroes.juntadeandalucia.es\/ceipalvarocecilia\/files\/2020\/05\/Bonificaci\u00f3n.pdf\" target=\"_blank\" rel=\"noopener noreferrer\"><strong>Solicitud de bonificaci\u00f3n en los servicios complementarios<\/strong><\/a><\/li>\n<\/ul>\n<p>&nbsp; &nbsp;Otros documentos disponibles:<\/p>\n<ul style=\"list-style-type: disc\">\n<li><a href=\"https:\/\/blogsaverroes.juntadeandalucia.es\/ceipalvarocecilia\/files\/2020\/05\/Acreditaci\u00f3n-situaciones-familiares.pdf\" target=\"_blank\" rel=\"noopener noreferrer\">Acreditaci\u00f3n de las situaciones familiares<\/a> (para solicitar servicios complementarios)<\/li>\n<li><a href=\"https:\/\/blogsaverroes.juntadeandalucia.es\/ceipalvarocecilia\/files\/2020\/05\/COMUN-ICADO-FAMILIAS-MATRICULACI\u00d3N-2020-21.pdf\" target=\"_blank\" rel=\"noopener noreferrer\"><strong>Comunicado a las familias sobre matriculaci\u00f3n 2020-21<\/strong><\/a><\/li>\n<li><a href=\"https:\/\/blogsaverroes.juntadeandalucia.es\/ceipalvarocecilia\/files\/2020\/05\/HORARIO-PARA-LA-FORMALIZACI\u00d3N-DE-MATR\u00cdCULA-PRESENCIAL-PARA-EL-PR\u00d3XIMO-CURSO-2020.pdf\" target=\"_blank\" rel=\"noopener noreferrer\">Horario para formalizar la matr\u00edcula, de forma presencial<\/a><\/li>\n<\/ul>\n<p>I<\/p>\n","protected":false},"excerpt":{"rendered":"<p>MATRICULACI\u00d3N 2020-21 Este a\u00f1o, como en cursos anteriores, todo el alumnado matriculado en el centro deber\u00e1 formalizar su matricula para el curso 2020-21, pero debido a las circunstancias excepcionales que estamos viviendo, habr\u00e1 que&#46;&#46;&#46;<\/p>\n","protected":false},"author":2169,"featured_media":0,"parent":8508,"menu_order":0,"comment_status":"closed","ping_status":"closed","template":"","meta":{"ngg_post_thumbnail":0,"footnotes":""},"aioseo_notices":[],"_links":{"self":[{"href":"https:\/\/blogsaverroes.juntadeandalucia.es\/ceipalvarocecilia\/wp-json\/wp\/v2\/pages\/19399"}],"collection":[{"href":"https:\/\/blogsaverroes.juntadeandalucia.es\/ceipalvarocecilia\/wp-json\/wp\/v2\/pages"}],"about":[{"href":"https:\/\/blogsaverroes.juntadeandalucia.es\/ceipalvarocecilia\/wp-json\/wp\/v2\/types\/page"}],"author":[{"embeddable":true,"href":"https:\/\/blogsaverroes.juntadeandalucia.es\/ceipalvarocecilia\/wp-json\/wp\/v2\/users\/2169"}],"replies":[{"embeddable":true,"href":"https:\/\/blogsaverroes.juntadeandalucia.es\/ceipalvarocecilia\/wp-json\/wp\/v2\/comments?post=19399"}],"version-history":[{"count":22,"href":"https:\/\/blogsaverroes.juntadeandalucia.es\/ceipalvarocecilia\/wp-json\/wp\/v2\/pages\/19399\/revisions"}],"predecessor-version":[{"id":27033,"href":"https:\/\/blogsaverroes.juntadeandalucia.es\/ceipalvarocecilia\/wp-json\/wp\/v2\/pages\/19399\/revisions\/27033"}],"up":[{"embeddable":true,"href":"https:\/\/blogsaverroes.juntadeandalucia.es\/ceipalvarocecilia\/wp-json\/wp\/v2\/pages\/8508"}],"wp:attachment":[{"href":"https:\/\/blogsaverroes.juntadeandalucia.es\/ceipalvarocecilia\/wp-json\/wp\/v2\/media?parent=19399"}],"curies":[{"name":"wp","href":"https:\/\/api.w.org\/{rel}","templated":true}]}}