{"id":2322,"date":"2016-01-08T16:34:17","date_gmt":"2016-01-08T16:34:17","guid":{"rendered":"http:\/\/blogsaverroes.juntadeandalucia.es\/ceipalvarocecilia\/?page_id=2322"},"modified":"2026-03-28T18:03:47","modified_gmt":"2026-03-28T18:03:47","slug":"inicio","status":"publish","type":"page","link":"https:\/\/blogsaverroes.juntadeandalucia.es\/ceipalvarocecilia\/","title":{"rendered":"Inicio"},"content":{"rendered":"<p style=\"text-align: center\"><a href=\"https:\/\/blogsaverroes.juntadeandalucia.es\/ceipalvarocecilia\/files\/2025\/12\/Cartel-flamenco.jpeg\"><img loading=\"lazy\" decoding=\"async\" class=\"alignnone size-medium wp-image-44881\" src=\"https:\/\/blogsaverroes.juntadeandalucia.es\/ceipalvarocecilia\/files\/2025\/12\/Cartel-flamenco-212x300.jpeg\" alt=\"\" width=\"212\" height=\"300\" srcset=\"https:\/\/blogsaverroes.juntadeandalucia.es\/ceipalvarocecilia\/files\/2025\/12\/Cartel-flamenco-212x300.jpeg 212w, https:\/\/blogsaverroes.juntadeandalucia.es\/ceipalvarocecilia\/files\/2025\/12\/Cartel-flamenco-724x1024.jpeg 724w, https:\/\/blogsaverroes.juntadeandalucia.es\/ceipalvarocecilia\/files\/2025\/12\/Cartel-flamenco-768x1086.jpeg 768w, https:\/\/blogsaverroes.juntadeandalucia.es\/ceipalvarocecilia\/files\/2025\/12\/Cartel-flamenco-1086x1536.jpeg 1086w, https:\/\/blogsaverroes.juntadeandalucia.es\/ceipalvarocecilia\/files\/2025\/12\/Cartel-flamenco.jpeg 1131w\" sizes=\"(max-width: 212px) 100vw, 212px\" \/><\/a><\/p>\n<p style=\"text-align: center\">&nbsp;<\/p>\n<table style=\"border-collapse: collapse;width: 100%\">\n<tbody>\n<tr>\n<td style=\"width: 20.8333%;text-align: center\"><a href=\"https:\/\/blogsaverroes.juntadeandalucia.es\/ceipalvarocecilia\/2026\/03\/28\/dia-mundial-del-sindrome-de-down\/\"><img loading=\"lazy\" decoding=\"async\" class=\"alignnone size-medium wp-image-44999\" src=\"https:\/\/blogsaverroes.juntadeandalucia.es\/ceipalvarocecilia\/files\/2026\/03\/WhatsApp-Image-2026-03-20-at-17.10.46-300x269.jpeg\" alt=\"\" width=\"300\" height=\"269\" srcset=\"https:\/\/blogsaverroes.juntadeandalucia.es\/ceipalvarocecilia\/files\/2026\/03\/WhatsApp-Image-2026-03-20-at-17.10.46-300x269.jpeg 300w, https:\/\/blogsaverroes.juntadeandalucia.es\/ceipalvarocecilia\/files\/2026\/03\/WhatsApp-Image-2026-03-20-at-17.10.46-1024x916.jpeg 1024w, https:\/\/blogsaverroes.juntadeandalucia.es\/ceipalvarocecilia\/files\/2026\/03\/WhatsApp-Image-2026-03-20-at-17.10.46-768x687.jpeg 768w, https:\/\/blogsaverroes.juntadeandalucia.es\/ceipalvarocecilia\/files\/2026\/03\/WhatsApp-Image-2026-03-20-at-17.10.46-1536x1375.jpeg 1536w, https:\/\/blogsaverroes.juntadeandalucia.es\/ceipalvarocecilia\/files\/2026\/03\/WhatsApp-Image-2026-03-20-at-17.10.46.jpeg 1600w\" sizes=\"(max-width: 300px) 100vw, 300px\" \/><\/a><\/td>\n<td style=\"width: 79.1667%;text-align: center\"><strong><span style=\"text-decoration: underline\">DIA MUNDIAL SINDROME DE DOWN<\/span><\/strong><\/p>\n<p style=\"text-align: left\">En este d\u00eda hemos querido reivindicar que a pesar de las diferencias todos somos iguales. M\u00e1s informaci\u00f3n de la actividad <a href=\"https:\/\/blogsaverroes.juntadeandalucia.es\/ceipalvarocecilia\/2026\/03\/28\/dia-mundial-del-sindrome-de-down\/\"><strong>AQU\u00cd<\/strong><\/a>.<\/p>\n<\/td>\n<\/tr>\n<tr>\n<td style=\"width: 20.8333%;text-align: center\"><a href=\"https:\/\/blogsaverroes.juntadeandalucia.es\/ceipalvarocecilia\/files\/2026\/03\/WhatsApp-Image-2026-03-22-at-13.26.13.jpeg\"><img loading=\"lazy\" decoding=\"async\" class=\"alignnone size-medium wp-image-45011\" src=\"https:\/\/blogsaverroes.juntadeandalucia.es\/ceipalvarocecilia\/files\/2026\/03\/WhatsApp-Image-2026-03-22-at-13.26.13-300x225.jpeg\" alt=\"\" width=\"300\" height=\"225\" srcset=\"https:\/\/blogsaverroes.juntadeandalucia.es\/ceipalvarocecilia\/files\/2026\/03\/WhatsApp-Image-2026-03-22-at-13.26.13-300x225.jpeg 300w, https:\/\/blogsaverroes.juntadeandalucia.es\/ceipalvarocecilia\/files\/2026\/03\/WhatsApp-Image-2026-03-22-at-13.26.13-1024x768.jpeg 1024w, https:\/\/blogsaverroes.juntadeandalucia.es\/ceipalvarocecilia\/files\/2026\/03\/WhatsApp-Image-2026-03-22-at-13.26.13-768x576.jpeg 768w, https:\/\/blogsaverroes.juntadeandalucia.es\/ceipalvarocecilia\/files\/2026\/03\/WhatsApp-Image-2026-03-22-at-13.26.13-1536x1152.jpeg 1536w, https:\/\/blogsaverroes.juntadeandalucia.es\/ceipalvarocecilia\/files\/2026\/03\/WhatsApp-Image-2026-03-22-at-13.26.13.jpeg 1600w\" sizes=\"(max-width: 300px) 100vw, 300px\" \/><\/a><\/td>\n<td style=\"width: 79.1667%;text-align: center\"><strong><span style=\"text-decoration: underline\">DIA DE LA MUJER<\/span><\/strong><\/p>\n<p style=\"text-align: left\">Este a\u00f1o hemos celebrado el D\u00eda de la Mujer con mujeres deportistas de nuestro pueblo. Pulsa <a href=\"https:\/\/blogsaverroes.juntadeandalucia.es\/ceipalvarocecilia\/2026\/03\/28\/dia-de-la-mujer-2\/\"><strong>AQU\u00cd<\/strong><\/a> para m\u00e1s informaci\u00f3n.<\/p>\n<\/td>\n<\/tr>\n<tr>\n<td style=\"width: 20.8333%;text-align: center\"><a href=\"https:\/\/blogsaverroes.juntadeandalucia.es\/ceipalvarocecilia\/2026\/03\/28\/mas-sombras\/\"><img loading=\"lazy\" decoding=\"async\" class=\"alignnone size-medium wp-image-44987\" src=\"https:\/\/blogsaverroes.juntadeandalucia.es\/ceipalvarocecilia\/files\/2026\/03\/WhatsApp-Image-2026-03-20-at-16.38.14-2-300x225.jpeg\" alt=\"\" width=\"300\" height=\"225\" srcset=\"https:\/\/blogsaverroes.juntadeandalucia.es\/ceipalvarocecilia\/files\/2026\/03\/WhatsApp-Image-2026-03-20-at-16.38.14-2-300x225.jpeg 300w, https:\/\/blogsaverroes.juntadeandalucia.es\/ceipalvarocecilia\/files\/2026\/03\/WhatsApp-Image-2026-03-20-at-16.38.14-2-1024x768.jpeg 1024w, https:\/\/blogsaverroes.juntadeandalucia.es\/ceipalvarocecilia\/files\/2026\/03\/WhatsApp-Image-2026-03-20-at-16.38.14-2-768x576.jpeg 768w, https:\/\/blogsaverroes.juntadeandalucia.es\/ceipalvarocecilia\/files\/2026\/03\/WhatsApp-Image-2026-03-20-at-16.38.14-2-1536x1152.jpeg 1536w, https:\/\/blogsaverroes.juntadeandalucia.es\/ceipalvarocecilia\/files\/2026\/03\/WhatsApp-Image-2026-03-20-at-16.38.14-2.jpeg 1600w\" sizes=\"(max-width: 300px) 100vw, 300px\" \/><\/a><\/td>\n<td style=\"width: 79.1667%;text-align: center\"><strong><span style=\"text-decoration: underline\">MAS SOMBRAS<\/span><\/strong><\/p>\n<p style=\"text-align: left\">Poco a poco vamos aumentando las zonas de sombra en nuestro colegio. Mas informaci\u00f3n <a href=\"https:\/\/blogsaverroes.juntadeandalucia.es\/ceipalvarocecilia\/2026\/03\/28\/mas-sombras\/\"><strong>AQUI<\/strong>.<\/a><\/p>\n<\/td>\n<\/tr>\n<tr>\n<td style=\"width: 20.8333%;text-align: center\"><a href=\"https:\/\/blogsaverroes.juntadeandalucia.es\/ceipalvarocecilia\/files\/2026\/03\/WhatsApp-Image-2026-02-25-at-12.45.36.jpeg\"><img loading=\"lazy\" decoding=\"async\" class=\"alignnone size-medium wp-image-44974\" src=\"https:\/\/blogsaverroes.juntadeandalucia.es\/ceipalvarocecilia\/files\/2026\/03\/WhatsApp-Image-2026-02-25-at-12.45.36-300x226.jpeg\" alt=\"\" width=\"300\" height=\"226\" srcset=\"https:\/\/blogsaverroes.juntadeandalucia.es\/ceipalvarocecilia\/files\/2026\/03\/WhatsApp-Image-2026-02-25-at-12.45.36-300x226.jpeg 300w, https:\/\/blogsaverroes.juntadeandalucia.es\/ceipalvarocecilia\/files\/2026\/03\/WhatsApp-Image-2026-02-25-at-12.45.36-1024x771.jpeg 1024w, https:\/\/blogsaverroes.juntadeandalucia.es\/ceipalvarocecilia\/files\/2026\/03\/WhatsApp-Image-2026-02-25-at-12.45.36-768x578.jpeg 768w, https:\/\/blogsaverroes.juntadeandalucia.es\/ceipalvarocecilia\/files\/2026\/03\/WhatsApp-Image-2026-02-25-at-12.45.36-1536x1157.jpeg 1536w, https:\/\/blogsaverroes.juntadeandalucia.es\/ceipalvarocecilia\/files\/2026\/03\/WhatsApp-Image-2026-02-25-at-12.45.36.jpeg 1600w\" sizes=\"(max-width: 300px) 100vw, 300px\" \/><\/a><\/td>\n<td style=\"width: 79.1667%;text-align: center\"><strong><span style=\"text-decoration: underline\">ACTIVIDADES MES DE FEBRERO<\/span><\/strong><\/p>\n<p style=\"text-align: justify\">El mes de Febrero&nbsp; ha venido cargado de actividades.&nbsp; Pulsando <a href=\"https:\/\/blogsaverroes.juntadeandalucia.es\/ceipalvarocecilia\/2026\/03\/08\/actividades-mes-de-febrero\/\"><strong>AQUI<\/strong><\/a> tendr\u00e1s informaci\u00f3n de todas ellas, as\u00ed como a las im\u00e1genes correspondientes.<\/p>\n<\/td>\n<\/tr>\n<tr>\n<td style=\"width: 20.8333%;text-align: center\"><a href=\"https:\/\/blogsaverroes.juntadeandalucia.es\/ceipalvarocecilia\/2026\/02\/19\/dia-mundial-de-la-paz\/\"><img loading=\"lazy\" decoding=\"async\" class=\"alignnone size-medium wp-image-44945\" src=\"https:\/\/blogsaverroes.juntadeandalucia.es\/ceipalvarocecilia\/files\/2026\/02\/Dia-de-la-Paz-300x222.jpeg\" alt=\"\" width=\"300\" height=\"222\" srcset=\"https:\/\/blogsaverroes.juntadeandalucia.es\/ceipalvarocecilia\/files\/2026\/02\/Dia-de-la-Paz-300x222.jpeg 300w, https:\/\/blogsaverroes.juntadeandalucia.es\/ceipalvarocecilia\/files\/2026\/02\/Dia-de-la-Paz-1024x758.jpeg 1024w, https:\/\/blogsaverroes.juntadeandalucia.es\/ceipalvarocecilia\/files\/2026\/02\/Dia-de-la-Paz-768x568.jpeg 768w, https:\/\/blogsaverroes.juntadeandalucia.es\/ceipalvarocecilia\/files\/2026\/02\/Dia-de-la-Paz.jpeg 1042w\" sizes=\"(max-width: 300px) 100vw, 300px\" \/><\/a><\/td>\n<td style=\"width: 79.1667%;text-align: center\"><strong><span style=\"text-decoration: underline\">DIA MUNDIAL DE LA PAZ<\/span><\/strong><\/p>\n<p style=\"text-align: justify\">El 30 de Enero hemos celebrado el Dia Mundial de la Paz, dentro de nuestro Proyecto Intercentros Escuela Espacio de Paz. M\u00e1s informaci\u00f3n de la actividad <a href=\"https:\/\/blogsaverroes.juntadeandalucia.es\/ceipalvarocecilia\/2026\/02\/19\/dia-mundial-de-la-paz\/\"><strong>AQUI<\/strong><\/a>.<\/p>\n<\/td>\n<\/tr>\n<tr>\n<td style=\"width: 20.8333%\"><a href=\"https:\/\/blogsaverroes.juntadeandalucia.es\/ceipalvarocecilia\/2026\/02\/18\/navidad-2025-2\/\"><img loading=\"lazy\" decoding=\"async\" class=\"alignnone wp-image-44931 aligncenter\" src=\"https:\/\/blogsaverroes.juntadeandalucia.es\/ceipalvarocecilia\/files\/2026\/02\/WhatsApp-Image-2026-02-16-at-16.39.17-1-225x300.jpeg\" alt=\"\" width=\"87\" height=\"116\" srcset=\"https:\/\/blogsaverroes.juntadeandalucia.es\/ceipalvarocecilia\/files\/2026\/02\/WhatsApp-Image-2026-02-16-at-16.39.17-1-225x300.jpeg 225w, https:\/\/blogsaverroes.juntadeandalucia.es\/ceipalvarocecilia\/files\/2026\/02\/WhatsApp-Image-2026-02-16-at-16.39.17-1-768x1024.jpeg 768w, https:\/\/blogsaverroes.juntadeandalucia.es\/ceipalvarocecilia\/files\/2026\/02\/WhatsApp-Image-2026-02-16-at-16.39.17-1-1152x1536.jpeg 1152w, https:\/\/blogsaverroes.juntadeandalucia.es\/ceipalvarocecilia\/files\/2026\/02\/WhatsApp-Image-2026-02-16-at-16.39.17-1.jpeg 1200w\" sizes=\"(max-width: 87px) 100vw, 87px\" \/><\/a><\/td>\n<td style=\"width: 79.1667%;text-align: center\"><strong><span style=\"text-decoration: underline\">NAVIDAD 2025<\/span><\/strong><\/p>\n<p style=\"text-align: justify\">Para conocer algunas de las&nbsp; actividades llevadas a cabo en Navidad pulsa <a href=\"https:\/\/blogsaverroes.juntadeandalucia.es\/ceipalvarocecilia\/2026\/02\/18\/navidad-2025-2\/\"><strong>AQUI<\/strong><\/a>.<\/p>\n<\/td>\n<\/tr>\n<tr>\n<td style=\"width: 20.8333%\"><a href=\"https:\/\/blogsaverroes.juntadeandalucia.es\/ceipalvarocecilia\/2025\/12\/01\/25-n-2025\/\"><img loading=\"lazy\" decoding=\"async\" class=\"alignnone size-medium wp-image-44887\" src=\"https:\/\/blogsaverroes.juntadeandalucia.es\/ceipalvarocecilia\/files\/2025\/12\/25-N-25-300x135.jpeg\" alt=\"\" width=\"300\" height=\"135\" srcset=\"https:\/\/blogsaverroes.juntadeandalucia.es\/ceipalvarocecilia\/files\/2025\/12\/25-N-25-300x135.jpeg 300w, https:\/\/blogsaverroes.juntadeandalucia.es\/ceipalvarocecilia\/files\/2025\/12\/25-N-25-1024x461.jpeg 1024w, https:\/\/blogsaverroes.juntadeandalucia.es\/ceipalvarocecilia\/files\/2025\/12\/25-N-25-768x346.jpeg 768w, https:\/\/blogsaverroes.juntadeandalucia.es\/ceipalvarocecilia\/files\/2025\/12\/25-N-25.jpeg 1480w\" sizes=\"(max-width: 300px) 100vw, 300px\" \/><\/a><\/td>\n<td style=\"width: 79.1667%;text-align: center\"><strong><span style=\"text-decoration: underline\">D\u00cdA INTERNACIONAL CONTRA LA VIOLENCIA DE G\u00c9NERO<\/span><\/strong><\/p>\n<p style=\"text-align: justify\">El 25 de noviembre hemos conmemorado el D\u00eda Internacional contra la Violencia de G\u00e9nero. Si quieres conocer m\u00e1s detalles, as\u00ed como algunas im\u00e1genes de la actividad, pulsa <a href=\"https:\/\/blogsaverroes.juntadeandalucia.es\/ceipalvarocecilia\/2025\/12\/01\/25-n-2025\/\"><strong>AQU\u00cd<\/strong><\/a>.<\/p>\n<p>&nbsp;<\/td>\n<\/tr>\n<tr>\n<td style=\"width: 20.8333%\"><a href=\"https:\/\/blogsaverroes.juntadeandalucia.es\/ceipalvarocecilia\/files\/2025\/12\/Cartel-flamenco.jpeg\"><img loading=\"lazy\" decoding=\"async\" class=\"alignnone wp-image-44881 aligncenter\" src=\"https:\/\/blogsaverroes.juntadeandalucia.es\/ceipalvarocecilia\/files\/2025\/12\/Cartel-flamenco-212x300.jpeg\" alt=\"\" width=\"82\" height=\"116\" srcset=\"https:\/\/blogsaverroes.juntadeandalucia.es\/ceipalvarocecilia\/files\/2025\/12\/Cartel-flamenco-212x300.jpeg 212w, https:\/\/blogsaverroes.juntadeandalucia.es\/ceipalvarocecilia\/files\/2025\/12\/Cartel-flamenco-724x1024.jpeg 724w, https:\/\/blogsaverroes.juntadeandalucia.es\/ceipalvarocecilia\/files\/2025\/12\/Cartel-flamenco-768x1086.jpeg 768w, https:\/\/blogsaverroes.juntadeandalucia.es\/ceipalvarocecilia\/files\/2025\/12\/Cartel-flamenco-1086x1536.jpeg 1086w, https:\/\/blogsaverroes.juntadeandalucia.es\/ceipalvarocecilia\/files\/2025\/12\/Cartel-flamenco.jpeg 1131w\" sizes=\"(max-width: 82px) 100vw, 82px\" \/><\/a><\/td>\n<td style=\"width: 79.1667%;text-align: center\"><strong><span style=\"text-decoration: underline\">D\u00cdA INTERNACIONAL DEL FLAMENCO&nbsp;<\/span><\/strong><\/p>\n<p style=\"text-align: justify\">El 17 de noviembre hemos vuelto a celebrar en el colegio el DIa Internacional del Flamenco. Mas informaci\u00f3n <a href=\"https:\/\/blogsaverroes.juntadeandalucia.es\/ceipalvarocecilia\/2025\/12\/01\/dia-internacional-del-flamenco-2025\/\"><strong>AQU\u00cd<\/strong><\/a><\/p>\n<\/td>\n<\/tr>\n<tr>\n<td style=\"width: 20.8333%\"><a href=\"https:\/\/blogsaverroes.juntadeandalucia.es\/ceipalvarocecilia\/files\/2025\/11\/Logo.jpg\"><img loading=\"lazy\" decoding=\"async\" class=\"alignnone size-medium wp-image-44823\" src=\"https:\/\/blogsaverroes.juntadeandalucia.es\/ceipalvarocecilia\/files\/2025\/11\/Logo-300x225.jpg\" alt=\"\" width=\"300\" height=\"225\" srcset=\"https:\/\/blogsaverroes.juntadeandalucia.es\/ceipalvarocecilia\/files\/2025\/11\/Logo-300x225.jpg 300w, https:\/\/blogsaverroes.juntadeandalucia.es\/ceipalvarocecilia\/files\/2025\/11\/Logo-1024x768.jpg 1024w, https:\/\/blogsaverroes.juntadeandalucia.es\/ceipalvarocecilia\/files\/2025\/11\/Logo-768x576.jpg 768w, https:\/\/blogsaverroes.juntadeandalucia.es\/ceipalvarocecilia\/files\/2025\/11\/Logo-1536x1152.jpg 1536w, https:\/\/blogsaverroes.juntadeandalucia.es\/ceipalvarocecilia\/files\/2025\/11\/Logo.jpg 1600w\" sizes=\"(max-width: 300px) 100vw, 300px\" \/><\/a><\/td>\n<td style=\"width: 79.1667%;text-align: center\"><strong><span style=\"text-decoration: underline\">ENTREVISTA A VICTORIA OSUNA<\/span><\/strong><\/p>\n<p style=\"text-align: justify\">Hemos incluido&nbsp; en nuestra p\u00e1gina la primera entrevista efectuada a Victoria Osuna Berral. Dicha entrevista se encuentra disponible en el men\u00fa <strong><a href=\"https:\/\/blogsaverroes.juntadeandalucia.es\/ceipalvarocecilia\/2025\/11\/26\/entrevistas-radio-redonda\/\">Entrevistas 2025-26<\/a><\/strong> y tambi\u00e9n pulsando <strong><a href=\"https:\/\/blogsaverroes.juntadeandalucia.es\/ceipalvarocecilia\/2025\/11\/26\/entrevistas-radio-redonda\/\">AQU\u00cd.<\/a><\/strong>&nbsp;<\/p>\n<\/td>\n<\/tr>\n<tr>\n<td style=\"width: 20.8333%\"><a href=\"https:\/\/blogsaverroes.juntadeandalucia.es\/ceipalvarocecilia\/files\/2025\/11\/Logo.jpg\"><img loading=\"lazy\" decoding=\"async\" class=\"alignnone size-medium wp-image-44823\" src=\"https:\/\/blogsaverroes.juntadeandalucia.es\/ceipalvarocecilia\/files\/2025\/11\/Logo-300x225.jpg\" alt=\"\" width=\"300\" height=\"225\" srcset=\"https:\/\/blogsaverroes.juntadeandalucia.es\/ceipalvarocecilia\/files\/2025\/11\/Logo-300x225.jpg 300w, https:\/\/blogsaverroes.juntadeandalucia.es\/ceipalvarocecilia\/files\/2025\/11\/Logo-1024x768.jpg 1024w, https:\/\/blogsaverroes.juntadeandalucia.es\/ceipalvarocecilia\/files\/2025\/11\/Logo-768x576.jpg 768w, https:\/\/blogsaverroes.juntadeandalucia.es\/ceipalvarocecilia\/files\/2025\/11\/Logo-1536x1152.jpg 1536w, https:\/\/blogsaverroes.juntadeandalucia.es\/ceipalvarocecilia\/files\/2025\/11\/Logo.jpg 1600w\" sizes=\"(max-width: 300px) 100vw, 300px\" \/><\/a><\/td>\n<td style=\"width: 79.1667%;text-align: center\"><strong><span style=\"text-decoration: underline\">RADIO REDONDA<\/span><\/strong><\/p>\n<p style=\"text-align: justify\">El presente curso hemos puesto en marcha dos&nbsp; nuevos proyectos: <strong>El Peri\u00f3dico y a Radio Escolar<\/strong>, con el objetivo de fomentar la creatividad, la expresi\u00f3n oral y escrita, el trabajo en equipo y el uso responsable de los medios de comunicaci\u00f3n entre nuestro alumnado. Las diferentes actividades de ambos proyectos&nbsp; est\u00e1n disponibles en nuestra p\u00e1gina, accediendo a ellas&nbsp; desde el men\u00fa superior..<\/p>\n<\/td>\n<\/tr>\n<\/tbody>\n<\/table>\n","protected":false},"excerpt":{"rendered":"<p>&nbsp; DIA MUNDIAL SINDROME DE DOWN En este d\u00eda hemos querido reivindicar que a pesar de las diferencias todos somos iguales. M\u00e1s informaci\u00f3n de la actividad AQU\u00cd. DIA DE LA MUJER Este a\u00f1o hemos&#46;&#46;&#46;<\/p>\n","protected":false},"author":2169,"featured_media":0,"parent":0,"menu_order":0,"comment_status":"closed","ping_status":"closed","template":"","meta":{"ngg_post_thumbnail":0,"footnotes":""},"aioseo_notices":[],"_links":{"self":[{"href":"https:\/\/blogsaverroes.juntadeandalucia.es\/ceipalvarocecilia\/wp-json\/wp\/v2\/pages\/2322"}],"collection":[{"href":"https:\/\/blogsaverroes.juntadeandalucia.es\/ceipalvarocecilia\/wp-json\/wp\/v2\/pages"}],"about":[{"href":"https:\/\/blogsaverroes.juntadeandalucia.es\/ceipalvarocecilia\/wp-json\/wp\/v2\/types\/page"}],"author":[{"embeddable":true,"href":"https:\/\/blogsaverroes.juntadeandalucia.es\/ceipalvarocecilia\/wp-json\/wp\/v2\/users\/2169"}],"replies":[{"embeddable":true,"href":"https:\/\/blogsaverroes.juntadeandalucia.es\/ceipalvarocecilia\/wp-json\/wp\/v2\/comments?post=2322"}],"version-history":[{"count":720,"href":"https:\/\/blogsaverroes.juntadeandalucia.es\/ceipalvarocecilia\/wp-json\/wp\/v2\/pages\/2322\/revisions"}],"predecessor-version":[{"id":45021,"href":"https:\/\/blogsaverroes.juntadeandalucia.es\/ceipalvarocecilia\/wp-json\/wp\/v2\/pages\/2322\/revisions\/45021"}],"wp:attachment":[{"href":"https:\/\/blogsaverroes.juntadeandalucia.es\/ceipalvarocecilia\/wp-json\/wp\/v2\/media?parent=2322"}],"curies":[{"name":"wp","href":"https:\/\/api.w.org\/{rel}","templated":true}]}}