{"id":34,"date":"2015-11-18T16:54:02","date_gmt":"2015-11-18T16:54:02","guid":{"rendered":"http:\/\/blogsaverroes.juntadeandalucia.es\/ceipalvarocecilia\/?page_id=34"},"modified":"2016-10-28T11:29:29","modified_gmt":"2016-10-28T11:29:29","slug":"generalidades","status":"publish","type":"page","link":"https:\/\/blogsaverroes.juntadeandalucia.es\/ceipalvarocecilia\/nuestro-pueblo\/generalidades\/","title":{"rendered":"Generalidades"},"content":{"rendered":"<p><small>Fern\u00e1n N\u00fa\u00f1ez es un pueblo de la provincia de C\u00f3rdoba, situado en la comarca de la Campi\u00f1a sur cordobesa.<br \/>\n<small><small><small><small><small><small>\u00a0<\/small><\/small><\/small><\/small><\/small><\/small><br \/>\n<small><small><small><small><small><small>\u00a0<\/small><\/small><\/small><\/small><\/small><\/small><\/small><small>Cuenta con una poblaci\u00f3n de 9.801 habitantes (datos censo 2014)\u00a0\u00a0y una superficie de 29,8\u00a0<\/small><small>Km<sup>2<\/sup>, por lo cual su densidad de poblaci\u00f3n es de 329,73 hab\/km<sup>2<\/sup>. Su altitud<\/small><small> es de 322 m y dista 30 Km de la capital, perteneciendo a su \u00e1rea<\/small><small> metropolitana.<br \/>\n<small><small><small><small><small>\u00a0<\/small><\/small><\/small><\/small><\/small><br \/>\n<small><small><small><small><small>\u00a0<\/small><\/small><\/small><\/small><\/small><\/small><small>Sus principales actividades econ\u00f3micas son la agricultura y la construcci\u00f3n. <\/small><small>Sus cultivos m\u00e1s importantes son el trigo, el girasol y el olivar. Adem\u00e1s parte <\/small><small>de su t\u00e9rmino se incluye en la denominaci\u00f3n de origen Montilla-Moriles.<\/small><\/p>\n<p><a href=\"http:\/\/blogsaverroes.juntadeandalucia.es\/ceipalvarocecilia\/files\/2015\/11\/Fern\u00e1n_N\u00fa\u00f1ez_desde_el_aire.jpg\"><img loading=\"lazy\" decoding=\"async\" class=\"  wp-image-35 aligncenter\" src=\"http:\/\/blogsaverroes.juntadeandalucia.es\/ceipalvarocecilia\/files\/2015\/11\/Fern\u00e1n_N\u00fa\u00f1ez_desde_el_aire-300x225.jpg\" alt=\"Fern\u00e1n_N\u00fa\u00f1ez_desde_el_aire\" width=\"643\" height=\"482\" srcset=\"https:\/\/blogsaverroes.juntadeandalucia.es\/ceipalvarocecilia\/files\/2015\/11\/Fern\u00e1n_N\u00fa\u00f1ez_desde_el_aire-300x225.jpg 300w, https:\/\/blogsaverroes.juntadeandalucia.es\/ceipalvarocecilia\/files\/2015\/11\/Fern\u00e1n_N\u00fa\u00f1ez_desde_el_aire.jpg 1024w\" sizes=\"(max-width: 643px) 100vw, 643px\" \/><\/a><\/p>\n","protected":false},"excerpt":{"rendered":"<p>Fern\u00e1n N\u00fa\u00f1ez es un pueblo de la provincia de C\u00f3rdoba, situado en la comarca de la Campi\u00f1a sur cordobesa. \u00a0 \u00a0Cuenta con una poblaci\u00f3n de 9.801 habitantes (datos censo 2014)\u00a0\u00a0y una superficie de 29,8\u00a0Km2,&#46;&#46;&#46;<\/p>\n","protected":false},"author":2169,"featured_media":0,"parent":340,"menu_order":0,"comment_status":"closed","ping_status":"closed","template":"","meta":{"ngg_post_thumbnail":0,"footnotes":""},"aioseo_notices":[],"_links":{"self":[{"href":"https:\/\/blogsaverroes.juntadeandalucia.es\/ceipalvarocecilia\/wp-json\/wp\/v2\/pages\/34"}],"collection":[{"href":"https:\/\/blogsaverroes.juntadeandalucia.es\/ceipalvarocecilia\/wp-json\/wp\/v2\/pages"}],"about":[{"href":"https:\/\/blogsaverroes.juntadeandalucia.es\/ceipalvarocecilia\/wp-json\/wp\/v2\/types\/page"}],"author":[{"embeddable":true,"href":"https:\/\/blogsaverroes.juntadeandalucia.es\/ceipalvarocecilia\/wp-json\/wp\/v2\/users\/2169"}],"replies":[{"embeddable":true,"href":"https:\/\/blogsaverroes.juntadeandalucia.es\/ceipalvarocecilia\/wp-json\/wp\/v2\/comments?post=34"}],"version-history":[{"count":2,"href":"https:\/\/blogsaverroes.juntadeandalucia.es\/ceipalvarocecilia\/wp-json\/wp\/v2\/pages\/34\/revisions"}],"predecessor-version":[{"id":10361,"href":"https:\/\/blogsaverroes.juntadeandalucia.es\/ceipalvarocecilia\/wp-json\/wp\/v2\/pages\/34\/revisions\/10361"}],"up":[{"embeddable":true,"href":"https:\/\/blogsaverroes.juntadeandalucia.es\/ceipalvarocecilia\/wp-json\/wp\/v2\/pages\/340"}],"wp:attachment":[{"href":"https:\/\/blogsaverroes.juntadeandalucia.es\/ceipalvarocecilia\/wp-json\/wp\/v2\/media?parent=34"}],"curies":[{"name":"wp","href":"https:\/\/api.w.org\/{rel}","templated":true}]}}