{"id":3524,"date":"2016-02-12T15:50:02","date_gmt":"2016-02-12T15:50:02","guid":{"rendered":"http:\/\/blogsaverroes.juntadeandalucia.es\/ceipalvarocecilia\/?page_id=3524"},"modified":"2022-09-13T06:23:51","modified_gmt":"2022-09-13T06:23:51","slug":"tablon","status":"publish","type":"page","link":"https:\/\/blogsaverroes.juntadeandalucia.es\/ceipalvarocecilia\/tablon\/","title":{"rendered":"Tabl\u00f3n"},"content":{"rendered":"<table style=\"border-collapse: collapse;width: 100%\">\n<tbody>\n<tr>\n<td style=\"width: 16.9091%;text-align: center\"><a href=\"https:\/\/blogsaverroes.juntadeandalucia.es\/ceipalvarocecilia\/files\/2018\/09\/calendario.jpg\"><img loading=\"lazy\" decoding=\"async\" class=\"alignnone wp-image-19527\" src=\"https:\/\/blogsaverroes.juntadeandalucia.es\/ceipalvarocecilia\/files\/2018\/09\/calendario.jpg\" alt=\"\" width=\"84\" height=\"84\" srcset=\"https:\/\/blogsaverroes.juntadeandalucia.es\/ceipalvarocecilia\/files\/2018\/09\/calendario.jpg 225w, https:\/\/blogsaverroes.juntadeandalucia.es\/ceipalvarocecilia\/files\/2018\/09\/calendario-150x150.jpg 150w, https:\/\/blogsaverroes.juntadeandalucia.es\/ceipalvarocecilia\/files\/2018\/09\/calendario-100x100.jpg 100w, https:\/\/blogsaverroes.juntadeandalucia.es\/ceipalvarocecilia\/files\/2018\/09\/calendario-160x160.jpg 160w, https:\/\/blogsaverroes.juntadeandalucia.es\/ceipalvarocecilia\/files\/2018\/09\/calendario-320x320.jpg 320w, https:\/\/blogsaverroes.juntadeandalucia.es\/ceipalvarocecilia\/files\/2018\/09\/calendario-24x24.jpg 24w, https:\/\/blogsaverroes.juntadeandalucia.es\/ceipalvarocecilia\/files\/2018\/09\/calendario-36x36.jpg 36w, https:\/\/blogsaverroes.juntadeandalucia.es\/ceipalvarocecilia\/files\/2018\/09\/calendario-48x48.jpg 48w\" sizes=\"(max-width: 84px) 100vw, 84px\" \/><\/a><\/td>\n<td style=\"width: 83.0909%\">\n<div style=\"text-align: center\">\n<div style=\"text-align: center\"><span style=\"text-decoration: underline\"><b>CALENDARIO ESCOLAR 2022-23<\/b><\/span><\/div>\n<div style=\"text-align: justify\">Ponemos a su disposici\u00f3n el <strong>calendario escolar<\/strong> correspondiente al curso escolar 2022-23. Para acceder al mismo, as\u00ed como imprimirlo pulse <strong><a href=\"https:\/\/blogsaverroes.juntadeandalucia.es\/ceipalvarocecilia\/files\/2022\/09\/Calendario-Escolar-22-23.pdf\" target=\"_blank\" rel=\"noopener noreferrer\">AQUI<\/a>.&nbsp;<\/strong><\/div>\n<\/div>\n<\/td>\n<\/tr>\n<tr>\n<td style=\"width: 16.9091%;text-align: center\"><a href=\"https:\/\/blogsaverroes.juntadeandalucia.es\/ceipalvarocecilia\/files\/2022\/09\/Men\u00fa.pdf\" target=\"_blank\" rel=\"noopener noreferrer\"><img loading=\"lazy\" decoding=\"async\" class=\"alignnone size-full wp-image-19619\" src=\"https:\/\/blogsaverroes.juntadeandalucia.es\/ceipalvarocecilia\/files\/2018\/09\/Menu.jpg\" alt=\"\" width=\"263\" height=\"191\" srcset=\"https:\/\/blogsaverroes.juntadeandalucia.es\/ceipalvarocecilia\/files\/2018\/09\/Menu.jpg 263w, https:\/\/blogsaverroes.juntadeandalucia.es\/ceipalvarocecilia\/files\/2018\/09\/Menu-24x17.jpg 24w, https:\/\/blogsaverroes.juntadeandalucia.es\/ceipalvarocecilia\/files\/2018\/09\/Menu-36x26.jpg 36w, https:\/\/blogsaverroes.juntadeandalucia.es\/ceipalvarocecilia\/files\/2018\/09\/Menu-48x35.jpg 48w\" sizes=\"(max-width: 263px) 100vw, 263px\" \/><\/a><\/td>\n<td style=\"width: 83.0909%\">\n<div style=\"text-align: center\"><strong><span style=\"text-decoration: underline\">MEN\u00da COMEDOR<\/span><\/strong><\/div>\n<div style=\"text-align: justify\">Pulsando en el siguiente <a href=\"https:\/\/blogsaverroes.juntadeandalucia.es\/ceipalvarocecilia\/files\/2022\/09\/Men\u00fa.pdf\" target=\"_blank\" rel=\"noopener noreferrer\"><strong>ENLACE<\/strong><\/a> podr\u00e1 acceder al men\u00fa del comedor para el periodo comprendido entre el <strong>12 de septiembre y el 7 de octubre<\/strong> de 2022. Igualmente, en la pagina principal del comedor, podr\u00e1 encontrar informaci\u00f3n mas detallada de este servicio.<\/div>\n<div style=\"text-align: center\">\n<div style=\"text-align: center\"><span style=\"text-decoration: underline\"><b>&nbsp;<\/b><\/span><\/div>\n<\/div>\n<\/td>\n<\/tr>\n<\/tbody>\n<\/table>\n","protected":false},"excerpt":{"rendered":"<p>CALENDARIO ESCOLAR 2022-23 Ponemos a su disposici\u00f3n el calendario escolar correspondiente al curso escolar 2022-23. Para acceder al mismo, as\u00ed como imprimirlo pulse AQUI.&nbsp; MEN\u00da COMEDOR Pulsando en el siguiente ENLACE podr\u00e1 acceder al&#46;&#46;&#46;<\/p>\n","protected":false},"author":2169,"featured_media":0,"parent":0,"menu_order":0,"comment_status":"closed","ping_status":"closed","template":"","meta":{"ngg_post_thumbnail":0,"footnotes":""},"aioseo_notices":[],"_links":{"self":[{"href":"https:\/\/blogsaverroes.juntadeandalucia.es\/ceipalvarocecilia\/wp-json\/wp\/v2\/pages\/3524"}],"collection":[{"href":"https:\/\/blogsaverroes.juntadeandalucia.es\/ceipalvarocecilia\/wp-json\/wp\/v2\/pages"}],"about":[{"href":"https:\/\/blogsaverroes.juntadeandalucia.es\/ceipalvarocecilia\/wp-json\/wp\/v2\/types\/page"}],"author":[{"embeddable":true,"href":"https:\/\/blogsaverroes.juntadeandalucia.es\/ceipalvarocecilia\/wp-json\/wp\/v2\/users\/2169"}],"replies":[{"embeddable":true,"href":"https:\/\/blogsaverroes.juntadeandalucia.es\/ceipalvarocecilia\/wp-json\/wp\/v2\/comments?post=3524"}],"version-history":[{"count":171,"href":"https:\/\/blogsaverroes.juntadeandalucia.es\/ceipalvarocecilia\/wp-json\/wp\/v2\/pages\/3524\/revisions"}],"predecessor-version":[{"id":33301,"href":"https:\/\/blogsaverroes.juntadeandalucia.es\/ceipalvarocecilia\/wp-json\/wp\/v2\/pages\/3524\/revisions\/33301"}],"wp:attachment":[{"href":"https:\/\/blogsaverroes.juntadeandalucia.es\/ceipalvarocecilia\/wp-json\/wp\/v2\/media?parent=3524"}],"curies":[{"name":"wp","href":"https:\/\/api.w.org\/{rel}","templated":true}]}}