{"id":365,"date":"2015-11-26T14:18:58","date_gmt":"2015-11-26T14:18:58","guid":{"rendered":"http:\/\/blogsaverroes.juntadeandalucia.es\/ceipalvarocecilia\/?page_id=365"},"modified":"2018-11-29T17:22:02","modified_gmt":"2018-11-29T17:22:02","slug":"poblacion","status":"publish","type":"page","link":"https:\/\/blogsaverroes.juntadeandalucia.es\/ceipalvarocecilia\/nuestro-pueblo\/poblacion\/","title":{"rendered":"Poblaci\u00f3n"},"content":{"rendered":"<p><!--StartFragment --><\/p>\n<p style=\"text-align: center\"><a href=\"http:\/\/www.foro-ciudad.com\/cordoba\/fernan-nunez\/mensaje-12431538.html\" target=\"_blank\" rel=\"noopener\">PIR\u00c1MIDE DE POBLACI\u00d3N DE FERN\u00c1N N\u00da\u00d1EZ<\/a><\/p>\n<table style=\"height: 258px\" border=\"1\" width=\"833\" cellspacing=\"2\" cellpadding=\"2\">\n<tbody>\n<tr>\n<td><small>Poblaci\u00f3n Total 2017<\/small><\/td>\n<td><small>9680<\/small><\/td>\n<td>&nbsp;<\/td>\n<td><small>N\u00famero de Extranjeros 2016<\/small><\/td>\n<td><small>165<\/small><\/td>\n<\/tr>\n<tr>\n<td><small>Poblaci\u00f3n Hombres 2017<\/small><\/td>\n<td><small>4848<\/small><\/td>\n<td>&nbsp;<\/td>\n<td><small>Principal procedencia de los extranjeros 2014<\/small><\/td>\n<td><small>Rumania<\/small><\/td>\n<\/tr>\n<tr>\n<td><small>Poblaci\u00f3n Mujeres 2017<\/small><\/td>\n<td><small>4832<\/small><\/td>\n<td>&nbsp;<\/td>\n<td><small>Porcentaje que representa &nbsp;respecto total de extranjeros<\/small><\/td>\n<td><small>26,02<\/small><\/td>\n<\/tr>\n<tr>\n<td><small>Poblaci\u00f3n en n\u00facleo 2017<\/small><\/td>\n<td><small>9370<\/small><\/td>\n<td>&nbsp;<\/td>\n<td><small>Emigrantes 2016<\/small><\/td>\n<td><small>200<\/small><\/td>\n<\/tr>\n<tr>\n<td><small>Poblaci\u00f3n Diseminada 2017<\/small><\/td>\n<td><small>310<\/small><\/td>\n<td>&nbsp;<\/td>\n<td><small>Inmigrantes<\/small><\/td>\n<td><small>224<\/small><\/td>\n<\/tr>\n<tr>\n<td><small>Porcentaje de poblaci\u00f3n menor de 20 a\u00f1os 2017<\/small><\/td>\n<td><small>21,24<\/small><\/td>\n<td>&nbsp;<\/td>\n<td><small>Nacidos vivos 2016<\/small><\/td>\n<td><span style=\"font-size: 13.3333px\">84<\/span><\/td>\n<\/tr>\n<tr>\n<td><small>Porcentaje de poblaci\u00f3n mayor de 65 a\u00f1os 2017<\/small><\/td>\n<td><small>17,68<\/small><\/td>\n<td>&nbsp;<\/td>\n<td><small>Fallecidos 2016<\/small><\/td>\n<td><small>104<\/small><\/td>\n<\/tr>\n<tr>\n<td><small>Incremento relativo de la poblaci\u00f3n 2017<\/small><\/td>\n<td><span style=\"font-size: 13.3333px\">-1,14<\/span><\/td>\n<td>&nbsp;<\/td>\n<td><small>Matrimonios 2016 (seg\u00fan lugar donde fijan la residencia)<\/small><\/td>\n<td><small>35<\/small><\/td>\n<\/tr>\n<\/tbody>\n<\/table>\n","protected":false},"excerpt":{"rendered":"<p>PIR\u00c1MIDE DE POBLACI\u00d3N DE FERN\u00c1N N\u00da\u00d1EZ Poblaci\u00f3n Total 2017 9680 &nbsp; N\u00famero de Extranjeros 2016 165 Poblaci\u00f3n Hombres 2017 4848 &nbsp; Principal procedencia de los extranjeros 2014 Rumania Poblaci\u00f3n Mujeres 2017 4832 &nbsp; Porcentaje&#46;&#46;&#46;<\/p>\n","protected":false},"author":2169,"featured_media":0,"parent":340,"menu_order":0,"comment_status":"closed","ping_status":"closed","template":"","meta":{"ngg_post_thumbnail":0,"footnotes":""},"aioseo_notices":[],"_links":{"self":[{"href":"https:\/\/blogsaverroes.juntadeandalucia.es\/ceipalvarocecilia\/wp-json\/wp\/v2\/pages\/365"}],"collection":[{"href":"https:\/\/blogsaverroes.juntadeandalucia.es\/ceipalvarocecilia\/wp-json\/wp\/v2\/pages"}],"about":[{"href":"https:\/\/blogsaverroes.juntadeandalucia.es\/ceipalvarocecilia\/wp-json\/wp\/v2\/types\/page"}],"author":[{"embeddable":true,"href":"https:\/\/blogsaverroes.juntadeandalucia.es\/ceipalvarocecilia\/wp-json\/wp\/v2\/users\/2169"}],"replies":[{"embeddable":true,"href":"https:\/\/blogsaverroes.juntadeandalucia.es\/ceipalvarocecilia\/wp-json\/wp\/v2\/comments?post=365"}],"version-history":[{"count":7,"href":"https:\/\/blogsaverroes.juntadeandalucia.es\/ceipalvarocecilia\/wp-json\/wp\/v2\/pages\/365\/revisions"}],"predecessor-version":[{"id":19834,"href":"https:\/\/blogsaverroes.juntadeandalucia.es\/ceipalvarocecilia\/wp-json\/wp\/v2\/pages\/365\/revisions\/19834"}],"up":[{"embeddable":true,"href":"https:\/\/blogsaverroes.juntadeandalucia.es\/ceipalvarocecilia\/wp-json\/wp\/v2\/pages\/340"}],"wp:attachment":[{"href":"https:\/\/blogsaverroes.juntadeandalucia.es\/ceipalvarocecilia\/wp-json\/wp\/v2\/media?parent=365"}],"curies":[{"name":"wp","href":"https:\/\/api.w.org\/{rel}","templated":true}]}}