{"id":479,"date":"2015-11-30T15:27:55","date_gmt":"2015-11-30T15:27:55","guid":{"rendered":"http:\/\/blogsaverroes.juntadeandalucia.es\/ceipalvarocecilia\/?page_id=479"},"modified":"2016-11-25T11:07:34","modified_gmt":"2016-11-25T11:07:34","slug":"plan-de-igualdad","status":"publish","type":"page","link":"https:\/\/blogsaverroes.juntadeandalucia.es\/ceipalvarocecilia\/proyectos\/plan-de-igualdad\/","title":{"rendered":"Plan de Igualdad"},"content":{"rendered":"<p style=\"text-align: center\"><span style=\"text-decoration: underline\"><strong>L\u00cdNEAS GENERALES DEL PLAN DE IGUALDAD<\/strong><\/span><\/p>\n<p style=\"text-align: justify\"><a href=\"http:\/\/blogsaverroes.juntadeandalucia.es\/ceipalvarocecilia\/files\/2015\/11\/Igualdad.jpg\"><img loading=\"lazy\" decoding=\"async\" class=\"  wp-image-10540 alignleft\" src=\"http:\/\/blogsaverroes.juntadeandalucia.es\/ceipalvarocecilia\/files\/2015\/11\/Igualdad.jpg\" alt=\"Igualdad\" width=\"129\" height=\"132\" \/><\/a>El plan de igualdad es un proyecto que venimos llevando a cabo desde el curso 2005\/06. \u00a0Pretende educar a los alumn@s en la igualdad de sexos y evitar todo tipo de conductas discriminatorias en este sentido.<br \/>\n<small><small><small><small><small><small><small><small><small>\u00a0<\/small><\/small><\/small><\/small><\/small><\/small><\/small><\/small><\/small>\u00a0 \u00a0 \u00a0<small><\/small><big> \u00a0 \u00a0 \u00a0<small>D\u00eda a d\u00eda \u00a0y durante toda la jornada escolar estamos trabajando en la coeducaci\u00f3n, llevando a cabo a cabo actividades tales como:<\/small><\/big><\/p>\n<ul>\n<li>El uso de un lenguaje no sexista en el centro.<\/li>\n<li>Fomentar el trato igualitario entre el alumnado.<\/li>\n<li>La realizaci\u00f3n de juegos no sexistas.<\/li>\n<li>El uso compartido de los espacios<\/li>\n<li>La prevenci\u00f3n de conlictos y la resoluci\u00f3n pacifica de los mismos.<\/li>\n<li>El fomento de actividades encaminadas al ejercicio de iguales derechos y obligaciones por parte de ni\u00f1os y ni\u00f1as.<\/li>\n<li>La utilizaci\u00f3n de juguetes no sexixtas<\/li>\n<li>La distribuci\u00f3n de tareas y responsabilidades en el aula siguiendo criterios de igualdad de g\u00e9nero.<\/li>\n<\/ul>\n<p style=\"text-align: center\"><span style=\"text-decoration: underline\"><strong>ACTIVIDADES QUE VENIMOS DESARROLLANDO<\/strong><\/span><\/p>\n<p>Desde este espacio educativo, la escuela, en la que convivimos diariamente, tenemos en cuenta la realidad social que nos rodea, en este caso, la violencia, especialmente hacia las mujeres, pero no menos importante hacia el resto de las personas, de ah\u00ed que en las actividades que proponemos hablemos de la violencia de g\u00e9neros, dando as\u00ed cabida a todas las personas que por su forma de sentir, amar, vivir, y estar en nuestra vida sufren alg\u00fan tipo de maltrato.<\/p>\n<p><small><small><small><small><small><small><small>\u00a0<\/small><\/small><\/small><\/small><\/small><\/small><\/small>\u00a0 \u00a0 \u00a0Con este libro de ruta, y para conseguir los objetivos que nos hemos propuesto, vamos\u00a0desarrollando una serie de actividades a lo largo del curso:<\/p>\n<div style=\"text-align: justify\"><span style=\"text-decoration: underline\"><strong>D\u00cdA INTERNACIONAL CONTRA LA VIOLENCIA DE G\u00c9NERO<\/strong><\/span><\/div>\n<div style=\"text-align: justify\"><\/div>\n<p style=\"text-align: justify\">\n","protected":false},"excerpt":{"rendered":"<p>L\u00cdNEAS GENERALES DEL PLAN DE IGUALDAD El plan de igualdad es un proyecto que venimos llevando a cabo desde el curso 2005\/06. \u00a0Pretende educar a los alumn@s en la igualdad de sexos y evitar&#46;&#46;&#46;<\/p>\n","protected":false},"author":2169,"featured_media":0,"parent":465,"menu_order":0,"comment_status":"closed","ping_status":"closed","template":"","meta":{"ngg_post_thumbnail":0,"footnotes":""},"aioseo_notices":[],"_links":{"self":[{"href":"https:\/\/blogsaverroes.juntadeandalucia.es\/ceipalvarocecilia\/wp-json\/wp\/v2\/pages\/479"}],"collection":[{"href":"https:\/\/blogsaverroes.juntadeandalucia.es\/ceipalvarocecilia\/wp-json\/wp\/v2\/pages"}],"about":[{"href":"https:\/\/blogsaverroes.juntadeandalucia.es\/ceipalvarocecilia\/wp-json\/wp\/v2\/types\/page"}],"author":[{"embeddable":true,"href":"https:\/\/blogsaverroes.juntadeandalucia.es\/ceipalvarocecilia\/wp-json\/wp\/v2\/users\/2169"}],"replies":[{"embeddable":true,"href":"https:\/\/blogsaverroes.juntadeandalucia.es\/ceipalvarocecilia\/wp-json\/wp\/v2\/comments?post=479"}],"version-history":[{"count":5,"href":"https:\/\/blogsaverroes.juntadeandalucia.es\/ceipalvarocecilia\/wp-json\/wp\/v2\/pages\/479\/revisions"}],"predecessor-version":[{"id":10604,"href":"https:\/\/blogsaverroes.juntadeandalucia.es\/ceipalvarocecilia\/wp-json\/wp\/v2\/pages\/479\/revisions\/10604"}],"up":[{"embeddable":true,"href":"https:\/\/blogsaverroes.juntadeandalucia.es\/ceipalvarocecilia\/wp-json\/wp\/v2\/pages\/465"}],"wp:attachment":[{"href":"https:\/\/blogsaverroes.juntadeandalucia.es\/ceipalvarocecilia\/wp-json\/wp\/v2\/media?parent=479"}],"curies":[{"name":"wp","href":"https:\/\/api.w.org\/{rel}","templated":true}]}}