{"id":717,"date":"2015-12-05T19:19:15","date_gmt":"2015-12-05T19:19:15","guid":{"rendered":"http:\/\/blogsaverroes.juntadeandalucia.es\/ceipalvarocecilia\/?page_id=717"},"modified":"2016-03-19T18:03:10","modified_gmt":"2016-03-19T18:03:10","slug":"creciendo-en-salud","status":"publish","type":"page","link":"https:\/\/blogsaverroes.juntadeandalucia.es\/ceipalvarocecilia\/proyectos\/creciendo-en-salud\/","title":{"rendered":"Creciendo en Salud"},"content":{"rendered":"<p>La Consejer\u00eda de Educaci\u00f3n, la Consejer\u00eda de Salud, la Consejer\u00eda de Igualdad y Pol\u00edticas Sociales y la Consejer\u00eda de Agricultura, Pesca y Desarrollo Rural ponen a disposici\u00f3n de la comunidad educativa el programa Creciendo en Salud con el objetivo de promover, entrenar y capacitar a las personas para el desarrollo de habilidades cognitivo-conductuales que, de forma adaptada a cada edad, les permitan el desarrollo de estilos de vida saludables, mediante la toma de decisiones razonadas y desarrolladas en el marco de entornos no siempre favorables a la protecci\u00f3n y al fomento de la salud y permitiendo el logro de una educaci\u00f3n integral.<\/p>\n<p><em> Creciendo en Salud<\/em>, desde este marco conceptual, permite realizar un trabajo en el \u00e1mbito de la Promoci\u00f3n y la Educaci\u00f3n para la Salud en la Escuela capaz de ampliar el conocimiento de toda la comunidad educativa (alumnado, profesorado y grupos relevantes del entorno inmediato) en relaci\u00f3n con la salud, y desarrollar los valores y las habilidades personales necesarias para sentar las bases del cuidado y mantenimiento de la salud desde los tres a\u00f1os de edad y a lo largo de la vida de cada persona.<\/p>\n<p>Dirigido a Educaci\u00f3n Infantil y a Educaci\u00f3n Primaria, este programa educativo se configura como una herramienta para favorecer el desarrollo de las competencias clave del alumnado en la promoci\u00f3n de la salud y la prevenci\u00f3n del consumo de sustancias adictivas, el intercambio de experiencias educativas, el trabajo en equipo, la creaci\u00f3n de redes profesionales, el trabajo por proyectos u otras metodolog\u00edas innovadoras que propicien, en \u00a0definitiva, un cambio en conductas saludables y que incida en la pr\u00e1ctica educativa diaria.<\/p>\n<p>Uno de los bloques tem\u00e1ticos que trabaja el programa es <em><strong>la alimentaci\u00f3n equilibrada\u00a0<\/strong><\/em>y dentro de \u00e9l, se lleva a cabo\u00a0 el <span style=\"text-decoration: underline\"><strong>Plan de Consumo de Frutas en las Escuelas<\/strong><\/span>, un proyecto integral de distribuci\u00f3n de frutas y hortalizas en centros docentes sostenidos con fondos p\u00fablicos de Andaluc\u00eda, impulsado por la Consejer\u00eda de Agricultura, Pesca y Desarrollo Rural con la ayuda financiera de la Comunidad Europea y en colaboraci\u00f3n con la Consejer\u00eda de Educaci\u00f3n y la Consejer\u00eda de Salud.<\/p>\n","protected":false},"excerpt":{"rendered":"<p>La Consejer\u00eda de Educaci\u00f3n, la Consejer\u00eda de Salud, la Consejer\u00eda de Igualdad y Pol\u00edticas Sociales y la Consejer\u00eda de Agricultura, Pesca y Desarrollo Rural ponen a disposici\u00f3n de la comunidad educativa el programa Creciendo&#46;&#46;&#46;<\/p>\n","protected":false},"author":2169,"featured_media":0,"parent":465,"menu_order":0,"comment_status":"closed","ping_status":"closed","template":"","meta":{"ngg_post_thumbnail":0,"footnotes":""},"aioseo_notices":[],"_links":{"self":[{"href":"https:\/\/blogsaverroes.juntadeandalucia.es\/ceipalvarocecilia\/wp-json\/wp\/v2\/pages\/717"}],"collection":[{"href":"https:\/\/blogsaverroes.juntadeandalucia.es\/ceipalvarocecilia\/wp-json\/wp\/v2\/pages"}],"about":[{"href":"https:\/\/blogsaverroes.juntadeandalucia.es\/ceipalvarocecilia\/wp-json\/wp\/v2\/types\/page"}],"author":[{"embeddable":true,"href":"https:\/\/blogsaverroes.juntadeandalucia.es\/ceipalvarocecilia\/wp-json\/wp\/v2\/users\/2169"}],"replies":[{"embeddable":true,"href":"https:\/\/blogsaverroes.juntadeandalucia.es\/ceipalvarocecilia\/wp-json\/wp\/v2\/comments?post=717"}],"version-history":[{"count":1,"href":"https:\/\/blogsaverroes.juntadeandalucia.es\/ceipalvarocecilia\/wp-json\/wp\/v2\/pages\/717\/revisions"}],"predecessor-version":[{"id":718,"href":"https:\/\/blogsaverroes.juntadeandalucia.es\/ceipalvarocecilia\/wp-json\/wp\/v2\/pages\/717\/revisions\/718"}],"up":[{"embeddable":true,"href":"https:\/\/blogsaverroes.juntadeandalucia.es\/ceipalvarocecilia\/wp-json\/wp\/v2\/pages\/465"}],"wp:attachment":[{"href":"https:\/\/blogsaverroes.juntadeandalucia.es\/ceipalvarocecilia\/wp-json\/wp\/v2\/media?parent=717"}],"curies":[{"name":"wp","href":"https:\/\/api.w.org\/{rel}","templated":true}]}}