{"id":2280,"date":"2023-02-28T12:09:55","date_gmt":"2023-02-28T11:09:55","guid":{"rendered":"https:\/\/blogsaverroes.juntadeandalucia.es\/ceipalyussana\/?page_id=2280"},"modified":"2023-03-19T15:08:30","modified_gmt":"2023-03-19T14:08:30","slug":"delegados","status":"publish","type":"page","link":"https:\/\/blogsaverroes.juntadeandalucia.es\/ceipalyussana\/delegados\/","title":{"rendered":"Delegados"},"content":{"rendered":"<!--themify_builder_content-->\n<div id=\"themify_builder_content-2280\" data-postid=\"2280\" class=\"themify_builder_content themify_builder_content-2280 themify_builder tf_clear\">\n                    <div  data-lazy=\"1\" class=\"module_row themify_builder_row tb_clmf379 tb_first tf_w\">\n                        <div class=\"row_inner col_align_top tb_col_count_1 tf_box tf_rel\">\n                        <div  data-lazy=\"1\" class=\"module_column tb-column col-full tb_6vat380 first\">\n                    <!-- module text -->\n<div  class=\"module module-text tb_lrfa382   \" data-lazy=\"1\">\n        <div  class=\"tb_text_wrap\">\n        <h3>A inicio de curso realizamos una reuni\u00f3n con las madres delegadas, os dejamos la presentaci\u00f3n de dicha reuni\u00f3n &#8230;&nbsp;<\/h3><p>&nbsp;<\/p><p>&nbsp;<\/p>    <\/div>\n<\/div>\n<!-- \/module text --><!-- module video -->\n<div  class=\"module module-video tb_qjp6809 video-top  video-autoplay\" data-lazy=\"1\">\n                    <div class=\"video-wrap-outer\">\n            <div class=\"video-wrap tf_rel tf_overflow tf_local_video\">\n                \n                    \n                    <div style=\"width: 640px;\" class=\"wp-video\"><!--[if lt IE 9]><script>document.createElement('video');<\/script><![endif]-->\n<video class=\"wp-video-shortcode\" id=\"video-2280-1\" width=\"640\" height=\"360\" autoplay=\"1\" preload=\"metadata\" controls=\"controls\"><source type=\"video\/mp4\" src=\"https:\/\/blogsaverroes.juntadeandalucia.es\/ceipalyussana\/files\/2023\/03\/REUNIO\u0301N-MADRES-DELEGADAS-I.mp4?_=1\" \/><a href=\"https:\/\/blogsaverroes.juntadeandalucia.es\/ceipalyussana\/files\/2023\/03\/REUNIO\u0301N-MADRES-DELEGADAS-I.mp4\">https:\/\/blogsaverroes.juntadeandalucia.es\/ceipalyussana\/files\/2023\/03\/REUNIO\u0301N-MADRES-DELEGADAS-I.mp4<\/a><\/video><\/div>\n                    \n                                <\/div>\n            <!-- \/video-wrap -->\n        <\/div>\n        <!-- \/video-wrap-outer -->\n            <\/div>\n<!-- module text -->\n<div  class=\"module module-text tb_zfp4337   \" data-lazy=\"1\">\n        <div  class=\"tb_text_wrap\">\n        <h2 style=\"text-align: center;\">&nbsp;<\/h2><h2 style=\"text-align: center;\">Reuni\u00f3n celebrada en noviembre con las madres delegadas&nbsp;<\/h2><p>&nbsp;<\/p>    <\/div>\n<\/div>\n<!-- \/module text --><!-- module video -->\n<div  class=\"module module-video tb_ghtt763 video-top  video-autoplay\" data-lazy=\"1\">\n                    <div class=\"video-wrap-outer\">\n            <div class=\"video-wrap tf_rel tf_overflow tf_local_video\">\n                \n                    \n                    <div style=\"width: 640px;\" class=\"wp-video\"><video class=\"wp-video-shortcode\" id=\"video-2280-2\" width=\"640\" height=\"360\" autoplay=\"1\" preload=\"metadata\" controls=\"controls\"><source type=\"video\/mp4\" src=\"https:\/\/blogsaverroes.juntadeandalucia.es\/ceipalyussana\/files\/2023\/03\/II-REUNIO\u0301N-DE-FAMILIAS-DELEGADAS-NOV.-1.mp4?_=2\" \/><a href=\"https:\/\/blogsaverroes.juntadeandalucia.es\/ceipalyussana\/files\/2023\/03\/II-REUNIO\u0301N-DE-FAMILIAS-DELEGADAS-NOV.-1.mp4\">https:\/\/blogsaverroes.juntadeandalucia.es\/ceipalyussana\/files\/2023\/03\/II-REUNIO\u0301N-DE-FAMILIAS-DELEGADAS-NOV.-1.mp4<\/a><\/video><\/div>\n                    \n                                <\/div>\n            <!-- \/video-wrap -->\n        <\/div>\n        <!-- \/video-wrap-outer -->\n            <\/div>\n<!-- module text -->\n<div  class=\"module module-text tb_zkpe464   \" data-lazy=\"1\">\n        <div  class=\"tb_text_wrap\">\n        <h2 style=\"text-align: center;\">&nbsp;<\/h2><h2 style=\"text-align: center;\">Reuni\u00f3n celebrada en enero con las madres delegadas&nbsp;<\/h2><p>&nbsp;<\/p>    <\/div>\n<\/div>\n<!-- \/module text --><!-- module video -->\n<div  class=\"module module-video tb_7a0g791 video-top  \" data-lazy=\"1\">\n                    <div class=\"video-wrap-outer\">\n            <div class=\"video-wrap tf_rel tf_overflow tf_local_video\">\n                \n                    \n                    <div style=\"width: 640px;\" class=\"wp-video\"><video class=\"wp-video-shortcode\" id=\"video-2280-3\" width=\"640\" height=\"360\" preload=\"metadata\" controls=\"controls\"><source type=\"video\/mp4\" src=\"https:\/\/blogsaverroes.juntadeandalucia.es\/ceipalyussana\/files\/2023\/03\/Madres-delegadas-ENERO-2023-.mp4?_=3\" \/><a href=\"https:\/\/blogsaverroes.juntadeandalucia.es\/ceipalyussana\/files\/2023\/03\/Madres-delegadas-ENERO-2023-.mp4\">https:\/\/blogsaverroes.juntadeandalucia.es\/ceipalyussana\/files\/2023\/03\/Madres-delegadas-ENERO-2023-.mp4<\/a><\/video><\/div>\n                    \n                                <\/div>\n            <!-- \/video-wrap -->\n        <\/div>\n        <!-- \/video-wrap-outer -->\n            <\/div>\n<!-- module text -->\n<div  class=\"module module-text tb_tua0899   \" data-lazy=\"1\">\n        <div  class=\"tb_text_wrap\">\n        <h2 style=\"text-align: center;\">&nbsp;<\/h2><h2 style=\"text-align: center;\">Reuni\u00f3n celebrada en marzo con las madres delegadas&nbsp;<\/h2><p>&nbsp;<\/p>    <\/div>\n<\/div>\n<!-- \/module text --><!-- module video -->\n<div  class=\"module module-video tb_2y6k807 video-top  \" data-lazy=\"1\">\n                    <div class=\"video-wrap-outer\">\n            <div class=\"video-wrap tf_rel tf_overflow tf_local_video\">\n                \n                    \n                    <div style=\"width: 640px;\" class=\"wp-video\"><video class=\"wp-video-shortcode\" id=\"video-2280-4\" width=\"640\" height=\"360\" preload=\"metadata\" controls=\"controls\"><source type=\"video\/mp4\" src=\"https:\/\/blogsaverroes.juntadeandalucia.es\/ceipalyussana\/files\/2023\/03\/Madres-delegadas-marzo-.mp4?_=4\" \/><a href=\"https:\/\/blogsaverroes.juntadeandalucia.es\/ceipalyussana\/files\/2023\/03\/Madres-delegadas-marzo-.mp4\">https:\/\/blogsaverroes.juntadeandalucia.es\/ceipalyussana\/files\/2023\/03\/Madres-delegadas-marzo-.mp4<\/a><\/video><\/div>\n                    \n                                <\/div>\n            <!-- \/video-wrap -->\n        <\/div>\n        <!-- \/video-wrap-outer -->\n            <\/div>\n        <\/div>\n                        <\/div>\n        <\/div>\n        <\/div>\n<!--\/themify_builder_content-->&nbsp;<\/p>\n<p>&nbsp;<\/p>\n<p>&nbsp;<\/p>\n<p>&nbsp;<\/p>\n<p>&nbsp;<\/p>\n<p>&nbsp;<\/p>\n<p>&nbsp;<\/p>\n<p>&nbsp;<\/p>\n<p>&nbsp;<\/p>\n<p>&nbsp;<\/p>\n<p>&nbsp;<\/p>\n<p>&nbsp;<\/p>\n<p>&nbsp;<\/p>","protected":false},"excerpt":{"rendered":"<p>A inicio de curso realizamos una reuni\u00f3n con las madres delegadas, os dejamos la presentaci\u00f3n de dicha reuni\u00f3n &#8230;&nbsp; &nbsp; &nbsp; https:\/\/blogsaverroes.juntadeandalucia.es\/ceipalyussana\/files\/2023\/03\/REUNIO\u0301N-MADRES-DELEGADAS-I.mp4 &nbsp; Reuni\u00f3n celebrada en noviembre con las madres delegadas&nbsp; &nbsp; https:\/\/blogsaverroes.juntadeandalucia.es\/ceipalyussana\/files\/2023\/03\/II-REUNIO\u0301N-DE-FAMILIAS-DELEGADAS-NOV.-1.mp4 &nbsp; Reuni\u00f3n celebrada en enero con las madres delegadas&nbsp; &nbsp; https:\/\/blogsaverroes.juntadeandalucia.es\/ceipalyussana\/files\/2023\/03\/Madres-delegadas-ENERO-2023-.mp4 &nbsp; Reuni\u00f3n celebrada en marzo con las madres delegadas&nbsp; &nbsp; https:\/\/blogsaverroes.juntadeandalucia.es\/ceipalyussana\/files\/2023\/03\/Madres-delegadas-marzo-.mp4&nbsp; [&hellip;]<\/p>\n","protected":false},"author":14705,"featured_media":0,"parent":0,"menu_order":0,"comment_status":"closed","ping_status":"closed","template":"","meta":{"footnotes":""},"aioseo_notices":[],"post_mailing_queue_ids":[],"_links":{"self":[{"href":"https:\/\/blogsaverroes.juntadeandalucia.es\/ceipalyussana\/wp-json\/wp\/v2\/pages\/2280"}],"collection":[{"href":"https:\/\/blogsaverroes.juntadeandalucia.es\/ceipalyussana\/wp-json\/wp\/v2\/pages"}],"about":[{"href":"https:\/\/blogsaverroes.juntadeandalucia.es\/ceipalyussana\/wp-json\/wp\/v2\/types\/page"}],"author":[{"embeddable":true,"href":"https:\/\/blogsaverroes.juntadeandalucia.es\/ceipalyussana\/wp-json\/wp\/v2\/users\/14705"}],"replies":[{"embeddable":true,"href":"https:\/\/blogsaverroes.juntadeandalucia.es\/ceipalyussana\/wp-json\/wp\/v2\/comments?post=2280"}],"version-history":[{"count":27,"href":"https:\/\/blogsaverroes.juntadeandalucia.es\/ceipalyussana\/wp-json\/wp\/v2\/pages\/2280\/revisions"}],"predecessor-version":[{"id":2654,"href":"https:\/\/blogsaverroes.juntadeandalucia.es\/ceipalyussana\/wp-json\/wp\/v2\/pages\/2280\/revisions\/2654"}],"wp:attachment":[{"href":"https:\/\/blogsaverroes.juntadeandalucia.es\/ceipalyussana\/wp-json\/wp\/v2\/media?parent=2280"}],"curies":[{"name":"wp","href":"https:\/\/api.w.org\/{rel}","templated":true}]}}