{"id":4715,"date":"2024-06-01T08:27:10","date_gmt":"2024-06-01T07:27:10","guid":{"rendered":"https:\/\/blogsaverroes.juntadeandalucia.es\/ceipalyussana\/?page_id=4715"},"modified":"2024-06-01T08:47:30","modified_gmt":"2024-06-01T07:47:30","slug":"que-es-iande","status":"publish","type":"page","link":"https:\/\/blogsaverroes.juntadeandalucia.es\/ceipalyussana\/que-es-iande\/","title":{"rendered":"\u00bfQu\u00e9 es iANDE?"},"content":{"rendered":"<p><strong style=\"font-size: 16px\">El Identificador Andaluz Educativo (iANDe) permite realizar <\/strong><span style=\"font-size: 16px\">telem\u00e1ticamente los procedimientos relacionados con la <\/span><strong style=\"font-size: 16px\">admisi\u00f3n<\/strong><span style=\"font-size: 16px\">, <\/span><strong style=\"font-size: 16px\">matriculaci\u00f3n<\/strong><span style=\"font-size: 16px\"> y <\/span><strong style=\"font-size: 16px\">otros tr\u00e1mites<\/strong><span style=\"font-size: 16px\"> evitando que las familias tengan que desplazarse al centro educativo.<\/span><\/p>\n<div class=\"wp-block-group has-global-padding is-layout-constrained wp-block-group-is-layout-constrained\">\n<figure class=\"wp-block-post-featured-image\"><img loading=\"lazy\" decoding=\"async\" class=\"attachment-post-thumbnail size-post-thumbnail wp-post-image\" src=\"https:\/\/www.ceipconcordia.es\/wp-content\/uploads\/2020\/11\/iande-1.png\" alt=\"\" width=\"943\" height=\"489\" \/><\/figure>\n<\/div>\n<div class=\"entry-content wp-block-post-content has-global-padding is-layout-constrained wp-block-post-content-is-layout-constrained\">\n<h2 class=\"wp-block-heading\"><strong>\u00bfD\u00f3nde se usa la clave iANDE?<\/strong><\/h2>\n<p>iANDE permite acceder a la <strong><a href=\"https:\/\/www.juntadeandalucia.es\/educacion\/secretariavirtual\/\" data-type=\"URL\" data-id=\"https:\/\/www.juntadeandalucia.es\/educacion\/secretariavirtual\/\">Secretar\u00eda virtual de los centros<\/a><\/strong> para realizar todos los tr\u00e1mites necesarios.<\/p>\n<p>Consta de <strong>la <span class=\"has-inline-color has-vivid-red-color\">fecha de nacimiento<\/span> del alumno (dd\/mm\/aaaa) y de un c\u00f3digo o <span class=\"has-inline-color has-vivid-red-color\">clave<\/span><\/strong>,<\/p>\n<figure class=\"wp-block-image size-large\"><img loading=\"lazy\" decoding=\"async\" class=\"wp-image-4269\" src=\"https:\/\/i0.wp.com\/www.ceipconcordia.es\/wp-content\/uploads\/2020\/11\/iande-1.png?resize=943%2C489\" alt=\"\" width=\"943\" height=\"489\" data-recalc-dims=\"1\" \/><figcaption>Ejemplo de acceso a la secretar\u00eda virtual usando iANDE<\/figcaption><\/figure>\n<h2 id=\"claveiande\" class=\"wp-block-heading\"><strong>\u00bfC\u00f3mo se obtiene la clave iANDE?<\/strong><\/h2>\n<p>Las familias que ya ha matriculado a sus hijos pueden consultar la clave en el apartado <em>Comunicaciones <\/em>de la app <strong>iPasen<\/strong>. El mensaje siempre est\u00e1 fijo y aparece el primero.<\/p>\n<p>Las familias que a\u00fan no han matriculado a sus hijos (por ejemplo, los\u00a0ni\u00f1os de 3 a\u00f1os\u00a0que comienzan la escolarizaci\u00f3n el pr\u00f3ximo curso) reciben la clave mediante un SMS al tel\u00e9fono indicado en la solicitud de admisi\u00f3n.<\/p>\n<figure class=\"wp-block-gallery has-nested-images columns-default is-cropped wp-block-gallery-4 is-layout-flex wp-block-gallery-is-layout-flex\">\n<figure class=\"wp-block-image size-full\"><img loading=\"lazy\" decoding=\"async\" class=\"wp-image-4911\" src=\"https:\/\/i0.wp.com\/www.ceipconcordia.es\/wp-content\/uploads\/2022\/06\/tutorial-ipasen-iande-1.gif?resize=551%2C1024&amp;ssl=1\" alt=\"\" width=\"551\" height=\"1024\" data-id=\"4911\" data-recalc-dims=\"1\" \/><figcaption>Elija <em><strong>Comunicaciones<\/strong><\/em><\/figcaption><\/figure>\n<figure class=\"wp-block-image size-full\"><img loading=\"lazy\" decoding=\"async\" class=\"wp-image-4913\" src=\"https:\/\/i0.wp.com\/www.ceipconcordia.es\/wp-content\/uploads\/2022\/06\/tutorial-ipasen-iande-2.gif?resize=544%2C1024&amp;ssl=1\" alt=\"\" width=\"544\" height=\"1024\" data-id=\"4913\" data-recalc-dims=\"1\" \/><figcaption>Los datos iANDE siempre aparecen en la parte superior de las comunicaciones recibidas<\/figcaption><\/figure>\n<figure class=\"wp-block-image size-full\"><img loading=\"lazy\" decoding=\"async\" class=\"wp-image-4914\" src=\"https:\/\/i0.wp.com\/www.ceipconcordia.es\/wp-content\/uploads\/2022\/06\/tutorial-ipasen-iande-3.gif?resize=542%2C1024&amp;ssl=1\" alt=\"\" width=\"542\" height=\"1024\" data-id=\"4914\" data-recalc-dims=\"1\" \/><figcaption>En azul la fecha de nacimiento y en rojo la clave,<br \/>\nlos datos necesarios de acceso.<\/figcaption><\/figure>\n<\/figure>\n<h2 class=\"wp-block-heading\"><strong>\u00bfC\u00f3mo recupero la clave iANDE?<\/strong><\/h2>\n<p>La forma m\u00e1s r\u00e1pida de recuperar la clave es consultarla en la aplicaci\u00f3n iPASEN (<strong>ver im\u00e1genes de arriba<\/strong>).<\/p>\n<ol>\n<li>Acceda a iPASEN<\/li>\n<li>Haga clic en <em>Comunicaciones<\/em><\/li>\n<li>Haga clic en el primer mensaje fijo<\/li>\n<li>En el mensaje que se abre puede consultar la clave iANDE. C\u00f3piela respetando las may\u00fasculas y min\u00fasculas.<\/li>\n<\/ol>\n<p>En caso de tener alguna dificultad, tambi\u00e9n puede <a href=\"https:\/\/calendly.com\/direccionalyussana\/30min?month=2024-06\" data-type=\"page\" data-id=\"29\">contactar <\/a>(SOLO SI SU HIJO\/A EST\u00c1 MATRICULADO EN EL CEIP AL-YUSSANA)\u00a0para solicitar la clave.<\/p>\n<h2 class=\"wp-block-heading\">V\u00eddeo tutorial de acceso a la secretaria virtual usando iANDE<\/h2>\n<\/div>\n<div class=\"post-video\"><iframe loading=\"lazy\" title=\"\u00bfC\u00d3MO OBTENER LA CLAVE iANDE?\" width=\"1165\" height=\"655\" src=\"https:\/\/www.youtube.com\/embed\/xn-uy97lkp0?feature=oembed\" frameborder=\"0\" allow=\"accelerometer; autoplay; clipboard-write; encrypted-media; gyroscope; picture-in-picture; web-share\" referrerpolicy=\"strict-origin-when-cross-origin\" allowfullscreen><\/iframe><\/div>\n<!--themify_builder_content-->\n<div id=\"themify_builder_content-4715\" data-postid=\"4715\" class=\"themify_builder_content themify_builder_content-4715 themify_builder tf_clear\">\n    <\/div>\n<!--\/themify_builder_content-->\n","protected":false},"excerpt":{"rendered":"<p>El Identificador Andaluz Educativo (iANDe) permite realizar telem\u00e1ticamente los procedimientos relacionados con la admisi\u00f3n, matriculaci\u00f3n y otros tr\u00e1mites evitando que las familias tengan que desplazarse al centro educativo. \u00bfD\u00f3nde se usa la clave iANDE? iANDE permite acceder a la Secretar\u00eda virtual de los centros para realizar todos los tr\u00e1mites necesarios. Consta de la fecha de [&hellip;]<\/p>\n","protected":false},"author":14705,"featured_media":0,"parent":0,"menu_order":0,"comment_status":"closed","ping_status":"closed","template":"","meta":{"footnotes":""},"aioseo_notices":[],"post_mailing_queue_ids":[],"_links":{"self":[{"href":"https:\/\/blogsaverroes.juntadeandalucia.es\/ceipalyussana\/wp-json\/wp\/v2\/pages\/4715"}],"collection":[{"href":"https:\/\/blogsaverroes.juntadeandalucia.es\/ceipalyussana\/wp-json\/wp\/v2\/pages"}],"about":[{"href":"https:\/\/blogsaverroes.juntadeandalucia.es\/ceipalyussana\/wp-json\/wp\/v2\/types\/page"}],"author":[{"embeddable":true,"href":"https:\/\/blogsaverroes.juntadeandalucia.es\/ceipalyussana\/wp-json\/wp\/v2\/users\/14705"}],"replies":[{"embeddable":true,"href":"https:\/\/blogsaverroes.juntadeandalucia.es\/ceipalyussana\/wp-json\/wp\/v2\/comments?post=4715"}],"version-history":[{"count":6,"href":"https:\/\/blogsaverroes.juntadeandalucia.es\/ceipalyussana\/wp-json\/wp\/v2\/pages\/4715\/revisions"}],"predecessor-version":[{"id":4749,"href":"https:\/\/blogsaverroes.juntadeandalucia.es\/ceipalyussana\/wp-json\/wp\/v2\/pages\/4715\/revisions\/4749"}],"wp:attachment":[{"href":"https:\/\/blogsaverroes.juntadeandalucia.es\/ceipalyussana\/wp-json\/wp\/v2\/media?parent=4715"}],"curies":[{"name":"wp","href":"https:\/\/api.w.org\/{rel}","templated":true}]}}